{"id":22609,"date":"2021-03-19T08:33:45","date_gmt":"2021-03-19T08:33:45","guid":{"rendered":"https:\/\/www.tadano.com\/uscan\/tecnologia\/"},"modified":"2025-11-20T09:18:25","modified_gmt":"2025-11-20T09:18:25","slug":"tecnologia","status":"publish","type":"page","link":"https:\/\/www.tadano.com\/uscan\/es\/tecnologia\/","title":{"rendered":"Tecnolog\u00eda"},"content":{"rendered":"\n\n\n<section class=\"hero-section\">\n\n\t\n\t\n\t\n\t<div class=\"img-holder \">\n\t\t\t\t<div class=\"bg-stretch\" style=\"background-position: 50% 50%; \">\n\t\t\t<span data-srcset=\"https:\/\/assets.onetadano.com\/celum_assets\/hero\/Demag+IC-1+Remote+%281%29.jpg, https:\/\/assets.onetadano.com\/celum_assets\/hero-2x\/Demag+IC-1+Remote+%281%29.jpg 2x\"><\/span>\n\t\t<\/div>\n\t\t\t\t\t\t<div class=\"logo green-solutions\" style=\"display:none;\">\n\t\t\t<a href=\"#\"><img decoding=\"async\" src=\"https:\/\/www.tadano.com\/uscan\/wp-content\/themes\/tadano\/assets\/dist\/images\/Green-Solutions_Logo_White.svg\"><\/a>\n\t\t<\/div>\n\t<\/div>\n\t<div class=\"container\">\n\t\t<div class=\"text-holder \">\n\t\t\t<div class=\"wrap\">\n\t\t\t\t\n\t\t\t\t<ul class=\"breadcrumbs\"><li><a href=\"https:\/\/www.tadano.com\/uscan\/es\/\">Inicio<\/a><\/li><\/ul>\n\t\t\t\t\n\n<h1 class=\"wp-block-heading\">Tecnolog\u00eda<\/h1>\n\n\n\n<p>Desde tecnolog\u00edas de elevaci\u00f3n hasta servicios inteligentes de atenci\u00f3n y soporte al cliente, en cada producto vemos una oportunidad para mejorar la experiencia de elevaci\u00f3n, haci\u00e9ndola m\u00e1s eficiente y m\u00e1s rentable para su empresa.<\/p>\n\n\n\n\t\t\t\t\n\t\t\t<\/div>\n\n\t\t\t\n\t\t\t\n\t\t\t\n\t\t<\/div>\n\t<\/div>\n<\/section>\n\n\n<div class=\"wp-block-group is-style-background-triangle-right has-white-color has-dark-blue-background-color has-text-color has-background is-layout-flow wp-block-group-is-layout-flow\"><div class=\"wp-block-group__inner-container\">\n<div class=\"wp-block-columns is-layout-flex wp-container-core-columns-layout-1 wp-block-columns-is-layout-flex\">\n<div class=\"wp-block-column is-layout-flow wp-block-column-is-layout-flow\" style=\"flex-basis:33.33%\">\n<h2 class=\"wp-block-heading\">Explorar tecnolog\u00edas<\/h2>\n\n\n\n<p>Las innovadoras tecnolog\u00edas de Tadano se combinan con un soporte y servicios inteligentes para que cada experiencia de elevaci\u00f3n sea eficiente y rentable para su empresa.<\/p>\n<\/div>\n\n\n\n<div class=\"wp-block-column is-layout-flow wp-block-column-is-layout-flow\" style=\"flex-basis:66.66%\"><div class=\"links-block-wrapper\">\n  <div class=\"container\">\n    <section class=\"links-block\">\n              <div class=\"links-block\">\n                                  <div class=\"link-single  \">\n                              <a href=\"https:\/\/www.tadano.com\/uscan\/es\/tecnologia\/equipamiento-de-grua\/\">\n                               \n                                  <strong class='title'>EQUIPAMIENTO DE GR\u00daA<\/strong>\n                                                  <p>Mejore el posicionamiento de los estabilizadores, a\u00f1ada flexibilidad y alcance, desacople los contrapesos innecesarios con mayor facilidad, minimice las emisiones, y a\u00f1ada una variedad de sistemas de control a la ya impresionante capacidad y eficiencia de la gr\u00faa.<\/p>\n                              <\/a>\n            <\/div>\n                                  <div class=\"link-single  \">\n                              <a href=\"https:\/\/www.tadano.com\/uscan\/es\/tecnologia\/gestion-de-grua\/\">\n                               \n                                  <strong class='title'>GESTI\u00d3N DE GR\u00daA<\/strong>\n                                                  <p>Maximice las posibilidades de su gr\u00faa con herramientas de gesti\u00f3n que ampl\u00edan la visi\u00f3n, aumentan la flexibilidad, refuerzan la estabilidad, mejoran la capacidad, permiten hacer frente a las tareas m\u00e1s desafiantes, e incluso reducen emisiones y ahorran costes.<\/p>\n                              <\/a>\n            <\/div>\n                                  <div class=\"link-single  \">\n                              <a href=\"https:\/\/www.tadano.com\/uscan\/es\/tecnologia\/sistemas-de-control\/\">\n                               \n                                  <strong class='title'>SISTEMAS DE CONTROL<\/strong>\n                                                  <p>A\u00f1ada versatilidad y flexibilidad con la determinaci\u00f3n en vivo de la capacidad de la gr\u00faa, el ajuste de los l\u00edmites de elevaci\u00f3n, m\u00faltiples configuraciones asim\u00e9tricas de estabilizadores, los \u00faltimos avances para la supervisi\u00f3n de datos y resoluci\u00f3n de problemas, y mucho m\u00e1s.<\/p>\n                              <\/a>\n            <\/div>\n                                  <div class=\"link-single  \">\n                              <a href=\"https:\/\/www.tadano.com\/uscan\/es\/tecnologia\/sistema-telematico\/\">\n                               \n                                  <strong class='title'>SISTEMA TELEM\u00c1TICO<\/strong>\n                                                  <p>Tecnolog\u00eda que utiliza la nube y los datos en tiempo real para mejorar el control y la comunicaci\u00f3n en relaci\u00f3n con el estado operativo, posicionamiento, mantenimiento, resoluci\u00f3n de problemas y mucho m\u00e1s para aumentar la eficiencia y reducir el tiempo de inactividad.<\/p>\n                              <\/a>\n            <\/div>\n                                  <div class=\"link-single  \">\n                              <a href=\"https:\/\/www.tadano.com\/uscan\/es\/tecnologia\/tecnologias-respetuosas-con-el-medio-ambiente-y-el-clima\/\">\n                               \n                                  <strong class='title'>Tecnolog\u00edas respetuosas con el medio ambiente y el clima<\/strong>\n                                                  <p>Los combustibles alternativos, la operaci\u00f3n electrohidr\u00e1ulica sin emisiones, la velocidad optimizada del motor y la funci\u00f3n start-stop reducen el consumo de combustible, las emisiones, el ruido y el ralent\u00ed, logrando un funcionamiento m\u00e1s limpio y eficiente.<\/p>\n                              <\/a>\n            <\/div>\n                  <\/div>\n                    \n    <\/section>\n  <\/div>\n<\/div><\/div>\n<\/div>\n<\/div><\/div>\n\n\n\n    <section class=\"news-section\">\n\n    <div class=\"container\">\n      <div class=\"text-block\">\n        <h2>Noticias<\/h2>\n                        \n                  <a href=\"https:\/\/www.tadano.com\/uscan\/es\/news-list\/\" class=\"link-more\">EXPLORAR TODAS las noticias<\/a>\n        \n\n                <div class=\"controls\">\n          <svg width=\"14\" height=\"31\" viewBox=\"0 0 14 31\" fill=\"none\" xmlns=\"http:\/\/www.w3.org\/2000\/svg\">\n           <path d=\"M13 1L1 15.5L13 30\" stroke=\"#fff\"\/>\n          <\/svg>\n          <svg width=\"15\" height=\"31\" viewBox=\"0 0 15 31\" fill=\"none\" xmlns=\"http:\/\/www.w3.org\/2000\/svg\">\n           <path d=\"M1 1L14 15.5L1 30\" stroke=\"#fff\"\/>\n          <\/svg>\n        <\/div>\n        \n\n        \n      <\/div>\n      <div class=\"slick-slider simple-slider\">\n                              <div>\n              <div class=\"news-single\">\n                <a href=\"https:\/\/www.tadano.com\/uscan\/es\/news\/www.tadano.completa-la-adquisicion-del-sector-empresarial-de-sistemas-de-transporte-de-ihi-transport-machinery\">\n                  <strong class=\"title\">Tadano completa la adquisici\u00f3n del sector empresarial de sistemas de transporte de IHI Transport Machinery<\/strong>\n                  <ul class=\"meta\">\n                    <li>Publicaci\u00f3n<\/li>\n                    <li><time datetime=\"2020-01-01\">Jul\/01\/2025<\/time><\/li>\n                  <\/ul>\n                <\/a>\n              <\/div>\n            <\/div>\n                      <div>\n              <div class=\"news-single\">\n                <a href=\"https:\/\/www.tadano.com\/uscan\/es\/news\/mpm-adquiere-la-primera-tadano-evolt-egr-1000xll-1-en-la-region-panamericana\/\">\n                  <strong class=\"title\">MPM ADQUIERE LA PRIMERA TADANO EVOLT eGR-1000XLL-1 EN LA REGI\u00d3N PANAMERICANA<\/strong>\n                  <ul class=\"meta\">\n                    <li>Publicaci\u00f3n<\/li>\n                    <li><time datetime=\"2020-01-01\">Abr\/22\/2025<\/time><\/li>\n                  <\/ul>\n                <\/a>\n              <\/div>\n            <\/div>\n                      <div>\n              <div class=\"news-single\">\n                <a href=\"https:\/\/www.tadano.com\/uscan\/es\/news\/tadano-at-bauma-2025\/\">\n                  <strong class=\"title\">Tadano en bauma 2025<\/strong>\n                  <ul class=\"meta\">\n                    <li>Publicaci\u00f3n<\/li>\n                    <li><time datetime=\"2020-01-01\">Abr\/07\/2025<\/time><\/li>\n                  <\/ul>\n                <\/a>\n              <\/div>\n            <\/div>\n                      <div>\n              <div class=\"news-single\">\n                <a href=\"https:\/\/www.tadano.com\/uscan\/es\/news\/the-new-cc-78-1250-1\/\">\n                  <strong class=\"title\">La nueva CC 78.1250-1<\/strong>\n                  <ul class=\"meta\">\n                    <li>Publicaci\u00f3n<\/li>\n                    <li><time datetime=\"2020-01-01\">Abr\/03\/2025<\/time><\/li>\n                  <\/ul>\n                <\/a>\n              <\/div>\n            <\/div>\n                      <div>\n              <div class=\"news-single\">\n                <a href=\"https:\/\/www.tadano.com\/uscan\/es\/news\/tadano-celebra-el-dia-internacional-de-la-mujer\/\">\n                  <strong class=\"title\">TADANO CELEBRA EL D\u00cdA INTERNACIONAL DE LA MUJER<\/strong>\n                  <ul class=\"meta\">\n                    <li>Publicaci\u00f3n<\/li>\n                    <li><time datetime=\"2020-01-01\">Mar\/10\/2025<\/time><\/li>\n                  <\/ul>\n                <\/a>\n              <\/div>\n            <\/div>\n                      <div>\n              <div class=\"news-single\">\n                <a href=\"https:\/\/www.tadano.com\/uscan\/es\/news\/mas-largo-mas-alto-mas-lejos-la-nueva-grua-todo-terreno-tadano-ac-5-250l-2-cuenta-con-la-pluma-principal-de-79-metros\/\">\n                  <strong class=\"title\">M\u00c1S LARGO, M\u00c1S ALTO, M\u00c1S LEJOS: LA NUEVA GR\u00daA TODO TERRENO TADANO AC 5.250L-2 CUENTA CON LA PLUMA PRINCIPAL DE 79 METROS<\/strong>\n                  <ul class=\"meta\">\n                    <li>Publicaci\u00f3n<\/li>\n                    <li><time datetime=\"2020-01-01\">Feb\/19\/2025<\/time><\/li>\n                  <\/ul>\n                <\/a>\n              <\/div>\n            <\/div>\n                      <div>\n              <div class=\"news-single\">\n                <a href=\"https:\/\/www.tadano.com\/uscan\/es\/news\/grua-tadano-ac-7-450-1-cumple-doble-funcion-en-wisconsin\/\">\n                  <strong class=\"title\">GR\u00daA TADANO AC 7.450-1 cumple doble funci\u00f3n en Wisconsin<\/strong>\n                  <ul class=\"meta\">\n                    <li>Publicaci\u00f3n<\/li>\n                    <li><time datetime=\"2020-01-01\">Nov\/12\/2024<\/time><\/li>\n                  <\/ul>\n                <\/a>\n              <\/div>\n            <\/div>\n                      <div>\n              <div class=\"news-single\">\n                <a href=\"https:\/\/www.tadano.com\/uscan\/es\/news\/tadano-presenta-la-primera-grua-para-terrenos-irregulares-totalmente-electrica-de-ee-uu-y-canada\/\">\n                  <strong class=\"title\">TADANO PRESENTA LA PRIMERA GR\u00daA PARA TERRENOS IRREGULARES TOTALMENTE EL\u00c9CTRICA DE EE.UU. Y CANAD\u00c1<\/strong>\n                  <ul class=\"meta\">\n                    <li>Publicaci\u00f3n<\/li>\n                    <li><time datetime=\"2020-01-01\">Oct\/30\/2024<\/time><\/li>\n                  <\/ul>\n                <\/a>\n              <\/div>\n            <\/div>\n                      <div>\n              <div class=\"news-single\">\n                <a href=\"https:\/\/www.tadano.com\/uscan\/es\/news\/la-nueva-tadano-ac-5-250-2-convence-con-soluciones-innovadoras\/\">\n                  <strong class=\"title\">La nueva Tadano AC 5.250-2 convence con soluciones innovadoras<\/strong>\n                  <ul class=\"meta\">\n                    <li>Publicaci\u00f3n<\/li>\n                    <li><time datetime=\"2020-01-01\">Jul\/22\/2024<\/time><\/li>\n                  <\/ul>\n                <\/a>\n              <\/div>\n            <\/div>\n                      <div>\n              <div class=\"news-single\">\n                <a href=\"https:\/\/www.tadano.com\/uscan\/es\/news\/northbank-civil-and-marine-adquiere-una-grua-tadano-gtc-1600\/\">\n                  <strong class=\"title\">Northbank Civil and Marine adquiere una gr\u00faa Tadano GTC-1600<\/strong>\n                  <ul class=\"meta\">\n                    <li>Publicaci\u00f3n<\/li>\n                    <li><time datetime=\"2020-01-01\">Jun\/27\/2024<\/time><\/li>\n                  <\/ul>\n                <\/a>\n              <\/div>\n            <\/div>\n                        <\/div>\n    <\/div>\n  <\/section>\n  \n\n\n<p><\/p>\n","protected":false},"excerpt":{"rendered":"<p>Explorar tecnolog\u00edas Las innovadoras tecnolog\u00edas de Tadano se combinan con un soporte y servicios inteligentes para que cada experiencia de elevaci\u00f3n sea eficiente y rentable para su empresa.<\/p>\n","protected":false},"author":1,"featured_media":0,"parent":0,"menu_order":0,"comment_status":"closed","ping_status":"closed","template":"","meta":{"_acf_changed":false,"footnotes":""},"acf":[],"yoast_head":"<!-- This site is optimized with the Yoast SEO plugin v22.3 - https:\/\/yoast.com\/wordpress\/plugins\/seo\/ -->\n<title>Tecnolog\u00eda - US\/Canada<\/title>\n<meta name=\"robots\" content=\"index, follow, max-snippet:-1, max-image-preview:large, max-video-preview:-1\" \/>\n<link rel=\"canonical\" href=\"https:\/\/www.tadano.com\/uscan\/es\/tecnologia\/\" \/>\n<meta property=\"og:locale\" content=\"es_ES\" \/>\n<meta property=\"og:type\" content=\"article\" \/>\n<meta property=\"og:title\" content=\"Tecnolog\u00eda - US\/Canada\" \/>\n<meta property=\"og:description\" content=\"Explorar tecnolog\u00edas Las innovadoras tecnolog\u00edas de Tadano se combinan con un soporte y servicios inteligentes para que cada experiencia de elevaci\u00f3n sea eficiente y rentable para su empresa.\" \/>\n<meta property=\"og:url\" content=\"https:\/\/www.tadano.com\/uscan\/es\/tecnologia\/\" \/>\n<meta property=\"og:site_name\" content=\"US\/Canada\" \/>\n<meta property=\"article:modified_time\" content=\"2025-11-20T09:18:25+00:00\" \/>\n<meta name=\"twitter:card\" content=\"summary_large_image\" \/>\n<meta name=\"twitter:label1\" content=\"Tiempo de lectura\" \/>\n\t<meta name=\"twitter:data1\" content=\"1 minuto\" \/>\n<script type=\"application\/ld+json\" class=\"yoast-schema-graph\">{\"@context\":\"https:\/\/schema.org\",\"@graph\":[{\"@type\":\"WebPage\",\"@id\":\"https:\/\/www.tadano.com\/uscan\/es\/tecnologia\/\",\"url\":\"https:\/\/www.tadano.com\/uscan\/es\/tecnologia\/\",\"name\":\"Tecnolog\u00eda - US\/Canada\",\"isPartOf\":{\"@id\":\"https:\/\/www.tadano.com\/uscan\/en\/#website\"},\"datePublished\":\"2021-03-19T08:33:45+00:00\",\"dateModified\":\"2025-11-20T09:18:25+00:00\",\"inLanguage\":\"es\",\"potentialAction\":[{\"@type\":\"ReadAction\",\"target\":[\"https:\/\/www.tadano.com\/uscan\/es\/tecnologia\/\"]}]},{\"@type\":\"WebSite\",\"@id\":\"https:\/\/www.tadano.com\/uscan\/en\/#website\",\"url\":\"https:\/\/www.tadano.com\/uscan\/en\/\",\"name\":\"US\/Canada\",\"description\":\"Just another TADANO EUROPE site\",\"potentialAction\":[{\"@type\":\"SearchAction\",\"target\":{\"@type\":\"EntryPoint\",\"urlTemplate\":\"https:\/\/www.tadano.com\/uscan\/en\/?s={search_term_string}\"},\"query-input\":\"required name=search_term_string\"}],\"inLanguage\":\"es\"}]}<\/script>\n<!-- \/ Yoast SEO plugin. -->","yoast_head_json":{"title":"Tecnolog\u00eda - US\/Canada","robots":{"index":"index","follow":"follow","max-snippet":"max-snippet:-1","max-image-preview":"max-image-preview:large","max-video-preview":"max-video-preview:-1"},"canonical":"https:\/\/www.tadano.com\/uscan\/es\/tecnologia\/","og_locale":"es_ES","og_type":"article","og_title":"Tecnolog\u00eda - US\/Canada","og_description":"Explorar tecnolog\u00edas Las innovadoras tecnolog\u00edas de Tadano se combinan con un soporte y servicios inteligentes para que cada experiencia de elevaci\u00f3n sea eficiente y rentable para su empresa.","og_url":"https:\/\/www.tadano.com\/uscan\/es\/tecnologia\/","og_site_name":"US\/Canada","article_modified_time":"2025-11-20T09:18:25+00:00","twitter_card":"summary_large_image","twitter_misc":{"Tiempo de lectura":"1 minuto"},"schema":{"@context":"https:\/\/schema.org","@graph":[{"@type":"WebPage","@id":"https:\/\/www.tadano.com\/uscan\/es\/tecnologia\/","url":"https:\/\/www.tadano.com\/uscan\/es\/tecnologia\/","name":"Tecnolog\u00eda - US\/Canada","isPartOf":{"@id":"https:\/\/www.tadano.com\/uscan\/en\/#website"},"datePublished":"2021-03-19T08:33:45+00:00","dateModified":"2025-11-20T09:18:25+00:00","inLanguage":"es","potentialAction":[{"@type":"ReadAction","target":["https:\/\/www.tadano.com\/uscan\/es\/tecnologia\/"]}]},{"@type":"WebSite","@id":"https:\/\/www.tadano.com\/uscan\/en\/#website","url":"https:\/\/www.tadano.com\/uscan\/en\/","name":"US\/Canada","description":"Just another TADANO EUROPE site","potentialAction":[{"@type":"SearchAction","target":{"@type":"EntryPoint","urlTemplate":"https:\/\/www.tadano.com\/uscan\/en\/?s={search_term_string}"},"query-input":"required name=search_term_string"}],"inLanguage":"es"}]}},"_links":{"self":[{"href":"https:\/\/www.tadano.com\/uscan\/es\/wp-json\/wp\/v2\/pages\/22609"}],"collection":[{"href":"https:\/\/www.tadano.com\/uscan\/es\/wp-json\/wp\/v2\/pages"}],"about":[{"href":"https:\/\/www.tadano.com\/uscan\/es\/wp-json\/wp\/v2\/types\/page"}],"author":[{"embeddable":true,"href":"https:\/\/www.tadano.com\/uscan\/es\/wp-json\/wp\/v2\/users\/1"}],"replies":[{"embeddable":true,"href":"https:\/\/www.tadano.com\/uscan\/es\/wp-json\/wp\/v2\/comments?post=22609"}],"version-history":[{"count":6,"href":"https:\/\/www.tadano.com\/uscan\/es\/wp-json\/wp\/v2\/pages\/22609\/revisions"}],"predecessor-version":[{"id":27003,"href":"https:\/\/www.tadano.com\/uscan\/es\/wp-json\/wp\/v2\/pages\/22609\/revisions\/27003"}],"wp:attachment":[{"href":"https:\/\/www.tadano.com\/uscan\/es\/wp-json\/wp\/v2\/media?parent=22609"}],"curies":[{"name":"wp","href":"https:\/\/api.w.org\/{rel}","templated":true}]}}