{"id":22611,"date":"2021-07-02T07:12:23","date_gmt":"2021-07-02T07:12:23","guid":{"rendered":"https:\/\/www.tadano.com\/uscan\/tecnologia\/sistema-telematico\/"},"modified":"2025-09-15T08:48:51","modified_gmt":"2025-09-15T08:48:51","slug":"sistema-telematico","status":"publish","type":"page","link":"https:\/\/www.tadano.com\/uscan\/es\/tecnologia\/sistema-telematico\/","title":{"rendered":"Sistema telem\u00e1tico"},"content":{"rendered":"\n\n\n<section class=\"hero-section\">\n\n\t\n\t\n\t\n\t<div class=\"img-holder \">\n\t\t\t\t<div class=\"bg-stretch\" style=\"background-position: 50% 50%; \">\n\t\t\t<span data-srcset=\"https:\/\/assets.onetadano.com\/celum_assets\/hero\/Demag+IC-1+Remote+%281%29.jpg, https:\/\/assets.onetadano.com\/celum_assets\/hero-2x\/Demag+IC-1+Remote+%281%29.jpg 2x\"><\/span>\n\t\t<\/div>\n\t\t\t\t\t\t<div class=\"logo green-solutions\" style=\"display:none;\">\n\t\t\t<a href=\"#\"><img decoding=\"async\" src=\"https:\/\/www.tadano.com\/uscan\/wp-content\/themes\/tadano\/assets\/dist\/images\/Green-Solutions_Logo_White.svg\"><\/a>\n\t\t<\/div>\n\t<\/div>\n\t<div class=\"container\">\n\t\t<div class=\"text-holder \">\n\t\t\t<div class=\"wrap\">\n\t\t\t\t\n\t\t\t\t<ul class=\"breadcrumbs\"><li><a href=\"https:\/\/www.tadano.com\/uscan\/es\/\">Inicio<\/a><\/li><\/ul>\n\t\t\t\t\n\n<h1 class=\"wp-block-heading\">Sistema telem\u00e1tico<\/h1>\n\n\n\n<p>Tecnolog\u00eda que utiliza la nube y los datos en tiempo real para mejorar el control y la comunicaci\u00f3n en relaci\u00f3n con el estado operativo, posicionamiento, mantenimiento, resoluci\u00f3n de problemas y mucho m\u00e1s para aumentar la eficiencia y reducir el tiempo de inactividad.<\/p>\n\n\n\n\t\t\t\t\n\t\t\t<\/div>\n\n\t\t\t\n\t\t\t\n\t\t\t\n\t\t<\/div>\n\t<\/div>\n<\/section>\n\n\n<div class=\"wp-block-group is-style-background-triangle-right has-white-color has-dark-blue-background-color has-text-color has-background is-layout-flow wp-block-group-is-layout-flow\"><div class=\"wp-block-group__inner-container\">\n<div class=\"wp-block-columns is-layout-flex wp-container-core-columns-layout-1 wp-block-columns-is-layout-flex\">\n<div class=\"wp-block-column is-layout-flow wp-block-column-is-layout-flow\" style=\"flex-basis:33.33%\">\n<h2 class=\"wp-block-heading\">Explorar tecnolog\u00edas<\/h2>\n\n\n\n<p>Tecnolog\u00eda que transmite datos en tiempo real con detalles sobre el estado operativo, posicionamiento, mantenimiento, resoluci\u00f3n de problemas y mucho m\u00e1s.<\/p>\n\n\n\n\n\n\n\n<div class=\"wp-block-buttons is-layout-flex wp-block-buttons-is-layout-flex\"><\/div>\n<\/div>\n\n\n\n<div class=\"wp-block-column is-layout-flow wp-block-column-is-layout-flow\" style=\"flex-basis:66.66%\">\n\n<div class=\"links-block-wrapper\">\n  <div class=\"container\">\n    <section class=\"links-block\">\n\n\n              <div class=\"links-block\">\n                      \n\n            <div class=\"link-single\">\n                              <a href=\"https:\/\/www.tadano.com\/uscan\/es\/technologies\/hello-net\/\">\n                                                      <strong class='title'>Hello-Net<\/strong>\n                                                        <p>El sistema telem\u00e1tico que contribuye a la gesti\u00f3n de las gr\u00faas con detalles sobre el estado operativo, la posici\u00f3n y el mantenimiento.<\/p>\n                                  <\/a>\n              <\/div>\n\n                        <\/div>\n          \n        \n      <\/section>\n    <\/div>\n  <\/div><\/div>\n<\/div>\n<\/div><\/div>\n\n\n\n    <section class=\"news-section\">\n\n    <div class=\"container\">\n      <div class=\"text-block\">\n        <h2>Noticias<\/h2>\n                        \n                  <a href=\"https:\/\/www.tadano.com\/uscan\/es\/news-list\/\" class=\"link-more\">EXPLORAR TODAS las noticias<\/a>\n        \n\n                <div class=\"controls\">\n          <svg width=\"14\" height=\"31\" viewBox=\"0 0 14 31\" fill=\"none\" xmlns=\"http:\/\/www.w3.org\/2000\/svg\">\n           <path d=\"M13 1L1 15.5L13 30\" stroke=\"#fff\"\/>\n          <\/svg>\n          <svg width=\"15\" height=\"31\" viewBox=\"0 0 15 31\" fill=\"none\" xmlns=\"http:\/\/www.w3.org\/2000\/svg\">\n           <path d=\"M1 1L14 15.5L1 30\" stroke=\"#fff\"\/>\n          <\/svg>\n        <\/div>\n        \n\n        \n      <\/div>\n      <div class=\"slick-slider simple-slider\">\n                              <div>\n              <div class=\"news-single\">\n                <a href=\"https:\/\/www.tadano.com\/uscan\/es\/news\/www.tadano.completa-la-adquisicion-del-sector-empresarial-de-sistemas-de-transporte-de-ihi-transport-machinery\">\n                  <strong class=\"title\">Tadano completa la adquisici\u00f3n del sector empresarial de sistemas de transporte de IHI Transport Machinery<\/strong>\n                  <ul class=\"meta\">\n                    <li>Publicaci\u00f3n<\/li>\n                    <li><time datetime=\"2020-01-01\">Jul\/01\/2025<\/time><\/li>\n                  <\/ul>\n                <\/a>\n              <\/div>\n            <\/div>\n                      <div>\n              <div class=\"news-single\">\n                <a href=\"https:\/\/www.tadano.com\/uscan\/es\/news\/mpm-adquiere-la-primera-tadano-evolt-egr-1000xll-1-en-la-region-panamericana\/\">\n                  <strong class=\"title\">MPM ADQUIERE LA PRIMERA TADANO EVOLT eGR-1000XLL-1 EN LA REGI\u00d3N PANAMERICANA<\/strong>\n                  <ul class=\"meta\">\n                    <li>Publicaci\u00f3n<\/li>\n                    <li><time datetime=\"2020-01-01\">Abr\/22\/2025<\/time><\/li>\n                  <\/ul>\n                <\/a>\n              <\/div>\n            <\/div>\n                      <div>\n              <div class=\"news-single\">\n                <a href=\"https:\/\/www.tadano.com\/uscan\/es\/news\/tadano-at-bauma-2025\/\">\n                  <strong class=\"title\">Tadano en bauma 2025<\/strong>\n                  <ul class=\"meta\">\n                    <li>Publicaci\u00f3n<\/li>\n                    <li><time datetime=\"2020-01-01\">Abr\/07\/2025<\/time><\/li>\n                  <\/ul>\n                <\/a>\n              <\/div>\n            <\/div>\n                      <div>\n              <div class=\"news-single\">\n                <a href=\"https:\/\/www.tadano.com\/uscan\/es\/news\/the-new-cc-78-1250-1\/\">\n                  <strong class=\"title\">La nueva CC 78.1250-1<\/strong>\n                  <ul class=\"meta\">\n                    <li>Publicaci\u00f3n<\/li>\n                    <li><time datetime=\"2020-01-01\">Abr\/03\/2025<\/time><\/li>\n                  <\/ul>\n                <\/a>\n              <\/div>\n            <\/div>\n                      <div>\n              <div class=\"news-single\">\n                <a href=\"https:\/\/www.tadano.com\/uscan\/es\/news\/tadano-celebra-el-dia-internacional-de-la-mujer\/\">\n                  <strong class=\"title\">TADANO CELEBRA EL D\u00cdA INTERNACIONAL DE LA MUJER<\/strong>\n                  <ul class=\"meta\">\n                    <li>Publicaci\u00f3n<\/li>\n                    <li><time datetime=\"2020-01-01\">Mar\/10\/2025<\/time><\/li>\n                  <\/ul>\n                <\/a>\n              <\/div>\n            <\/div>\n                      <div>\n              <div class=\"news-single\">\n                <a href=\"https:\/\/www.tadano.com\/uscan\/es\/news\/mas-largo-mas-alto-mas-lejos-la-nueva-grua-todo-terreno-tadano-ac-5-250l-2-cuenta-con-la-pluma-principal-de-79-metros\/\">\n                  <strong class=\"title\">M\u00c1S LARGO, M\u00c1S ALTO, M\u00c1S LEJOS: LA NUEVA GR\u00daA TODO TERRENO TADANO AC 5.250L-2 CUENTA CON LA PLUMA PRINCIPAL DE 79 METROS<\/strong>\n                  <ul class=\"meta\">\n                    <li>Publicaci\u00f3n<\/li>\n                    <li><time datetime=\"2020-01-01\">Feb\/19\/2025<\/time><\/li>\n                  <\/ul>\n                <\/a>\n              <\/div>\n            <\/div>\n                      <div>\n              <div class=\"news-single\">\n                <a href=\"https:\/\/www.tadano.com\/uscan\/es\/news\/grua-tadano-ac-7-450-1-cumple-doble-funcion-en-wisconsin\/\">\n                  <strong class=\"title\">GR\u00daA TADANO AC 7.450-1 cumple doble funci\u00f3n en Wisconsin<\/strong>\n                  <ul class=\"meta\">\n                    <li>Publicaci\u00f3n<\/li>\n                    <li><time datetime=\"2020-01-01\">Nov\/12\/2024<\/time><\/li>\n                  <\/ul>\n                <\/a>\n              <\/div>\n            <\/div>\n                      <div>\n              <div class=\"news-single\">\n                <a href=\"https:\/\/www.tadano.com\/uscan\/es\/news\/tadano-presenta-la-primera-grua-para-terrenos-irregulares-totalmente-electrica-de-ee-uu-y-canada\/\">\n                  <strong class=\"title\">TADANO PRESENTA LA PRIMERA GR\u00daA PARA TERRENOS IRREGULARES TOTALMENTE EL\u00c9CTRICA DE EE.UU. Y CANAD\u00c1<\/strong>\n                  <ul class=\"meta\">\n                    <li>Publicaci\u00f3n<\/li>\n                    <li><time datetime=\"2020-01-01\">Oct\/30\/2024<\/time><\/li>\n                  <\/ul>\n                <\/a>\n              <\/div>\n            <\/div>\n                      <div>\n              <div class=\"news-single\">\n                <a href=\"https:\/\/www.tadano.com\/uscan\/es\/news\/la-nueva-tadano-ac-5-250-2-convence-con-soluciones-innovadoras\/\">\n                  <strong class=\"title\">La nueva Tadano AC 5.250-2 convence con soluciones innovadoras<\/strong>\n                  <ul class=\"meta\">\n                    <li>Publicaci\u00f3n<\/li>\n                    <li><time datetime=\"2020-01-01\">Jul\/22\/2024<\/time><\/li>\n                  <\/ul>\n                <\/a>\n              <\/div>\n            <\/div>\n                      <div>\n              <div class=\"news-single\">\n                <a href=\"https:\/\/www.tadano.com\/uscan\/es\/news\/northbank-civil-and-marine-adquiere-una-grua-tadano-gtc-1600\/\">\n                  <strong class=\"title\">Northbank Civil and Marine adquiere una gr\u00faa Tadano GTC-1600<\/strong>\n                  <ul class=\"meta\">\n                    <li>Publicaci\u00f3n<\/li>\n                    <li><time datetime=\"2020-01-01\">Jun\/27\/2024<\/time><\/li>\n                  <\/ul>\n                <\/a>\n              <\/div>\n            <\/div>\n                        <\/div>\n    <\/div>\n  <\/section>\n  \n\n\n<p><\/p>\n","protected":false},"excerpt":{"rendered":"<p>Explorar tecnolog\u00edas Tecnolog\u00eda que transmite datos en tiempo real con detalles sobre el estado operativo, posicionamiento, mantenimiento, resoluci\u00f3n de problemas y mucho m\u00e1s.<\/p>\n","protected":false},"author":1,"featured_media":0,"parent":22609,"menu_order":0,"comment_status":"closed","ping_status":"closed","template":"","meta":{"_acf_changed":false,"footnotes":""},"acf":[],"yoast_head":"<!-- This site is optimized with the Yoast SEO plugin v22.3 - https:\/\/yoast.com\/wordpress\/plugins\/seo\/ -->\n<title>Sistema telem\u00e1tico - US\/Canada<\/title>\n<meta name=\"robots\" content=\"index, follow, max-snippet:-1, max-image-preview:large, max-video-preview:-1\" \/>\n<link rel=\"canonical\" href=\"https:\/\/www.tadano.com\/uscan\/es\/tecnologia\/sistema-telematico\/\" \/>\n<meta property=\"og:locale\" content=\"es_ES\" \/>\n<meta property=\"og:type\" content=\"article\" \/>\n<meta property=\"og:title\" content=\"Sistema telem\u00e1tico - US\/Canada\" \/>\n<meta property=\"og:description\" content=\"Explorar tecnolog\u00edas Tecnolog\u00eda que transmite datos en tiempo real con detalles sobre el estado operativo, posicionamiento, mantenimiento, resoluci\u00f3n de problemas y mucho m\u00e1s.\" \/>\n<meta property=\"og:url\" content=\"https:\/\/www.tadano.com\/uscan\/es\/tecnologia\/sistema-telematico\/\" \/>\n<meta property=\"og:site_name\" content=\"US\/Canada\" \/>\n<meta property=\"article:modified_time\" content=\"2025-09-15T08:48:51+00:00\" \/>\n<meta name=\"twitter:card\" content=\"summary_large_image\" \/>\n<meta name=\"twitter:label1\" content=\"Tiempo de lectura\" \/>\n\t<meta name=\"twitter:data1\" content=\"1 minuto\" \/>\n<script type=\"application\/ld+json\" class=\"yoast-schema-graph\">{\"@context\":\"https:\/\/schema.org\",\"@graph\":[{\"@type\":\"WebPage\",\"@id\":\"https:\/\/www.tadano.com\/uscan\/es\/tecnologia\/sistema-telematico\/\",\"url\":\"https:\/\/www.tadano.com\/uscan\/es\/tecnologia\/sistema-telematico\/\",\"name\":\"Sistema telem\u00e1tico - US\/Canada\",\"isPartOf\":{\"@id\":\"https:\/\/www.tadano.com\/uscan\/en\/#website\"},\"datePublished\":\"2021-07-02T07:12:23+00:00\",\"dateModified\":\"2025-09-15T08:48:51+00:00\",\"inLanguage\":\"es\",\"potentialAction\":[{\"@type\":\"ReadAction\",\"target\":[\"https:\/\/www.tadano.com\/uscan\/es\/tecnologia\/sistema-telematico\/\"]}]},{\"@type\":\"WebSite\",\"@id\":\"https:\/\/www.tadano.com\/uscan\/en\/#website\",\"url\":\"https:\/\/www.tadano.com\/uscan\/en\/\",\"name\":\"US\/Canada\",\"description\":\"Just another TADANO EUROPE site\",\"potentialAction\":[{\"@type\":\"SearchAction\",\"target\":{\"@type\":\"EntryPoint\",\"urlTemplate\":\"https:\/\/www.tadano.com\/uscan\/en\/?s={search_term_string}\"},\"query-input\":\"required name=search_term_string\"}],\"inLanguage\":\"es\"}]}<\/script>\n<!-- \/ Yoast SEO plugin. -->","yoast_head_json":{"title":"Sistema telem\u00e1tico - US\/Canada","robots":{"index":"index","follow":"follow","max-snippet":"max-snippet:-1","max-image-preview":"max-image-preview:large","max-video-preview":"max-video-preview:-1"},"canonical":"https:\/\/www.tadano.com\/uscan\/es\/tecnologia\/sistema-telematico\/","og_locale":"es_ES","og_type":"article","og_title":"Sistema telem\u00e1tico - US\/Canada","og_description":"Explorar tecnolog\u00edas Tecnolog\u00eda que transmite datos en tiempo real con detalles sobre el estado operativo, posicionamiento, mantenimiento, resoluci\u00f3n de problemas y mucho m\u00e1s.","og_url":"https:\/\/www.tadano.com\/uscan\/es\/tecnologia\/sistema-telematico\/","og_site_name":"US\/Canada","article_modified_time":"2025-09-15T08:48:51+00:00","twitter_card":"summary_large_image","twitter_misc":{"Tiempo de lectura":"1 minuto"},"schema":{"@context":"https:\/\/schema.org","@graph":[{"@type":"WebPage","@id":"https:\/\/www.tadano.com\/uscan\/es\/tecnologia\/sistema-telematico\/","url":"https:\/\/www.tadano.com\/uscan\/es\/tecnologia\/sistema-telematico\/","name":"Sistema telem\u00e1tico - US\/Canada","isPartOf":{"@id":"https:\/\/www.tadano.com\/uscan\/en\/#website"},"datePublished":"2021-07-02T07:12:23+00:00","dateModified":"2025-09-15T08:48:51+00:00","inLanguage":"es","potentialAction":[{"@type":"ReadAction","target":["https:\/\/www.tadano.com\/uscan\/es\/tecnologia\/sistema-telematico\/"]}]},{"@type":"WebSite","@id":"https:\/\/www.tadano.com\/uscan\/en\/#website","url":"https:\/\/www.tadano.com\/uscan\/en\/","name":"US\/Canada","description":"Just another TADANO EUROPE site","potentialAction":[{"@type":"SearchAction","target":{"@type":"EntryPoint","urlTemplate":"https:\/\/www.tadano.com\/uscan\/en\/?s={search_term_string}"},"query-input":"required name=search_term_string"}],"inLanguage":"es"}]}},"_links":{"self":[{"href":"https:\/\/www.tadano.com\/uscan\/es\/wp-json\/wp\/v2\/pages\/22611"}],"collection":[{"href":"https:\/\/www.tadano.com\/uscan\/es\/wp-json\/wp\/v2\/pages"}],"about":[{"href":"https:\/\/www.tadano.com\/uscan\/es\/wp-json\/wp\/v2\/types\/page"}],"author":[{"embeddable":true,"href":"https:\/\/www.tadano.com\/uscan\/es\/wp-json\/wp\/v2\/users\/1"}],"replies":[{"embeddable":true,"href":"https:\/\/www.tadano.com\/uscan\/es\/wp-json\/wp\/v2\/comments?post=22611"}],"version-history":[{"count":5,"href":"https:\/\/www.tadano.com\/uscan\/es\/wp-json\/wp\/v2\/pages\/22611\/revisions"}],"predecessor-version":[{"id":26857,"href":"https:\/\/www.tadano.com\/uscan\/es\/wp-json\/wp\/v2\/pages\/22611\/revisions\/26857"}],"up":[{"embeddable":true,"href":"https:\/\/www.tadano.com\/uscan\/es\/wp-json\/wp\/v2\/pages\/22609"}],"wp:attachment":[{"href":"https:\/\/www.tadano.com\/uscan\/es\/wp-json\/wp\/v2\/media?parent=22611"}],"curies":[{"name":"wp","href":"https:\/\/api.w.org\/{rel}","templated":true}]}}