{"id":22618,"date":"2021-12-10T11:30:02","date_gmt":"2021-12-10T11:30:02","guid":{"rendered":"https:\/\/www.tadano.com\/uscan\/tecnologia\/tecnologias-respetuosas-con-el-medio-ambiente-y-el-clima\/"},"modified":"2024-05-08T14:28:39","modified_gmt":"2024-05-08T14:28:39","slug":"tecnologias-respetuosas-con-el-medio-ambiente-y-el-clima","status":"publish","type":"page","link":"https:\/\/www.tadano.com\/uscan\/es\/tecnologia\/tecnologias-respetuosas-con-el-medio-ambiente-y-el-clima\/","title":{"rendered":"Tecnolog\u00edas respetuosas con el medio ambiente y el clima"},"content":{"rendered":"\n\n\n<section class=\"hero-section\">\n\n\t\n\t\n\t\n\t<div class=\"img-holder \">\n\t\t\t\t<div class=\"bg-stretch\" style=\"background-position: 0 50%; \">\n\t\t\t<span data-srcset=\"https:\/\/assets.onetadano.com\/celum_assets\/hero\/HVO.jpg, https:\/\/assets.onetadano.com\/celum_assets\/hero-2x\/HVO.jpg 2x\"><\/span>\n\t\t<\/div>\n\t\t\t\t\t\t<div class=\"logo green-solutions\" style=\"display:none;\">\n\t\t\t<a href=\"#\"><img decoding=\"async\" src=\"https:\/\/www.tadano.com\/uscan\/wp-content\/themes\/tadano\/assets\/dist\/images\/Green-Solutions_Logo_White.svg\"><\/a>\n\t\t<\/div>\n\t<\/div>\n\t<div class=\"container\">\n\t\t<div class=\"text-holder \">\n\t\t\t<div class=\"wrap\">\n\t\t\t\t\n\t\t\t\t<ul class=\"breadcrumbs\"><li><a href=\"https:\/\/www.tadano.com\/uscan\/es\/\">Inicio<\/a><\/li><\/ul>\n\t\t\t\t\n\n<h1 class=\"wp-block-heading\">Tecnolog\u00edas respetuosas con el medio ambiente y el clima<\/h1>\n\n\n\n<p>La protecci\u00f3n del medio ambiente y la sostenibilidad son una parte fundamental de la filosof\u00eda de empresa de Tadano. Por eso trabajamos constantemente en el desarrollo de tecnolog\u00edas de accionamiento libre de emisiones y de emisiones reducidas que permitan a nuestros clientes utilizar las gr\u00faas de forma respetuosa con el medio ambiente y el clima.<\/p>\n\n\n\n\t\t\t\t\n\t\t\t<\/div>\n\n\t\t\t\n\t\t\t\n\t\t\t\n\t\t<\/div>\n\t<\/div>\n<\/section>\n\n\n<div class=\"wp-block-group is-style-background-triangle-right has-white-color has-dark-blue-background-color has-text-color has-background is-layout-flow wp-block-group-is-layout-flow\"><div class=\"wp-block-group__inner-container\">\n<div class=\"wp-block-columns is-layout-flex wp-container-core-columns-layout-1 wp-block-columns-is-layout-flex\">\n<div class=\"wp-block-column is-layout-flow wp-block-column-is-layout-flow\" style=\"flex-basis:33.33%\">\n<h2 class=\"wp-block-heading\">Explorar tecnolog\u00edas<\/h2>\n\n\n\n<p>Las tecnolog\u00edas de bajo consumo y emisiones de Tadano reducen las emisiones de gases de efecto invernadero, as\u00ed como de sustancias contaminantes y en muchos casos tambi\u00e9n minimizan los costes de funcionamiento.<\/p>\n<\/div>\n\n\n\n<div class=\"wp-block-column is-layout-flow wp-block-column-is-layout-flow\" style=\"flex-basis:66.66%\">\n\n<div class=\"links-block-wrapper\">\n  <div class=\"container\">\n    <section class=\"links-block\">\n\n\n              <div class=\"links-block\">\n                      \n\n            <div class=\"link-single\">\n                              <a href=\"https:\/\/www.tadano.com\/uscan\/es\/technologies\/combustibles-diesel-alternativos\/\">\n                                                      <strong class='title'>Combustibles di\u00e9sel alternativos<\/strong>\n                                                        <p>Todas las gr\u00faas Tadano actuales se pueden operar, en funci\u00f3n del modelo, tambi\u00e9n con diferentes combustibles di\u00e9sel alternativos. El uso de estos combustibles permite en muchos casos un funcionamiento de las gr\u00faas con emisiones reducidas y, por tanto, m\u00e1s respetuoso con el clima y el medio ambiente.<\/p>\n                                  <\/a>\n              <\/div>\n\n                          \n\n            <div class=\"link-single\">\n                              <a href=\"https:\/\/www.tadano.com\/uscan\/es\/technologies\/e-pack\/\">\n                                                      <strong class='title'>e-PACK<\/strong>\n                                                        <p>Sistema electrohidr\u00e1ulico con cero emisiones en el funcionamiento de la gr\u00faa. Perfecto para zonas urbanas, de noche o para operar en interiores.<\/p>\n                                  <\/a>\n              <\/div>\n\n                          \n\n            <div class=\"link-single\">\n                              <a href=\"https:\/\/www.tadano.com\/uscan\/es\/technologies\/sistema-eco-mode\/\">\n                                                      <strong class='title'>Sistema Eco Mode<\/strong>\n                                                        <p>El modo Eco controla la velocidad m\u00e1xima del motor para reducir las emisiones, el consumo de combustible y el ruido, proporcionando a la vez un funcionamiento robusto de la gr\u00faa.<\/p>\n                                  <\/a>\n              <\/div>\n\n                          \n\n            <div class=\"link-single\">\n                              <a href=\"https:\/\/www.tadano.com\/uscan\/es\/technologies\/start-stop\/\">\n                                                      <strong class='title'>Start-Stop<\/strong>\n                                                        <p>La funci\u00f3n start-stop permite apagar manualmente el motor con un bot\u00f3n en la cabina durante el funcionamiento de la gr\u00faa para evitar el ralent\u00ed. Esta funci\u00f3n puede utilizarse para reducir el consumo de combustible, las emisiones y las horas de funcionamiento de la gr\u00faa. Mientras el motor est\u00e1 apagado, el sistema de control de la gr\u00faa permanece activo, de modo que el funcionamiento de la gr\u00faa puede reanudarse r\u00e1pidamente tras volver a arrancar.<\/p>\n                                  <\/a>\n              <\/div>\n\n                          \n\n            <div class=\"link-single\">\n                              <a href=\"https:\/\/www.tadano.com\/uscan\/es\/technologies\/auxiliary-power-unit\/\">\n                                                      <strong class='title'>Unidad de potencia auxiliar<\/strong>\n                                                        <p>La unidad de potencia auxiliar es una unidad di\u00e9sel de baja emisi\u00f3n y bajo consumo que suministra energ\u00eda el\u00e9ctrica para funciones de gr\u00faa como los focos, el sistema de HVAC y las pantallas cuando el motor principal est\u00e1 apagado.<\/p>\n                                  <\/a>\n              <\/div>\n\n                        <\/div>\n          \n        \n      <\/section>\n    <\/div>\n  <\/div><\/div>\n<\/div>\n<\/div><\/div>\n\n\n\n\n\n    <section class=\"news-section\">\n\n    <div class=\"container\">\n      <div class=\"text-block\">\n        <h2>Noticias<\/h2>\n                        \n                  <a href=\"https:\/\/www.tadano.com\/uscan\/es\/news-list\/\" class=\"link-more\">EXPLORAR TODAS las noticias<\/a>\n        \n\n                <div class=\"controls\">\n          <svg width=\"14\" height=\"31\" viewBox=\"0 0 14 31\" fill=\"none\" xmlns=\"http:\/\/www.w3.org\/2000\/svg\">\n           <path d=\"M13 1L1 15.5L13 30\" stroke=\"#fff\"\/>\n          <\/svg>\n          <svg width=\"15\" height=\"31\" viewBox=\"0 0 15 31\" fill=\"none\" xmlns=\"http:\/\/www.w3.org\/2000\/svg\">\n           <path d=\"M1 1L14 15.5L1 30\" stroke=\"#fff\"\/>\n          <\/svg>\n        <\/div>\n        \n\n        \n      <\/div>\n      <div class=\"slick-slider simple-slider\">\n                              <div>\n              <div class=\"news-single\">\n                <a href=\"https:\/\/www.tadano.com\/uscan\/es\/news\/www.tadano.completa-la-adquisicion-del-sector-empresarial-de-sistemas-de-transporte-de-ihi-transport-machinery\">\n                  <strong class=\"title\">Tadano completa la adquisici\u00f3n del sector empresarial de sistemas de transporte de IHI Transport Machinery<\/strong>\n                  <ul class=\"meta\">\n                    <li>Publicaci\u00f3n<\/li>\n                    <li><time datetime=\"2020-01-01\">Jul\/01\/2025<\/time><\/li>\n                  <\/ul>\n                <\/a>\n              <\/div>\n            <\/div>\n                      <div>\n              <div class=\"news-single\">\n                <a href=\"https:\/\/www.tadano.com\/uscan\/es\/news\/mpm-adquiere-la-primera-tadano-evolt-egr-1000xll-1-en-la-region-panamericana\/\">\n                  <strong class=\"title\">MPM ADQUIERE LA PRIMERA TADANO EVOLT eGR-1000XLL-1 EN LA REGI\u00d3N PANAMERICANA<\/strong>\n                  <ul class=\"meta\">\n                    <li>Publicaci\u00f3n<\/li>\n                    <li><time datetime=\"2020-01-01\">Abr\/22\/2025<\/time><\/li>\n                  <\/ul>\n                <\/a>\n              <\/div>\n            <\/div>\n                      <div>\n              <div class=\"news-single\">\n                <a href=\"https:\/\/www.tadano.com\/uscan\/es\/news\/tadano-at-bauma-2025\/\">\n                  <strong class=\"title\">Tadano en bauma 2025<\/strong>\n                  <ul class=\"meta\">\n                    <li>Publicaci\u00f3n<\/li>\n                    <li><time datetime=\"2020-01-01\">Abr\/07\/2025<\/time><\/li>\n                  <\/ul>\n                <\/a>\n              <\/div>\n            <\/div>\n                      <div>\n              <div class=\"news-single\">\n                <a href=\"https:\/\/www.tadano.com\/uscan\/es\/news\/the-new-cc-78-1250-1\/\">\n                  <strong class=\"title\">La nueva CC 78.1250-1<\/strong>\n                  <ul class=\"meta\">\n                    <li>Publicaci\u00f3n<\/li>\n                    <li><time datetime=\"2020-01-01\">Abr\/03\/2025<\/time><\/li>\n                  <\/ul>\n                <\/a>\n              <\/div>\n            <\/div>\n                      <div>\n              <div class=\"news-single\">\n                <a href=\"https:\/\/www.tadano.com\/uscan\/es\/news\/tadano-celebra-el-dia-internacional-de-la-mujer\/\">\n                  <strong class=\"title\">TADANO CELEBRA EL D\u00cdA INTERNACIONAL DE LA MUJER<\/strong>\n                  <ul class=\"meta\">\n                    <li>Publicaci\u00f3n<\/li>\n                    <li><time datetime=\"2020-01-01\">Mar\/10\/2025<\/time><\/li>\n                  <\/ul>\n                <\/a>\n              <\/div>\n            <\/div>\n                      <div>\n              <div class=\"news-single\">\n                <a href=\"https:\/\/www.tadano.com\/uscan\/es\/news\/mas-largo-mas-alto-mas-lejos-la-nueva-grua-todo-terreno-tadano-ac-5-250l-2-cuenta-con-la-pluma-principal-de-79-metros\/\">\n                  <strong class=\"title\">M\u00c1S LARGO, M\u00c1S ALTO, M\u00c1S LEJOS: LA NUEVA GR\u00daA TODO TERRENO TADANO AC 5.250L-2 CUENTA CON LA PLUMA PRINCIPAL DE 79 METROS<\/strong>\n                  <ul class=\"meta\">\n                    <li>Publicaci\u00f3n<\/li>\n                    <li><time datetime=\"2020-01-01\">Feb\/19\/2025<\/time><\/li>\n                  <\/ul>\n                <\/a>\n              <\/div>\n            <\/div>\n                      <div>\n              <div class=\"news-single\">\n                <a href=\"https:\/\/www.tadano.com\/uscan\/es\/news\/grua-tadano-ac-7-450-1-cumple-doble-funcion-en-wisconsin\/\">\n                  <strong class=\"title\">GR\u00daA TADANO AC 7.450-1 cumple doble funci\u00f3n en Wisconsin<\/strong>\n                  <ul class=\"meta\">\n                    <li>Publicaci\u00f3n<\/li>\n                    <li><time datetime=\"2020-01-01\">Nov\/12\/2024<\/time><\/li>\n                  <\/ul>\n                <\/a>\n              <\/div>\n            <\/div>\n                      <div>\n              <div class=\"news-single\">\n                <a href=\"https:\/\/www.tadano.com\/uscan\/es\/news\/tadano-presenta-la-primera-grua-para-terrenos-irregulares-totalmente-electrica-de-ee-uu-y-canada\/\">\n                  <strong class=\"title\">TADANO PRESENTA LA PRIMERA GR\u00daA PARA TERRENOS IRREGULARES TOTALMENTE EL\u00c9CTRICA DE EE.UU. Y CANAD\u00c1<\/strong>\n                  <ul class=\"meta\">\n                    <li>Publicaci\u00f3n<\/li>\n                    <li><time datetime=\"2020-01-01\">Oct\/30\/2024<\/time><\/li>\n                  <\/ul>\n                <\/a>\n              <\/div>\n            <\/div>\n                      <div>\n              <div class=\"news-single\">\n                <a href=\"https:\/\/www.tadano.com\/uscan\/es\/news\/la-nueva-tadano-ac-5-250-2-convence-con-soluciones-innovadoras\/\">\n                  <strong class=\"title\">La nueva Tadano AC 5.250-2 convence con soluciones innovadoras<\/strong>\n                  <ul class=\"meta\">\n                    <li>Publicaci\u00f3n<\/li>\n                    <li><time datetime=\"2020-01-01\">Jul\/22\/2024<\/time><\/li>\n                  <\/ul>\n                <\/a>\n              <\/div>\n            <\/div>\n                      <div>\n              <div class=\"news-single\">\n                <a href=\"https:\/\/www.tadano.com\/uscan\/es\/news\/northbank-civil-and-marine-adquiere-una-grua-tadano-gtc-1600\/\">\n                  <strong class=\"title\">Northbank Civil and Marine adquiere una gr\u00faa Tadano GTC-1600<\/strong>\n                  <ul class=\"meta\">\n                    <li>Publicaci\u00f3n<\/li>\n                    <li><time datetime=\"2020-01-01\">Jun\/27\/2024<\/time><\/li>\n                  <\/ul>\n                <\/a>\n              <\/div>\n            <\/div>\n                        <\/div>\n    <\/div>\n  <\/section>\n  \n\n\n<p><\/p>\n","protected":false},"excerpt":{"rendered":"<p>Explorar tecnolog\u00edas Las tecnolog\u00edas de bajo consumo y emisiones de Tadano reducen las emisiones de gases de efecto invernadero, as\u00ed como de sustancias contaminantes y en muchos casos tambi\u00e9n minimizan los costes de funcionamiento. Explorar tecnolog\u00edas Las tecnolog\u00edas de bajo consumo y emisiones de Tadano reducen las emisiones de gases de efecto invernadero, as\u00ed como [&hellip;]<\/p>\n","protected":false},"author":3,"featured_media":0,"parent":22609,"menu_order":0,"comment_status":"closed","ping_status":"closed","template":"","meta":{"_acf_changed":false,"footnotes":""},"acf":[],"yoast_head":"<!-- This site is optimized with the Yoast SEO plugin v22.3 - https:\/\/yoast.com\/wordpress\/plugins\/seo\/ -->\n<title>Tecnolog\u00edas respetuosas con el medio ambiente y el clima - US\/Canada<\/title>\n<meta name=\"robots\" content=\"index, follow, max-snippet:-1, max-image-preview:large, max-video-preview:-1\" \/>\n<link rel=\"canonical\" href=\"https:\/\/www.tadano.com\/uscan\/es\/tecnologia\/tecnologias-respetuosas-con-el-medio-ambiente-y-el-clima\/\" \/>\n<meta property=\"og:locale\" content=\"es_ES\" \/>\n<meta property=\"og:type\" content=\"article\" \/>\n<meta property=\"og:title\" content=\"Tecnolog\u00edas respetuosas con el medio ambiente y el clima - US\/Canada\" \/>\n<meta property=\"og:description\" content=\"Explorar tecnolog\u00edas Las tecnolog\u00edas de bajo consumo y emisiones de Tadano reducen las emisiones de gases de efecto invernadero, as\u00ed como de sustancias contaminantes y en muchos casos tambi\u00e9n minimizan los costes de funcionamiento. Explorar tecnolog\u00edas Las tecnolog\u00edas de bajo consumo y emisiones de Tadano reducen las emisiones de gases de efecto invernadero, as\u00ed como [&hellip;]\" \/>\n<meta property=\"og:url\" content=\"https:\/\/www.tadano.com\/uscan\/es\/tecnologia\/tecnologias-respetuosas-con-el-medio-ambiente-y-el-clima\/\" \/>\n<meta property=\"og:site_name\" content=\"US\/Canada\" \/>\n<meta property=\"article:modified_time\" content=\"2024-05-08T14:28:39+00:00\" \/>\n<meta name=\"twitter:card\" content=\"summary_large_image\" \/>\n<meta name=\"twitter:label1\" content=\"Tiempo de lectura\" \/>\n\t<meta name=\"twitter:data1\" content=\"1 minuto\" \/>\n<script type=\"application\/ld+json\" class=\"yoast-schema-graph\">{\"@context\":\"https:\/\/schema.org\",\"@graph\":[{\"@type\":\"WebPage\",\"@id\":\"https:\/\/www.tadano.com\/uscan\/es\/tecnologia\/tecnologias-respetuosas-con-el-medio-ambiente-y-el-clima\/\",\"url\":\"https:\/\/www.tadano.com\/uscan\/es\/tecnologia\/tecnologias-respetuosas-con-el-medio-ambiente-y-el-clima\/\",\"name\":\"Tecnolog\u00edas respetuosas con el medio ambiente y el clima - US\/Canada\",\"isPartOf\":{\"@id\":\"https:\/\/www.tadano.com\/uscan\/en\/#website\"},\"datePublished\":\"2021-12-10T11:30:02+00:00\",\"dateModified\":\"2024-05-08T14:28:39+00:00\",\"inLanguage\":\"es\",\"potentialAction\":[{\"@type\":\"ReadAction\",\"target\":[\"https:\/\/www.tadano.com\/uscan\/es\/tecnologia\/tecnologias-respetuosas-con-el-medio-ambiente-y-el-clima\/\"]}]},{\"@type\":\"WebSite\",\"@id\":\"https:\/\/www.tadano.com\/uscan\/en\/#website\",\"url\":\"https:\/\/www.tadano.com\/uscan\/en\/\",\"name\":\"US\/Canada\",\"description\":\"Just another TADANO EUROPE site\",\"potentialAction\":[{\"@type\":\"SearchAction\",\"target\":{\"@type\":\"EntryPoint\",\"urlTemplate\":\"https:\/\/www.tadano.com\/uscan\/en\/?s={search_term_string}\"},\"query-input\":\"required name=search_term_string\"}],\"inLanguage\":\"es\"}]}<\/script>\n<!-- \/ Yoast SEO plugin. -->","yoast_head_json":{"title":"Tecnolog\u00edas respetuosas con el medio ambiente y el clima - US\/Canada","robots":{"index":"index","follow":"follow","max-snippet":"max-snippet:-1","max-image-preview":"max-image-preview:large","max-video-preview":"max-video-preview:-1"},"canonical":"https:\/\/www.tadano.com\/uscan\/es\/tecnologia\/tecnologias-respetuosas-con-el-medio-ambiente-y-el-clima\/","og_locale":"es_ES","og_type":"article","og_title":"Tecnolog\u00edas respetuosas con el medio ambiente y el clima - US\/Canada","og_description":"Explorar tecnolog\u00edas Las tecnolog\u00edas de bajo consumo y emisiones de Tadano reducen las emisiones de gases de efecto invernadero, as\u00ed como de sustancias contaminantes y en muchos casos tambi\u00e9n minimizan los costes de funcionamiento. Explorar tecnolog\u00edas Las tecnolog\u00edas de bajo consumo y emisiones de Tadano reducen las emisiones de gases de efecto invernadero, as\u00ed como [&hellip;]","og_url":"https:\/\/www.tadano.com\/uscan\/es\/tecnologia\/tecnologias-respetuosas-con-el-medio-ambiente-y-el-clima\/","og_site_name":"US\/Canada","article_modified_time":"2024-05-08T14:28:39+00:00","twitter_card":"summary_large_image","twitter_misc":{"Tiempo de lectura":"1 minuto"},"schema":{"@context":"https:\/\/schema.org","@graph":[{"@type":"WebPage","@id":"https:\/\/www.tadano.com\/uscan\/es\/tecnologia\/tecnologias-respetuosas-con-el-medio-ambiente-y-el-clima\/","url":"https:\/\/www.tadano.com\/uscan\/es\/tecnologia\/tecnologias-respetuosas-con-el-medio-ambiente-y-el-clima\/","name":"Tecnolog\u00edas respetuosas con el medio ambiente y el clima - US\/Canada","isPartOf":{"@id":"https:\/\/www.tadano.com\/uscan\/en\/#website"},"datePublished":"2021-12-10T11:30:02+00:00","dateModified":"2024-05-08T14:28:39+00:00","inLanguage":"es","potentialAction":[{"@type":"ReadAction","target":["https:\/\/www.tadano.com\/uscan\/es\/tecnologia\/tecnologias-respetuosas-con-el-medio-ambiente-y-el-clima\/"]}]},{"@type":"WebSite","@id":"https:\/\/www.tadano.com\/uscan\/en\/#website","url":"https:\/\/www.tadano.com\/uscan\/en\/","name":"US\/Canada","description":"Just another TADANO EUROPE site","potentialAction":[{"@type":"SearchAction","target":{"@type":"EntryPoint","urlTemplate":"https:\/\/www.tadano.com\/uscan\/en\/?s={search_term_string}"},"query-input":"required name=search_term_string"}],"inLanguage":"es"}]}},"_links":{"self":[{"href":"https:\/\/www.tadano.com\/uscan\/es\/wp-json\/wp\/v2\/pages\/22618"}],"collection":[{"href":"https:\/\/www.tadano.com\/uscan\/es\/wp-json\/wp\/v2\/pages"}],"about":[{"href":"https:\/\/www.tadano.com\/uscan\/es\/wp-json\/wp\/v2\/types\/page"}],"author":[{"embeddable":true,"href":"https:\/\/www.tadano.com\/uscan\/es\/wp-json\/wp\/v2\/users\/3"}],"replies":[{"embeddable":true,"href":"https:\/\/www.tadano.com\/uscan\/es\/wp-json\/wp\/v2\/comments?post=22618"}],"version-history":[{"count":3,"href":"https:\/\/www.tadano.com\/uscan\/es\/wp-json\/wp\/v2\/pages\/22618\/revisions"}],"predecessor-version":[{"id":25820,"href":"https:\/\/www.tadano.com\/uscan\/es\/wp-json\/wp\/v2\/pages\/22618\/revisions\/25820"}],"up":[{"embeddable":true,"href":"https:\/\/www.tadano.com\/uscan\/es\/wp-json\/wp\/v2\/pages\/22609"}],"wp:attachment":[{"href":"https:\/\/www.tadano.com\/uscan\/es\/wp-json\/wp\/v2\/media?parent=22618"}],"curies":[{"name":"wp","href":"https:\/\/api.w.org\/{rel}","templated":true}]}}