{"id":22686,"date":"2022-05-31T08:56:26","date_gmt":"2022-05-31T08:56:26","guid":{"rendered":"https:\/\/www.tadano.com\/uscan\/equipos-de-elevacion\/truck-cranes\/"},"modified":"2024-01-18T07:52:39","modified_gmt":"2024-01-18T07:52:39","slug":"truck-cranes","status":"publish","type":"page","link":"https:\/\/www.tadano.com\/uscan\/es\/truck-cranes\/","title":{"rendered":"Gr\u00faas sobre cami\u00f3n"},"content":{"rendered":"\n\n\n\n\n<section class=\"hero-section\">\n\n\t\n\t\n\t\n\t<div class=\"img-holder \">\n\t\t\t\t<div class=\"bg-stretch\" style=\"background-position: 50% 100%; \">\n\t\t\t<span data-srcset=\"https:\/\/assets.onetadano.com\/celum_assets\/hero\/GT1200XL2_side.jpg, https:\/\/assets.onetadano.com\/celum_assets\/hero-2x\/GT1200XL2_side.jpg 2x\"><\/span>\n\t\t<\/div>\n\t\t\t\t\t\t<div class=\"logo green-solutions\" style=\"display:none;\">\n\t\t\t<a href=\"#\"><img decoding=\"async\" src=\"https:\/\/www.tadano.com\/uscan\/wp-content\/themes\/tadano\/assets\/dist\/images\/Green-Solutions_Logo_White.svg\"><\/a>\n\t\t<\/div>\n\t<\/div>\n\t<div class=\"container\">\n\t\t<div class=\"text-holder \">\n\t\t\t<div class=\"wrap\">\n\t\t\t\t\n\t\t\t\t<ul class=\"breadcrumbs\"><li><a href=\"https:\/\/www.tadano.com\/uscan\/es\/\">Inicio<\/a><\/li><\/ul>\n\t\t\t\t\n\n<h1 class=\"wp-block-heading\">Gr\u00faas sobre cami\u00f3n<\/h1>\n\n\n\n<p>La tecnolog\u00eda m\u00e1s avanzada de las gr\u00faas sobre cami\u00f3n incorpora una pluma redondeada m\u00e1s robusta y ligera, un contrapeso autodesmontable, un plum\u00edn suspendido, un control asim\u00e9trico de los estabilizadores y el sistema Smart Chart de Tadano, adem\u00e1s de ser energ\u00e9ticamente eficiente y proporcionar una comodidad excepcional para el conductor.<\/p>\n\n\n\n\t\t\t\t\n\t\t\t<\/div>\n\n\t\t\t\n\t\t\t\n\t\t\t\n\t\t<\/div>\n\t<\/div>\n<\/section>\n\n\n<section class=\"product-compare\" id=\"product-compare\" style=\"display: none;\">\n\t<div class=\"container\">\n\t\t<h2>Comparar productos<\/h2>\n\t\t<div class=\"compare-products\">\n\t\t\t<div class=\"compare-container\">\n\t\t\t\t<label for=\"product-1\" class=\"hidden\">Seleccione un producto<\/label>\n\t\t\t\t<input type=\"hidden\" id=\"current_lang\" value=\"es\">\n\t\t\t\t<input type=\"hidden\" id=\"current_site_id\" value=\"12\">\n\t\t\t\t<input type=\"hidden\" id=\"current_term_id\" value=\"35\">\n\t\t\t\t<ul id=\"product-1\" class=\"bh-sl-filters\">\n\t\t\t\t\t<select data-compare-id=\"1\">\n\t\t\t\t\t\t<option value=\"\">Seleccione un producto<\/option>\n\t\t\t\t\t\t\t\t\t\t\t\t\t\t<option value=\"22484\">GT-1200XL-2<\/option>\n\t\t\t\t\t\t\t\t\t\t\t\t\t\t\t\t<option value=\"22486\">GT-800XL-2<\/option>\n\t\t\t\t\t\t\t\t\t\t\t\t\t<\/select>\n\t\t\t\t<\/ul>\n\t\t\t\t<div class=\"loader result-loader-1\"><\/div>\n\t\t\t\t<div class=\"result result-1\"><\/div>\n\t\t\t<\/div>\n\t\t\t<div class=\"compare-container\">\n\t\t\t\t<label for=\"product-2\" class=\"hidden\">Seleccione un producto<\/label>\n\t\t\t\t<ul id=\"product-2\" class=\"bh-sl-filters\">\n\t\t\t\t\t<select data-compare-id=\"2\">\n\t\t\t\t\t\t<option value=\"\">Seleccione un producto<\/option>\n\t\t\t\t\t\t\t\t\t\t\t\t\t\t<option value=\"22484\">GT-1200XL-2<\/option>\n\t\t\t\t\t\t\t\t\t\t\t\t\t\t\t\t<option value=\"22486\">GT-800XL-2<\/option>\n\t\t\t\t\t\t\t\t\t\t\t\t\t<\/select>\n\t\t\t\t<\/ul>\n\t\t\t\t<div class=\"loader result-loader-2\"><\/div>\n\t\t\t\t<div class=\"result result-2\"><\/div>\n\t\t\t<\/div>\n\t\t<\/div>\n\t<\/div>\n<\/section>\n\n\n\n    <div class=\"products-filtering \">\n                <input type=\"hidden\" id=\"filterAxles\" value=\"\"\/>\n        <input type=\"hidden\" id=\"filterMaxLoad\" value=\"\"\/>\n        <input type=\"hidden\" id=\"filterBoomLength\" value=\"\"\/>\n        <input type=\"hidden\" id=\"filterTipHeight\" value=\"\"\/>\n        <input type=\"hidden\" id=\"filterManufacturingYear\" value=\"\"\/>\n        <input type=\"hidden\" id=\"filterCategory\" value=\"\"\/>\n                <input type=\"hidden\" id=\"filterLegacyStatus\" value=\"\"\/>\n        <input type=\"hidden\" id=\"displayFilter\" value=\"\"\/>\n        <!-- REFINE AREA START -->\n                    <section class=\"filter-refine\">\n                <form action=\"#\">\n                    <div class=\"container\">\n                        <div class=\"left\">\n                                                                                        <ul class=\"tabset-filter\">\n                                                                                                                                                                                                                                                                                            <\/ul>\n                                <div class=\"tab-content product-tab-content\">\n                                                                                                                                                                                                                                                                                            <\/div>\n\n                                \n                            \n\n                        <\/div>\n                        <div class=\"right\">\n                                                            <ul class=\"btn-right\">\n                                    <li class=\"desktop-only\"><a data-fancybox=\"product-compare\" data-src=\"#product-compare\"\n                                                                href=\"javascript:;\"\n                                                                class=\"compare\">Comparar<\/a><\/li>\n                                <\/ul>\n                                                        <div class=\"radio\">\n                                                                    <label for=\"met\" class=\"met\">\n                                        <input type=\"radio\" name=\"filterScale\" id=\"met\" value=\"met\">\n                                        <span class=\"fake-radio\"><\/span>\n                                        <span class=\"fake-label\">M\u00e9trico<\/span>\n                                    <\/label>\n                                    <label for=\"imp\" class=\"imp\">\n                                        <input type=\"radio\" name=\"filterScale\" id=\"imp\" value=\"imp\" >\n                                        <span class=\"fake-radio\"><\/span>\n                                        <span class=\"fake-label\">Imperial<\/span>\n                                    <\/label>\n                                    \n                            <\/div>\n                        <\/div>\n                    <\/div>\n                <\/form>\n            <\/section>\n                <!-- REFINE AREA END -->\n\n                <div class=\"all-results \" >\n            <section class=\"filter-content\">\n                <div class=\"container\">\n                    <div class=\"no-results\">\n                        <h2>Lo siento, no se ha encontrado nada \ud83d\ude14<\/h2>\n                        <p>Por favor, ajuste su b\u00fasqueda. <\/p>\n                    <\/div>\n                                                <h2>Truck Cranes<\/h2>\n                           \n                        <div class=\"filter-compare used-cranes\">\n                            \n<div class=\"product-filter-item\" \n            data-product-id=\"22486\"\n                    data-product-axles=\"4\"\n                                        data-product-boomlength-met=\"47\"\n                data-product-boomlength-imp=\"154.3\"\n                    >\n    <div class=\"compare-single \">\n\n                        <div class=\"img-holder\">\n                            <div class=\"bg-stretch\" >\n                    <span data-srcset=\"https:\/\/assets.onetadano.com\/celum_assets\/img-thumb\/GT800XL2_left.jpg, https:\/\/assets.onetadano.com\/celum_assets\/img-thumb-2x\/GT800XL2_left.jpg 2x\"><\/span>\n                <\/div>\n                                <\/div>\n        <div class=\"opener-wrap\">\n                            <a href=\"https:\/\/www.tadano.com\/uscan\/es\/equipos-de-elevacion\/truck-cranes\/gt-800xl-2\/\" class=\"opener\">\n                    GT-800XL-2                                    <\/a>\n                    <\/div>\n        <div class=\"text-block\">\n                            <div class=\"heading\">\n                    <h3>GT-800XL-2<\/h3>\n                                            <a href=\"https:\/\/assets.onetadano.com\/celum_assets\/documents\/web_GT-800XL-2_imperial_en_202305.pdf\" class=\"specs\">Hoja de especificaciones<\/a>\n                                    <\/div>\n            \n                                    <ul class=\"scaled scaled-met\">\n                                                                                                                            <li><strong>Longitud de la pluma principal:<\/strong> 47 m<\/li>\n                                                                                                    <li><strong>Extensi\u00f3n de pluma:<\/strong> 10.3 m &#8211; 17.9 m <\/li>\n                                                                                                                    \n                    <\/ul>\n                                    <ul class=\"scaled scaled-imp\">\n                                                                                                                            <li><strong>Longitud de la pluma principal:<\/strong> 154.3 ft<\/li>\n                                                                                                    <li><strong>Extensi\u00f3n de pluma:<\/strong> 33.8 ft &#8211; 58.7 ft <\/li>\n                                                                                                                    \n                    <\/ul>\n                                    <\/div>\n        <ul class=\"btn-list\">\n                        <li>\n                                <a href=\"https:\/\/www.tadano.com\/uscan\/es\/equipos-de-elevacion\/truck-cranes\/gt-800xl-2\/\" class=\"btn-details\">\n                    <span class=\"mobile-only\">Detalles<\/span>\n                    <span class=\"desktop-only\">M\u00e1s informaci\u00f3n<\/span>\n                <\/a>\n            <\/li>\n            \n                                <li class=\"scaled-metric\">\n                        <a href=\"https:\/\/assets.onetadano.com\/celum_assets\/documents\/web_GT-800XL-2_imperial_en_202305.pdf\" class=\"btn-specs\" >\n                            <span class=\"mobile-only\">Especificaciones<\/span>\n                            <span class=\"desktop-only\">Hoja de especificaciones<\/span>\n                        <\/a>\n                    <\/li>\n\n                                                <li class=\"scaled-imperial\">\n                                <a href=\"https:\/\/assets.onetadano.com\/celum_assets\/documents\/web_GT-800XL-2_imperial_en_202305.pdf\" class=\"btn-specs\" >\n                                    <span class=\"mobile-only\">Especificaciones<\/span>\n                                    <span class=\"desktop-only\">Hoja de especificaciones<\/span>\n                                <\/a>\n                            <\/li>\n                        \n                \n            \n            \n            \n\n        <\/ul>\n    <\/div><!-- end compare single -->\n<\/div><!-- end product filter item -->\n<div class=\"product-filter-item\" \n            data-product-id=\"22484\"\n                    data-product-axles=\"4\"\n                                        data-product-boomlength-met=\"51\"\n                data-product-boomlength-imp=\"167.3\"\n                    >\n    <div class=\"compare-single \">\n\n                        <div class=\"img-holder\">\n                            <div class=\"bg-stretch\" >\n                    <span data-srcset=\"https:\/\/assets.onetadano.com\/celum_assets\/img-thumb\/GT1200XL2_left.jpg, https:\/\/assets.onetadano.com\/celum_assets\/img-thumb-2x\/GT1200XL2_left.jpg 2x\"><\/span>\n                <\/div>\n                                <\/div>\n        <div class=\"opener-wrap\">\n                            <a href=\"https:\/\/www.tadano.com\/uscan\/es\/equipos-de-elevacion\/truck-cranes\/gt-1200xl-2\/\" class=\"opener\">\n                    GT-1200XL-2                                    <\/a>\n                    <\/div>\n        <div class=\"text-block\">\n                            <div class=\"heading\">\n                    <h3>GT-1200XL-2<\/h3>\n                                            <a href=\"https:\/\/assets.onetadano.com\/celum_assets\/documents\/web_GT-1200XL-2_imperial_en_202305.pdf\" class=\"specs\">Hoja de especificaciones<\/a>\n                                    <\/div>\n            \n                                    <ul class=\"scaled scaled-met\">\n                                                                                                                            <li><strong>Longitud de la pluma principal:<\/strong> 51 m<\/li>\n                                                                                                    <li><strong>Extensi\u00f3n de pluma:<\/strong> 10.3 m &#8211; 17.9 m <\/li>\n                                                                                                                    \n                    <\/ul>\n                                    <ul class=\"scaled scaled-imp\">\n                                                                                                                            <li><strong>Longitud de la pluma principal:<\/strong> 167.3 ft<\/li>\n                                                                                                    <li><strong>Extensi\u00f3n de pluma:<\/strong> 33.8 ft &#8211; 58.7 ft <\/li>\n                                                                                                                    \n                    <\/ul>\n                                    <\/div>\n        <ul class=\"btn-list\">\n                        <li>\n                                <a href=\"https:\/\/www.tadano.com\/uscan\/es\/equipos-de-elevacion\/truck-cranes\/gt-1200xl-2\/\" class=\"btn-details\">\n                    <span class=\"mobile-only\">Detalles<\/span>\n                    <span class=\"desktop-only\">M\u00e1s informaci\u00f3n<\/span>\n                <\/a>\n            <\/li>\n            \n                                <li class=\"scaled-metric\">\n                        <a href=\"https:\/\/assets.onetadano.com\/celum_assets\/documents\/web_GT-1200XL-2_imperial_en_202305.pdf\" class=\"btn-specs\" >\n                            <span class=\"mobile-only\">Especificaciones<\/span>\n                            <span class=\"desktop-only\">Hoja de especificaciones<\/span>\n                        <\/a>\n                    <\/li>\n\n                                                <li class=\"scaled-imperial\">\n                                <a href=\"https:\/\/assets.onetadano.com\/celum_assets\/documents\/web_GT-1200XL-2_imperial_en_202305.pdf\" class=\"btn-specs\" >\n                                    <span class=\"mobile-only\">Especificaciones<\/span>\n                                    <span class=\"desktop-only\">Hoja de especificaciones<\/span>\n                                <\/a>\n                            <\/li>\n                        \n                \n            \n            \n            \n\n        <\/ul>\n    <\/div><!-- end compare single -->\n<\/div><!-- end product filter item -->                        <\/div><!-- end filter compare -->\n\n                                    <\/section>\n        <\/div>\n    <\/div>\n\n\n<section class=\"new-products\">\n  <div class=\"container\">\n    <h2>Nuevos productos<\/h2>\n    <div class=\"new-products-hold\">\n                                  <div class=\"new-product-single\">\n            <a href=\"https:\/\/www.tadano.com\/uscan\/es\/equipos-de-elevacion\/gruas-sobre-orugas\/cc-78-1250-1\/\">\n              <div class=\"img-holder\">\n                                <div class=\"bg-stretch\" >\n                  <span data-srcset=\"https:\/\/mediahub.tadano.com\/m\/66ee5e28b8e2e436\/employee-img_tadano_CC781250_cuout_side.png, https:\/\/mediahub.tadano.com\/m\/66ee5e28b8e2e436\/employee_2x-img_tadano_CC781250_cuout_side.png 2x\"><\/span>\n                <\/div>\n                              <\/div>\n              <div class=\"text-block\">\n                <strong class=\"title\">CC 78.1250-1<\/strong>\n                <span class=\"category\">\n                                  <\/span>\n              <\/div>\n            <\/a>\n          <\/div>\n                            <div class=\"new-product-single\">\n            <a href=\"https:\/\/www.tadano.com\/uscan\/es\/equipos-de-elevacion\/gruas-todo-terreno\/ac-5-250l-2\/\">\n              <div class=\"img-holder\">\n                                <div class=\"bg-stretch\" >\n                  <span data-srcset=\"https:\/\/mediahub.tadano.com\/m\/3030b5811b8aa0e8\/employee-img_tadano_AC5250L-2_cutout_side.png, https:\/\/mediahub.tadano.com\/m\/3030b5811b8aa0e8\/employee_2x-img_tadano_AC5250L-2_cutout_side.png 2x\"><\/span>\n                <\/div>\n                              <\/div>\n              <div class=\"text-block\">\n                <strong class=\"title\">AC 5.250L-2<\/strong>\n                <span class=\"category\">\n                                  <\/span>\n              <\/div>\n            <\/a>\n          <\/div>\n                            <div class=\"new-product-single\">\n            <a href=\"https:\/\/www.tadano.com\/uscan\/es\/equipos-de-elevacion\/gruas-para-terrenos-irregulares\/gr-1600xl\/\">\n              <div class=\"img-holder\">\n                                <div class=\"bg-stretch\" >\n                  <span data-srcset=\"https:\/\/assets.onetadano.com\/celum_assets\/employee\/IMG00000001183_JPEG_GR1600XL_026_2015.jpg, https:\/\/assets.onetadano.com\/celum_assets\/employee-2x\/IMG00000001183_JPEG_GR1600XL_026_2015.jpg 2x\"><\/span>\n                <\/div>\n                              <\/div>\n              <div class=\"text-block\">\n                <strong class=\"title\">GR-1600XL<\/strong>\n                <span class=\"category\">\n                                  <\/span>\n              <\/div>\n            <\/a>\n          <\/div>\n                  <\/div>\n  <\/div>\n<\/section>","protected":false},"excerpt":{"rendered":"","protected":false},"author":1,"featured_media":0,"parent":0,"menu_order":0,"comment_status":"closed","ping_status":"closed","template":"","meta":{"_acf_changed":false,"footnotes":""},"acf":[],"yoast_head":"<!-- This site is optimized with the Yoast SEO plugin v22.3 - https:\/\/yoast.com\/wordpress\/plugins\/seo\/ -->\n<title>Gr\u00faas sobre cami\u00f3n - US\/Canada<\/title>\n<meta name=\"robots\" content=\"index, follow, max-snippet:-1, max-image-preview:large, max-video-preview:-1\" \/>\n<link rel=\"canonical\" href=\"https:\/\/www.tadano.com\/uscan\/en\/truck-cranes\/\" \/>\n<meta property=\"og:locale\" content=\"es_ES\" \/>\n<meta property=\"og:type\" content=\"article\" \/>\n<meta property=\"og:title\" content=\"Gr\u00faas sobre cami\u00f3n - US\/Canada\" \/>\n<meta property=\"og:url\" content=\"https:\/\/www.tadano.com\/uscan\/en\/truck-cranes\/\" \/>\n<meta property=\"og:site_name\" content=\"US\/Canada\" \/>\n<meta property=\"article:modified_time\" content=\"2024-01-18T07:52:39+00:00\" \/>\n<meta name=\"twitter:card\" content=\"summary_large_image\" \/>\n<meta name=\"twitter:label1\" content=\"Tiempo de lectura\" \/>\n\t<meta name=\"twitter:data1\" content=\"1 minuto\" \/>\n<script type=\"application\/ld+json\" class=\"yoast-schema-graph\">{\"@context\":\"https:\/\/schema.org\",\"@graph\":[{\"@type\":\"WebPage\",\"@id\":\"https:\/\/www.tadano.com\/uscan\/en\/truck-cranes\/\",\"url\":\"https:\/\/www.tadano.com\/uscan\/en\/truck-cranes\/\",\"name\":\"Gr\u00faas sobre cami\u00f3n - US\/Canada\",\"isPartOf\":{\"@id\":\"https:\/\/www.tadano.com\/uscan\/en\/#website\"},\"datePublished\":\"2022-05-31T08:56:26+00:00\",\"dateModified\":\"2024-01-18T07:52:39+00:00\",\"inLanguage\":\"es\",\"potentialAction\":[{\"@type\":\"ReadAction\",\"target\":[\"https:\/\/www.tadano.com\/uscan\/en\/truck-cranes\/\"]}]},{\"@type\":\"WebSite\",\"@id\":\"https:\/\/www.tadano.com\/uscan\/en\/#website\",\"url\":\"https:\/\/www.tadano.com\/uscan\/en\/\",\"name\":\"US\/Canada\",\"description\":\"Just another TADANO EUROPE site\",\"potentialAction\":[{\"@type\":\"SearchAction\",\"target\":{\"@type\":\"EntryPoint\",\"urlTemplate\":\"https:\/\/www.tadano.com\/uscan\/en\/?s={search_term_string}\"},\"query-input\":\"required name=search_term_string\"}],\"inLanguage\":\"es\"}]}<\/script>\n<!-- \/ Yoast SEO plugin. -->","yoast_head_json":{"title":"Gr\u00faas sobre cami\u00f3n - US\/Canada","robots":{"index":"index","follow":"follow","max-snippet":"max-snippet:-1","max-image-preview":"max-image-preview:large","max-video-preview":"max-video-preview:-1"},"canonical":"https:\/\/www.tadano.com\/uscan\/en\/truck-cranes\/","og_locale":"es_ES","og_type":"article","og_title":"Gr\u00faas sobre cami\u00f3n - US\/Canada","og_url":"https:\/\/www.tadano.com\/uscan\/en\/truck-cranes\/","og_site_name":"US\/Canada","article_modified_time":"2024-01-18T07:52:39+00:00","twitter_card":"summary_large_image","twitter_misc":{"Tiempo de lectura":"1 minuto"},"schema":{"@context":"https:\/\/schema.org","@graph":[{"@type":"WebPage","@id":"https:\/\/www.tadano.com\/uscan\/en\/truck-cranes\/","url":"https:\/\/www.tadano.com\/uscan\/en\/truck-cranes\/","name":"Gr\u00faas sobre cami\u00f3n - US\/Canada","isPartOf":{"@id":"https:\/\/www.tadano.com\/uscan\/en\/#website"},"datePublished":"2022-05-31T08:56:26+00:00","dateModified":"2024-01-18T07:52:39+00:00","inLanguage":"es","potentialAction":[{"@type":"ReadAction","target":["https:\/\/www.tadano.com\/uscan\/en\/truck-cranes\/"]}]},{"@type":"WebSite","@id":"https:\/\/www.tadano.com\/uscan\/en\/#website","url":"https:\/\/www.tadano.com\/uscan\/en\/","name":"US\/Canada","description":"Just another TADANO EUROPE site","potentialAction":[{"@type":"SearchAction","target":{"@type":"EntryPoint","urlTemplate":"https:\/\/www.tadano.com\/uscan\/en\/?s={search_term_string}"},"query-input":"required name=search_term_string"}],"inLanguage":"es"}]}},"_links":{"self":[{"href":"https:\/\/www.tadano.com\/uscan\/es\/wp-json\/wp\/v2\/pages\/22686"}],"collection":[{"href":"https:\/\/www.tadano.com\/uscan\/es\/wp-json\/wp\/v2\/pages"}],"about":[{"href":"https:\/\/www.tadano.com\/uscan\/es\/wp-json\/wp\/v2\/types\/page"}],"author":[{"embeddable":true,"href":"https:\/\/www.tadano.com\/uscan\/es\/wp-json\/wp\/v2\/users\/1"}],"replies":[{"embeddable":true,"href":"https:\/\/www.tadano.com\/uscan\/es\/wp-json\/wp\/v2\/comments?post=22686"}],"version-history":[{"count":2,"href":"https:\/\/www.tadano.com\/uscan\/es\/wp-json\/wp\/v2\/pages\/22686\/revisions"}],"predecessor-version":[{"id":22927,"href":"https:\/\/www.tadano.com\/uscan\/es\/wp-json\/wp\/v2\/pages\/22686\/revisions\/22927"}],"wp:attachment":[{"href":"https:\/\/www.tadano.com\/uscan\/es\/wp-json\/wp\/v2\/media?parent=22686"}],"curies":[{"name":"wp","href":"https:\/\/api.w.org\/{rel}","templated":true}]}}