{"id":22789,"date":"2021-03-19T11:45:23","date_gmt":"2021-03-19T11:45:23","guid":{"rendered":"https:\/\/www.tadano.com\/uscan\/?page_id=22789"},"modified":"2025-04-24T23:02:29","modified_gmt":"2025-04-24T23:02:29","slug":"financiacion","status":"publish","type":"page","link":"https:\/\/www.tadano.com\/uscan\/es\/ventas-y-servicios\/financiacion\/","title":{"rendered":"Financiaci\u00f3n"},"content":{"rendered":"\n\n\n<section class=\"hero-section-alt2\">\n\n\t\n\t\t\t<style type=\"text\/css\">\n\t\t\t.hero-section .img-holder:before {\n\t\t\t\tdisplay: none;\n\t\t\t}\n\t\t<\/style>\n\t\n\t\n\t<div class=\"img-holder \">\n\t\t\t\t<div class=\"bg-stretch\" style=\"background-position: 50% 50%; \">\n\t\t\t<span data-srcset=\"https:\/\/assets.onetadano.com\/celum_assets\/hero\/AdobeStock_214436601.jpg, https:\/\/assets.onetadano.com\/celum_assets\/hero-2x\/AdobeStock_214436601.jpg 2x\"><\/span>\n\t\t<\/div>\n\t\t\t\t\t\t<div class=\"logo green-solutions\" style=\"display:none;\">\n\t\t\t<a href=\"#\"><img decoding=\"async\" src=\"https:\/\/www.tadano.com\/uscan\/wp-content\/themes\/tadano\/assets\/dist\/images\/Green-Solutions_Logo_White.svg\"><\/a>\n\t\t<\/div>\n\t<\/div>\n\t<div class=\"container\">\n\t\t<div class=\"text-holder \">\n\t\t\t<div class=\"wrap\">\n\t\t\t\t\n\t\t\t\t<ul class=\"breadcrumbs\"><li><a href=\"https:\/\/www.tadano.com\/uscan\/es\/\">Inicio<\/a><\/li><\/ul>\n\t\t\t\t\n\n<h1 class=\"wp-block-heading\" id=\"h-financiacion\">Financiaci\u00f3n<\/h1>\n\n\n\n<p>Tadano se enorgullece de poder ofrecer soluciones flexibles para Tadano se enorgullece de ofrecer soluciones financieras flexibles para sus necesidades de equipos. Eche un vistazo a algunas de las opciones de financiaci\u00f3n que ofrecemos a nuestros clientes.<\/p>\n\n\n\n\t\t\t\t\n\t\t\t<\/div>\n\n\t\t\t\n\t\t\t\n\t\t\t\n\t\t<\/div>\n\t<\/div>\n<\/section>\n\n\n<div class=\"wp-block-group is-style-background-triangle-left-light is-layout-flow wp-block-group-is-layout-flow\"><div class=\"wp-block-group__inner-container\">\n<h2 class=\"wp-block-heading\" id=\"h-planes-de-financiamiento\">Planes de financiamiento<\/h2>\n\n\n\n<p>Tadano se compromete a ayudarle a alcanzar nuevas cotas proporcion\u00e1ndole equipos innovadores y soluciones de financiaci\u00f3n asequibles adaptadas a las necesidades \u00fanicas de su negocio.<\/p>\n\n\n\n<p>Crane Financing, Powered by Auxilior es la forma m\u00e1s r\u00e1pida, f\u00e1cil y rentable de adquirir equipos Tadano, ofreciendo productos de financiaci\u00f3n flexibles y un servicio excepcional en cada paso del camino.<\/p>\n\n\n\n<p><strong><a href=\"https:\/\/finance.cf-info.com\/\" target=\"_blank\" rel=\"noreferrer noopener\"><mark style=\"background-color:rgba(0, 0, 0, 0)\" class=\"has-inline-color has-white-color\">Haga cl<\/mark><\/a><\/strong><a href=\"https:\/\/finance.cf-info.com\/\" target=\"_blank\" rel=\"noreferrer noopener\"><strong><mark style=\"background-color:rgba(0, 0, 0, 0)\" class=\"has-inline-color has-white-color\">ic aqu\u00ed<\/mark><\/strong><\/a><mark style=\"background-color:rgba(0, 0, 0, 0)\" class=\"has-inline-color has-white-color\"> <\/mark>para explorar sus opciones y ponerse en contacto con un experto de Crane Financing, Powered by Auxilior.<\/p>\n\n\n\n<div class=\"wp-block-columns is-layout-flex wp-container-core-columns-layout-1 wp-block-columns-is-layout-flex\">\n<div class=\"wp-block-column is-layout-flow wp-block-column-is-layout-flow\"><\/div>\n\n\n\n<div class=\"wp-block-column is-layout-flow wp-block-column-is-layout-flow\"><\/div>\n<\/div>\n<\/div><\/div>\n\n\n\n<div class=\"wp-block-group is-style-background-cyan is-layout-flow wp-block-group-is-layout-flow\"><div class=\"wp-block-group__inner-container\">\n<div class=\"wp-block-columns is-layout-flex wp-container-core-columns-layout-2 wp-block-columns-is-layout-flex\">\n<div class=\"wp-block-column is-style-white-background is-layout-flow wp-block-column-is-layout-flow\">\n<h4 class=\"wp-block-heading\" id=\"h-ventas\">VENTAS<\/h4>\n\n\n\n<p><meta charset=\"utf-8\">Los dedicados representantes de ventas de Tadano le asesoran Los representantes de ventas dedicados y atentos de Tadano se asocian con usted, desde la adquisici\u00f3n y financiaci\u00f3n hasta garantizar que aproveche al m\u00e1ximo sus gr\u00faas.<\/p>\n\n\n\n<div class=\"wp-block-buttons is-layout-flex wp-block-buttons-is-layout-flex\">\n<div class=\"wp-block-button\"><a class=\"wp-block-button__link wp-element-button\" href=\"https:\/\/www.tadano.com\/uscan\/es\/ventas-y-servicios\/ventas\/\"><meta charset=\"utf-8\">M\u00e1s informaci\u00f3n<\/a><\/div>\n<\/div>\n<\/div>\n\n\n\n<div class=\"wp-block-column is-style-white-background is-layout-flow wp-block-column-is-layout-flow\">\n<h4 class=\"wp-block-heading\" id=\"h-comuniquese-con-nosotros\"><meta charset=\"utf-8\">Comun\u00edquese con nosotros<\/h4>\n\n\n\n<p><meta charset=\"utf-8\"><\/meta>Para obtener m\u00e1s informaci\u00f3n, p\u00f3ngase en contacto con Crane Financing, Powered by Auxilior<\/p>\n\n\n\n<div class=\"wp-block-buttons is-layout-flex wp-block-buttons-is-layout-flex\">\n<div class=\"wp-block-button\"><a class=\"wp-block-button__link wp-element-button\" href=\"https:\/\/finance.cf-info.com\/\" target=\"_blank\" rel=\"noreferrer noopener\">P\u00f3ngase en contacto<\/a><\/div>\n<\/div>\n<\/div>\n<\/div>\n<\/div><\/div>\n\n\n\n<p><\/p>\n","protected":false},"excerpt":{"rendered":"<p>Planes de financiamiento Tadano se compromete a ayudarle a alcanzar nuevas cotas proporcion\u00e1ndole equipos innovadores y soluciones de financiaci\u00f3n asequibles adaptadas a las necesidades \u00fanicas de su negocio. Crane Financing, Powered by Auxilior es la forma m\u00e1s r\u00e1pida, f\u00e1cil y rentable de adquirir equipos Tadano, ofreciendo productos de financiaci\u00f3n flexibles y un servicio excepcional en [&hellip;]<\/p>\n","protected":false},"author":3,"featured_media":0,"parent":22521,"menu_order":0,"comment_status":"closed","ping_status":"closed","template":"","meta":{"_acf_changed":false,"footnotes":""},"acf":[],"yoast_head":"<!-- This site is optimized with the Yoast SEO plugin v22.3 - https:\/\/yoast.com\/wordpress\/plugins\/seo\/ -->\n<title>Financiaci\u00f3n - US\/Canada<\/title>\n<meta name=\"robots\" content=\"index, follow, max-snippet:-1, max-image-preview:large, max-video-preview:-1\" \/>\n<link rel=\"canonical\" href=\"https:\/\/www.tadano.com\/uscan\/es\/ventas-y-servicios\/financiacion\/\" \/>\n<meta property=\"og:locale\" content=\"es_ES\" \/>\n<meta property=\"og:type\" content=\"article\" \/>\n<meta property=\"og:title\" content=\"Financiaci\u00f3n - US\/Canada\" \/>\n<meta property=\"og:description\" content=\"Planes de financiamiento Tadano se compromete a ayudarle a alcanzar nuevas cotas proporcion\u00e1ndole equipos innovadores y soluciones de financiaci\u00f3n asequibles adaptadas a las necesidades \u00fanicas de su negocio. Crane Financing, Powered by Auxilior es la forma m\u00e1s r\u00e1pida, f\u00e1cil y rentable de adquirir equipos Tadano, ofreciendo productos de financiaci\u00f3n flexibles y un servicio excepcional en [&hellip;]\" \/>\n<meta property=\"og:url\" content=\"https:\/\/www.tadano.com\/uscan\/es\/ventas-y-servicios\/financiacion\/\" \/>\n<meta property=\"og:site_name\" content=\"US\/Canada\" \/>\n<meta property=\"article:modified_time\" content=\"2025-04-24T23:02:29+00:00\" \/>\n<meta name=\"twitter:card\" content=\"summary_large_image\" \/>\n<meta name=\"twitter:label1\" content=\"Tiempo de lectura\" \/>\n\t<meta name=\"twitter:data1\" content=\"1 minuto\" \/>\n<script type=\"application\/ld+json\" class=\"yoast-schema-graph\">{\"@context\":\"https:\/\/schema.org\",\"@graph\":[{\"@type\":\"WebPage\",\"@id\":\"https:\/\/www.tadano.com\/uscan\/es\/ventas-y-servicios\/financiacion\/\",\"url\":\"https:\/\/www.tadano.com\/uscan\/es\/ventas-y-servicios\/financiacion\/\",\"name\":\"Financiaci\u00f3n - US\/Canada\",\"isPartOf\":{\"@id\":\"https:\/\/www.tadano.com\/uscan\/en\/#website\"},\"datePublished\":\"2021-03-19T11:45:23+00:00\",\"dateModified\":\"2025-04-24T23:02:29+00:00\",\"breadcrumb\":{\"@id\":\"https:\/\/www.tadano.com\/uscan\/es\/ventas-y-servicios\/financiacion\/#breadcrumb\"},\"inLanguage\":\"es\",\"potentialAction\":[{\"@type\":\"ReadAction\",\"target\":[\"https:\/\/www.tadano.com\/uscan\/es\/ventas-y-servicios\/financiacion\/\"]}]},{\"@type\":\"BreadcrumbList\",\"@id\":\"https:\/\/www.tadano.com\/uscan\/es\/ventas-y-servicios\/financiacion\/#breadcrumb\",\"itemListElement\":[{\"@type\":\"ListItem\",\"position\":1,\"name\":\"Ventas y Servicios\",\"item\":\"https:\/\/www.tadano.com\/uscan\/es\/ventas-y-servicios\/\"},{\"@type\":\"ListItem\",\"position\":2,\"name\":\"Financiaci\u00f3n\"}]},{\"@type\":\"WebSite\",\"@id\":\"https:\/\/www.tadano.com\/uscan\/en\/#website\",\"url\":\"https:\/\/www.tadano.com\/uscan\/en\/\",\"name\":\"US\/Canada\",\"description\":\"Just another TADANO EUROPE site\",\"potentialAction\":[{\"@type\":\"SearchAction\",\"target\":{\"@type\":\"EntryPoint\",\"urlTemplate\":\"https:\/\/www.tadano.com\/uscan\/en\/?s={search_term_string}\"},\"query-input\":\"required name=search_term_string\"}],\"inLanguage\":\"es\"}]}<\/script>\n<!-- \/ Yoast SEO plugin. -->","yoast_head_json":{"title":"Financiaci\u00f3n - US\/Canada","robots":{"index":"index","follow":"follow","max-snippet":"max-snippet:-1","max-image-preview":"max-image-preview:large","max-video-preview":"max-video-preview:-1"},"canonical":"https:\/\/www.tadano.com\/uscan\/es\/ventas-y-servicios\/financiacion\/","og_locale":"es_ES","og_type":"article","og_title":"Financiaci\u00f3n - US\/Canada","og_description":"Planes de financiamiento Tadano se compromete a ayudarle a alcanzar nuevas cotas proporcion\u00e1ndole equipos innovadores y soluciones de financiaci\u00f3n asequibles adaptadas a las necesidades \u00fanicas de su negocio. Crane Financing, Powered by Auxilior es la forma m\u00e1s r\u00e1pida, f\u00e1cil y rentable de adquirir equipos Tadano, ofreciendo productos de financiaci\u00f3n flexibles y un servicio excepcional en [&hellip;]","og_url":"https:\/\/www.tadano.com\/uscan\/es\/ventas-y-servicios\/financiacion\/","og_site_name":"US\/Canada","article_modified_time":"2025-04-24T23:02:29+00:00","twitter_card":"summary_large_image","twitter_misc":{"Tiempo de lectura":"1 minuto"},"schema":{"@context":"https:\/\/schema.org","@graph":[{"@type":"WebPage","@id":"https:\/\/www.tadano.com\/uscan\/es\/ventas-y-servicios\/financiacion\/","url":"https:\/\/www.tadano.com\/uscan\/es\/ventas-y-servicios\/financiacion\/","name":"Financiaci\u00f3n - US\/Canada","isPartOf":{"@id":"https:\/\/www.tadano.com\/uscan\/en\/#website"},"datePublished":"2021-03-19T11:45:23+00:00","dateModified":"2025-04-24T23:02:29+00:00","breadcrumb":{"@id":"https:\/\/www.tadano.com\/uscan\/es\/ventas-y-servicios\/financiacion\/#breadcrumb"},"inLanguage":"es","potentialAction":[{"@type":"ReadAction","target":["https:\/\/www.tadano.com\/uscan\/es\/ventas-y-servicios\/financiacion\/"]}]},{"@type":"BreadcrumbList","@id":"https:\/\/www.tadano.com\/uscan\/es\/ventas-y-servicios\/financiacion\/#breadcrumb","itemListElement":[{"@type":"ListItem","position":1,"name":"Ventas y Servicios","item":"https:\/\/www.tadano.com\/uscan\/es\/ventas-y-servicios\/"},{"@type":"ListItem","position":2,"name":"Financiaci\u00f3n"}]},{"@type":"WebSite","@id":"https:\/\/www.tadano.com\/uscan\/en\/#website","url":"https:\/\/www.tadano.com\/uscan\/en\/","name":"US\/Canada","description":"Just another TADANO EUROPE site","potentialAction":[{"@type":"SearchAction","target":{"@type":"EntryPoint","urlTemplate":"https:\/\/www.tadano.com\/uscan\/en\/?s={search_term_string}"},"query-input":"required name=search_term_string"}],"inLanguage":"es"}]}},"_links":{"self":[{"href":"https:\/\/www.tadano.com\/uscan\/es\/wp-json\/wp\/v2\/pages\/22789"}],"collection":[{"href":"https:\/\/www.tadano.com\/uscan\/es\/wp-json\/wp\/v2\/pages"}],"about":[{"href":"https:\/\/www.tadano.com\/uscan\/es\/wp-json\/wp\/v2\/types\/page"}],"author":[{"embeddable":true,"href":"https:\/\/www.tadano.com\/uscan\/es\/wp-json\/wp\/v2\/users\/3"}],"replies":[{"embeddable":true,"href":"https:\/\/www.tadano.com\/uscan\/es\/wp-json\/wp\/v2\/comments?post=22789"}],"version-history":[{"count":2,"href":"https:\/\/www.tadano.com\/uscan\/es\/wp-json\/wp\/v2\/pages\/22789\/revisions"}],"predecessor-version":[{"id":26736,"href":"https:\/\/www.tadano.com\/uscan\/es\/wp-json\/wp\/v2\/pages\/22789\/revisions\/26736"}],"up":[{"embeddable":true,"href":"https:\/\/www.tadano.com\/uscan\/es\/wp-json\/wp\/v2\/pages\/22521"}],"wp:attachment":[{"href":"https:\/\/www.tadano.com\/uscan\/es\/wp-json\/wp\/v2\/media?parent=22789"}],"curies":[{"name":"wp","href":"https:\/\/api.w.org\/{rel}","templated":true}]}}