{"id":22809,"date":"2023-09-18T10:48:37","date_gmt":"2023-09-18T10:48:37","guid":{"rendered":"https:\/\/www.tadano.com\/uscan\/industrias\/"},"modified":"2023-09-18T10:48:43","modified_gmt":"2023-09-18T10:48:43","slug":"industrias","status":"publish","type":"page","link":"https:\/\/www.tadano.com\/uscan\/es\/industrias\/","title":{"rendered":"Industrias"},"content":{"rendered":"\n\n\n<section class=\"hero-section\">\n\n\t\n\t\t\t<style type=\"text\/css\">\n\t\t\t.hero-section .img-holder:before {\n\t\t\t\tdisplay: none;\n\t\t\t}\n\t\t<\/style>\n\t\n\t\n\t<div class=\"img-holder \">\n\t\t\t\t<div class=\"bg-stretch\" style=\"background-position: 50% 50%; \">\n\t\t\t<span data-srcset=\"https:\/\/assets.onetadano.com\/celum_assets\/hero\/AdobeStock_298573359.jpg, https:\/\/assets.onetadano.com\/celum_assets\/hero-2x\/AdobeStock_298573359.jpg 2x\"><\/span>\n\t\t<\/div>\n\t\t\t\t\t\t<div class=\"logo green-solutions\" style=\"display:none;\">\n\t\t\t<a href=\"#\"><img decoding=\"async\" src=\"https:\/\/www.tadano.com\/uscan\/wp-content\/themes\/tadano\/assets\/dist\/images\/Green-Solutions_Logo_White.svg\"><\/a>\n\t\t<\/div>\n\t<\/div>\n\t<div class=\"container\">\n\t\t<div class=\"text-holder \">\n\t\t\t<div class=\"wrap\">\n\t\t\t\t\n\t\t\t\t<ul class=\"breadcrumbs\"><li><a href=\"https:\/\/www.tadano.com\/uscan\/es\/\">Inicio<\/a><\/li><\/ul>\n\t\t\t\t\n\n<h1 class=\"wp-block-heading\">Industrias<\/h1>\n\n\n\n<p>En todas partes del mundo y en todo momento, gr\u00faas Tadano realizan numerosas tareas de elevaci\u00f3n en una amplia variedad de aplicaciones. Desde la miner\u00eda y los servicios p\u00fablicos hasta las infraestructuras y la energ\u00eda, Tadano ofrece los productos y la asistencia fiable que necesita para realizar sus elevaciones de forma segura, eficiente y eficaz.<\/p>\n\n\n\n\t\t\t\t\n\t\t\t<\/div>\n\n\t\t\t\n\t\t\t\n\t\t\t\n\t\t<\/div>\n\t<\/div>\n<\/section>\n\n\n<section class=\"equipments-block background-blue\">\n    <div class=\"equipment-explore\">\n    <div class=\"container\">\n      <div class=\"text-block\">\n        \n\n<h2 class=\"wp-block-heading\">explorar industrias<\/h2>\n\n\n\n<p>Los equipos de las marcas Tadano y Demag son utilizados por clientes en muchas aplicaciones e industrias. Descubra m\u00e1s sobre los productos de las marcas Tadano y Demag, junto con algunas de las principales industrias a las que sirven, en nuestra secci\u00f3n de Industrias.<\/p>\n\n\n        \n                <div class=\"controls\">\n  \t\t\t  <svg width=\"14\" height=\"31\" viewBox=\"0 0 14 31\" fill=\"none\" xmlns=\"http:\/\/www.w3.org\/2000\/svg\">\n        \t <path d=\"M13 1L1 15.5L13 30\" stroke=\"#00AAE8\"\/>\n          <\/svg>\n        \t<svg width=\"15\" height=\"31\" viewBox=\"0 0 15 31\" fill=\"none\" xmlns=\"http:\/\/www.w3.org\/2000\/svg\">\n        \t <path d=\"M1 1L14 15.5L1 30\" stroke=\"#00AAE8\"\/>\n        \t<\/svg>\n        <\/div>\n                \n      <\/div>\n\n      <div class=\"slick-slider equipment-slider\">\n                                                          <div>\n                <div class=\"equipment-single\">\n                  <a href=\"https:\/\/www.tadano.com\/uscan\/es\/industrias\/construccion\/\">\n                    <div class=\"img-holder\">\n                                            <div class=\"bg-stretch\" style=\"background-image: url(https:\/\/assets.onetadano.com\/celum_assets\/employee-2x\/AdobeStock_275027048.jpg);\">\n                      <\/div>\n                                          <\/div>\n                    <div class=\"text-holder\">\n                      <strong class='title'>Construcci\u00f3n<\/strong>                      <p><p>La impresionante gama de gr\u00faas de calidad de Tadano puede solventar de forma \u00f3ptima todas sus necesidades de construcci\u00f3n, incluyendo elevaciones, fuera de nivel, pick-and-carry y tareas de cimentaci\u00f3n.<\/p>\n<\/p>                    <\/div>\n                  <\/a>\n                <\/div>\n              <\/div>\n                                        <div>\n                <div class=\"equipment-single\">\n                  <a href=\"https:\/\/www.tadano.com\/uscan\/es\/industrias\/energia-renovable\/\">\n                    <div class=\"img-holder\">\n                                            <div class=\"bg-stretch\" style=\"background-image: url(https:\/\/assets.onetadano.com\/celum_assets\/employee-2x\/AdobeStock_38375579.jpg);\">\n                      <\/div>\n                                          <\/div>\n                    <div class=\"text-holder\">\n                      <strong class='title'>Energ\u00eda Renovable<\/strong>                      <p><p>Las gr\u00faas Tadano est\u00e1n construidas para resistir entornos dif\u00edciles y son ampliamente reconocidas por su calidad, fiabilidad y servicio post-venta<\/p>\n<\/p>                    <\/div>\n                  <\/a>\n                <\/div>\n              <\/div>\n                                        <div>\n                <div class=\"equipment-single\">\n                  <a href=\"https:\/\/www.tadano.com\/uscan\/es\/industrias\/recursos-naturales\/\">\n                    <div class=\"img-holder\">\n                                            <div class=\"bg-stretch\" style=\"background-image: url(https:\/\/assets.onetadano.com\/celum_assets\/employee-2x\/AdobeStock_96206141.jpg);\">\n                      <\/div>\n                                          <\/div>\n                    <div class=\"text-holder\">\n                      <strong class='title'>Recursos Naturales<\/strong>                      <p><p>Las gr\u00faas Tadano est\u00e1n construidas para resistir entornos dif\u00edciles y son ampliamente reconocidas por su calidad, fiabilidad y servicio post-venta<\/p>\n<\/p>                    <\/div>\n                  <\/a>\n                <\/div>\n              <\/div>\n                                        <div>\n                <div class=\"equipment-single\">\n                  <a href=\"https:\/\/www.tadano.com\/uscan\/es\/industrias\/services-et-infrastructures\/\">\n                    <div class=\"img-holder\">\n                                            <div class=\"bg-stretch\" style=\"background-image: url(https:\/\/assets.onetadano.com\/celum_assets\/employee-2x\/AdobeStock_90600427.jpg);\">\n                      <\/div>\n                                          <\/div>\n                    <div class=\"text-holder\">\n                      <strong class='title'>Services et infrastructures<\/strong>                      <p><p>Tadano ofrece gr\u00faas fiables y maniobrables que se adaptan perfectamente a proyectos de servicios p\u00fablicos e infraestructura en una amplia variedad de tareas y emplazamientos.<\/p>\n<\/p>                    <\/div>\n                  <\/a>\n                <\/div>\n              <\/div>\n                                    <\/div>\n    <div>\n  <\/div>\n<\/section>\n\n<section class=\"hero-section-alt\">\n  <div class=\"img-holder\">\n        <div class=\"bg-stretch\" style=\"background-position: 50% 50%; \">\n      <span data-srcset=\"https:\/\/assets.onetadano.com\/celum_assets\/hero\/Demag+IC-1+Remote+%281%29.jpg, https:\/\/assets.onetadano.com\/celum_assets\/hero-2x\/Demag+IC-1+Remote+%281%29.jpg 2x\"><\/span>\n    <\/div>\n      <\/div>\n  <div class=\"container\">\n    <div class=\"text-holder\">\n      \n\n<h2 class=\"wp-block-heading\">TECNOLOG\u00cdA<\/h2>\n\n\n\n<p>Las innovadoras tecnolog\u00edas de Tadano se combinan con un soporte y servicios inteligentes para que cada experiencia de elevaci\u00f3n sea eficiente y rentable para su empresa.<\/p>\n\n\n\n<div class=\"wp-block-buttons is-layout-flex wp-block-buttons-is-layout-flex\">\n<div class=\"wp-block-button\"><a class=\"wp-block-button__link\" href=\"https:\/\/www.tadano.com\/uscan\/es\/tecnologia\/\"><strong>M\u00c1S INFORMACI\u00d3N<\/strong><\/a><\/div>\n<\/div>\n\n\n    <\/div>\n  <\/div>\n<\/section>\n\n\n<div class=\"wp-block-columns is-layout-flex wp-container-core-columns-layout-1 wp-block-columns-is-layout-flex\">\n<div class=\"wp-block-column is-layout-flow wp-block-column-is-layout-flow\" style=\"flex-basis:33.33%\"><\/div>\n\n\n\n<div class=\"wp-block-column is-layout-flow wp-block-column-is-layout-flow\" style=\"flex-basis:66.66%\"><\/div>\n<\/div>\n\n\n\n<p><\/p>\n","protected":false},"excerpt":{"rendered":"","protected":false},"author":3,"featured_media":0,"parent":0,"menu_order":0,"comment_status":"closed","ping_status":"closed","template":"","meta":{"_acf_changed":false,"footnotes":""},"acf":[],"yoast_head":"<!-- This site is optimized with the Yoast SEO plugin v22.3 - https:\/\/yoast.com\/wordpress\/plugins\/seo\/ -->\n<title>Industrias - US\/Canada<\/title>\n<meta name=\"robots\" content=\"index, follow, max-snippet:-1, max-image-preview:large, max-video-preview:-1\" \/>\n<link rel=\"canonical\" href=\"https:\/\/www.tadano.com\/uscan\/es\/industrias\/\" \/>\n<meta property=\"og:locale\" content=\"es_ES\" \/>\n<meta property=\"og:type\" content=\"article\" \/>\n<meta property=\"og:title\" content=\"Industrias - US\/Canada\" \/>\n<meta property=\"og:url\" content=\"https:\/\/www.tadano.com\/uscan\/es\/industrias\/\" \/>\n<meta property=\"og:site_name\" content=\"US\/Canada\" \/>\n<meta property=\"article:modified_time\" content=\"2023-09-18T10:48:43+00:00\" \/>\n<meta name=\"twitter:card\" content=\"summary_large_image\" \/>\n<meta name=\"twitter:label1\" content=\"Tiempo de lectura\" \/>\n\t<meta name=\"twitter:data1\" content=\"1 minuto\" \/>\n<script type=\"application\/ld+json\" class=\"yoast-schema-graph\">{\"@context\":\"https:\/\/schema.org\",\"@graph\":[{\"@type\":\"WebPage\",\"@id\":\"https:\/\/www.tadano.com\/uscan\/es\/industrias\/\",\"url\":\"https:\/\/www.tadano.com\/uscan\/es\/industrias\/\",\"name\":\"Industrias - US\/Canada\",\"isPartOf\":{\"@id\":\"https:\/\/www.tadano.com\/uscan\/en\/#website\"},\"datePublished\":\"2023-09-18T10:48:37+00:00\",\"dateModified\":\"2023-09-18T10:48:43+00:00\",\"inLanguage\":\"es\",\"potentialAction\":[{\"@type\":\"ReadAction\",\"target\":[\"https:\/\/www.tadano.com\/uscan\/es\/industrias\/\"]}]},{\"@type\":\"WebSite\",\"@id\":\"https:\/\/www.tadano.com\/uscan\/en\/#website\",\"url\":\"https:\/\/www.tadano.com\/uscan\/en\/\",\"name\":\"US\/Canada\",\"description\":\"Just another TADANO EUROPE site\",\"potentialAction\":[{\"@type\":\"SearchAction\",\"target\":{\"@type\":\"EntryPoint\",\"urlTemplate\":\"https:\/\/www.tadano.com\/uscan\/en\/?s={search_term_string}\"},\"query-input\":\"required name=search_term_string\"}],\"inLanguage\":\"es\"}]}<\/script>\n<!-- \/ Yoast SEO plugin. -->","yoast_head_json":{"title":"Industrias - US\/Canada","robots":{"index":"index","follow":"follow","max-snippet":"max-snippet:-1","max-image-preview":"max-image-preview:large","max-video-preview":"max-video-preview:-1"},"canonical":"https:\/\/www.tadano.com\/uscan\/es\/industrias\/","og_locale":"es_ES","og_type":"article","og_title":"Industrias - US\/Canada","og_url":"https:\/\/www.tadano.com\/uscan\/es\/industrias\/","og_site_name":"US\/Canada","article_modified_time":"2023-09-18T10:48:43+00:00","twitter_card":"summary_large_image","twitter_misc":{"Tiempo de lectura":"1 minuto"},"schema":{"@context":"https:\/\/schema.org","@graph":[{"@type":"WebPage","@id":"https:\/\/www.tadano.com\/uscan\/es\/industrias\/","url":"https:\/\/www.tadano.com\/uscan\/es\/industrias\/","name":"Industrias - US\/Canada","isPartOf":{"@id":"https:\/\/www.tadano.com\/uscan\/en\/#website"},"datePublished":"2023-09-18T10:48:37+00:00","dateModified":"2023-09-18T10:48:43+00:00","inLanguage":"es","potentialAction":[{"@type":"ReadAction","target":["https:\/\/www.tadano.com\/uscan\/es\/industrias\/"]}]},{"@type":"WebSite","@id":"https:\/\/www.tadano.com\/uscan\/en\/#website","url":"https:\/\/www.tadano.com\/uscan\/en\/","name":"US\/Canada","description":"Just another TADANO EUROPE site","potentialAction":[{"@type":"SearchAction","target":{"@type":"EntryPoint","urlTemplate":"https:\/\/www.tadano.com\/uscan\/en\/?s={search_term_string}"},"query-input":"required name=search_term_string"}],"inLanguage":"es"}]}},"_links":{"self":[{"href":"https:\/\/www.tadano.com\/uscan\/es\/wp-json\/wp\/v2\/pages\/22809"}],"collection":[{"href":"https:\/\/www.tadano.com\/uscan\/es\/wp-json\/wp\/v2\/pages"}],"about":[{"href":"https:\/\/www.tadano.com\/uscan\/es\/wp-json\/wp\/v2\/types\/page"}],"author":[{"embeddable":true,"href":"https:\/\/www.tadano.com\/uscan\/es\/wp-json\/wp\/v2\/users\/3"}],"replies":[{"embeddable":true,"href":"https:\/\/www.tadano.com\/uscan\/es\/wp-json\/wp\/v2\/comments?post=22809"}],"version-history":[{"count":0,"href":"https:\/\/www.tadano.com\/uscan\/es\/wp-json\/wp\/v2\/pages\/22809\/revisions"}],"wp:attachment":[{"href":"https:\/\/www.tadano.com\/uscan\/es\/wp-json\/wp\/v2\/media?parent=22809"}],"curies":[{"name":"wp","href":"https:\/\/api.w.org\/{rel}","templated":true}]}}