{"id":22810,"date":"2023-09-18T10:49:40","date_gmt":"2023-09-18T10:49:40","guid":{"rendered":"https:\/\/www.tadano.com\/uscan\/industrias\/construccion\/"},"modified":"2023-09-18T10:49:43","modified_gmt":"2023-09-18T10:49:43","slug":"construccion","status":"publish","type":"page","link":"https:\/\/www.tadano.com\/uscan\/es\/industrias\/construccion\/","title":{"rendered":"Construcci\u00f3n"},"content":{"rendered":"\n\n\n<section class=\"hero-section\">\n\n\t\n\t\n\t\n\t<div class=\"img-holder \">\n\t\t\t\t<div class=\"bg-stretch\" style=\"background-position: 50% 50%; \">\n\t\t\t<span data-srcset=\"https:\/\/assets.onetadano.com\/celum_assets\/hero\/AdobeStock_275027048.jpg, https:\/\/assets.onetadano.com\/celum_assets\/hero-2x\/AdobeStock_275027048.jpg 2x\"><\/span>\n\t\t<\/div>\n\t\t\t\t\t\t<div class=\"logo green-solutions\" style=\"display:none;\">\n\t\t\t<a href=\"#\"><img decoding=\"async\" src=\"https:\/\/www.tadano.com\/uscan\/wp-content\/themes\/tadano\/assets\/dist\/images\/Green-Solutions_Logo_White.svg\"><\/a>\n\t\t<\/div>\n\t<\/div>\n\t<div class=\"container\">\n\t\t<div class=\"text-holder \">\n\t\t\t<div class=\"wrap\">\n\t\t\t\t\n\t\t\t\t<ul class=\"breadcrumbs\"><li><a href=\"https:\/\/www.tadano.com\/uscan\/es\/\">Inicio<\/a><\/li><\/ul>\n\t\t\t\t\n\n<h1 class=\"wp-block-heading\" id=\"h-construcci-n\">Construcci\u00f3n<\/h1>\n\n\n\n<p>La impresionante gama de gr\u00faas de calidad de Tadano puede solventar de forma \u00f3ptima todas sus necesidades de construcci\u00f3n, incluyendo elevaciones, fuera de nivel, pick-and-carry y tareas de cimentaci\u00f3n.<\/p>\n\n\n\n\t\t\t\t\n\t\t\t<\/div>\n\n\t\t\t\n\t\t\t\n\t\t\t\n\t\t<\/div>\n\t<\/div>\n<\/section>\n\n\n<div class=\"wp-block-group alignwide tadano-two-columns-pattern is-style-background-triangle-left has-white-color has-dark-blue-background-color has-text-color has-background is-layout-flow wp-block-group-is-layout-flow\"><div class=\"wp-block-group__inner-container\">\n<div class=\"wp-block-columns is-layout-flex wp-container-core-columns-layout-1 wp-block-columns-is-layout-flex\">\n<div class=\"wp-block-column is-layout-flow wp-block-column-is-layout-flow\">\n<h2 class=\"wp-block-heading has-white-color has-text-color\" id=\"h-informaci-n-general\">Informaci\u00f3n general<\/h2>\n\n\n\n<p>Con una robusta gama de gr\u00faas de alta calidad, Tadano tiene la soluci\u00f3n ideal para cualquier proyecto de construcci\u00f3n. Desde trabajos de cimentaci\u00f3n hasta elevaciones de gran capacidad para la coronaci\u00f3n pilas altas y rascacielos, Tadano ofrece potentes capacidad de elevaci\u00f3n, grandes alcances de pluma, excelente movilidad y gesti\u00f3n inteligente que le ayudan a completar con su trabajo con una eficiencia y seguridad inigualables. La facilidad de transporte y las soluciones inteligentes de configuraci\u00f3n ayudan a acelerar los tiempos de entrega y preparaci\u00f3n. Las gr\u00faas Tadano a menudo cumplen y superan las normativas medioambientales locales, con opciones como el E-PACK que puede reducir el ruido y permitir que determinadas gr\u00faas generen cero emisiones mientras trabajan, lo que es perfecto para espacios reducidos o para tareas en el interior.<\/p>\n<\/div>\n<\/div>\n\n\n\n<div class=\"wp-block-columns is-layout-flex wp-container-core-columns-layout-2 wp-block-columns-is-layout-flex\">\n<div class=\"wp-block-column is-layout-flow wp-block-column-is-layout-flow\">\n<h3 class=\"wp-block-heading\" id=\"h-fiabilidad\">Fiabilidad<\/h3>\n\n\n\n<p>a legendaria calidad de Tadano significa que su gr\u00faas le ayudan a completar el trabajo de forma eficiente, pr\u00e1cticamente sin o incluso sin ning\u00fan tiempo de inactividad, con un servicio t\u00e9cnico de primera clase que siempre se encuentra disponible.<\/p>\n<\/div>\n\n\n\n<div class=\"wp-block-column is-layout-flow wp-block-column-is-layout-flow\">\n<h3 class=\"wp-block-heading\" id=\"h-versatilidad\">Versatilidad<\/h3>\n\n\n\n<p>Las obras de construcci\u00f3n var\u00edan mucho en tama\u00f1o y tipo de terreno. Tadano ofrece opciones compactas, pero potentes, que se transportan f\u00e1cilmente y cuentan con una excelente maniobrabilidad.<\/p>\n<\/div>\n\n\n\n<div class=\"wp-block-column is-layout-flow wp-block-column-is-layout-flow\">\n<h3 class=\"wp-block-heading\" id=\"h-durabilidad\">Durabilidad<\/h3>\n\n\n\n<p>La ingenier\u00eda y el dise\u00f1o superiores, junto con procesos de fabricaci\u00f3n y componentes de alta calidad, hacen que pueda seguir siendo productivo mientras se desplaza de un trabajo a otro.<\/p>\n<\/div>\n<\/div>\n<\/div><\/div>\n","protected":false},"excerpt":{"rendered":"<p>Informaci\u00f3n general Con una robusta gama de gr\u00faas de alta calidad, Tadano tiene la soluci\u00f3n ideal para cualquier proyecto de construcci\u00f3n. Desde trabajos de cimentaci\u00f3n hasta elevaciones de gran capacidad para la coronaci\u00f3n pilas altas y rascacielos, Tadano ofrece potentes capacidad de elevaci\u00f3n, grandes alcances de pluma, excelente movilidad y gesti\u00f3n inteligente que le ayudan [&hellip;]<\/p>\n","protected":false},"author":3,"featured_media":0,"parent":22809,"menu_order":0,"comment_status":"closed","ping_status":"closed","template":"","meta":{"_acf_changed":false,"footnotes":""},"acf":[],"yoast_head":"<!-- This site is optimized with the Yoast SEO plugin v22.3 - https:\/\/yoast.com\/wordpress\/plugins\/seo\/ -->\n<title>Construcci\u00f3n - US\/Canada<\/title>\n<meta name=\"robots\" content=\"index, follow, max-snippet:-1, max-image-preview:large, max-video-preview:-1\" \/>\n<link rel=\"canonical\" href=\"https:\/\/www.tadano.com\/uscan\/es\/industrias\/construccion\/\" \/>\n<meta property=\"og:locale\" content=\"es_ES\" \/>\n<meta property=\"og:type\" content=\"article\" \/>\n<meta property=\"og:title\" content=\"Construcci\u00f3n - US\/Canada\" \/>\n<meta property=\"og:description\" content=\"Informaci\u00f3n general Con una robusta gama de gr\u00faas de alta calidad, Tadano tiene la soluci\u00f3n ideal para cualquier proyecto de construcci\u00f3n. Desde trabajos de cimentaci\u00f3n hasta elevaciones de gran capacidad para la coronaci\u00f3n pilas altas y rascacielos, Tadano ofrece potentes capacidad de elevaci\u00f3n, grandes alcances de pluma, excelente movilidad y gesti\u00f3n inteligente que le ayudan [&hellip;]\" \/>\n<meta property=\"og:url\" content=\"https:\/\/www.tadano.com\/uscan\/es\/industrias\/construccion\/\" \/>\n<meta property=\"og:site_name\" content=\"US\/Canada\" \/>\n<meta property=\"article:modified_time\" content=\"2023-09-18T10:49:43+00:00\" \/>\n<meta name=\"twitter:card\" content=\"summary_large_image\" \/>\n<meta name=\"twitter:label1\" content=\"Tiempo de lectura\" \/>\n\t<meta name=\"twitter:data1\" content=\"2 minutos\" \/>\n<script type=\"application\/ld+json\" class=\"yoast-schema-graph\">{\"@context\":\"https:\/\/schema.org\",\"@graph\":[{\"@type\":\"WebPage\",\"@id\":\"https:\/\/www.tadano.com\/uscan\/es\/industrias\/construccion\/\",\"url\":\"https:\/\/www.tadano.com\/uscan\/es\/industrias\/construccion\/\",\"name\":\"Construcci\u00f3n - US\/Canada\",\"isPartOf\":{\"@id\":\"https:\/\/www.tadano.com\/uscan\/en\/#website\"},\"datePublished\":\"2023-09-18T10:49:40+00:00\",\"dateModified\":\"2023-09-18T10:49:43+00:00\",\"breadcrumb\":{\"@id\":\"https:\/\/www.tadano.com\/uscan\/es\/industrias\/construccion\/#breadcrumb\"},\"inLanguage\":\"es\",\"potentialAction\":[{\"@type\":\"ReadAction\",\"target\":[\"https:\/\/www.tadano.com\/uscan\/es\/industrias\/construccion\/\"]}]},{\"@type\":\"BreadcrumbList\",\"@id\":\"https:\/\/www.tadano.com\/uscan\/es\/industrias\/construccion\/#breadcrumb\",\"itemListElement\":[{\"@type\":\"ListItem\",\"position\":1,\"name\":\"Industrias\",\"item\":\"https:\/\/www.tadano.com\/uscan\/es\/industrias\/\"},{\"@type\":\"ListItem\",\"position\":2,\"name\":\"Construcci\u00f3n\"}]},{\"@type\":\"WebSite\",\"@id\":\"https:\/\/www.tadano.com\/uscan\/en\/#website\",\"url\":\"https:\/\/www.tadano.com\/uscan\/en\/\",\"name\":\"US\/Canada\",\"description\":\"Just another TADANO EUROPE site\",\"potentialAction\":[{\"@type\":\"SearchAction\",\"target\":{\"@type\":\"EntryPoint\",\"urlTemplate\":\"https:\/\/www.tadano.com\/uscan\/en\/?s={search_term_string}\"},\"query-input\":\"required name=search_term_string\"}],\"inLanguage\":\"es\"}]}<\/script>\n<!-- \/ Yoast SEO plugin. -->","yoast_head_json":{"title":"Construcci\u00f3n - US\/Canada","robots":{"index":"index","follow":"follow","max-snippet":"max-snippet:-1","max-image-preview":"max-image-preview:large","max-video-preview":"max-video-preview:-1"},"canonical":"https:\/\/www.tadano.com\/uscan\/es\/industrias\/construccion\/","og_locale":"es_ES","og_type":"article","og_title":"Construcci\u00f3n - US\/Canada","og_description":"Informaci\u00f3n general Con una robusta gama de gr\u00faas de alta calidad, Tadano tiene la soluci\u00f3n ideal para cualquier proyecto de construcci\u00f3n. Desde trabajos de cimentaci\u00f3n hasta elevaciones de gran capacidad para la coronaci\u00f3n pilas altas y rascacielos, Tadano ofrece potentes capacidad de elevaci\u00f3n, grandes alcances de pluma, excelente movilidad y gesti\u00f3n inteligente que le ayudan [&hellip;]","og_url":"https:\/\/www.tadano.com\/uscan\/es\/industrias\/construccion\/","og_site_name":"US\/Canada","article_modified_time":"2023-09-18T10:49:43+00:00","twitter_card":"summary_large_image","twitter_misc":{"Tiempo de lectura":"2 minutos"},"schema":{"@context":"https:\/\/schema.org","@graph":[{"@type":"WebPage","@id":"https:\/\/www.tadano.com\/uscan\/es\/industrias\/construccion\/","url":"https:\/\/www.tadano.com\/uscan\/es\/industrias\/construccion\/","name":"Construcci\u00f3n - US\/Canada","isPartOf":{"@id":"https:\/\/www.tadano.com\/uscan\/en\/#website"},"datePublished":"2023-09-18T10:49:40+00:00","dateModified":"2023-09-18T10:49:43+00:00","breadcrumb":{"@id":"https:\/\/www.tadano.com\/uscan\/es\/industrias\/construccion\/#breadcrumb"},"inLanguage":"es","potentialAction":[{"@type":"ReadAction","target":["https:\/\/www.tadano.com\/uscan\/es\/industrias\/construccion\/"]}]},{"@type":"BreadcrumbList","@id":"https:\/\/www.tadano.com\/uscan\/es\/industrias\/construccion\/#breadcrumb","itemListElement":[{"@type":"ListItem","position":1,"name":"Industrias","item":"https:\/\/www.tadano.com\/uscan\/es\/industrias\/"},{"@type":"ListItem","position":2,"name":"Construcci\u00f3n"}]},{"@type":"WebSite","@id":"https:\/\/www.tadano.com\/uscan\/en\/#website","url":"https:\/\/www.tadano.com\/uscan\/en\/","name":"US\/Canada","description":"Just another TADANO EUROPE site","potentialAction":[{"@type":"SearchAction","target":{"@type":"EntryPoint","urlTemplate":"https:\/\/www.tadano.com\/uscan\/en\/?s={search_term_string}"},"query-input":"required name=search_term_string"}],"inLanguage":"es"}]}},"_links":{"self":[{"href":"https:\/\/www.tadano.com\/uscan\/es\/wp-json\/wp\/v2\/pages\/22810"}],"collection":[{"href":"https:\/\/www.tadano.com\/uscan\/es\/wp-json\/wp\/v2\/pages"}],"about":[{"href":"https:\/\/www.tadano.com\/uscan\/es\/wp-json\/wp\/v2\/types\/page"}],"author":[{"embeddable":true,"href":"https:\/\/www.tadano.com\/uscan\/es\/wp-json\/wp\/v2\/users\/3"}],"replies":[{"embeddable":true,"href":"https:\/\/www.tadano.com\/uscan\/es\/wp-json\/wp\/v2\/comments?post=22810"}],"version-history":[{"count":0,"href":"https:\/\/www.tadano.com\/uscan\/es\/wp-json\/wp\/v2\/pages\/22810\/revisions"}],"up":[{"embeddable":true,"href":"https:\/\/www.tadano.com\/uscan\/es\/wp-json\/wp\/v2\/pages\/22809"}],"wp:attachment":[{"href":"https:\/\/www.tadano.com\/uscan\/es\/wp-json\/wp\/v2\/media?parent=22810"}],"curies":[{"name":"wp","href":"https:\/\/api.w.org\/{rel}","templated":true}]}}