{"id":22812,"date":"2023-09-18T10:51:29","date_gmt":"2023-09-18T10:51:29","guid":{"rendered":"https:\/\/www.tadano.com\/uscan\/industrias\/recursos-naturales\/"},"modified":"2023-09-18T10:51:31","modified_gmt":"2023-09-18T10:51:31","slug":"recursos-naturales","status":"publish","type":"page","link":"https:\/\/www.tadano.com\/uscan\/es\/industrias\/recursos-naturales\/","title":{"rendered":"Recursos Naturales"},"content":{"rendered":"\n\n\n<section class=\"hero-section\">\n\n\t\n\t\n\t\n\t<div class=\"img-holder \">\n\t\t\t\t<div class=\"bg-stretch\" style=\"background-position: 50% 50%; \">\n\t\t\t<span data-srcset=\"https:\/\/assets.onetadano.com\/celum_assets\/hero\/AdobeStock_96206141.jpg, https:\/\/assets.onetadano.com\/celum_assets\/hero-2x\/AdobeStock_96206141.jpg 2x\"><\/span>\n\t\t<\/div>\n\t\t\t\t\t\t<div class=\"logo green-solutions\" style=\"display:none;\">\n\t\t\t<a href=\"#\"><img decoding=\"async\" src=\"https:\/\/www.tadano.com\/uscan\/wp-content\/themes\/tadano\/assets\/dist\/images\/Green-Solutions_Logo_White.svg\"><\/a>\n\t\t<\/div>\n\t<\/div>\n\t<div class=\"container\">\n\t\t<div class=\"text-holder \">\n\t\t\t<div class=\"wrap\">\n\t\t\t\t\n\t\t\t\t<ul class=\"breadcrumbs\"><li><a href=\"https:\/\/www.tadano.com\/uscan\/es\/\">Inicio<\/a><\/li><\/ul>\n\t\t\t\t\n\n<h1 class=\"wp-block-heading\">Recursos naturales<\/h1>\n\n\n\n<p>Las gr\u00faas Tadano est\u00e1n construidas para resistir entornos dif\u00edciles y son ampliamente reconocidas por su calidad, fiabilidad y servicio post-venta.<\/p>\n\n\n\n\t\t\t\t\n\t\t\t<\/div>\n\n\t\t\t\n\t\t\t\n\t\t\t\n\t\t<\/div>\n\t<\/div>\n<\/section>\n\n\n<div class=\"wp-block-group alignwide tadano-two-columns-pattern is-style-background-triangle-left has-white-color has-dark-blue-background-color has-text-color has-background is-layout-flow wp-block-group-is-layout-flow\"><div class=\"wp-block-group__inner-container\">\n<div class=\"wp-block-columns is-layout-flex wp-container-core-columns-layout-1 wp-block-columns-is-layout-flex\">\n<div class=\"wp-block-column is-layout-flow wp-block-column-is-layout-flow\">\n<h2 class=\"wp-block-heading has-white-color has-text-color\">Informaci\u00f3n general<\/h2>\n\n\n\n<p>Tadano ofrece gr\u00faas fiables y potentes para las necesidades en constante evoluci\u00f3n del sector de las energ\u00edas renovables. Los parques e\u00f3licos siguen expandi\u00e9ndose, con torres cada vez m\u00e1s grandes y de mayor altura. La producci\u00f3n y el transporte responsables de materias primas a menudo exigen transitar por terrenos y condiciones cada vez m\u00e1s complejas para construir y mantener infraestructuras, todo ello minimizando el impacto medioambiental. La robusta l\u00ednea de gr\u00faas todo terreno, gr\u00faas sobre orugas con pluma telesc\u00f3pica y gr\u00faas sobre orugas con pluma de celos\u00eda de Tadano ofrece mayores capacidades de elevaci\u00f3n y mayores longitudes de pluma, en combinaci\u00f3n con movilidad, maniobrabilidad, transportabilidad. Todo esto, adem\u00e1s de la reconocida calidad y el soporte fiable de Tadano. Ya sea para la instalaci\u00f3n, el mantenimiento o la reparaci\u00f3n de instalaciones de productos energ\u00e9ticos o de transporte, Tadano ofrece una soluci\u00f3n de gr\u00faa para pr\u00e1cticamente cualquier necesidad, ayudando a los operadores a realizar su trabajo de forma segura y eficiente.<\/p>\n<\/div>\n<\/div>\n\n\n\n<div class=\"wp-block-columns is-layout-flex wp-container-core-columns-layout-2 wp-block-columns-is-layout-flex\">\n<div class=\"wp-block-column is-layout-flow wp-block-column-is-layout-flow\">\n<h3 class=\"wp-block-heading\"><strong>Durabilidad<\/strong><\/h3>\n\n\n\n<p>La ingenier\u00eda y el dise\u00f1o estructural superiores, en combinaci\u00f3n con procesos de fabricaci\u00f3n y componentes de calidad, hacen que las gr\u00faas Tadano sean dif\u00edciles de romper y f\u00e1ciles de reparar.<\/p>\n<\/div>\n\n\n\n<div class=\"wp-block-column is-layout-flow wp-block-column-is-layout-flow\">\n<h3 class=\"wp-block-heading\"><strong>Fiabilidad<\/strong><\/h3>\n\n\n\n<p>La legendaria calidad de Tadano significa que su gr\u00faas le ayudan a completar el trabajo de forma eficiente, pr\u00e1cticamente sin o incluso sin ning\u00fan tiempo de inactividad, con un servicio t\u00e9cnico de primera clase que siempre se encuentra disponible.<\/p>\n<\/div>\n\n\n\n<div class=\"wp-block-column is-layout-flow wp-block-column-is-layout-flow\">\n<h3 class=\"wp-block-heading\">Valor<\/h3>\n\n\n\n<p>La calidad superior de Tadano se traduce en un funcionamiento eficiente con menos tiempo de inactividad para obtener mayores tasas de retorno y menores costes de propiedad y operativos en comparaci\u00f3n con cualquier otra gr\u00faa del mercado.<br><\/p>\n<\/div>\n<\/div>\n<\/div><\/div>\n","protected":false},"excerpt":{"rendered":"<p>Informaci\u00f3n general Tadano ofrece gr\u00faas fiables y potentes para las necesidades en constante evoluci\u00f3n del sector de las energ\u00edas renovables. Los parques e\u00f3licos siguen expandi\u00e9ndose, con torres cada vez m\u00e1s grandes y de mayor altura. La producci\u00f3n y el transporte responsables de materias primas a menudo exigen transitar por terrenos y condiciones cada vez m\u00e1s [&hellip;]<\/p>\n","protected":false},"author":3,"featured_media":0,"parent":22809,"menu_order":0,"comment_status":"closed","ping_status":"closed","template":"","meta":{"_acf_changed":false,"footnotes":""},"acf":[],"yoast_head":"<!-- This site is optimized with the Yoast SEO plugin v22.3 - https:\/\/yoast.com\/wordpress\/plugins\/seo\/ -->\n<title>Recursos Naturales - US\/Canada<\/title>\n<meta name=\"robots\" content=\"index, follow, max-snippet:-1, max-image-preview:large, max-video-preview:-1\" \/>\n<link rel=\"canonical\" href=\"https:\/\/www.tadano.com\/uscan\/es\/industrias\/recursos-naturales\/\" \/>\n<meta property=\"og:locale\" content=\"es_ES\" \/>\n<meta property=\"og:type\" content=\"article\" \/>\n<meta property=\"og:title\" content=\"Recursos Naturales - US\/Canada\" \/>\n<meta property=\"og:description\" content=\"Informaci\u00f3n general Tadano ofrece gr\u00faas fiables y potentes para las necesidades en constante evoluci\u00f3n del sector de las energ\u00edas renovables. Los parques e\u00f3licos siguen expandi\u00e9ndose, con torres cada vez m\u00e1s grandes y de mayor altura. La producci\u00f3n y el transporte responsables de materias primas a menudo exigen transitar por terrenos y condiciones cada vez m\u00e1s [&hellip;]\" \/>\n<meta property=\"og:url\" content=\"https:\/\/www.tadano.com\/uscan\/es\/industrias\/recursos-naturales\/\" \/>\n<meta property=\"og:site_name\" content=\"US\/Canada\" \/>\n<meta property=\"article:modified_time\" content=\"2023-09-18T10:51:31+00:00\" \/>\n<meta name=\"twitter:card\" content=\"summary_large_image\" \/>\n<meta name=\"twitter:label1\" content=\"Tiempo de lectura\" \/>\n\t<meta name=\"twitter:data1\" content=\"2 minutos\" \/>\n<script type=\"application\/ld+json\" class=\"yoast-schema-graph\">{\"@context\":\"https:\/\/schema.org\",\"@graph\":[{\"@type\":\"WebPage\",\"@id\":\"https:\/\/www.tadano.com\/uscan\/es\/industrias\/recursos-naturales\/\",\"url\":\"https:\/\/www.tadano.com\/uscan\/es\/industrias\/recursos-naturales\/\",\"name\":\"Recursos Naturales - US\/Canada\",\"isPartOf\":{\"@id\":\"https:\/\/www.tadano.com\/uscan\/en\/#website\"},\"datePublished\":\"2023-09-18T10:51:29+00:00\",\"dateModified\":\"2023-09-18T10:51:31+00:00\",\"breadcrumb\":{\"@id\":\"https:\/\/www.tadano.com\/uscan\/es\/industrias\/recursos-naturales\/#breadcrumb\"},\"inLanguage\":\"es\",\"potentialAction\":[{\"@type\":\"ReadAction\",\"target\":[\"https:\/\/www.tadano.com\/uscan\/es\/industrias\/recursos-naturales\/\"]}]},{\"@type\":\"BreadcrumbList\",\"@id\":\"https:\/\/www.tadano.com\/uscan\/es\/industrias\/recursos-naturales\/#breadcrumb\",\"itemListElement\":[{\"@type\":\"ListItem\",\"position\":1,\"name\":\"Industrias\",\"item\":\"https:\/\/www.tadano.com\/uscan\/es\/industrias\/\"},{\"@type\":\"ListItem\",\"position\":2,\"name\":\"Recursos Naturales\"}]},{\"@type\":\"WebSite\",\"@id\":\"https:\/\/www.tadano.com\/uscan\/en\/#website\",\"url\":\"https:\/\/www.tadano.com\/uscan\/en\/\",\"name\":\"US\/Canada\",\"description\":\"Just another TADANO EUROPE site\",\"potentialAction\":[{\"@type\":\"SearchAction\",\"target\":{\"@type\":\"EntryPoint\",\"urlTemplate\":\"https:\/\/www.tadano.com\/uscan\/en\/?s={search_term_string}\"},\"query-input\":\"required name=search_term_string\"}],\"inLanguage\":\"es\"}]}<\/script>\n<!-- \/ Yoast SEO plugin. -->","yoast_head_json":{"title":"Recursos Naturales - US\/Canada","robots":{"index":"index","follow":"follow","max-snippet":"max-snippet:-1","max-image-preview":"max-image-preview:large","max-video-preview":"max-video-preview:-1"},"canonical":"https:\/\/www.tadano.com\/uscan\/es\/industrias\/recursos-naturales\/","og_locale":"es_ES","og_type":"article","og_title":"Recursos Naturales - US\/Canada","og_description":"Informaci\u00f3n general Tadano ofrece gr\u00faas fiables y potentes para las necesidades en constante evoluci\u00f3n del sector de las energ\u00edas renovables. Los parques e\u00f3licos siguen expandi\u00e9ndose, con torres cada vez m\u00e1s grandes y de mayor altura. La producci\u00f3n y el transporte responsables de materias primas a menudo exigen transitar por terrenos y condiciones cada vez m\u00e1s [&hellip;]","og_url":"https:\/\/www.tadano.com\/uscan\/es\/industrias\/recursos-naturales\/","og_site_name":"US\/Canada","article_modified_time":"2023-09-18T10:51:31+00:00","twitter_card":"summary_large_image","twitter_misc":{"Tiempo de lectura":"2 minutos"},"schema":{"@context":"https:\/\/schema.org","@graph":[{"@type":"WebPage","@id":"https:\/\/www.tadano.com\/uscan\/es\/industrias\/recursos-naturales\/","url":"https:\/\/www.tadano.com\/uscan\/es\/industrias\/recursos-naturales\/","name":"Recursos Naturales - US\/Canada","isPartOf":{"@id":"https:\/\/www.tadano.com\/uscan\/en\/#website"},"datePublished":"2023-09-18T10:51:29+00:00","dateModified":"2023-09-18T10:51:31+00:00","breadcrumb":{"@id":"https:\/\/www.tadano.com\/uscan\/es\/industrias\/recursos-naturales\/#breadcrumb"},"inLanguage":"es","potentialAction":[{"@type":"ReadAction","target":["https:\/\/www.tadano.com\/uscan\/es\/industrias\/recursos-naturales\/"]}]},{"@type":"BreadcrumbList","@id":"https:\/\/www.tadano.com\/uscan\/es\/industrias\/recursos-naturales\/#breadcrumb","itemListElement":[{"@type":"ListItem","position":1,"name":"Industrias","item":"https:\/\/www.tadano.com\/uscan\/es\/industrias\/"},{"@type":"ListItem","position":2,"name":"Recursos Naturales"}]},{"@type":"WebSite","@id":"https:\/\/www.tadano.com\/uscan\/en\/#website","url":"https:\/\/www.tadano.com\/uscan\/en\/","name":"US\/Canada","description":"Just another TADANO EUROPE site","potentialAction":[{"@type":"SearchAction","target":{"@type":"EntryPoint","urlTemplate":"https:\/\/www.tadano.com\/uscan\/en\/?s={search_term_string}"},"query-input":"required name=search_term_string"}],"inLanguage":"es"}]}},"_links":{"self":[{"href":"https:\/\/www.tadano.com\/uscan\/es\/wp-json\/wp\/v2\/pages\/22812"}],"collection":[{"href":"https:\/\/www.tadano.com\/uscan\/es\/wp-json\/wp\/v2\/pages"}],"about":[{"href":"https:\/\/www.tadano.com\/uscan\/es\/wp-json\/wp\/v2\/types\/page"}],"author":[{"embeddable":true,"href":"https:\/\/www.tadano.com\/uscan\/es\/wp-json\/wp\/v2\/users\/3"}],"replies":[{"embeddable":true,"href":"https:\/\/www.tadano.com\/uscan\/es\/wp-json\/wp\/v2\/comments?post=22812"}],"version-history":[{"count":0,"href":"https:\/\/www.tadano.com\/uscan\/es\/wp-json\/wp\/v2\/pages\/22812\/revisions"}],"up":[{"embeddable":true,"href":"https:\/\/www.tadano.com\/uscan\/es\/wp-json\/wp\/v2\/pages\/22809"}],"wp:attachment":[{"href":"https:\/\/www.tadano.com\/uscan\/es\/wp-json\/wp\/v2\/media?parent=22812"}],"curies":[{"name":"wp","href":"https:\/\/api.w.org\/{rel}","templated":true}]}}