{"id":22813,"date":"2023-09-18T10:52:50","date_gmt":"2023-09-18T10:52:50","guid":{"rendered":"https:\/\/www.tadano.com\/uscan\/industrias\/servicios-e-infraestructura\/"},"modified":"2023-09-18T10:52:52","modified_gmt":"2023-09-18T10:52:52","slug":"servicios-e-infraestructura","status":"publish","type":"page","link":"https:\/\/www.tadano.com\/uscan\/es\/industrias\/servicios-e-infraestructura\/","title":{"rendered":"Servicios e infraestructura"},"content":{"rendered":"\n\n\n<section class=\"hero-section\">\n\n\t\n\t\n\t\n\t<div class=\"img-holder \">\n\t\t\t\t<div class=\"bg-stretch\" style=\"background-position: 50% 50%; \">\n\t\t\t<span data-srcset=\"https:\/\/assets.onetadano.com\/celum_assets\/hero\/AdobeStock_90600427.jpg, https:\/\/assets.onetadano.com\/celum_assets\/hero-2x\/AdobeStock_90600427.jpg 2x\"><\/span>\n\t\t<\/div>\n\t\t\t\t\t\t<div class=\"logo green-solutions\" style=\"display:none;\">\n\t\t\t<a href=\"#\"><img decoding=\"async\" src=\"https:\/\/www.tadano.com\/uscan\/wp-content\/themes\/tadano\/assets\/dist\/images\/Green-Solutions_Logo_White.svg\"><\/a>\n\t\t<\/div>\n\t<\/div>\n\t<div class=\"container\">\n\t\t<div class=\"text-holder \">\n\t\t\t<div class=\"wrap\">\n\t\t\t\t\n\t\t\t\t<ul class=\"breadcrumbs\"><li><a href=\"https:\/\/www.tadano.com\/uscan\/es\/\">Inicio<\/a><\/li><\/ul>\n\t\t\t\t\n\n<h1 class=\"wp-block-heading\" id=\"h-servicios-e-infraestructura\">SERVICIOS E INFRAESTRUCTURA<\/h1>\n\n\n\n<p>Tadano ofrece gr\u00faas fiables y maniobrables que se adaptan perfectamente a proyectos de servicios p\u00fablicos e infraestructura en una amplia variedad de tareas y emplazamientos.<\/p>\n\n\n\n\t\t\t\t\n\t\t\t<\/div>\n\n\t\t\t\n\t\t\t\n\t\t\t\n\t\t<\/div>\n\t<\/div>\n<\/section>\n\n\n<div class=\"wp-block-group alignwide tadano-two-columns-pattern is-style-background-triangle-left has-white-color has-dark-blue-background-color has-text-color has-background is-layout-flow wp-block-group-is-layout-flow\"><div class=\"wp-block-group__inner-container\">\n<div class=\"wp-block-columns is-layout-flex wp-container-core-columns-layout-1 wp-block-columns-is-layout-flex\">\n<div class=\"wp-block-column is-layout-flow wp-block-column-is-layout-flow\">\n<h2 class=\"wp-block-heading has-white-color has-text-color\" id=\"h-informaci-n-general\">Informaci\u00f3n general<\/h2>\n\n\n\n<p>Tanto si el trabajo requiere la elevaci\u00f3n de grandes vigas de puente, como si se trata de elevaciones repetitivas, la instalaci\u00f3n de muros de contenci\u00f3n, reparaciones de emergencia de servicios p\u00fablicos o el hincado de pilotes, la impresionante lista de gr\u00faas de Tadano tiene la respuesta. Las gr\u00faas para terrenos irregulares cuentan con plumas telesc\u00f3picas y pueden desplazarse con destreza por terrenos irregulares y espacios reducidos. Las potentes gr\u00faas todo terreno ofrecen un rendimiento de elevaci\u00f3n superior y una excelente movilidad. Las gr\u00faas sobre orugas con pluma telesc\u00f3pica ofrecen una capacidad de pendiente superable y una potencia de tracci\u00f3n superiores. Estos modelos pueden realizar una gran variedad de tareas y, al mismo tiempo, adaptarse a m\u00faltiples tipos de emplazamientos, desde los m\u00e1s remotos hasta los m\u00e1s congestionadas y densos. Con este nivel de versatilidad y un s\u00f3lido soporte de producto que las respalda, las gr\u00faas Tadano, y en particular la l\u00ednea de productos GTC, son los socios ideales para que estos trabajos se realicen de forma segura y a tiempo.<\/p>\n<\/div>\n<\/div>\n\n\n\n<div class=\"wp-block-columns is-layout-flex wp-container-core-columns-layout-2 wp-block-columns-is-layout-flex\">\n<div class=\"wp-block-column is-layout-flow wp-block-column-is-layout-flow\">\n<h3 class=\"wp-block-heading\" id=\"h-fiabilidad\">Fiabilidad<\/h3>\n\n\n\n<p>Las gr\u00faas para terrenos irregulares, especialmente la GR-1000XL y la GR-1200XL, destacan por su fiabilidad.<\/p>\n<\/div>\n\n\n\n<div class=\"wp-block-column is-layout-flow wp-block-column-is-layout-flow\">\n<h3 class=\"wp-block-heading\" id=\"h-conveniencia\">Conveniencia<\/h3>\n\n\n\n<p>La capacidad, el alcance de la pluma y el r\u00e1pido tiempo de preparaci\u00f3n de las gr\u00faas todo terreno, junto con su movilidad y dise\u00f1o, las convierten en una opci\u00f3n popular para proyectos de infraestructuras.<\/p>\n<\/div>\n\n\n\n<div class=\"wp-block-column is-layout-flow wp-block-column-is-layout-flow\">\n<h3 class=\"wp-block-heading\" id=\"h-alto-rendimiento\">Alto rendimiento<\/h3>\n\n\n\n<p>Las gr\u00faas sobre orugas, en particular la CC 38.650-1, ofrecen un alto rendimiento para afrontar los desaf\u00edos m\u00e1s complejos.<br><\/p>\n<\/div>\n<\/div>\n<\/div><\/div>\n\n\n\n\n\n\n\n\n\n\n\n  <section class=\"related-products\">\n    <div class=\"container\">\n              <div class=\"heading\">\n          <h2>Productos Relacionados<\/h2>\n                  <\/div>\n      \n\n              <div class='r-products'>\n                              <\/div>\n          \n    <\/div>\n  <\/section>\n","protected":false},"excerpt":{"rendered":"<p>Informaci\u00f3n general Tanto si el trabajo requiere la elevaci\u00f3n de grandes vigas de puente, como si se trata de elevaciones repetitivas, la instalaci\u00f3n de muros de contenci\u00f3n, reparaciones de emergencia de servicios p\u00fablicos o el hincado de pilotes, la impresionante lista de gr\u00faas de Tadano tiene la respuesta. Las gr\u00faas para terrenos irregulares cuentan con [&hellip;]<\/p>\n","protected":false},"author":3,"featured_media":0,"parent":22809,"menu_order":0,"comment_status":"closed","ping_status":"closed","template":"","meta":{"_acf_changed":false,"footnotes":""},"acf":[],"yoast_head":"<!-- This site is optimized with the Yoast SEO plugin v22.3 - https:\/\/yoast.com\/wordpress\/plugins\/seo\/ -->\n<title>Servicios e infraestructura - US\/Canada<\/title>\n<meta name=\"robots\" content=\"index, follow, max-snippet:-1, max-image-preview:large, max-video-preview:-1\" \/>\n<link rel=\"canonical\" href=\"https:\/\/www.tadano.com\/uscan\/es\/industrias\/servicios-e-infraestructura\/\" \/>\n<meta property=\"og:locale\" content=\"es_ES\" \/>\n<meta property=\"og:type\" content=\"article\" \/>\n<meta property=\"og:title\" content=\"Servicios e infraestructura - US\/Canada\" \/>\n<meta property=\"og:description\" content=\"Informaci\u00f3n general Tanto si el trabajo requiere la elevaci\u00f3n de grandes vigas de puente, como si se trata de elevaciones repetitivas, la instalaci\u00f3n de muros de contenci\u00f3n, reparaciones de emergencia de servicios p\u00fablicos o el hincado de pilotes, la impresionante lista de gr\u00faas de Tadano tiene la respuesta. Las gr\u00faas para terrenos irregulares cuentan con [&hellip;]\" \/>\n<meta property=\"og:url\" content=\"https:\/\/www.tadano.com\/uscan\/es\/industrias\/servicios-e-infraestructura\/\" \/>\n<meta property=\"og:site_name\" content=\"US\/Canada\" \/>\n<meta property=\"article:modified_time\" content=\"2023-09-18T10:52:52+00:00\" \/>\n<meta name=\"twitter:card\" content=\"summary_large_image\" \/>\n<meta name=\"twitter:label1\" content=\"Tiempo de lectura\" \/>\n\t<meta name=\"twitter:data1\" content=\"2 minutos\" \/>\n<script type=\"application\/ld+json\" class=\"yoast-schema-graph\">{\"@context\":\"https:\/\/schema.org\",\"@graph\":[{\"@type\":\"WebPage\",\"@id\":\"https:\/\/www.tadano.com\/uscan\/es\/industrias\/servicios-e-infraestructura\/\",\"url\":\"https:\/\/www.tadano.com\/uscan\/es\/industrias\/servicios-e-infraestructura\/\",\"name\":\"Servicios e infraestructura - US\/Canada\",\"isPartOf\":{\"@id\":\"https:\/\/www.tadano.com\/uscan\/en\/#website\"},\"datePublished\":\"2023-09-18T10:52:50+00:00\",\"dateModified\":\"2023-09-18T10:52:52+00:00\",\"breadcrumb\":{\"@id\":\"https:\/\/www.tadano.com\/uscan\/es\/industrias\/servicios-e-infraestructura\/#breadcrumb\"},\"inLanguage\":\"es\",\"potentialAction\":[{\"@type\":\"ReadAction\",\"target\":[\"https:\/\/www.tadano.com\/uscan\/es\/industrias\/servicios-e-infraestructura\/\"]}]},{\"@type\":\"BreadcrumbList\",\"@id\":\"https:\/\/www.tadano.com\/uscan\/es\/industrias\/servicios-e-infraestructura\/#breadcrumb\",\"itemListElement\":[{\"@type\":\"ListItem\",\"position\":1,\"name\":\"Industrias\",\"item\":\"https:\/\/www.tadano.com\/uscan\/es\/industrias\/\"},{\"@type\":\"ListItem\",\"position\":2,\"name\":\"Servicios e infraestructura\"}]},{\"@type\":\"WebSite\",\"@id\":\"https:\/\/www.tadano.com\/uscan\/en\/#website\",\"url\":\"https:\/\/www.tadano.com\/uscan\/en\/\",\"name\":\"US\/Canada\",\"description\":\"Just another TADANO EUROPE site\",\"potentialAction\":[{\"@type\":\"SearchAction\",\"target\":{\"@type\":\"EntryPoint\",\"urlTemplate\":\"https:\/\/www.tadano.com\/uscan\/en\/?s={search_term_string}\"},\"query-input\":\"required name=search_term_string\"}],\"inLanguage\":\"es\"}]}<\/script>\n<!-- \/ Yoast SEO plugin. -->","yoast_head_json":{"title":"Servicios e infraestructura - US\/Canada","robots":{"index":"index","follow":"follow","max-snippet":"max-snippet:-1","max-image-preview":"max-image-preview:large","max-video-preview":"max-video-preview:-1"},"canonical":"https:\/\/www.tadano.com\/uscan\/es\/industrias\/servicios-e-infraestructura\/","og_locale":"es_ES","og_type":"article","og_title":"Servicios e infraestructura - US\/Canada","og_description":"Informaci\u00f3n general Tanto si el trabajo requiere la elevaci\u00f3n de grandes vigas de puente, como si se trata de elevaciones repetitivas, la instalaci\u00f3n de muros de contenci\u00f3n, reparaciones de emergencia de servicios p\u00fablicos o el hincado de pilotes, la impresionante lista de gr\u00faas de Tadano tiene la respuesta. Las gr\u00faas para terrenos irregulares cuentan con [&hellip;]","og_url":"https:\/\/www.tadano.com\/uscan\/es\/industrias\/servicios-e-infraestructura\/","og_site_name":"US\/Canada","article_modified_time":"2023-09-18T10:52:52+00:00","twitter_card":"summary_large_image","twitter_misc":{"Tiempo de lectura":"2 minutos"},"schema":{"@context":"https:\/\/schema.org","@graph":[{"@type":"WebPage","@id":"https:\/\/www.tadano.com\/uscan\/es\/industrias\/servicios-e-infraestructura\/","url":"https:\/\/www.tadano.com\/uscan\/es\/industrias\/servicios-e-infraestructura\/","name":"Servicios e infraestructura - US\/Canada","isPartOf":{"@id":"https:\/\/www.tadano.com\/uscan\/en\/#website"},"datePublished":"2023-09-18T10:52:50+00:00","dateModified":"2023-09-18T10:52:52+00:00","breadcrumb":{"@id":"https:\/\/www.tadano.com\/uscan\/es\/industrias\/servicios-e-infraestructura\/#breadcrumb"},"inLanguage":"es","potentialAction":[{"@type":"ReadAction","target":["https:\/\/www.tadano.com\/uscan\/es\/industrias\/servicios-e-infraestructura\/"]}]},{"@type":"BreadcrumbList","@id":"https:\/\/www.tadano.com\/uscan\/es\/industrias\/servicios-e-infraestructura\/#breadcrumb","itemListElement":[{"@type":"ListItem","position":1,"name":"Industrias","item":"https:\/\/www.tadano.com\/uscan\/es\/industrias\/"},{"@type":"ListItem","position":2,"name":"Servicios e infraestructura"}]},{"@type":"WebSite","@id":"https:\/\/www.tadano.com\/uscan\/en\/#website","url":"https:\/\/www.tadano.com\/uscan\/en\/","name":"US\/Canada","description":"Just another TADANO EUROPE site","potentialAction":[{"@type":"SearchAction","target":{"@type":"EntryPoint","urlTemplate":"https:\/\/www.tadano.com\/uscan\/en\/?s={search_term_string}"},"query-input":"required name=search_term_string"}],"inLanguage":"es"}]}},"_links":{"self":[{"href":"https:\/\/www.tadano.com\/uscan\/es\/wp-json\/wp\/v2\/pages\/22813"}],"collection":[{"href":"https:\/\/www.tadano.com\/uscan\/es\/wp-json\/wp\/v2\/pages"}],"about":[{"href":"https:\/\/www.tadano.com\/uscan\/es\/wp-json\/wp\/v2\/types\/page"}],"author":[{"embeddable":true,"href":"https:\/\/www.tadano.com\/uscan\/es\/wp-json\/wp\/v2\/users\/3"}],"replies":[{"embeddable":true,"href":"https:\/\/www.tadano.com\/uscan\/es\/wp-json\/wp\/v2\/comments?post=22813"}],"version-history":[{"count":0,"href":"https:\/\/www.tadano.com\/uscan\/es\/wp-json\/wp\/v2\/pages\/22813\/revisions"}],"up":[{"embeddable":true,"href":"https:\/\/www.tadano.com\/uscan\/es\/wp-json\/wp\/v2\/pages\/22809"}],"wp:attachment":[{"href":"https:\/\/www.tadano.com\/uscan\/es\/wp-json\/wp\/v2\/media?parent=22813"}],"curies":[{"name":"wp","href":"https:\/\/api.w.org\/{rel}","templated":true}]}}