{"id":22815,"date":"2023-09-18T10:57:27","date_gmt":"2023-09-18T10:57:27","guid":{"rendered":"https:\/\/www.tadano.com\/uscan\/responsabilidad-social\/"},"modified":"2023-09-18T10:57:29","modified_gmt":"2023-09-18T10:57:29","slug":"responsabilidad-social","status":"publish","type":"page","link":"https:\/\/www.tadano.com\/uscan\/es\/responsabilidad-social\/","title":{"rendered":"Responsabilidad Social"},"content":{"rendered":"\n\n\n<section class=\"hero-section\">\n\n\t\n\t\n\t\n\t<div class=\"img-holder \">\n\t\t\t\t<div class=\"bg-stretch\" style=\"background-position: 0 50%; \">\n\t\t\t<span data-srcset=\"https:\/\/assets.onetadano.com\/celum_assets\/hero\/AdobeStock_430436414.jpg, https:\/\/assets.onetadano.com\/celum_assets\/hero-2x\/AdobeStock_430436414.jpg 2x\"><\/span>\n\t\t<\/div>\n\t\t\t\t\t\t<div class=\"logo green-solutions\" style=\"display:none;\">\n\t\t\t<a href=\"#\"><img decoding=\"async\" src=\"https:\/\/www.tadano.com\/uscan\/wp-content\/themes\/tadano\/assets\/dist\/images\/Green-Solutions_Logo_White.svg\"><\/a>\n\t\t<\/div>\n\t<\/div>\n\t<div class=\"container\">\n\t\t<div class=\"text-holder \">\n\t\t\t<div class=\"wrap\">\n\t\t\t\t\n\t\t\t\t<ul class=\"breadcrumbs\"><li><a href=\"https:\/\/www.tadano.com\/uscan\/es\/\">Inicio<\/a><\/li><\/ul>\n\t\t\t\t\n\n<h1 class=\"wp-block-heading\">Responsabilidad social<\/h1>\n\n\n\n<div class=\"wp-block-buttons is-layout-flex wp-block-buttons-is-layout-flex\">\n<div class=\"wp-block-button\"><a class=\"wp-block-button__link\" href=\"https:\/\/www.tadano.com\/ir\/esg\/society.html\">Nuestra promesa<\/a><\/div>\n<\/div>\n\n\n\n\t\t\t\t\n\t\t\t<\/div>\n\n\t\t\t\n\t\t\t\n\t\t\t\n\t\t<\/div>\n\t<\/div>\n<\/section>\n\n\n<div class=\"wp-block-group is-style-background-triangle-left-light is-layout-flow wp-block-group-is-layout-flow\"><div class=\"wp-block-group__inner-container\">\n<p>El Grupo Tadano cree que una empresa s\u00f3lo puede existir con \u00e9xito si est\u00e1 en armon\u00eda con la sociedad y las personas. Por lo tanto, contribuiremos al desarrollo de las comunidades locales e internacionales, y promoveremos actividades empresariales que ayuden a proteger el medio ambiente. Tambi\u00e9n apostamos por maximizar nuestro valor corporativo en respuesta a las expectativas de todas nuestras partes interesadas. En pocas palabras, buscaremos m\u00e1s excelencia para el mundo y el futuro.<\/p>\n<\/div><\/div>\n","protected":false},"excerpt":{"rendered":"<p>El Grupo Tadano cree que una empresa s\u00f3lo puede existir con \u00e9xito si est\u00e1 en armon\u00eda con la sociedad y las personas. Por lo tanto, contribuiremos al desarrollo de las comunidades locales e internacionales, y promoveremos actividades empresariales que ayuden a proteger el medio ambiente. Tambi\u00e9n apostamos por maximizar nuestro valor corporativo en respuesta a [&hellip;]<\/p>\n","protected":false},"author":3,"featured_media":0,"parent":0,"menu_order":0,"comment_status":"closed","ping_status":"closed","template":"","meta":{"_acf_changed":false,"footnotes":""},"acf":[],"yoast_head":"<!-- This site is optimized with the Yoast SEO plugin v22.3 - https:\/\/yoast.com\/wordpress\/plugins\/seo\/ -->\n<title>Responsabilidad Social - US\/Canada<\/title>\n<meta name=\"robots\" content=\"index, follow, max-snippet:-1, max-image-preview:large, max-video-preview:-1\" \/>\n<link rel=\"canonical\" href=\"https:\/\/www.tadano.com\/uscan\/es\/responsabilidad-social\/\" \/>\n<meta property=\"og:locale\" content=\"es_ES\" \/>\n<meta property=\"og:type\" content=\"article\" \/>\n<meta property=\"og:title\" content=\"Responsabilidad Social - US\/Canada\" \/>\n<meta property=\"og:description\" content=\"El Grupo Tadano cree que una empresa s\u00f3lo puede existir con \u00e9xito si est\u00e1 en armon\u00eda con la sociedad y las personas. Por lo tanto, contribuiremos al desarrollo de las comunidades locales e internacionales, y promoveremos actividades empresariales que ayuden a proteger el medio ambiente. Tambi\u00e9n apostamos por maximizar nuestro valor corporativo en respuesta a [&hellip;]\" \/>\n<meta property=\"og:url\" content=\"https:\/\/www.tadano.com\/uscan\/es\/responsabilidad-social\/\" \/>\n<meta property=\"og:site_name\" content=\"US\/Canada\" \/>\n<meta property=\"article:modified_time\" content=\"2023-09-18T10:57:29+00:00\" \/>\n<meta name=\"twitter:card\" content=\"summary_large_image\" \/>\n<meta name=\"twitter:label1\" content=\"Tiempo de lectura\" \/>\n\t<meta name=\"twitter:data1\" content=\"1 minuto\" \/>\n<script type=\"application\/ld+json\" class=\"yoast-schema-graph\">{\"@context\":\"https:\/\/schema.org\",\"@graph\":[{\"@type\":\"WebPage\",\"@id\":\"https:\/\/www.tadano.com\/uscan\/es\/responsabilidad-social\/\",\"url\":\"https:\/\/www.tadano.com\/uscan\/es\/responsabilidad-social\/\",\"name\":\"Responsabilidad Social - US\/Canada\",\"isPartOf\":{\"@id\":\"https:\/\/www.tadano.com\/uscan\/en\/#website\"},\"datePublished\":\"2023-09-18T10:57:27+00:00\",\"dateModified\":\"2023-09-18T10:57:29+00:00\",\"inLanguage\":\"es\",\"potentialAction\":[{\"@type\":\"ReadAction\",\"target\":[\"https:\/\/www.tadano.com\/uscan\/es\/responsabilidad-social\/\"]}]},{\"@type\":\"WebSite\",\"@id\":\"https:\/\/www.tadano.com\/uscan\/en\/#website\",\"url\":\"https:\/\/www.tadano.com\/uscan\/en\/\",\"name\":\"US\/Canada\",\"description\":\"Just another TADANO EUROPE site\",\"potentialAction\":[{\"@type\":\"SearchAction\",\"target\":{\"@type\":\"EntryPoint\",\"urlTemplate\":\"https:\/\/www.tadano.com\/uscan\/en\/?s={search_term_string}\"},\"query-input\":\"required name=search_term_string\"}],\"inLanguage\":\"es\"}]}<\/script>\n<!-- \/ Yoast SEO plugin. -->","yoast_head_json":{"title":"Responsabilidad Social - US\/Canada","robots":{"index":"index","follow":"follow","max-snippet":"max-snippet:-1","max-image-preview":"max-image-preview:large","max-video-preview":"max-video-preview:-1"},"canonical":"https:\/\/www.tadano.com\/uscan\/es\/responsabilidad-social\/","og_locale":"es_ES","og_type":"article","og_title":"Responsabilidad Social - US\/Canada","og_description":"El Grupo Tadano cree que una empresa s\u00f3lo puede existir con \u00e9xito si est\u00e1 en armon\u00eda con la sociedad y las personas. Por lo tanto, contribuiremos al desarrollo de las comunidades locales e internacionales, y promoveremos actividades empresariales que ayuden a proteger el medio ambiente. Tambi\u00e9n apostamos por maximizar nuestro valor corporativo en respuesta a [&hellip;]","og_url":"https:\/\/www.tadano.com\/uscan\/es\/responsabilidad-social\/","og_site_name":"US\/Canada","article_modified_time":"2023-09-18T10:57:29+00:00","twitter_card":"summary_large_image","twitter_misc":{"Tiempo de lectura":"1 minuto"},"schema":{"@context":"https:\/\/schema.org","@graph":[{"@type":"WebPage","@id":"https:\/\/www.tadano.com\/uscan\/es\/responsabilidad-social\/","url":"https:\/\/www.tadano.com\/uscan\/es\/responsabilidad-social\/","name":"Responsabilidad Social - US\/Canada","isPartOf":{"@id":"https:\/\/www.tadano.com\/uscan\/en\/#website"},"datePublished":"2023-09-18T10:57:27+00:00","dateModified":"2023-09-18T10:57:29+00:00","inLanguage":"es","potentialAction":[{"@type":"ReadAction","target":["https:\/\/www.tadano.com\/uscan\/es\/responsabilidad-social\/"]}]},{"@type":"WebSite","@id":"https:\/\/www.tadano.com\/uscan\/en\/#website","url":"https:\/\/www.tadano.com\/uscan\/en\/","name":"US\/Canada","description":"Just another TADANO EUROPE site","potentialAction":[{"@type":"SearchAction","target":{"@type":"EntryPoint","urlTemplate":"https:\/\/www.tadano.com\/uscan\/en\/?s={search_term_string}"},"query-input":"required name=search_term_string"}],"inLanguage":"es"}]}},"_links":{"self":[{"href":"https:\/\/www.tadano.com\/uscan\/es\/wp-json\/wp\/v2\/pages\/22815"}],"collection":[{"href":"https:\/\/www.tadano.com\/uscan\/es\/wp-json\/wp\/v2\/pages"}],"about":[{"href":"https:\/\/www.tadano.com\/uscan\/es\/wp-json\/wp\/v2\/types\/page"}],"author":[{"embeddable":true,"href":"https:\/\/www.tadano.com\/uscan\/es\/wp-json\/wp\/v2\/users\/3"}],"replies":[{"embeddable":true,"href":"https:\/\/www.tadano.com\/uscan\/es\/wp-json\/wp\/v2\/comments?post=22815"}],"version-history":[{"count":0,"href":"https:\/\/www.tadano.com\/uscan\/es\/wp-json\/wp\/v2\/pages\/22815\/revisions"}],"wp:attachment":[{"href":"https:\/\/www.tadano.com\/uscan\/es\/wp-json\/wp\/v2\/media?parent=22815"}],"curies":[{"name":"wp","href":"https:\/\/api.w.org\/{rel}","templated":true}]}}