{"id":22820,"date":"2023-09-14T09:24:56","date_gmt":"2023-09-14T09:24:56","guid":{"rendered":"https:\/\/www.tadano.com\/uscan\/?page_id=22820"},"modified":"2023-09-18T11:01:36","modified_gmt":"2023-09-18T11:01:36","slug":"trabaje-con-nosotros","status":"publish","type":"page","link":"https:\/\/www.tadano.com\/uscan\/es\/trabaje-con-nosotros\/","title":{"rendered":"Trabaje con nosotros"},"content":{"rendered":"\n\n\n<section class=\"hero-section\">\n\n\t\n\t\n\t\n\t<div class=\"img-holder \">\n\t\t\t\t<div class=\"bg-stretch\" style=\"background-position: 0 100%; \">\n\t\t\t<span data-srcset=\"https:\/\/assets.onetadano.com\/celum_assets\/hero\/Tadano_Lauf_fullres-29.jpg, https:\/\/assets.onetadano.com\/celum_assets\/hero-2x\/Tadano_Lauf_fullres-29.jpg 2x\"><\/span>\n\t\t<\/div>\n\t\t\t\t\t\t<div class=\"logo green-solutions\" style=\"display:none;\">\n\t\t\t<a href=\"#\"><img decoding=\"async\" src=\"https:\/\/www.tadano.com\/uscan\/wp-content\/themes\/tadano\/assets\/dist\/images\/Green-Solutions_Logo_White.svg\"><\/a>\n\t\t<\/div>\n\t<\/div>\n\t<div class=\"container\">\n\t\t<div class=\"text-holder \">\n\t\t\t<div class=\"wrap\">\n\t\t\t\t\n\t\t\t\t<ul class=\"breadcrumbs\"><li><a href=\"https:\/\/www.tadano.com\/uscan\/es\/\">Inicio<\/a><\/li><\/ul>\n\t\t\t\t\n\n<h1 class=\"wp-block-heading\">\u00daNETE AL EQUIPO<\/h1>\n\n\n\n<p>Tadano America Corporation cuenta con un paquete de beneficios competitivo y completo, con el equilibrio entre el trabajo y la vida personal como m\u00e1xima prioridad. Nos esforzamos por mantenernos al d\u00eda con las demandas cambiantes de nuestros tiempos y realizamos revisiones anuales para asegurarnos de ofrecer continuamente lo mejor posible para nuestro equipo. Si esto se ajusta a su \u00e9tica de trabajo, env\u00ede su curr\u00edculum al equipo de recursos humanos de TAC.<\/p>\n\n\n\n\t\t\t\t\n\t\t\t<\/div>\n\n\t\t\t\n\t\t\t\n\t\t\t\n\t\t<\/div>\n\t<\/div>\n<\/section>\n\n\n<div class=\"wp-block-group is-style-background-triangle-left is-layout-flow wp-block-group-is-layout-flow\"><div class=\"wp-block-group__inner-container\">\n<h2 class=\"wp-block-heading\">Ofertas de trabajo<\/h2>\n\n\n\n<p>Tadano busca a los mejores candidatos, los m\u00e1s brillantes y los m\u00e1s trabajadores, que compartan el amor por nuestro trabajo para ayudar a \u00abelevar los sue\u00f1os\u00bb de nuestros clientes y de todos los que se benefician de lo que nuestras gr\u00faas ayudan a construir. Nuestras diversas oportunidades incluyen ofertas peri\u00f3dicas en estos campos:<\/p>\n\n\n\n<div class=\"wp-block-columns is-layout-flex wp-container-core-columns-layout-1 wp-block-columns-is-layout-flex\">\n<div class=\"wp-block-column is-layout-flow wp-block-column-is-layout-flow\">\n<ul>\n\n<li>Venta de m\u00e1quinas <\/li>\n\n\r\n\r\n\n<li>T\u00e9cnico de taller y de campo <\/li>\n\n\r\n\r\n\n<li>Soporte t\u00e9cnico call center <\/li>\n\n\r\n\r\n\n<li>Administraci\u00f3n \u2022 Contabilidad <\/li>\n\n\r\n\r\n\n<li>Gesti\u00f3n<\/li>\n\n\r\n\r\n\n<li>Almac\u00e9n<\/li>\n\n<\/ul>\n\n\n\n<p><\/p>\n<\/div>\n\n\n\n<div class=\"wp-block-column is-layout-flow wp-block-column-is-layout-flow\">\n<ul>\n\n<li>Taller <\/li>\n\n\r\n\r\n\n<li>Taller de m\u00e1quinas <\/li>\n\n\r\n\r\n\n<li>Formaci\u00f3n <\/li>\n\n\r\n\r\n\n<li>Ingenier\u00eda <\/li>\n\n\r\n\r\n\n<li>Operaci\u00f3n de gr\u00faas<\/li>\n\n<\/ul>\n<\/div>\n<\/div>\n\n\n<div class=\"links-block-wrapper\">\n  <div class=\"container\">\n    <section class=\"links-block\">\n              <div class=\"links-block\">\n                                  <div class=\"link-single  \">\n                              <a>\n                               \n                                  <strong class='title'>Ver las ofertas actuales<\/strong>\n                                              <\/a>\n            <\/div>\n                  <\/div>\n                    \n    <\/section>\n  <\/div>\n<\/div>\n\n\n<p><\/p>\n<\/div><\/div>\n\n\n\n<div class=\"wp-block-group alignwide is-style-background-white is-layout-flow wp-block-group-is-layout-flow\"><div class=\"wp-block-group__inner-container\">\n<div class=\"wp-block-columns is-layout-flex wp-container-core-columns-layout-2 wp-block-columns-is-layout-flex\">\n<div class=\"wp-block-column is-layout-flow wp-block-column-is-layout-flow\">\n<p class=\"has-black-color has-text-color\">Ubicada en Houston, Texas, Tadano America Corporation ofrece oportunidades desafiantes y orientadas al crecimiento en la industria de gr\u00faas m\u00f3viles con visi\u00f3n de futuro y de ritmo r\u00e1pido. Nuestra filosof\u00eda de Gesti\u00f3n de la Calidad Total significa luchar por la excelencia en todo lo que hacemos.<\/p>\n<\/div>\n\n\n\n<div class=\"wp-block-column is-layout-flow wp-block-column-is-layout-flow\">\n<p class=\"has-black-color has-text-color\">Nuestros valores fundamentales de Seguridad, Calidad, Eficiencia y Cumplimiento est\u00e1n representados no solo en nuestros productos, sino tambi\u00e9n en el enfoque y la atenci\u00f3n que brindamos a nuestro activo m\u00e1s importante: nuestro capital humano.<\/p>\n<\/div>\n<\/div>\n\n\n\n<p><\/p>\n<\/div><\/div>\n\n\n\n<div class=\"wp-block-group is-style-background-cyan has-light-blue-background-color has-background is-layout-flow wp-block-group-is-layout-flow\"><div class=\"wp-block-group__inner-container\">\n<div class=\"wp-block-columns is-layout-flex wp-container-core-columns-layout-3 wp-block-columns-is-layout-flex\">\n<div class=\"wp-block-column is-vertically-aligned-center is-layout-flow wp-block-column-is-layout-flow\" style=\"flex-basis:33.33%\">\n<h2 class=\"wp-block-heading\">Ubicaciones<\/h2>\n\n\n\n<p>Tadano America tiene su sede en Houston, Texas. Entre Tadano America y Tadano Mantis, hay oficinas adicionales en Virginia, Tennessee y Alberta (Canad\u00e1).<\/p>\n<\/div>\n\n\n\n<div class=\"wp-block-column is-layout-flow wp-block-column-is-layout-flow\" style=\"flex-basis:66.66%\"><section class=\"overflow-hidden\">\n    <div class=\"container\">\n      <ul class=\"legal-accordion style-default\">\n          <li>\n            <a href=\"#\" class=\"opener\"><span>Tadano America Corporation Headquarters<\/span><\/a>\n            <div class=\"slide\">\n              <div class=\"slide-wrap\">\n                \n\n<p class=\"has-white-color has-text-color\">4242 W. Greens Rd.<br>Houston, TX 77066<\/p>\n\n\n\n<p>(281) 869-0030<\/p>\n\n\n              <\/div>\n            <\/div>\n          <\/li>\n      <\/ul>\n  <\/div>\n<\/section>\n\n<section class=\"overflow-hidden\">\n    <div class=\"container\">\n      <ul class=\"legal-accordion style-default\">\n          <li>\n            <a href=\"#\" class=\"opener\"><span>Tadano America Corporation Canadian Branch Office<\/span><\/a>\n            <div class=\"slide\">\n              <div class=\"slide-wrap\">\n                \n\n<p>3603 Allard Ave., Bay 101 <br>Leduc, AB T9E 0R8 CANADA<\/p>\n\n\n\n<p>(780) 986-2079<\/p>\n\n\n              <\/div>\n            <\/div>\n          <\/li>\n      <\/ul>\n  <\/div>\n<\/section>\n\n<section class=\"overflow-hidden\">\n    <div class=\"container\">\n      <ul class=\"legal-accordion style-default\">\n          <li>\n            <a href=\"#\" class=\"opener\"><span>Tadano Mantis Corporation Virginia Branch<\/span><\/a>\n            <div class=\"slide\">\n              <div class=\"slide-wrap\">\n                \n\n<p>1705 Columbia Ave., Suite 200 <br>Franklin, TN 37064<\/p>\n\n\n\n<p>(615) 794-4556<\/p>\n\n\n              <\/div>\n            <\/div>\n          <\/li>\n      <\/ul>\n  <\/div>\n<\/section>\n\n<section class=\"overflow-hidden\">\n    <div class=\"container\">\n      <ul class=\"legal-accordion style-default\">\n          <li>\n            <a href=\"#\" class=\"opener\"><span>Gr\u00faas M\u00f3viles Tadano Demag (EE.UU.)<\/span><\/a>\n            <div class=\"slide\">\n              <div class=\"slide-wrap\">\n                \n\n<p>8800 Rostin Rd.<br>Southaven, MS 38671<\/p>\n\n\n\n<p>+1 (866) 698-3739<\/p>\n\n\n              <\/div>\n            <\/div>\n          <\/li>\n      <\/ul>\n  <\/div>\n<\/section>\n\n\n<p><\/p>\n<\/div>\n<\/div>\n<\/div><\/div>\n\n\n\n<p><\/p>\n","protected":false},"excerpt":{"rendered":"<p>Ofertas de trabajo Tadano busca a los mejores candidatos, los m\u00e1s brillantes y los m\u00e1s trabajadores, que compartan el amor por nuestro trabajo para ayudar a \u00abelevar los sue\u00f1os\u00bb de nuestros clientes y de todos los que se benefician de lo que nuestras gr\u00faas ayudan a construir. Nuestras diversas oportunidades incluyen ofertas peri\u00f3dicas en estos [&hellip;]<\/p>\n","protected":false},"author":3,"featured_media":0,"parent":0,"menu_order":0,"comment_status":"closed","ping_status":"closed","template":"","meta":{"_acf_changed":false,"footnotes":""},"acf":[],"yoast_head":"<!-- This site is optimized with the Yoast SEO plugin v22.3 - https:\/\/yoast.com\/wordpress\/plugins\/seo\/ -->\n<title>Trabaje con nosotros - US\/Canada<\/title>\n<meta name=\"robots\" content=\"index, follow, max-snippet:-1, max-image-preview:large, max-video-preview:-1\" \/>\n<link rel=\"canonical\" href=\"https:\/\/www.tadano.com\/uscan\/es\/trabaje-con-nosotros\/\" \/>\n<meta property=\"og:locale\" content=\"es_ES\" \/>\n<meta property=\"og:type\" content=\"article\" \/>\n<meta property=\"og:title\" content=\"Trabaje con nosotros - US\/Canada\" \/>\n<meta property=\"og:description\" content=\"Ofertas de trabajo Tadano busca a los mejores candidatos, los m\u00e1s brillantes y los m\u00e1s trabajadores, que compartan el amor por nuestro trabajo para ayudar a \u00abelevar los sue\u00f1os\u00bb de nuestros clientes y de todos los que se benefician de lo que nuestras gr\u00faas ayudan a construir. Nuestras diversas oportunidades incluyen ofertas peri\u00f3dicas en estos [&hellip;]\" \/>\n<meta property=\"og:url\" content=\"https:\/\/www.tadano.com\/uscan\/es\/trabaje-con-nosotros\/\" \/>\n<meta property=\"og:site_name\" content=\"US\/Canada\" \/>\n<meta property=\"article:modified_time\" content=\"2023-09-18T11:01:36+00:00\" \/>\n<meta name=\"twitter:card\" content=\"summary_large_image\" \/>\n<meta name=\"twitter:label1\" content=\"Tiempo de lectura\" \/>\n\t<meta name=\"twitter:data1\" content=\"2 minutos\" \/>\n<script type=\"application\/ld+json\" class=\"yoast-schema-graph\">{\"@context\":\"https:\/\/schema.org\",\"@graph\":[{\"@type\":\"WebPage\",\"@id\":\"https:\/\/www.tadano.com\/uscan\/es\/trabaje-con-nosotros\/\",\"url\":\"https:\/\/www.tadano.com\/uscan\/es\/trabaje-con-nosotros\/\",\"name\":\"Trabaje con nosotros - US\/Canada\",\"isPartOf\":{\"@id\":\"https:\/\/www.tadano.com\/uscan\/en\/#website\"},\"datePublished\":\"2023-09-14T09:24:56+00:00\",\"dateModified\":\"2023-09-18T11:01:36+00:00\",\"inLanguage\":\"es\",\"potentialAction\":[{\"@type\":\"ReadAction\",\"target\":[\"https:\/\/www.tadano.com\/uscan\/es\/trabaje-con-nosotros\/\"]}]},{\"@type\":\"WebSite\",\"@id\":\"https:\/\/www.tadano.com\/uscan\/en\/#website\",\"url\":\"https:\/\/www.tadano.com\/uscan\/en\/\",\"name\":\"US\/Canada\",\"description\":\"Just another TADANO EUROPE site\",\"potentialAction\":[{\"@type\":\"SearchAction\",\"target\":{\"@type\":\"EntryPoint\",\"urlTemplate\":\"https:\/\/www.tadano.com\/uscan\/en\/?s={search_term_string}\"},\"query-input\":\"required name=search_term_string\"}],\"inLanguage\":\"es\"}]}<\/script>\n<!-- \/ Yoast SEO plugin. -->","yoast_head_json":{"title":"Trabaje con nosotros - US\/Canada","robots":{"index":"index","follow":"follow","max-snippet":"max-snippet:-1","max-image-preview":"max-image-preview:large","max-video-preview":"max-video-preview:-1"},"canonical":"https:\/\/www.tadano.com\/uscan\/es\/trabaje-con-nosotros\/","og_locale":"es_ES","og_type":"article","og_title":"Trabaje con nosotros - US\/Canada","og_description":"Ofertas de trabajo Tadano busca a los mejores candidatos, los m\u00e1s brillantes y los m\u00e1s trabajadores, que compartan el amor por nuestro trabajo para ayudar a \u00abelevar los sue\u00f1os\u00bb de nuestros clientes y de todos los que se benefician de lo que nuestras gr\u00faas ayudan a construir. Nuestras diversas oportunidades incluyen ofertas peri\u00f3dicas en estos [&hellip;]","og_url":"https:\/\/www.tadano.com\/uscan\/es\/trabaje-con-nosotros\/","og_site_name":"US\/Canada","article_modified_time":"2023-09-18T11:01:36+00:00","twitter_card":"summary_large_image","twitter_misc":{"Tiempo de lectura":"2 minutos"},"schema":{"@context":"https:\/\/schema.org","@graph":[{"@type":"WebPage","@id":"https:\/\/www.tadano.com\/uscan\/es\/trabaje-con-nosotros\/","url":"https:\/\/www.tadano.com\/uscan\/es\/trabaje-con-nosotros\/","name":"Trabaje con nosotros - US\/Canada","isPartOf":{"@id":"https:\/\/www.tadano.com\/uscan\/en\/#website"},"datePublished":"2023-09-14T09:24:56+00:00","dateModified":"2023-09-18T11:01:36+00:00","inLanguage":"es","potentialAction":[{"@type":"ReadAction","target":["https:\/\/www.tadano.com\/uscan\/es\/trabaje-con-nosotros\/"]}]},{"@type":"WebSite","@id":"https:\/\/www.tadano.com\/uscan\/en\/#website","url":"https:\/\/www.tadano.com\/uscan\/en\/","name":"US\/Canada","description":"Just another TADANO EUROPE site","potentialAction":[{"@type":"SearchAction","target":{"@type":"EntryPoint","urlTemplate":"https:\/\/www.tadano.com\/uscan\/en\/?s={search_term_string}"},"query-input":"required name=search_term_string"}],"inLanguage":"es"}]}},"_links":{"self":[{"href":"https:\/\/www.tadano.com\/uscan\/es\/wp-json\/wp\/v2\/pages\/22820"}],"collection":[{"href":"https:\/\/www.tadano.com\/uscan\/es\/wp-json\/wp\/v2\/pages"}],"about":[{"href":"https:\/\/www.tadano.com\/uscan\/es\/wp-json\/wp\/v2\/types\/page"}],"author":[{"embeddable":true,"href":"https:\/\/www.tadano.com\/uscan\/es\/wp-json\/wp\/v2\/users\/3"}],"replies":[{"embeddable":true,"href":"https:\/\/www.tadano.com\/uscan\/es\/wp-json\/wp\/v2\/comments?post=22820"}],"version-history":[{"count":1,"href":"https:\/\/www.tadano.com\/uscan\/es\/wp-json\/wp\/v2\/pages\/22820\/revisions"}],"predecessor-version":[{"id":22822,"href":"https:\/\/www.tadano.com\/uscan\/es\/wp-json\/wp\/v2\/pages\/22820\/revisions\/22822"}],"wp:attachment":[{"href":"https:\/\/www.tadano.com\/uscan\/es\/wp-json\/wp\/v2\/media?parent=22820"}],"curies":[{"name":"wp","href":"https:\/\/api.w.org\/{rel}","templated":true}]}}