{"id":26108,"date":"2021-04-15T06:31:11","date_gmt":"2021-04-15T06:31:11","guid":{"rendered":"https:\/\/www.tadano.com\/uscan\/ventas-y-servicios\/taller-de-reparacion\/"},"modified":"2025-07-10T12:11:34","modified_gmt":"2025-07-10T12:11:34","slug":"taller-de-reparacion","status":"publish","type":"page","link":"https:\/\/www.tadano.com\/uscan\/es\/ventas-y-servicios\/taller-de-reparacion\/","title":{"rendered":"Taller de reparaci\u00f3n"},"content":{"rendered":"\n\n\n\n\n<section class=\"hero-section\">\n\n\t\n\t\t\t<style type=\"text\/css\">\n\t\t\t.hero-section .img-holder:before {\n\t\t\t\tdisplay: none;\n\t\t\t}\n\t\t<\/style>\n\t\n\t\n\t<div class=\"img-holder \">\n\t\t\t\t<div class=\"bg-stretch\" style=\"background-position: 50% 50%; \">\n\t\t\t<span data-srcset=\"https:\/\/assets.onetadano.com\/celum_assets\/hero\/rp.jpg, https:\/\/assets.onetadano.com\/celum_assets\/hero-2x\/rp.jpg 2x\"><\/span>\n\t\t<\/div>\n\t\t\t\t\t\t<div class=\"logo green-solutions\" style=\"display:none;\">\n\t\t\t<a href=\"#\"><img decoding=\"async\" src=\"https:\/\/www.tadano.com\/uscan\/wp-content\/themes\/tadano\/assets\/dist\/images\/Green-Solutions_Logo_White.svg\"><\/a>\n\t\t<\/div>\n\t<\/div>\n\t<div class=\"container\">\n\t\t<div class=\"text-holder \">\n\t\t\t<div class=\"wrap\">\n\t\t\t\t\n\t\t\t\t<ul class=\"breadcrumbs\"><li><a href=\"https:\/\/www.tadano.com\/uscan\/es\/\">Inicio<\/a><\/li><\/ul>\n\t\t\t\t\n\n<h1 class=\"wp-block-heading\">Taller de reparaci\u00f3n<\/h1>\n\n\n\n<p>Conf\u00ede su gr\u00faa a nuestro equipo del taller de reparaci\u00f3n Tadano. Nuestro personal, formado en f\u00e1brica, proteger\u00e1 y conservar\u00e1 su inversi\u00f3n de acuerdo con nuestros elevados est\u00e1ndares de fabricaci\u00f3n.<\/p>\n\n\n\n<div class=\"wp-block-buttons is-layout-flex wp-block-buttons-is-layout-flex\">\n<div class=\"wp-block-button\"><a class=\"wp-block-button__link wp-element-button\" href=\"mailto:customersupport@tadano.com\">CONT\u00c1CTENOS<\/a><\/div>\n<\/div>\n\n\n\n\t\t\t\t\n\t\t\t<\/div>\n\n\t\t\t\n\t\t\t\n\t\t\t\n\t\t<\/div>\n\t<\/div>\n<\/section>\n\n\n<div class=\"wp-block-group is-style-background-cyan is-layout-flow wp-block-group-is-layout-flow\"><div class=\"wp-block-group__inner-container\">\n<h2 class=\"wp-block-heading\">LO QUE OFRECEMOS<\/h2>\n\n\n\n\n\n\n\n<p>Garantizar que las gr\u00faas Tadano funcionen al m\u00e1ximo rendimiento exige un mantenimiento y una reparaci\u00f3n meticulosos. Ahora hay disponible una gama de servicios de f\u00e1brica especializados para cubrir todos los aspectos del mantenimiento de las gr\u00faas, desde reparaciones del sistema hidr\u00e1ulico hasta mejoras est\u00e9ticas, ofreciendo una soluci\u00f3n completa para todas las necesidades de reparaci\u00f3n de Tadano.<\/p>\n\n\n\n<p>Estos servicios garantizan que las gr\u00faas Tadano reciban un diagn\u00f3stico exhaustivo, reparaciones de alta calidad y un mantenimiento continuo por parte de profesionales certificados. Ya sea para el mantenimiento rutinario, reparaciones importantes o mejoras est\u00e9ticas, se ofrece una gama completa de soluciones para mantener el rendimiento \u00f3ptimo de las gr\u00faas Tadano.<\/p>\n\n\n\n<p>Para ponerse en contacto con nuestro taller de reparaciones, env\u00edenos un correo electr\u00f3nico a <strong><a href=\"mailto:customersupport@tadano.com\">customersupport@tadano.com<\/a><\/strong> o llame al (281) 869-0030.<\/p>\n\n\n<section class=\"video-block\">\n  <div class=\"video-box\">\n        <a aria-labelledby=\"video-txt\" data-fancybox href=\"https:\/\/youtu.be\/BYSzoODgjJs\" class=\"video\">\n      <span class=\"play-btn\"><\/span>\n              <div class=\"bg-stretch\" >\n          <span data-srcset=\"https:\/\/img.youtube.com\/vi\/BYSzoODgjJs\/hqdefault.jpg, https:\/\/img.youtube.com\/vi\/BYSzoODgjJs\/hqdefault.jpg 2x\"><\/span>\n        <\/div>\n          <\/a>\n    <div class=\"video-txt\">\n                    <a href=\"https:\/\/youtu.be\/BYSzoODgjJs\" class=\"video-link\">Ver ahora<\/a>\n          <\/div>\n  <\/div>\n<\/section><\/div><\/div>\n\n\n\n\n","protected":false},"excerpt":{"rendered":"<p>LO QUE OFRECEMOS Garantizar que las gr\u00faas Tadano funcionen al m\u00e1ximo rendimiento exige un mantenimiento y una reparaci\u00f3n meticulosos. Ahora hay disponible una gama de servicios de f\u00e1brica especializados para cubrir todos los aspectos del mantenimiento de las gr\u00faas, desde reparaciones del sistema hidr\u00e1ulico hasta mejoras est\u00e9ticas, ofreciendo una soluci\u00f3n completa para todas las necesidades [&hellip;]<\/p>\n","protected":false},"author":1,"featured_media":0,"parent":22521,"menu_order":0,"comment_status":"closed","ping_status":"closed","template":"","meta":{"_acf_changed":false,"footnotes":""},"acf":[],"yoast_head":"<!-- This site is optimized with the Yoast SEO plugin v22.3 - https:\/\/yoast.com\/wordpress\/plugins\/seo\/ -->\n<title>Taller de reparaci\u00f3n - US\/Canada<\/title>\n<meta name=\"robots\" content=\"index, follow, max-snippet:-1, max-image-preview:large, max-video-preview:-1\" \/>\n<link rel=\"canonical\" href=\"https:\/\/www.tadano.com\/uscan\/en\/sales-services\/repair-shop\/\" \/>\n<meta property=\"og:locale\" content=\"es_ES\" \/>\n<meta property=\"og:type\" content=\"article\" \/>\n<meta property=\"og:title\" content=\"Taller de reparaci\u00f3n - US\/Canada\" \/>\n<meta property=\"og:description\" content=\"LO QUE OFRECEMOS Garantizar que las gr\u00faas Tadano funcionen al m\u00e1ximo rendimiento exige un mantenimiento y una reparaci\u00f3n meticulosos. Ahora hay disponible una gama de servicios de f\u00e1brica especializados para cubrir todos los aspectos del mantenimiento de las gr\u00faas, desde reparaciones del sistema hidr\u00e1ulico hasta mejoras est\u00e9ticas, ofreciendo una soluci\u00f3n completa para todas las necesidades [&hellip;]\" \/>\n<meta property=\"og:url\" content=\"https:\/\/www.tadano.com\/uscan\/en\/sales-services\/repair-shop\/\" \/>\n<meta property=\"og:site_name\" content=\"US\/Canada\" \/>\n<meta property=\"article:modified_time\" content=\"2025-07-10T12:11:34+00:00\" \/>\n<meta name=\"twitter:card\" content=\"summary_large_image\" \/>\n<meta name=\"twitter:label1\" content=\"Tiempo de lectura\" \/>\n\t<meta name=\"twitter:data1\" content=\"2 minutos\" \/>\n<script type=\"application\/ld+json\" class=\"yoast-schema-graph\">{\"@context\":\"https:\/\/schema.org\",\"@graph\":[{\"@type\":\"WebPage\",\"@id\":\"https:\/\/www.tadano.com\/uscan\/en\/sales-services\/repair-shop\/\",\"url\":\"https:\/\/www.tadano.com\/uscan\/en\/sales-services\/repair-shop\/\",\"name\":\"Taller de reparaci\u00f3n - US\/Canada\",\"isPartOf\":{\"@id\":\"https:\/\/www.tadano.com\/uscan\/en\/#website\"},\"datePublished\":\"2021-04-15T06:31:11+00:00\",\"dateModified\":\"2025-07-10T12:11:34+00:00\",\"breadcrumb\":{\"@id\":\"https:\/\/www.tadano.com\/uscan\/en\/sales-services\/repair-shop\/#breadcrumb\"},\"inLanguage\":\"es\",\"potentialAction\":[{\"@type\":\"ReadAction\",\"target\":[\"https:\/\/www.tadano.com\/uscan\/en\/sales-services\/repair-shop\/\"]}]},{\"@type\":\"BreadcrumbList\",\"@id\":\"https:\/\/www.tadano.com\/uscan\/en\/sales-services\/repair-shop\/#breadcrumb\",\"itemListElement\":[{\"@type\":\"ListItem\",\"position\":1,\"name\":\"Ventas y Servicios\",\"item\":\"https:\/\/www.tadano.com\/uscan\/es\/ventas-y-servicios\/\"},{\"@type\":\"ListItem\",\"position\":2,\"name\":\"Taller de reparaci\u00f3n\"}]},{\"@type\":\"WebSite\",\"@id\":\"https:\/\/www.tadano.com\/uscan\/en\/#website\",\"url\":\"https:\/\/www.tadano.com\/uscan\/en\/\",\"name\":\"US\/Canada\",\"description\":\"Just another TADANO EUROPE site\",\"potentialAction\":[{\"@type\":\"SearchAction\",\"target\":{\"@type\":\"EntryPoint\",\"urlTemplate\":\"https:\/\/www.tadano.com\/uscan\/en\/?s={search_term_string}\"},\"query-input\":\"required name=search_term_string\"}],\"inLanguage\":\"es\"}]}<\/script>\n<!-- \/ Yoast SEO plugin. -->","yoast_head_json":{"title":"Taller de reparaci\u00f3n - US\/Canada","robots":{"index":"index","follow":"follow","max-snippet":"max-snippet:-1","max-image-preview":"max-image-preview:large","max-video-preview":"max-video-preview:-1"},"canonical":"https:\/\/www.tadano.com\/uscan\/en\/sales-services\/repair-shop\/","og_locale":"es_ES","og_type":"article","og_title":"Taller de reparaci\u00f3n - US\/Canada","og_description":"LO QUE OFRECEMOS Garantizar que las gr\u00faas Tadano funcionen al m\u00e1ximo rendimiento exige un mantenimiento y una reparaci\u00f3n meticulosos. Ahora hay disponible una gama de servicios de f\u00e1brica especializados para cubrir todos los aspectos del mantenimiento de las gr\u00faas, desde reparaciones del sistema hidr\u00e1ulico hasta mejoras est\u00e9ticas, ofreciendo una soluci\u00f3n completa para todas las necesidades [&hellip;]","og_url":"https:\/\/www.tadano.com\/uscan\/en\/sales-services\/repair-shop\/","og_site_name":"US\/Canada","article_modified_time":"2025-07-10T12:11:34+00:00","twitter_card":"summary_large_image","twitter_misc":{"Tiempo de lectura":"2 minutos"},"schema":{"@context":"https:\/\/schema.org","@graph":[{"@type":"WebPage","@id":"https:\/\/www.tadano.com\/uscan\/en\/sales-services\/repair-shop\/","url":"https:\/\/www.tadano.com\/uscan\/en\/sales-services\/repair-shop\/","name":"Taller de reparaci\u00f3n - US\/Canada","isPartOf":{"@id":"https:\/\/www.tadano.com\/uscan\/en\/#website"},"datePublished":"2021-04-15T06:31:11+00:00","dateModified":"2025-07-10T12:11:34+00:00","breadcrumb":{"@id":"https:\/\/www.tadano.com\/uscan\/en\/sales-services\/repair-shop\/#breadcrumb"},"inLanguage":"es","potentialAction":[{"@type":"ReadAction","target":["https:\/\/www.tadano.com\/uscan\/en\/sales-services\/repair-shop\/"]}]},{"@type":"BreadcrumbList","@id":"https:\/\/www.tadano.com\/uscan\/en\/sales-services\/repair-shop\/#breadcrumb","itemListElement":[{"@type":"ListItem","position":1,"name":"Ventas y Servicios","item":"https:\/\/www.tadano.com\/uscan\/es\/ventas-y-servicios\/"},{"@type":"ListItem","position":2,"name":"Taller de reparaci\u00f3n"}]},{"@type":"WebSite","@id":"https:\/\/www.tadano.com\/uscan\/en\/#website","url":"https:\/\/www.tadano.com\/uscan\/en\/","name":"US\/Canada","description":"Just another TADANO EUROPE site","potentialAction":[{"@type":"SearchAction","target":{"@type":"EntryPoint","urlTemplate":"https:\/\/www.tadano.com\/uscan\/en\/?s={search_term_string}"},"query-input":"required name=search_term_string"}],"inLanguage":"es"}]}},"_links":{"self":[{"href":"https:\/\/www.tadano.com\/uscan\/es\/wp-json\/wp\/v2\/pages\/26108"}],"collection":[{"href":"https:\/\/www.tadano.com\/uscan\/es\/wp-json\/wp\/v2\/pages"}],"about":[{"href":"https:\/\/www.tadano.com\/uscan\/es\/wp-json\/wp\/v2\/types\/page"}],"author":[{"embeddable":true,"href":"https:\/\/www.tadano.com\/uscan\/es\/wp-json\/wp\/v2\/users\/1"}],"replies":[{"embeddable":true,"href":"https:\/\/www.tadano.com\/uscan\/es\/wp-json\/wp\/v2\/comments?post=26108"}],"version-history":[{"count":1,"href":"https:\/\/www.tadano.com\/uscan\/es\/wp-json\/wp\/v2\/pages\/26108\/revisions"}],"predecessor-version":[{"id":26807,"href":"https:\/\/www.tadano.com\/uscan\/es\/wp-json\/wp\/v2\/pages\/26108\/revisions\/26807"}],"up":[{"embeddable":true,"href":"https:\/\/www.tadano.com\/uscan\/es\/wp-json\/wp\/v2\/pages\/22521"}],"wp:attachment":[{"href":"https:\/\/www.tadano.com\/uscan\/es\/wp-json\/wp\/v2\/media?parent=26108"}],"curies":[{"name":"wp","href":"https:\/\/api.w.org\/{rel}","templated":true}]}}