{"id":26837,"date":"2025-08-12T11:17:39","date_gmt":"2025-08-12T11:17:39","guid":{"rendered":"https:\/\/www.tadano.com\/uscan\/cranebee\/"},"modified":"2026-03-26T11:44:30","modified_gmt":"2026-03-26T11:44:30","slug":"cranebee","status":"publish","type":"page","link":"https:\/\/www.tadano.com\/uscan\/es\/cranebee\/","title":{"rendered":"CRANEbee"},"content":{"rendered":"\n\n\n<section class=\"hero-section\">\n\n\t\n\t\t\t<style type=\"text\/css\">\n\t\t\t.hero-section .img-holder:before {\n\t\t\t\tdisplay: none;\n\t\t\t}\n\t\t<\/style>\n\t\n\t\n\t<div class=\"img-holder \">\n\t\t\t\t<div class=\"bg-stretch\" style=\"background-position: 0 0; \">\n\t\t\t<span data-srcset=\"https:\/\/mediahub.tadano.com\/m\/2e8dca6ed44416d6\/hero-img_Demag_Demag_CC_2800-1_Tandem_Hareket_-1-jpg.jpg, https:\/\/mediahub.tadano.com\/m\/2e8dca6ed44416d6\/hero_2x-img_Demag_Demag_CC_2800-1_Tandem_Hareket_-1-jpg.jpg 2x\"><\/span>\n\t\t<\/div>\n\t\t\t\t\t\t<div class=\"logo green-solutions\" style=\"display:none;\">\n\t\t\t<a href=\"#\"><img decoding=\"async\" src=\"https:\/\/www.tadano.com\/uscan\/wp-content\/themes\/tadano\/assets\/dist\/images\/Green-Solutions_Logo_White.svg\"><\/a>\n\t\t<\/div>\n\t<\/div>\n\t<div class=\"container\">\n\t\t<div class=\"text-holder \">\n\t\t\t<div class=\"wrap\">\n\t\t\t\t\n\t\t\t\t<ul class=\"breadcrumbs\"><li><a href=\"https:\/\/www.tadano.com\/uscan\/es\/\">Inicio<\/a><\/li><\/ul>\n\t\t\t\t\n\n<h1 class=\"wp-block-heading\">CRANE<span style=\"text-transform: lowercase;\" class=\"custom-lowercase\">bee<\/span><\/h1>\n\n\n\n<p>Planificaci\u00f3n inteligente de elevaciones con el respaldo de CRANIMAX.<\/p>\n\n\n\n\t\t\t\t\n\t\t\t<\/div>\n\n\t\t\t\n\t\t\t\n\t\t\t\n\t\t<\/div>\n\t<\/div>\n<\/section>\n\n\n<div class=\"wp-block-group is-style-background-triangle-right is-layout-flow wp-block-group-is-layout-flow\"><div class=\"wp-block-group__inner-container\">\n<h2 class=\"wp-block-heading\">Descripci\u00f3n de la tecnolog\u00eda<\/h2>\n\n\n\n<p><strong><strong>PLANIFICACI\u00d3N PRECISA<\/strong><\/strong><\/p>\n\n\n\n<div class=\"wp-block-columns is-layout-flex wp-container-core-columns-layout-1 wp-block-columns-is-layout-flex\">\n<div class=\"wp-block-column is-layout-flow wp-block-column-is-layout-flow\">\n<p>Cada elevaci\u00f3n es \u00fanica. Desde lugares de trabajo muy estrechos hasta los m\u00e1s estrictos requisitos de seguridad, la planificaci\u00f3n es fundamental y CRANEbee es la soluci\u00f3n. Desarrollado por nuestro socio de confianza CRANIMAX, CRANEbee es un software de planificaci\u00f3n de elevaciones avanzado que le permite simular y optimizar las operaciones de la gr\u00faa usando modelos 3D detallados de sus gr\u00faas Tadano.<\/p>\n<\/div>\n\n\n\n<div class=\"wp-block-column is-layout-flow wp-block-column-is-layout-flow\">\n<p>CRANEbee no solo permite elegir la configuraci\u00f3n de gr\u00faa \u00f3ptima y visualizar el lugar de trabajo en 3D, sino que tambi\u00e9n ayuda a reducir el tiempo de preparaci\u00f3n, reducir los costes de transporte y aumentar la eficiencia en el lugar de trabajo. Para las gr\u00faas sobre orugas con pluma de celos\u00eda (CC) de Tadano incluye un modo de montaje \u00abErecting the crane\u00bb, que proporciona presiones sobre el suelo precisas durante el montaje de la gr\u00faa, todo ello conforme a las especificaciones oficiales del fabricante.<\/p>\n<\/div>\n\n\n\n<div class=\"wp-block-column is-layout-flow wp-block-column-is-layout-flow\">\n<figure class=\"wp-block-image size-large is-resized is-style-default\"><img decoding=\"async\" src=\"https:\/\/www.cranimax.com\/fileadmin\/_processed_\/1\/d\/csm_01-kranliste_b5f8f02496.png\" alt=\"\"\/><\/figure>\n<\/div>\n<\/div>\n\n\n\n<div class=\"wp-block-columns is-layout-flex wp-container-core-columns-layout-2 wp-block-columns-is-layout-flex\">\n<div class=\"wp-block-column is-layout-flow wp-block-column-is-layout-flow\" style=\"flex-basis:33.33%\">\n<figure class=\"wp-block-image size-large is-style-default\"><img decoding=\"async\" src=\"https:\/\/www.cranimax.com\/fileadmin\/_processed_\/4\/0\/csm_04-drohnen-1_1aa8389d69.png\" alt=\"\"\/><\/figure>\n<\/div>\n\n\n\n<div class=\"wp-block-column is-layout-flow wp-block-column-is-layout-flow\" style=\"flex-basis:66.66%\">\n<p><strong>SIMULACI\u00d3N REAL DEL LUGAR DE TRABAJO<\/strong><\/p>\n\n\n\n<p>Coloque su gr\u00faa Tadano sobre un emplazamiento en 2D o importe im\u00e1genes reales del lugar de trabajo para la planificaci\u00f3n. A continuaci\u00f3n, coloque obst\u00e1culos en 3D, compruebe si hay interferencias, calcule las presiones sobre el suelo y realice ajustes en tiempo real. Ya sea en un centro urbano o en una zona industrial con poco espacio, tendr\u00e1 la certeza de que la elevaci\u00f3n funcionar\u00e1, incluso antes de llegar al lugar.<\/p>\n\n\n\n<p><strong>CONFIGURACI\u00d3N \u00d3PTIMA, AUTOM\u00c1TICAMENTE<\/strong><\/p>\n\n\n\n<p>CRANEbee ayuda a seleccionar la mejor gr\u00faa y la mejor configuraci\u00f3n para su proyecto bas\u00e1ndose en cargas, radios, alturas y otros factores. Tambi\u00e9n se puede trabajar directamente con b\u00fasqueda de obst\u00e1culos o introducir par\u00e1metros de la gr\u00faa manualmente.<\/p>\n\n\n\n<p><strong><strong>NUEVAS CARACTER\u00cdSTICAS EXCLUSIVAS PARA LAS GR\u00daAS TADANO CC<\/strong><\/strong><\/p>\n\n\n\n<ul>\n<li><strong>Modo de montaje<\/strong>: Permite simular el montaje de la gr\u00faa y calcular la presi\u00f3n sobre el suelo exacta durante la preparaci\u00f3n; disponible de forma exclusiva para gr\u00faas sobre orugas con pluma de celos\u00eda (CC) de Tadano.<\/li>\n\n\n\n<li><strong>Interpolaci\u00f3n Superlift: <\/strong>Interpole libremente entre \u00e1ngulos de pluma y posiciones de lastre, visualizando y documentando todo en tiempo real.<\/li>\n\n\n\n<li><strong>Curva PLMin interpolada:<\/strong> Consulte la capacidad de carga m\u00ednima (PLMin) interpolada en funci\u00f3n de la carga, el radio y la condici\u00f3n de elevaci\u00f3n actual, directamente en el diagrama de cargas y en las impresiones.<\/li>\n\n\n\n<li><strong>Funciones de montaje mejoradas: <\/strong>El modo de montaje mejorado admite plumines telesc\u00f3picos, de celos\u00eda y m\u00e1s para una mayor precisi\u00f3n \u2013 optimizado para las gr\u00faas sobre orugas Tadano.<\/li>\n<\/ul>\n<\/div>\n<\/div>\n\n\n<section class=\"video-block\">\n  <div class=\"video-box\">\n        <a aria-labelledby=\"video-txt\" data-fancybox href=\"https:\/\/www.youtube.com\/watch?v=8Fl8GaDo-V8\" class=\"video\">\n      <span class=\"play-btn\"><\/span>\n              <div class=\"bg-stretch\" >\n          <span data-srcset=\"https:\/\/img.youtube.com\/vi\/8Fl8GaDo-V8\/hqdefault.jpg, https:\/\/img.youtube.com\/vi\/8Fl8GaDo-V8\/hqdefault.jpg 2x\"><\/span>\n        <\/div>\n          <\/a>\n    <div class=\"video-txt\">\n                    <a href=\"https:\/\/www.youtube.com\/watch?v=8Fl8GaDo-V8\" class=\"video-link\">Ver ahora<\/a>\n          <\/div>\n  <\/div>\n<\/section>\n\n\n<p><strong>EXPORTACI\u00d3N CAD Y PDF<\/strong><\/p>\n\n\n\n<p>Exporte su plan de elevaci\u00f3n f\u00e1cilmente a AutoCAD o genere una impresi\u00f3n profesional con todos los datos de planificaci\u00f3n fundamentales, incluyendo configuraciones de gr\u00faa, diagramas de cargas, presiones sobre el suelo y layout del lugar de trabajo. CRANEbee es completamente compatible con las versiones de AutoCAD 2018-2026.<\/p>\n\n\n\n<p><strong><strong>CARACTER\u00cdSTICAS PRINCIPALES<\/strong><\/strong><\/p>\n\n\n\n<ul>\n<li>Simulaci\u00f3n 3D de la gr\u00faa y el lugar de trabajo<\/li>\n\n\n\n<li>Selecci\u00f3n autom\u00e1tica de la gr\u00faa y la configuraci\u00f3n<\/li>\n\n\n\n<li>C\u00e1lculo de la presi\u00f3n sobre el suelo<\/li>\n\n\n\n<li>Exportaci\u00f3n CAD y PDF<\/li>\n\n\n\n<li>Capacidad de elevaci\u00f3n en t\u00e1ndem<\/li>\n\n\n\n<li>Compatible con m\u00e1s de 50 fabricantes de gr\u00faas, incluyendo la base de datos completa de las gr\u00faas sobre orugas Tadano<\/li>\n\n\n\n<li>Actualizaciones regulares y soporte t\u00e9cnico<\/li>\n<\/ul>\n\n\n\n<p><strong><strong>LICENCIAS Y ACCESO<\/strong><\/strong><\/p>\n\n\n\n<p>La licencia incluye:<\/p>\n\n\n\n<ul>\n<li>Revisiones de software<\/li>\n\n\n\n<li>Soporte t\u00e9cnico<\/li>\n\n\n\n<li>Configuraciones de gr\u00faa actualizadas y diagramas de cargas<\/li>\n\n\n\n<li>Acceso completo al modo de montaje, c\u00e1lculo de presiones sobre el suelo y caracter\u00edsticas CAD<\/li>\n<\/ul>\n\n\n\n<p>Nota: Cada modelo de gr\u00faa CC se puede registrar una sola vez.<\/p>\n\n\n\n<p>Para las gr\u00faas m\u00f3viles Tadano, CRANEbee est\u00e1 disponible como paquete de software de venta independiente en combinaci\u00f3n con la gr\u00faa.<\/p>\n\n\n\n<p><strong>COMIENCE A PLANIFICAR DE FORMA M\u00c1S INTELIGENTE<\/strong><\/p>\n\n\n\n<p>Tanto para presupuestar un trabajo como para preparar una elevaci\u00f3n compleja, CRANEbee le ayuda a que todo sea perfecto en el primer intento.<\/p>\n\n\n\n<p>Visite <strong><a href=\"http:\/\/www.cranimax.com\" target=\"_blank\" rel=\"noreferrer noopener\">www.cranimax.com<\/a><\/strong> para obtener m\u00e1s informaci\u00f3n o p\u00f3ngase en contacto con su representante Tadano para solicitar su licencia.<\/p>\n<\/div><\/div>\n","protected":false},"excerpt":{"rendered":"<p>Descripci\u00f3n de la tecnolog\u00eda PLANIFICACI\u00d3N PRECISA Cada elevaci\u00f3n es \u00fanica. Desde lugares de trabajo muy estrechos hasta los m\u00e1s estrictos requisitos de seguridad, la planificaci\u00f3n es fundamental y CRANEbee es la soluci\u00f3n. Desarrollado por nuestro socio de confianza CRANIMAX, CRANEbee es un software de planificaci\u00f3n de elevaciones avanzado que le permite simular y optimizar las [&hellip;]<\/p>\n","protected":false},"author":3,"featured_media":0,"parent":0,"menu_order":0,"comment_status":"closed","ping_status":"closed","template":"","meta":{"_acf_changed":false,"footnotes":""},"acf":[],"yoast_head":"<!-- This site is optimized with the Yoast SEO plugin v22.3 - https:\/\/yoast.com\/wordpress\/plugins\/seo\/ -->\n<title>CRANEbee<\/title>\n<meta name=\"robots\" content=\"index, follow, max-snippet:-1, max-image-preview:large, max-video-preview:-1\" \/>\n<link rel=\"canonical\" href=\"https:\/\/www.tadano.com\/uscan\/es\/cranebee\/\" \/>\n<meta property=\"og:locale\" content=\"es_ES\" \/>\n<meta property=\"og:type\" content=\"article\" \/>\n<meta property=\"og:title\" content=\"CRANEbee\" \/>\n<meta property=\"og:description\" content=\"Descripci\u00f3n de la tecnolog\u00eda PLANIFICACI\u00d3N PRECISA Cada elevaci\u00f3n es \u00fanica. Desde lugares de trabajo muy estrechos hasta los m\u00e1s estrictos requisitos de seguridad, la planificaci\u00f3n es fundamental y CRANEbee es la soluci\u00f3n. Desarrollado por nuestro socio de confianza CRANIMAX, CRANEbee es un software de planificaci\u00f3n de elevaciones avanzado que le permite simular y optimizar las [&hellip;]\" \/>\n<meta property=\"og:url\" content=\"https:\/\/www.tadano.com\/uscan\/es\/cranebee\/\" \/>\n<meta property=\"og:site_name\" content=\"US\/Canada\" \/>\n<meta property=\"article:modified_time\" content=\"2026-03-26T11:44:30+00:00\" \/>\n<meta property=\"og:image\" content=\"https:\/\/www.cranimax.com\/fileadmin\/_processed_\/1\/d\/csm_01-kranliste_b5f8f02496.png\" \/>\n<meta name=\"twitter:card\" content=\"summary_large_image\" \/>\n<meta name=\"twitter:label1\" content=\"Tiempo de lectura\" \/>\n\t<meta name=\"twitter:data1\" content=\"4 minutos\" \/>\n<script type=\"application\/ld+json\" class=\"yoast-schema-graph\">{\"@context\":\"https:\/\/schema.org\",\"@graph\":[{\"@type\":\"WebPage\",\"@id\":\"https:\/\/www.tadano.com\/uscan\/es\/cranebee\/\",\"url\":\"https:\/\/www.tadano.com\/uscan\/es\/cranebee\/\",\"name\":\"CRANEbee\",\"isPartOf\":{\"@id\":\"https:\/\/www.tadano.com\/uscan\/en\/#website\"},\"primaryImageOfPage\":{\"@id\":\"https:\/\/www.tadano.com\/uscan\/es\/cranebee\/#primaryimage\"},\"image\":{\"@id\":\"https:\/\/www.tadano.com\/uscan\/es\/cranebee\/#primaryimage\"},\"thumbnailUrl\":\"https:\/\/www.cranimax.com\/fileadmin\/_processed_\/1\/d\/csm_01-kranliste_b5f8f02496.png\",\"datePublished\":\"2025-08-12T11:17:39+00:00\",\"dateModified\":\"2026-03-26T11:44:30+00:00\",\"inLanguage\":\"es\",\"potentialAction\":[{\"@type\":\"ReadAction\",\"target\":[\"https:\/\/www.tadano.com\/uscan\/es\/cranebee\/\"]}]},{\"@type\":\"ImageObject\",\"inLanguage\":\"es\",\"@id\":\"https:\/\/www.tadano.com\/uscan\/es\/cranebee\/#primaryimage\",\"url\":\"https:\/\/www.cranimax.com\/fileadmin\/_processed_\/1\/d\/csm_01-kranliste_b5f8f02496.png\",\"contentUrl\":\"https:\/\/www.cranimax.com\/fileadmin\/_processed_\/1\/d\/csm_01-kranliste_b5f8f02496.png\"},{\"@type\":\"WebSite\",\"@id\":\"https:\/\/www.tadano.com\/uscan\/en\/#website\",\"url\":\"https:\/\/www.tadano.com\/uscan\/en\/\",\"name\":\"US\/Canada\",\"description\":\"Just another TADANO EUROPE site\",\"potentialAction\":[{\"@type\":\"SearchAction\",\"target\":{\"@type\":\"EntryPoint\",\"urlTemplate\":\"https:\/\/www.tadano.com\/uscan\/en\/?s={search_term_string}\"},\"query-input\":\"required name=search_term_string\"}],\"inLanguage\":\"es\"}]}<\/script>\n<!-- \/ Yoast SEO plugin. -->","yoast_head_json":{"title":"CRANEbee","robots":{"index":"index","follow":"follow","max-snippet":"max-snippet:-1","max-image-preview":"max-image-preview:large","max-video-preview":"max-video-preview:-1"},"canonical":"https:\/\/www.tadano.com\/uscan\/es\/cranebee\/","og_locale":"es_ES","og_type":"article","og_title":"CRANEbee","og_description":"Descripci\u00f3n de la tecnolog\u00eda PLANIFICACI\u00d3N PRECISA Cada elevaci\u00f3n es \u00fanica. Desde lugares de trabajo muy estrechos hasta los m\u00e1s estrictos requisitos de seguridad, la planificaci\u00f3n es fundamental y CRANEbee es la soluci\u00f3n. Desarrollado por nuestro socio de confianza CRANIMAX, CRANEbee es un software de planificaci\u00f3n de elevaciones avanzado que le permite simular y optimizar las [&hellip;]","og_url":"https:\/\/www.tadano.com\/uscan\/es\/cranebee\/","og_site_name":"US\/Canada","article_modified_time":"2026-03-26T11:44:30+00:00","og_image":[{"url":"https:\/\/www.cranimax.com\/fileadmin\/_processed_\/1\/d\/csm_01-kranliste_b5f8f02496.png"}],"twitter_card":"summary_large_image","twitter_misc":{"Tiempo de lectura":"4 minutos"},"schema":{"@context":"https:\/\/schema.org","@graph":[{"@type":"WebPage","@id":"https:\/\/www.tadano.com\/uscan\/es\/cranebee\/","url":"https:\/\/www.tadano.com\/uscan\/es\/cranebee\/","name":"CRANEbee","isPartOf":{"@id":"https:\/\/www.tadano.com\/uscan\/en\/#website"},"primaryImageOfPage":{"@id":"https:\/\/www.tadano.com\/uscan\/es\/cranebee\/#primaryimage"},"image":{"@id":"https:\/\/www.tadano.com\/uscan\/es\/cranebee\/#primaryimage"},"thumbnailUrl":"https:\/\/www.cranimax.com\/fileadmin\/_processed_\/1\/d\/csm_01-kranliste_b5f8f02496.png","datePublished":"2025-08-12T11:17:39+00:00","dateModified":"2026-03-26T11:44:30+00:00","inLanguage":"es","potentialAction":[{"@type":"ReadAction","target":["https:\/\/www.tadano.com\/uscan\/es\/cranebee\/"]}]},{"@type":"ImageObject","inLanguage":"es","@id":"https:\/\/www.tadano.com\/uscan\/es\/cranebee\/#primaryimage","url":"https:\/\/www.cranimax.com\/fileadmin\/_processed_\/1\/d\/csm_01-kranliste_b5f8f02496.png","contentUrl":"https:\/\/www.cranimax.com\/fileadmin\/_processed_\/1\/d\/csm_01-kranliste_b5f8f02496.png"},{"@type":"WebSite","@id":"https:\/\/www.tadano.com\/uscan\/en\/#website","url":"https:\/\/www.tadano.com\/uscan\/en\/","name":"US\/Canada","description":"Just another TADANO EUROPE site","potentialAction":[{"@type":"SearchAction","target":{"@type":"EntryPoint","urlTemplate":"https:\/\/www.tadano.com\/uscan\/en\/?s={search_term_string}"},"query-input":"required name=search_term_string"}],"inLanguage":"es"}]}},"_links":{"self":[{"href":"https:\/\/www.tadano.com\/uscan\/es\/wp-json\/wp\/v2\/pages\/26837"}],"collection":[{"href":"https:\/\/www.tadano.com\/uscan\/es\/wp-json\/wp\/v2\/pages"}],"about":[{"href":"https:\/\/www.tadano.com\/uscan\/es\/wp-json\/wp\/v2\/types\/page"}],"author":[{"embeddable":true,"href":"https:\/\/www.tadano.com\/uscan\/es\/wp-json\/wp\/v2\/users\/3"}],"replies":[{"embeddable":true,"href":"https:\/\/www.tadano.com\/uscan\/es\/wp-json\/wp\/v2\/comments?post=26837"}],"version-history":[{"count":2,"href":"https:\/\/www.tadano.com\/uscan\/es\/wp-json\/wp\/v2\/pages\/26837\/revisions"}],"predecessor-version":[{"id":27518,"href":"https:\/\/www.tadano.com\/uscan\/es\/wp-json\/wp\/v2\/pages\/26837\/revisions\/27518"}],"wp:attachment":[{"href":"https:\/\/www.tadano.com\/uscan\/es\/wp-json\/wp\/v2\/media?parent=26837"}],"curies":[{"name":"wp","href":"https:\/\/api.w.org\/{rel}","templated":true}]}}