{"id":27072,"date":"2025-10-30T09:37:26","date_gmt":"2025-10-30T09:37:26","guid":{"rendered":"https:\/\/www.tadano.com\/uscan\/terminos-y-condiciones-estandar-de-uso\/"},"modified":"2026-02-02T10:31:29","modified_gmt":"2026-02-02T10:31:29","slug":"terminos-y-condiciones-estandar-de-uso","status":"publish","type":"page","link":"https:\/\/www.tadano.com\/uscan\/es\/terminos-y-condiciones-estandar-de-uso\/","title":{"rendered":"T\u00e9rminos y condiciones est\u00e1ndar de uso"},"content":{"rendered":"\n<p>Le informamos que el uso de todos los archivos CAD est\u00e1 sujeto a los t\u00e9rminos de uso de Tadano.<br>Estos T\u00e9rminos de uso establecen las condiciones aplicables a los datos y servicios ofrecidos por el Grupo Tadano en este sitio web.<br>Le rogamos que cumpla este acuerdo en relaci\u00f3n con el uso de los datos y servicios proporcionados en este sitio web.<\/p>\n\n\n\n<h2 class=\"wp-block-heading\">I. Uso de los datos y limitaci\u00f3n de responsabilidad:<\/h2>\n\n\n\n<p>Todas las noticias, datos, servicios y dem\u00e1s informaciones publicadas en el sitio web son propiedad de la Empresa. Dicha informaci\u00f3n no podr\u00e1 divulgarse sin el consentimiento previo y por escrito de la Empresa, independientemente de que se encuentre en formato impreso o electr\u00f3nico.<\/p>\n\n\n\n<p>Los datos publicados en el sitio web (los \u00abDatos\u00bb) son propiedad exclusiva de la Empresa. Al utilizar el sitio web, el Usuario confirma que acepta los siguientes t\u00e9rminos:<\/p>\n\n\n\n<ol>\n<li>La Empresa proporciona los datos con el fin de planificar o visualizar el uso, movimiento, mantenimiento o funcionamiento de la m\u00e1quina. Los Datos se proporcionan \u00fanicamente a t\u00edtulo de referencia y pueden diferir de la maquinaria real.<\/li>\n\n\n\n<li>El Usuario es responsable de evaluar y asume todos los riesgos asociados con el uso de los Datos, incluidos los relativos a la exactitud, integridad o idoneidad de dichos Datos.<\/li>\n\n\n\n<li>La Empresa no ser\u00e1 responsable en ning\u00fan caso, sin limitaci\u00f3n, de errores u omisiones en los Datos, ni de ninguna p\u00e9rdida o da\u00f1o que resulte del uso de los Datos, incluidos los da\u00f1os causados por virus inform\u00e1ticos o c\u00f3digos maliciosos.<\/li>\n\n\n\n<li>La Empresa no ser\u00e1 responsable en ning\u00fan caso de da\u00f1os directos o indirectos sufridos por el Usuario o por terceros, incluidos, sin limitaci\u00f3n, la p\u00e9rdida de beneficios, gastos, p\u00e9rdida de datos, p\u00e9rdida de paquetes de software o da\u00f1os o p\u00e9rdida de hardware, as\u00ed como los costes incurridos para mitigar, recuperar, reproducir o reparar dichas p\u00e9rdidas o da\u00f1os.<\/li>\n\n\n\n<li>Al utilizar los datos CAD proporcionados, el Usuario entiende que la deflexi\u00f3n de la pluma no est\u00e1 incluida en los modelos. Los modelos est\u00e1n destinados \u00fanicamente a representar los productos ofrecidos por la Empresa.<\/li>\n<\/ol>\n\n\n\n<h2 class=\"wp-block-heading\">II. Limitaciones de uso:<\/h2>\n\n\n\n<p>El Usuario podr\u00e1 utilizar los Datos \u00fanicamente con el fin de planificar o visualizar el uso, movimiento, mantenimiento o funcionamiento de la m\u00e1quina. Salvo que el Usuario haya recibido el consentimiento previo y por escrito de la Empresa, no podr\u00e1 (i) distribuir los Datos como parte de un servicio externo, (ii) copiar o publicar los Datos en cualquier sitio web, (iii) distribuir los Datos en cualquier medio de almacenamiento, o (iv) utilizar los Datos con el objetivo de competir con el servicio del sitio web. Sin limitar lo anterior, el Usuario se compromete a no utilizar el servicio del sitio web para:<\/p>\n\n\n\n<p>Tal como se indica a continuaci\u00f3n, descargar, publicar o transmitir de cualquier manera datos o contenidos que sean ilegales, perjudiciales, amenazantes, abusivos, acosadores, delictivos, difamatorios, vulgares, obscenos, invasivos de la privacidad, odiosos o reprobables por motivos raciales, \u00e9ticos u otros.<\/p>\n\n\n\n<ul>\n<li>Causar da\u00f1o a menores de cualquier forma.<\/li>\n<\/ul>\n\n\n\n<ul>\n<li>Suplantar la identidad de otra persona o entidad, o presentar declaraciones enga\u00f1osas o falsas sobre la afiliaci\u00f3n del Usuario o de la Empresa con una persona o entidad. \u2022 Falsificar encabezados o manipular identificadores de cualquier otra forma con el fin de ocultar el origen de los Datos enviados a trav\u00e9s del servicio.<\/li>\n\n\n\n<li>Descargar, publicar o transmitir de cualquier forma contenidos que infrinjan patentes, marcas registradas, secretos comerciales, derechos de autor u otros derechos exclusivos de terceros.<\/li>\n\n\n\n<li>Descargar, publicar o transmitir de cualquier forma cualquier tipo de publicidad no solicitada o no autorizada, materiales promocionales, comunicaciones no deseadas o cualquier otra forma de solicitud.<\/li>\n\n\n\n<li>Descargar, publicar o transmitir de cualquier forma material que contenga virus inform\u00e1ticos u otro c\u00f3digo, archivo o programa dise\u00f1ado para interrumpir, destruir o restringir el uso normal de software, hardware o dispositivos de telecomunicaciones.<\/li>\n\n\n\n<li>Obstaculizar o interrumpir el servicio del sitio web o los servidores o redes conectados a dicho servicio, o infringir las condiciones, procedimientos, pol\u00edticas o normativas que rigen las redes asociadas al servicio del sitio web.<\/li>\n\n\n\n<li>Acosar a otro usuario del sitio web de cualquier forma.<\/li>\n\n\n\n<li>Recopilar o almacenar datos personales de otros usuarios del sitio web.<\/li>\n\n\n\n<li>Utilizar el sitio web como espacio de almacenamiento para fines de carga remota o como puerta de enlace a otra p\u00e1gina de inicio dentro o fuera del sitio web.<\/li>\n<\/ul>\n\n\n\n<h2 class=\"wp-block-heading\">III. Enlaces a sitios web de terceros:<\/h2>\n\n\n\n<p>El sitio web puede contener enlaces directos o indirectos (hiperv\u00ednculos) a otros sitios web, p\u00e1ginas de inicio o p\u00e1ginas web (colectivamente, \u00abOtros Sitios\u00bb). La Empresa ofrece dichos enlaces \u00fanicamente como una comodidad para los usuarios del sitio web. Los operadores o proveedores de dichos Otros Sitios son los \u00fanicos responsables de su contenido e informaci\u00f3n. En la medida en que dichos Otros Sitios est\u00e9n fuera del control razonable de la Empresa, la existencia de un hiperv\u00ednculo en el sitio web no implica que su contenido (o el contenido del correspondiente Otro Sitio) haya sido aprobado por la Empresa. Por lo tanto, la Empresa no ser\u00e1 responsable en ning\u00fan caso de cualquier p\u00e9rdida o da\u00f1o que resulte del uso de dichos hiperv\u00ednculos u Otros Sitios.<\/p>\n\n\n\n<h2 class=\"wp-block-heading\">IV. Tratamiento de datos personales:<\/h2>\n\n\n\n<p>Al adquirir datos CAD, el Usuario deber\u00e1 responder a un cuestionario. En este caso, el Usuario acepta proporcionar informaci\u00f3n personal exacta (nacionalidad, lugar de trabajo, tipo de industria, finalidad del uso de los datos CAD, software CAD 3D utilizado actualmente y direcci\u00f3n de correo electr\u00f3nico). El Usuario acepta que la informaci\u00f3n personal pueda ser transferida a nuestras filiales, subsidiarias y empresas asociadas con el fin de mejorar nuestros servicios.<br>La cuenta del Usuario deber\u00e1 ser utilizada \u00fanicamente por la persona que se haya registrado con ese nombre y direcci\u00f3n de correo electr\u00f3nico. Los usuarios del sitio web no est\u00e1n autorizados a utilizar cuentas distintas de la suya propia. El Usuario es informado de que los fabricantes de componentes registrados en el sitio web solo reciben datos sobre los usuarios que hayan descargado datos de sus respectivos cat\u00e1logos.<\/p>\n\n\n\n<h2 class=\"wp-block-heading\">V. Derecho a eliminar o deshabilitar el acceso:<\/h2>\n\n\n\n<p>La Empresa se reserva el derecho de finalizar el acceso si el Usuario incumple estos T\u00e9rminos y Condiciones Est\u00e1ndar.<br>La Empresa tendr\u00e1 el derecho, pero no la obligaci\u00f3n, de finalizar o deshabilitar el acceso a cualquier Dato, con efecto inmediato, si dicho Dato es (i) difamatorio, obsceno, violento, ofensivo o de cualquier otra forma inaceptable, indeseable o reprobable, a la entera discreci\u00f3n de la Empresa; (ii) contrario a cualquier ley, normativa o derecho de terceros, incluidos, sin limitaci\u00f3n, los derechos de autor y las leyes que proh\u00edben la calumnia, la difamaci\u00f3n y la invasi\u00f3n de la privacidad; o (iii) contrario a las limitaciones de uso anteriores y puesto en conocimiento de la Empresa.<\/p>\n\n\n\n<h2 class=\"wp-block-heading\">VI. Notificaciones:<\/h2>\n\n\n\n<p>El Usuario acepta que cualquier notificaci\u00f3n realizada por la Empresa de conformidad con estos T\u00e9rminos y Condiciones Est\u00e1ndar sea enviada al Usuario por correo electr\u00f3nico en texto sin formato.<\/p>\n\n\n\n<p>Sin limitar lo anterior, esta disposici\u00f3n se aplicar\u00e1 tambi\u00e9n a correos electr\u00f3nicos que puedan contener datos confidenciales del Usuario, incluida su contrase\u00f1a, en caso de que haya sido olvidada y solicitada por el Usuario.<\/p>\n\n\n\n<h2 class=\"wp-block-heading\">VII. Servicios de Tadano y garant\u00eda:<\/h2>\n\n\n\n<p>La Empresa tiene la intenci\u00f3n de ofrecer el mejor rendimiento posible para proporcionar al Usuario un sitio web y servicios fiables;<br>no obstante, el Usuario reconoce que la seguridad de los datos en Internet no puede garantizarse plenamente.<br>Por lo tanto, los servicios se proporcionan \u00abtal cual\u00bb y, dado que la disponibilidad del sitio web no puede garantizarse en todo momento debido a las condiciones t\u00e9cnicas inherentes a Internet y a su uso, la Empresa no ser\u00e1 responsable de ninguna p\u00e9rdida o da\u00f1o sufrido por el Usuario o por terceros como consecuencia de interrupciones del servicio, indisponibilidad o mantenimiento del sitio web, fallos en la conexi\u00f3n a Internet (o su p\u00e9rdida) o cualquier otro evento o circunstancia.<\/p>\n\n\n\n<h2 class=\"wp-block-heading\">Acerca de los datos BIM<\/h2>\n\n\n\n<ol>\n<li>Los archivos BIM proporcionados por la Empresa est\u00e1n en formato Autodesk\u00ae Revit\u00ae RFA.<\/li>\n\n\n\n<li>Las versiones disponibles de los archivos RFA se enumeran en la p\u00e1gina de descarga.<\/li>\n\n\n\n<li>Los archivos BIM proporcionados por la Empresa han sido comprimidos para reducir el tama\u00f1o del archivo. En consecuencia, la Empresa no puede garantizar la exactitud de la informaci\u00f3n. La informaci\u00f3n contenida en los archivos BIM proporcionados por la Empresa se ofrece \u00fanicamente a t\u00edtulo de referencia.<\/li>\n\n\n\n<li>La Empresa no garantiza la exactitud de las condiciones de restricci\u00f3n, como los rangos de movimiento, tal como se definen en los archivos BIM proporcionados por la Empresa.<\/li>\n<\/ol>\n\n","protected":false},"excerpt":{"rendered":"<p>Le informamos que el uso de todos los archivos CAD est\u00e1 sujeto a los t\u00e9rminos de uso de Tadano.Estos T\u00e9rminos de uso establecen las condiciones aplicables a los datos y servicios ofrecidos por el Grupo Tadano en este sitio web.Le rogamos que cumpla este acuerdo en relaci\u00f3n con el uso de los datos y servicios [&hellip;]<\/p>\n","protected":false},"author":3,"featured_media":0,"parent":0,"menu_order":0,"comment_status":"closed","ping_status":"closed","template":"","meta":{"_acf_changed":false,"footnotes":""},"acf":[],"yoast_head":"<!-- This site is optimized with the Yoast SEO plugin v22.3 - https:\/\/yoast.com\/wordpress\/plugins\/seo\/ -->\n<title>T\u00e9rminos y condiciones est\u00e1ndar de uso - US\/Canada<\/title>\n<meta name=\"robots\" content=\"index, follow, max-snippet:-1, max-image-preview:large, max-video-preview:-1\" \/>\n<link rel=\"canonical\" href=\"https:\/\/www.tadano.com\/uscan\/en\/standard-terms-and-conditions-of-use\/\" \/>\n<meta property=\"og:locale\" content=\"es_ES\" \/>\n<meta property=\"og:type\" content=\"article\" \/>\n<meta property=\"og:title\" content=\"T\u00e9rminos y condiciones est\u00e1ndar de uso - US\/Canada\" \/>\n<meta property=\"og:description\" content=\"Le informamos que el uso de todos los archivos CAD est\u00e1 sujeto a los t\u00e9rminos de uso de Tadano.Estos T\u00e9rminos de uso establecen las condiciones aplicables a los datos y servicios ofrecidos por el Grupo Tadano en este sitio web.Le rogamos que cumpla este acuerdo en relaci\u00f3n con el uso de los datos y servicios [&hellip;]\" \/>\n<meta property=\"og:url\" content=\"https:\/\/www.tadano.com\/uscan\/en\/standard-terms-and-conditions-of-use\/\" \/>\n<meta property=\"og:site_name\" content=\"US\/Canada\" \/>\n<meta property=\"article:modified_time\" content=\"2026-02-02T10:31:29+00:00\" \/>\n<meta name=\"twitter:card\" content=\"summary_large_image\" \/>\n<script type=\"application\/ld+json\" class=\"yoast-schema-graph\">{\"@context\":\"https:\/\/schema.org\",\"@graph\":[{\"@type\":\"WebPage\",\"@id\":\"https:\/\/www.tadano.com\/uscan\/en\/standard-terms-and-conditions-of-use\/\",\"url\":\"https:\/\/www.tadano.com\/uscan\/en\/standard-terms-and-conditions-of-use\/\",\"name\":\"T\u00e9rminos y condiciones est\u00e1ndar de uso - US\/Canada\",\"isPartOf\":{\"@id\":\"https:\/\/www.tadano.com\/uscan\/en\/#website\"},\"datePublished\":\"2025-10-30T09:37:26+00:00\",\"dateModified\":\"2026-02-02T10:31:29+00:00\",\"inLanguage\":\"es\",\"potentialAction\":[{\"@type\":\"ReadAction\",\"target\":[\"https:\/\/www.tadano.com\/uscan\/en\/standard-terms-and-conditions-of-use\/\"]}]},{\"@type\":\"WebSite\",\"@id\":\"https:\/\/www.tadano.com\/uscan\/en\/#website\",\"url\":\"https:\/\/www.tadano.com\/uscan\/en\/\",\"name\":\"US\/Canada\",\"description\":\"Just another TADANO EUROPE site\",\"potentialAction\":[{\"@type\":\"SearchAction\",\"target\":{\"@type\":\"EntryPoint\",\"urlTemplate\":\"https:\/\/www.tadano.com\/uscan\/en\/?s={search_term_string}\"},\"query-input\":\"required name=search_term_string\"}],\"inLanguage\":\"es\"}]}<\/script>\n<!-- \/ Yoast SEO plugin. -->","yoast_head_json":{"title":"T\u00e9rminos y condiciones est\u00e1ndar de uso - US\/Canada","robots":{"index":"index","follow":"follow","max-snippet":"max-snippet:-1","max-image-preview":"max-image-preview:large","max-video-preview":"max-video-preview:-1"},"canonical":"https:\/\/www.tadano.com\/uscan\/en\/standard-terms-and-conditions-of-use\/","og_locale":"es_ES","og_type":"article","og_title":"T\u00e9rminos y condiciones est\u00e1ndar de uso - US\/Canada","og_description":"Le informamos que el uso de todos los archivos CAD est\u00e1 sujeto a los t\u00e9rminos de uso de Tadano.Estos T\u00e9rminos de uso establecen las condiciones aplicables a los datos y servicios ofrecidos por el Grupo Tadano en este sitio web.Le rogamos que cumpla este acuerdo en relaci\u00f3n con el uso de los datos y servicios [&hellip;]","og_url":"https:\/\/www.tadano.com\/uscan\/en\/standard-terms-and-conditions-of-use\/","og_site_name":"US\/Canada","article_modified_time":"2026-02-02T10:31:29+00:00","twitter_card":"summary_large_image","schema":{"@context":"https:\/\/schema.org","@graph":[{"@type":"WebPage","@id":"https:\/\/www.tadano.com\/uscan\/en\/standard-terms-and-conditions-of-use\/","url":"https:\/\/www.tadano.com\/uscan\/en\/standard-terms-and-conditions-of-use\/","name":"T\u00e9rminos y condiciones est\u00e1ndar de uso - US\/Canada","isPartOf":{"@id":"https:\/\/www.tadano.com\/uscan\/en\/#website"},"datePublished":"2025-10-30T09:37:26+00:00","dateModified":"2026-02-02T10:31:29+00:00","inLanguage":"es","potentialAction":[{"@type":"ReadAction","target":["https:\/\/www.tadano.com\/uscan\/en\/standard-terms-and-conditions-of-use\/"]}]},{"@type":"WebSite","@id":"https:\/\/www.tadano.com\/uscan\/en\/#website","url":"https:\/\/www.tadano.com\/uscan\/en\/","name":"US\/Canada","description":"Just another TADANO EUROPE site","potentialAction":[{"@type":"SearchAction","target":{"@type":"EntryPoint","urlTemplate":"https:\/\/www.tadano.com\/uscan\/en\/?s={search_term_string}"},"query-input":"required name=search_term_string"}],"inLanguage":"es"}]}},"_links":{"self":[{"href":"https:\/\/www.tadano.com\/uscan\/es\/wp-json\/wp\/v2\/pages\/27072"}],"collection":[{"href":"https:\/\/www.tadano.com\/uscan\/es\/wp-json\/wp\/v2\/pages"}],"about":[{"href":"https:\/\/www.tadano.com\/uscan\/es\/wp-json\/wp\/v2\/types\/page"}],"author":[{"embeddable":true,"href":"https:\/\/www.tadano.com\/uscan\/es\/wp-json\/wp\/v2\/users\/3"}],"replies":[{"embeddable":true,"href":"https:\/\/www.tadano.com\/uscan\/es\/wp-json\/wp\/v2\/comments?post=27072"}],"version-history":[{"count":1,"href":"https:\/\/www.tadano.com\/uscan\/es\/wp-json\/wp\/v2\/pages\/27072\/revisions"}],"predecessor-version":[{"id":27156,"href":"https:\/\/www.tadano.com\/uscan\/es\/wp-json\/wp\/v2\/pages\/27072\/revisions\/27156"}],"wp:attachment":[{"href":"https:\/\/www.tadano.com\/uscan\/es\/wp-json\/wp\/v2\/media?parent=27072"}],"curies":[{"name":"wp","href":"https:\/\/api.w.org\/{rel}","templated":true}]}}