{"id":27133,"date":"2026-01-15T14:41:48","date_gmt":"2026-01-15T14:41:48","guid":{"rendered":"https:\/\/www.tadano.com\/uscan\/cookie-policy-2\/"},"modified":"2026-01-28T16:38:40","modified_gmt":"2026-01-28T16:38:40","slug":"politica-de-cookies","status":"publish","type":"page","link":"https:\/\/www.tadano.com\/uscan\/es\/politica-de-cookies\/","title":{"rendered":"Pol\u00edtica de cookies"},"content":{"rendered":"\n<h2 class=\"wp-block-heading\">Pol\u00edtica de cookies<\/h2>\n\n\n\n<h2 class=\"wp-block-heading\"><strong>Cookies, herramientas de seguimiento y an\u00e1lisis<\/strong><\/h2>\n\n\n\n<p>En Tadano utilizamos cookies en nuestro sitio web. Las cookies son peque\u00f1os archivos que enviamos al navegador de su dispositivo terminal y que se almacenan all\u00ed durante su visita a nuestras p\u00e1ginas web. Algunas funciones de nuestro sitio web no pueden ofrecerse sin el uso de cookies t\u00e9cnicamente necesarias. Otras cookies nos permiten realizar diversos an\u00e1lisis. Por ejemplo, las cookies pueden reconocer el navegador que utiliza cuando vuelve a visitar nuestro sitio web y transmitirnos diversa informaci\u00f3n. Podemos utilizar cookies para hacer que nuestra oferta en l\u00ednea sea m\u00e1s f\u00e1cil de usar y m\u00e1s eficaz, por ejemplo, analizando el uso que hace de nuestro sitio web y determinando sus preferencias (p. ej., configuraci\u00f3n de pa\u00eds e idioma). En caso de que terceros utilicen cookies para procesar informaci\u00f3n, estos recopilan la informaci\u00f3n directamente desde su navegador. Las cookies no causan ning\u00fan da\u00f1o a su dispositivo. No pueden ejecutar programas ni contener virus.<br>Antes de instalar cookies que no sean t\u00e9cnicamente necesarias en nuestro sitio web, obtenemos su consentimiento a trav\u00e9s del banner de cookies. Por supuesto, puede cambiar sus preferencias en cualquier momento en la configuraci\u00f3n de cookies.<br>Para obtener m\u00e1s informaci\u00f3n sobre otros datos personales que podamos tratar sobre usted, sus derechos como interesado y nuestros datos de contacto, consulte nuestra <a href=\"https:\/\/www.tadano.com\/uscan\/es\/politica-de-privacidad\/\">Pol\u00edtica de privacidad<\/a>.<\/p>\n\n\n\n<h2 class=\"wp-block-heading\"><strong>1. Cookies t\u00e9cnicamente necesarias<\/strong><\/h2>\n\n\n\n<p>Estas cookies son necesarias por razones t\u00e9cnicas para que pueda visitar nuestro sitio web y utilizar las funciones que ofrecemos. Adem\u00e1s, permiten un uso seguro y correcto de nuestro sitio web. Las cookies t\u00e9cnicamente necesarias est\u00e1n siempre activas.<br>Las siguientes cookies necesarias se almacenan al visitar nuestro sitio web y sus subdominios:<\/p>\n\n\n<section class=\"table\">\n    <div class=\"container\">\n        <table border=\"1\"><tbody><tr class=\"thead\"><td>Proveedor<\/td><td>Nombre<\/td><td>Finalidad<\/td><td>Periodo de conservaci\u00f3n<\/td><\/tr><tr><td>Tadano<\/td><td>CookieConsent<\/td><td>Se utiliza para almacenar el estado del consentimiento de cookies del usuario<\/td><td>1 a\u00f1o<\/td><\/tr><tr><td>Tadano<\/td><td>tdvp_https:\/\/#_#_#_#_#_#.png?v=#<\/td><td>Se utiliza en el contexto de la funci\u00f3n de vista 3D del sitio web<\/td><td>Persistente<\/td><\/tr><tr><td>Tadano<\/td><td>test<\/td><td>Se utiliza para detectar si el visitante ha aceptado la categor\u00eda de marketing en el banner de cookies<\/td><td>Persistente<\/td><\/tr><tr><td>Tadano<\/td><td>wpEmojiSettingsSupports<\/td><td>Esta cookie forma parte de un conjunto de cookies destinadas a la entrega y presentaci\u00f3n de contenidos<\/td><td>Sesi\u00f3n<\/td><\/tr><tr><td>LinkedIn<\/td><td>bcookie<\/td><td>Se utiliza para detectar spam y mejorar la seguridad del sitio web<\/td><td>1 a\u00f1o<\/td><\/tr><tr><td>LinkedIn<\/td><td>li_gc<\/td><td>Almacena el estado de consentimiento de cookies del usuario para el dominio actual<\/td><td>180 d\u00edas<\/td><\/tr><tr><td>Vimeo<\/td><td>_cfuvid<\/td><td>Apoya el equilibrio de carga, la entrega de contenido del sitio web y la provisi\u00f3n de conexiones DNS<\/td><td>Sesi\u00f3n<\/td><\/tr><tr><td>Webseminare.biz<\/td><td>PHPSESSID<\/td><td>Mantiene el estado de la sesi\u00f3n del usuario entre las solicitudes de p\u00e1gina<\/td><td>1 d\u00eda<\/td><\/tr><tr><td>LinkedIn<\/td><td>lidc<\/td><td>Registra el cl\u00faster de servidores que atiende al visitante para optimizar la experiencia del usuario<\/td><td>1 d\u00eda<\/td><\/tr><tr><td>Tadano<\/td><td>lastRegion<\/td><td>Se utiliza para realizar un seguimiento de la \u00faltima regi\u00f3n visitada por el usuario<\/td><td>90 d\u00edas<\/td><\/tr><tr><td>Tadano<\/td><td>lastLanguage<\/td><td>Se utiliza para realizar un seguimiento del idioma utilizado durante la visita<\/td><td>90 d\u00edas<\/td><\/tr><\/tbody><\/table>    <\/div>\n<\/section>\n\n\n<p><br><\/p>\n\n\n\n<h2 class=\"wp-block-heading\"><strong>2. Cookies relacionados con el rendimiento, el seguimiento y el an\u00e1lisis<\/strong><\/h2>\n\n\n\n<p>Estas cookies nos permiten analizar la forma en que utiliza nuestro sitio web y, de este modo, mejorar su rendimiento y funcionalidad. La informaci\u00f3n recopilada se refiere, entre otras cosas, a la manera en que los visitantes utilizan nuestro sitio web, qu\u00e9 p\u00e1ginas se visitan con mayor frecuencia y si determinadas p\u00e1ginas muestran mensajes de error. En algunos casos, estas cookies pueden mejorar la velocidad con la que podemos procesar sus solicitudes, ya que nos permiten recordar las preferencias del sitio que usted ha seleccionado. Si se selecciona este grupo de cookies, la informaci\u00f3n recopilada sobre usted puede transferirse fuera del Espacio Econ\u00f3mico Europeo, en particular a los Estados Unidos, tal como se describe en esta Pol\u00edtica de privacidad. Cualquier tratamiento o transferencia ileg\u00edtima posterior de sus datos causada por los proveedores de estas cookies no puede ser evitada por nosotros y, por lo tanto, queda fuera de nuestro \u00e1mbito de influencia.<br>Las siguientes cookies relacionadas con el rendimiento se almacenan al visitar nuestro sitio web y sus subdominios:<\/p>\n\n\n\n<p><br><\/p>\n\n\n<section class=\"table\">\n    <div class=\"container\">\n        <table border=\"1\"><tbody><tr class=\"thead\"><td>Provider<\/td><td>Name<\/td><td>Purpose<\/td><td>Storage Period<\/td><\/tr><tr><td>Tadano<\/td><td>last_pys_utm_campaign<\/td><td>Used to track visitors on multiple websites, in order to present relevant advertisement based on the visitor&#8217;s preferences<\/td><td>Session<\/td><\/tr><tr><td>Tadano<\/td><td>last_pys_utm_medium<\/td><td>Used to track visitors on multiple websites, in order to present relevant advertisement based on the visitor&#8217;s preferences<\/td><td>Session<\/td><\/tr><tr><td>Tadano<\/td><td>pys_bingid<\/td><td>Registers statistical data on users&#8217; behaviour on the website<\/td><td>Session<\/td><\/tr><tr><td>Tadano<\/td><td>pys_fbadid<\/td><td>Registers statistical data on users&#8217; behaviour on the website<\/td><td>Session<\/td><\/tr><tr><td>Tadano<\/td><td>pys_gadid<\/td><td>Registers statistical data on users&#8217; behaviour on the website<\/td><td>Session<\/td><\/tr><tr><td>Tadano<\/td><td>pys_padid<\/td><td>Registers statistical data on users&#8217; behaviour on the website<\/td><td>Session<\/td><\/tr><tr><td>Tadano<\/td><td>pys_utm_campaign<\/td><td>Registers statistical data on users&#8217; behaviour on the website<\/td><td>Session<\/td><\/tr><tr><td>Tadano<\/td><td>pys_utm_content<\/td><td>Registers statistical data on users&#8217; behaviour on the website<\/td><td>Session<\/td><\/tr><tr><td>Tadano<\/td><td>pys_utm_medium<\/td><td>Registers statistical data on users&#8217; behaviour on the website<\/td><td>Session<\/td><\/tr><tr><td>Tadano<\/td><td>pys_utm_source<\/td><td><\/td><td>Session<\/td><\/tr><tr><td>Tadano<\/td><td>pys_utm_term<\/td><td>Registers statistical data on users&#8217; behaviour on the website<\/td><td>Session<\/td><\/tr><tr><td>Google Analytics<\/td><td>_ga<\/td><td>Registers a unique ID that is used to generate statistical data on how the visitor uses the website<\/td><td>2 years<\/td><\/tr><tr><td>Google Analytics<\/td><td>_ga_#<\/td><td>Used by Google Analytics to collect data on the number of times a user has visited the website as well as dates for the first and most recent visit<\/td><td>2 years<\/td><\/tr><tr><td>Tadano<\/td><td>last_pys_landing_page<\/td><td>Registers statistical data on users&#8217; behaviour on the website<\/td><td>7 days<\/td><\/tr><tr><td>Tadano<\/td><td>last_pysTrafficSource<\/td><td>Registers statistical data on users&#8217; behaviour on the website<\/td><td>7 days<\/td><\/tr><tr><td>Tadano<\/td><td>pys_first_visit<\/td><td>Registers statistical data on users&#8217; behaviour on the website<\/td><td>7 days<\/td><\/tr><tr><td>Tadano<\/td><td>pys_landing_page<\/td><td>Detects and stores which landing page was presented to the user<\/td><td>7 days<\/td><\/tr><tr><td>Tadano<\/td><td>pys_session_limit<\/td><td>Registers statistical data on users&#8217; behaviour on the website<\/td><td>1 day<\/td><\/tr><tr><td>Tadano<\/td><td>pys_start_session<\/td><td>Registers statistical data on users&#8217; behaviour on the website<\/td><td>Session<\/td><\/tr><tr><td>Tadano<\/td><td>pysTrafficSource<\/td><td>Registers statistical data on users&#8217; behaviour on the website<\/td><td>7 days<\/td><\/tr><tr><td>Meta, Inc.<\/td><td>lastExternalReferrer<\/td><td>Detects how the user reached the website by registering their last URL-address<\/td><td>Persistent<\/td><\/tr><tr><td>Meta, Inc.<\/td><td>lastExternalReferrerTime<\/td><td>Detects how the user reached the website by registering their last URL-address<\/td><td>Persistent<\/td><\/tr><tr><td>Elfsight<\/td><td>elfsight_viewed_recently<\/td><td>Determines which products the user has viewed, allowing the website to promote related products<\/td><td>1 day<\/td><\/tr><tr><td>Tadano<\/td><td>last_pys_bingid<\/td><td>Used to track visitors on multiple websites, in order to present relevant advertisement based on the visitor&#8217;s preferences<\/td><td>Session<\/td><\/tr><tr><td>Tadano<\/td><td>last_pys_fbadid<\/td><td>Used to track visitors on multiple websites, in order to present relevant advertisement based on the visitor&#8217;s preferences<\/td><td>Session<\/td><\/tr><tr><td>Tadano<\/td><td>last_pys_gadid<\/td><td>Used to track visitors on multiple websites, in order to present relevant advertisement based on the visitor&#8217;s preferences<\/td><td>Session<\/td><\/tr><tr><td>Tadano<\/td><td>last_pys_padid<\/td><td><\/td><td>Session<\/td><\/tr><tr><td>Tadano<\/td><td>last_pys_utm_content<\/td><td>Used to track visitors on multiple websites, in order to present relevant advertisement based on the visitor&#8217;s preferences<\/td><td>Session<\/td><\/tr><tr><td>Tadano<\/td><td>last_pys_utm_source<\/td><td>Used to track visitors on multiple websites, in order to present relevant advertisement based on the visitor&#8217;s preferences<\/td><td>Session<\/td><\/tr><tr><td>Tadano<\/td><td>last_pys_utm_term<\/td><td>Used to track visitors on multiple websites, in order to present relevant advertisement based on the visitor&#8217;s preferences<\/td><td>Session<\/td><\/tr><tr><td>Meta, Inc.<\/td><td>_fbp<\/td><td>Used by Facebook to deliver a series of advertisement products such as real time bidding from third party advertisers<\/td><td>3 months<\/td><\/tr><tr><td>Youtube<\/td><td>YSC<\/td><td>Registers a unique ID to keep statistics of what videos from YouTube the user has seen<\/td><td>Session<\/td><\/tr><tr><td>Tadano<\/td><td>pbid<\/td><td>Allows the plugin to assign external_id to users, improving API events performance. <\/td><td>180 days<\/td><\/tr><\/tbody><\/table>    <\/div>\n<\/section>\n\n\n<p>&nbsp;<\/p>\n\n\n\n<h2 class=\"wp-block-heading\"><strong>3. Cookies y herramientas funcionales<\/strong><\/h2>\n\n\n\n<p>Las cookies funcionales y tecnolog\u00edas similares nos permiten mostrar determinadas funciones de nuestro sitio web (p. ej., v\u00eddeos) o garantizar una funcionalidad mejorada. Dichas tecnolog\u00edas pueden ser establecidas por nosotros o por terceros. Solo utilizamos cookies y tecnolog\u00edas similares de terceros si sus servicios se han integrado en nuestro sitio web. A trav\u00e9s del uso de dichos servicios integrados, los datos se transmiten peri\u00f3dicamente a los proveedores correspondientes. Si se selecciona este grupo de cookies, la informaci\u00f3n recopilada sobre usted puede transferirse fuera del Espacio Econ\u00f3mico Europeo, en particular a los Estados Unidos. Es posible que el tratamiento posterior de los datos transmitidos se lleve a cabo exclusivamente para los fines del proveedor tercero correspondiente. No podemos evitar dichos tratamientos o transferencias adicionales y, por lo tanto, quedan fuera de nuestro \u00e1mbito de influencia.<br>Las siguientes cookies y herramientas funcionales se utilizan en nuestro sitio web y sus subdominios:<\/p>\n\n\n<section class=\"table\">\n    <div class=\"container\">\n        <table border=\"1\"><tbody><tr class=\"thead\"><td>Proveedor<\/td><td>Nombre<\/td><td>Finalidad<\/td><td>Periodo de conservaci\u00f3n<\/td><\/tr><tr><td>Fonts.net<\/td><td>__cf_bm<\/td><td>Se utiliza para distinguir entre humanos y bots<\/td><td>1 d\u00eda<\/td><\/tr><tr><td>Gstatic<\/td><td>rc::a<\/td><td>Se utiliza para distinguir entre humanos y bots<\/td><td>Persistente<\/td><\/tr><tr><td>Gstatic<\/td><td>rc::c<\/td><td>Se utiliza para distinguir entre humanos y bots<\/td><td>Sesi\u00f3n<\/td><\/tr><tr><td>Cookiebo<\/td><td>1.gif<\/td><td>Se utiliza para contar el n\u00famero de sesiones en el sitio web<\/td><td>Sesi\u00f3n<\/td><\/tr><tr><td>Vimeo<\/td><td>__cf_bm<\/td><td>Se utiliza para distinguir entre humanos y bots<\/td><td>1 d\u00eda<\/td><\/tr><tr><td>Vimeo<\/td><td>vuid<\/td><td>Se utiliza por el reproductor de v\u00eddeo de Vimeo para proporcionar v\u00eddeos incrustados<\/td><td>2 a\u00f1os<\/td><\/tr><tr><td>Youtube<\/td><td>__Secure-ROLLOUT_TOKEN<\/td><td>Se utiliza por YouTube para proporcionar v\u00eddeos incrustados<\/td><td>180 d\u00edas<\/td><\/tr><tr><td>Youtube<\/td><td>VISITOR_INFO1_LIVE<\/td><td>Intenta estimar el ancho de banda de los usuarios en p\u00e1ginas con v\u00eddeos de YouTube integrados<\/td><td>180 d\u00edas<\/td><\/tr><\/tbody><\/table>    <\/div>\n<\/section>\n\n\n<p><\/p>\n","protected":false},"excerpt":{"rendered":"<p>Pol\u00edtica de cookies Cookies, herramientas de seguimiento y an\u00e1lisis En Tadano utilizamos cookies en nuestro sitio web. Las cookies son peque\u00f1os archivos que enviamos al navegador de su dispositivo terminal y que se almacenan all\u00ed durante su visita a nuestras p\u00e1ginas web. Algunas funciones de nuestro sitio web no pueden ofrecerse sin el uso de [&hellip;]<\/p>\n","protected":false},"author":3,"featured_media":0,"parent":0,"menu_order":0,"comment_status":"closed","ping_status":"closed","template":"","meta":{"_acf_changed":false,"footnotes":""},"acf":[],"yoast_head":"<!-- This site is optimized with the Yoast SEO plugin v22.3 - https:\/\/yoast.com\/wordpress\/plugins\/seo\/ -->\n<title>Pol\u00edtica de cookies - US\/Canada<\/title>\n<meta name=\"robots\" content=\"index, follow, max-snippet:-1, max-image-preview:large, max-video-preview:-1\" \/>\n<link rel=\"canonical\" href=\"https:\/\/www.tadano.com\/uscan\/en\/cookie-policy\/\" \/>\n<meta property=\"og:locale\" content=\"es_ES\" \/>\n<meta property=\"og:type\" content=\"article\" \/>\n<meta property=\"og:title\" content=\"Pol\u00edtica de cookies - US\/Canada\" \/>\n<meta property=\"og:description\" content=\"Pol\u00edtica de cookies Cookies, herramientas de seguimiento y an\u00e1lisis En Tadano utilizamos cookies en nuestro sitio web. Las cookies son peque\u00f1os archivos que enviamos al navegador de su dispositivo terminal y que se almacenan all\u00ed durante su visita a nuestras p\u00e1ginas web. Algunas funciones de nuestro sitio web no pueden ofrecerse sin el uso de [&hellip;]\" \/>\n<meta property=\"og:url\" content=\"https:\/\/www.tadano.com\/uscan\/en\/cookie-policy\/\" \/>\n<meta property=\"og:site_name\" content=\"US\/Canada\" \/>\n<meta property=\"article:modified_time\" content=\"2026-01-28T16:38:40+00:00\" \/>\n<meta name=\"twitter:card\" content=\"summary_large_image\" \/>\n<meta name=\"twitter:label1\" content=\"Tiempo de lectura\" \/>\n\t<meta name=\"twitter:data1\" content=\"3 minutos\" \/>\n<script type=\"application\/ld+json\" class=\"yoast-schema-graph\">{\"@context\":\"https:\/\/schema.org\",\"@graph\":[{\"@type\":\"WebPage\",\"@id\":\"https:\/\/www.tadano.com\/uscan\/en\/cookie-policy\/\",\"url\":\"https:\/\/www.tadano.com\/uscan\/en\/cookie-policy\/\",\"name\":\"Pol\u00edtica de cookies - US\/Canada\",\"isPartOf\":{\"@id\":\"https:\/\/www.tadano.com\/uscan\/en\/#website\"},\"datePublished\":\"2026-01-15T14:41:48+00:00\",\"dateModified\":\"2026-01-28T16:38:40+00:00\",\"inLanguage\":\"es\",\"potentialAction\":[{\"@type\":\"ReadAction\",\"target\":[\"https:\/\/www.tadano.com\/uscan\/en\/cookie-policy\/\"]}]},{\"@type\":\"WebSite\",\"@id\":\"https:\/\/www.tadano.com\/uscan\/en\/#website\",\"url\":\"https:\/\/www.tadano.com\/uscan\/en\/\",\"name\":\"US\/Canada\",\"description\":\"Just another TADANO EUROPE site\",\"potentialAction\":[{\"@type\":\"SearchAction\",\"target\":{\"@type\":\"EntryPoint\",\"urlTemplate\":\"https:\/\/www.tadano.com\/uscan\/en\/?s={search_term_string}\"},\"query-input\":\"required name=search_term_string\"}],\"inLanguage\":\"es\"}]}<\/script>\n<!-- \/ Yoast SEO plugin. -->","yoast_head_json":{"title":"Pol\u00edtica de cookies - US\/Canada","robots":{"index":"index","follow":"follow","max-snippet":"max-snippet:-1","max-image-preview":"max-image-preview:large","max-video-preview":"max-video-preview:-1"},"canonical":"https:\/\/www.tadano.com\/uscan\/en\/cookie-policy\/","og_locale":"es_ES","og_type":"article","og_title":"Pol\u00edtica de cookies - US\/Canada","og_description":"Pol\u00edtica de cookies Cookies, herramientas de seguimiento y an\u00e1lisis En Tadano utilizamos cookies en nuestro sitio web. Las cookies son peque\u00f1os archivos que enviamos al navegador de su dispositivo terminal y que se almacenan all\u00ed durante su visita a nuestras p\u00e1ginas web. Algunas funciones de nuestro sitio web no pueden ofrecerse sin el uso de [&hellip;]","og_url":"https:\/\/www.tadano.com\/uscan\/en\/cookie-policy\/","og_site_name":"US\/Canada","article_modified_time":"2026-01-28T16:38:40+00:00","twitter_card":"summary_large_image","twitter_misc":{"Tiempo de lectura":"3 minutos"},"schema":{"@context":"https:\/\/schema.org","@graph":[{"@type":"WebPage","@id":"https:\/\/www.tadano.com\/uscan\/en\/cookie-policy\/","url":"https:\/\/www.tadano.com\/uscan\/en\/cookie-policy\/","name":"Pol\u00edtica de cookies - US\/Canada","isPartOf":{"@id":"https:\/\/www.tadano.com\/uscan\/en\/#website"},"datePublished":"2026-01-15T14:41:48+00:00","dateModified":"2026-01-28T16:38:40+00:00","inLanguage":"es","potentialAction":[{"@type":"ReadAction","target":["https:\/\/www.tadano.com\/uscan\/en\/cookie-policy\/"]}]},{"@type":"WebSite","@id":"https:\/\/www.tadano.com\/uscan\/en\/#website","url":"https:\/\/www.tadano.com\/uscan\/en\/","name":"US\/Canada","description":"Just another TADANO EUROPE site","potentialAction":[{"@type":"SearchAction","target":{"@type":"EntryPoint","urlTemplate":"https:\/\/www.tadano.com\/uscan\/en\/?s={search_term_string}"},"query-input":"required name=search_term_string"}],"inLanguage":"es"}]}},"_links":{"self":[{"href":"https:\/\/www.tadano.com\/uscan\/es\/wp-json\/wp\/v2\/pages\/27133"}],"collection":[{"href":"https:\/\/www.tadano.com\/uscan\/es\/wp-json\/wp\/v2\/pages"}],"about":[{"href":"https:\/\/www.tadano.com\/uscan\/es\/wp-json\/wp\/v2\/types\/page"}],"author":[{"embeddable":true,"href":"https:\/\/www.tadano.com\/uscan\/es\/wp-json\/wp\/v2\/users\/3"}],"replies":[{"embeddable":true,"href":"https:\/\/www.tadano.com\/uscan\/es\/wp-json\/wp\/v2\/comments?post=27133"}],"version-history":[{"count":3,"href":"https:\/\/www.tadano.com\/uscan\/es\/wp-json\/wp\/v2\/pages\/27133\/revisions"}],"predecessor-version":[{"id":27147,"href":"https:\/\/www.tadano.com\/uscan\/es\/wp-json\/wp\/v2\/pages\/27133\/revisions\/27147"}],"wp:attachment":[{"href":"https:\/\/www.tadano.com\/uscan\/es\/wp-json\/wp\/v2\/media?parent=27133"}],"curies":[{"name":"wp","href":"https:\/\/api.w.org\/{rel}","templated":true}]}}