{"id":27158,"date":"2025-10-30T10:53:30","date_gmt":"2025-10-30T09:53:30","guid":{"rendered":"https:\/\/www.tadano.com\/uscan\/bim-data-2\/"},"modified":"2026-02-02T10:07:14","modified_gmt":"2026-02-02T10:07:14","slug":"datos-bim","status":"publish","type":"page","link":"https:\/\/www.tadano.com\/uscan\/es\/datos-bim\/","title":{"rendered":"datos BIM"},"content":{"rendered":"\n<h1 class=\"wp-block-heading\"><strong>datos BIM<\/strong><\/h1>\n\n\n\n<h2 class=\"wp-block-heading\">La planificaci\u00f3n de proyectos con las gr\u00faas de construcci\u00f3n del Grupo Tadano es a\u00fan m\u00e1s sencilla cuando utilizas nuestros datos BIM.<\/h2>\n\n\n\n<p>Ahora puedes descargar archivos BIM desde la plataforma BIMobject\u00ae para una selecci\u00f3n de gr\u00faas de construcci\u00f3n de la gama del Grupo Tadano.<br>Para descargar el archivo BIM es necesario disponer de una cuenta registrada de <a href=\"https:\/\/www.bimobject.com\/en\/product\" target=\"_blank\" rel=\"noreferrer noopener\">BIMobject\u00ae<\/a> (gratuita). Los archivos BIM est\u00e1n disponibles en formato RFA. Visita la p\u00e1gina de descarga para ver las versiones disponibles.<\/p>\n\n\n\n<div style=\"height:30px\" aria-hidden=\"true\" class=\"wp-block-spacer\"><\/div>\n\n\n\n<h2 class=\"wp-block-heading\">Nuestros datos BIM<\/h2>\n\n\n<div class=\"iframe-block\">\n\t<div class=\"container\">\n\t\t<iframe src=\"https:\/\/productsite.bimobject.com\/en\/tadano\/privatecloud\/all\" frameborder=\"0\" style=\"height:500px;\">\n\t\t  <p>\n\t\t  \tUnfortunately, your browser cannot display embedded frames. You can view the page by clicking the following link: <br>\n\t\t  \t<a href=\"https:\/\/productsite.bimobject.com\/en\/tadano\/privatecloud\/all\">https:\/\/productsite.bimobject.com\/en\/tadano\/privatecloud\/all<\/a>\n\t\t  <\/p>\n\t\t<\/iframe>\n\t\t\t<\/div>\n<\/div>\n\n\n<div class=\"wp-block-columns is-layout-flex wp-container-core-columns-layout-1 wp-block-columns-is-layout-flex\">\n<div class=\"wp-block-column is-layout-flow wp-block-column-is-layout-flow\">\n<h3 class=\"wp-block-heading\">\u00bfQu\u00e9 es BIM?<\/h3>\n\n\n\n<p>El Building Information Modeling (BIM) es un proceso que utiliza una base de datos de productos digitales y permite a los usuarios modelar digitalmente un edificio y calcular los costes asociados, los tipos de materiales y otros elementos. BIM integra las fases de dise\u00f1o, construcci\u00f3n y gesti\u00f3n, anteriormente separadas, y puede utilizarse a lo largo de todo el ciclo de vida del edificio.<br>Y, a diferencia del CAD 3D, los archivos BIM pueden utilizarse con una amplia variedad de software.<\/p>\n<\/div>\n\n\n\n<div class=\"wp-block-column is-layout-flow wp-block-column-is-layout-flow\">\n<figure class=\"wp-block-image size-full\"><img loading=\"lazy\" decoding=\"async\" width=\"580\" height=\"348\" src=\"https:\/\/www.tadano.com\/uscan\/wp-content\/uploads\/sites\/12\/2026\/01\/bim_1.jpg\" alt=\"\" class=\"wp-image-27028\" srcset=\"https:\/\/www.tadano.com\/uscan\/wp-content\/uploads\/sites\/12\/2026\/01\/bim_1.jpg 580w, https:\/\/www.tadano.com\/uscan\/wp-content\/uploads\/sites\/12\/2026\/01\/bim_1-300x180.jpg 300w, https:\/\/www.tadano.com\/uscan\/wp-content\/uploads\/sites\/12\/2026\/01\/bim_1-280x168.jpg 280w, https:\/\/www.tadano.com\/uscan\/wp-content\/uploads\/sites\/12\/2026\/01\/bim_1-560x336.jpg 560w, https:\/\/www.tadano.com\/uscan\/wp-content\/uploads\/sites\/12\/2026\/01\/bim_1-335x201.jpg 335w\" sizes=\"(max-width: 580px) 100vw, 580px\" \/><\/figure>\n<\/div>\n<\/div>\n\n\n\n<h2 class=\"wp-block-heading\">Instrucciones y precauciones<\/h2>\n\n\n\n<ul>\n<li>Lee y acepta los <a href=\"https:\/\/www.tadano.com\/uscan\/es\/herramientas-tadano\/terminos-y-condiciones-estandar-de-uso\/\">t\u00e9rminos y condiciones de uso<\/a> del servicio de provisi\u00f3n de datos.<\/li>\n\n\n\n<li>Para descargar un archivo BIM es necesario disponer de una cuenta registrada de <a href=\"https:\/\/www.bimobject.com\/en\/product\" target=\"_blank\" rel=\"noreferrer noopener\">BIMobject\u00ae<\/a> (gratuita).<br>BIMobject\u00ae es una biblioteca online de objetos BIM, operada a nivel global por la empresa sueca BIMobject AB.<br>Esta plataforma es utilizada por fabricantes de productos para la construcci\u00f3n y el dise\u00f1o de interiores de todo el mundo para desarrollar, almacenar y publicar productos y datos digitales.<\/li>\n\n\n\n<li>Los archivos BIM est\u00e1n disponibles en el formato Autodesk\u00ae Revit\u00ae Family File (.rfa).<\/li>\n\n\n\n<li>Para consultas relacionadas con nuestros archivos BIM, utiliza el formulario de contacto y selecciona \u00abGeneral\u00bb en el men\u00fa \u00abTipo de consulta\u00bb.<\/li>\n<\/ul>\n\n\n\n<p><\/p>\n\n\n\n<div class=\"wp-block-columns is-layout-flex wp-container-core-columns-layout-2 wp-block-columns-is-layout-flex\">\n<div class=\"wp-block-column is-layout-flow wp-block-column-is-layout-flow\" style=\"flex-basis:100%\">\n<div class=\"wp-block-buttons is-layout-flex wp-block-buttons-is-layout-flex\">\n<div class=\"wp-block-button\"><a class=\"wp-block-button__link has-text-align-center wp-element-button\" href=\"https:\/\/www.tadano.com\/uscan\/es\/herramientas-tadano\/terminos-y-condiciones-estandar-de-uso\/\">T\u00e9rminos y condiciones est\u00e1ndar de uso<\/a><\/div>\n\n\n\n<div class=\"wp-block-button\"><a class=\"wp-block-button__link has-text-align-left wp-element-button\" href=\"https:\/\/www.tadano.com\/uscan\/es\/faq-recursos-del-producto\/\">FAQ<\/a><\/div>\n<\/div>\n<\/div>\n<\/div>\n\n\n\n<p><\/p>\n\n\n\n<p><\/p>\n\n\n\n<p><\/p>\n","protected":false},"excerpt":{"rendered":"<p>datos BIM La planificaci\u00f3n de proyectos con las gr\u00faas de construcci\u00f3n del Grupo Tadano es a\u00fan m\u00e1s sencilla cuando utilizas nuestros datos BIM. Ahora puedes descargar archivos BIM desde la plataforma BIMobject\u00ae para una selecci\u00f3n de gr\u00faas de construcci\u00f3n de la gama del Grupo Tadano.Para descargar el archivo BIM es necesario disponer de una cuenta [&hellip;]<\/p>\n","protected":false},"author":3,"featured_media":0,"parent":0,"menu_order":0,"comment_status":"closed","ping_status":"closed","template":"","meta":{"_acf_changed":false,"footnotes":""},"acf":[],"yoast_head":"<!-- This site is optimized with the Yoast SEO plugin v22.3 - https:\/\/yoast.com\/wordpress\/plugins\/seo\/ -->\n<title>datos BIM - US\/Canada<\/title>\n<meta name=\"robots\" content=\"index, follow, max-snippet:-1, max-image-preview:large, max-video-preview:-1\" \/>\n<link rel=\"canonical\" href=\"https:\/\/www.tadano.com\/uscan\/en\/bim-data\/\" \/>\n<meta property=\"og:locale\" content=\"es_ES\" \/>\n<meta property=\"og:type\" content=\"article\" \/>\n<meta property=\"og:title\" content=\"datos BIM - US\/Canada\" \/>\n<meta property=\"og:description\" content=\"datos BIM La planificaci\u00f3n de proyectos con las gr\u00faas de construcci\u00f3n del Grupo Tadano es a\u00fan m\u00e1s sencilla cuando utilizas nuestros datos BIM. Ahora puedes descargar archivos BIM desde la plataforma BIMobject\u00ae para una selecci\u00f3n de gr\u00faas de construcci\u00f3n de la gama del Grupo Tadano.Para descargar el archivo BIM es necesario disponer de una cuenta [&hellip;]\" \/>\n<meta property=\"og:url\" content=\"https:\/\/www.tadano.com\/uscan\/en\/bim-data\/\" \/>\n<meta property=\"og:site_name\" content=\"US\/Canada\" \/>\n<meta property=\"article:modified_time\" content=\"2026-02-02T10:07:14+00:00\" \/>\n<meta property=\"og:image\" content=\"https:\/\/www.tadano.com\/uscan\/wp-content\/uploads\/sites\/12\/2026\/01\/bim_1.jpg\" \/>\n<meta name=\"twitter:card\" content=\"summary_large_image\" \/>\n<meta name=\"twitter:label1\" content=\"Tiempo de lectura\" \/>\n\t<meta name=\"twitter:data1\" content=\"2 minutos\" \/>\n<script type=\"application\/ld+json\" class=\"yoast-schema-graph\">{\"@context\":\"https:\/\/schema.org\",\"@graph\":[{\"@type\":\"WebPage\",\"@id\":\"https:\/\/www.tadano.com\/uscan\/en\/bim-data\/\",\"url\":\"https:\/\/www.tadano.com\/uscan\/en\/bim-data\/\",\"name\":\"datos BIM - US\/Canada\",\"isPartOf\":{\"@id\":\"https:\/\/www.tadano.com\/uscan\/en\/#website\"},\"primaryImageOfPage\":{\"@id\":\"https:\/\/www.tadano.com\/uscan\/en\/bim-data\/#primaryimage\"},\"image\":{\"@id\":\"https:\/\/www.tadano.com\/uscan\/en\/bim-data\/#primaryimage\"},\"thumbnailUrl\":\"https:\/\/www.tadano.com\/uscan\/wp-content\/uploads\/sites\/12\/2026\/01\/bim_1.jpg\",\"datePublished\":\"2025-10-30T09:53:30+00:00\",\"dateModified\":\"2026-02-02T10:07:14+00:00\",\"inLanguage\":\"es\",\"potentialAction\":[{\"@type\":\"ReadAction\",\"target\":[\"https:\/\/www.tadano.com\/uscan\/en\/bim-data\/\"]}]},{\"@type\":\"ImageObject\",\"inLanguage\":\"es\",\"@id\":\"https:\/\/www.tadano.com\/uscan\/en\/bim-data\/#primaryimage\",\"url\":\"https:\/\/www.tadano.com\/uscan\/wp-content\/uploads\/sites\/12\/2026\/01\/bim_1.jpg\",\"contentUrl\":\"https:\/\/www.tadano.com\/uscan\/wp-content\/uploads\/sites\/12\/2026\/01\/bim_1.jpg\"},{\"@type\":\"WebSite\",\"@id\":\"https:\/\/www.tadano.com\/uscan\/en\/#website\",\"url\":\"https:\/\/www.tadano.com\/uscan\/en\/\",\"name\":\"US\/Canada\",\"description\":\"Just another TADANO EUROPE site\",\"potentialAction\":[{\"@type\":\"SearchAction\",\"target\":{\"@type\":\"EntryPoint\",\"urlTemplate\":\"https:\/\/www.tadano.com\/uscan\/en\/?s={search_term_string}\"},\"query-input\":\"required name=search_term_string\"}],\"inLanguage\":\"es\"}]}<\/script>\n<!-- \/ Yoast SEO plugin. -->","yoast_head_json":{"title":"datos BIM - US\/Canada","robots":{"index":"index","follow":"follow","max-snippet":"max-snippet:-1","max-image-preview":"max-image-preview:large","max-video-preview":"max-video-preview:-1"},"canonical":"https:\/\/www.tadano.com\/uscan\/en\/bim-data\/","og_locale":"es_ES","og_type":"article","og_title":"datos BIM - US\/Canada","og_description":"datos BIM La planificaci\u00f3n de proyectos con las gr\u00faas de construcci\u00f3n del Grupo Tadano es a\u00fan m\u00e1s sencilla cuando utilizas nuestros datos BIM. Ahora puedes descargar archivos BIM desde la plataforma BIMobject\u00ae para una selecci\u00f3n de gr\u00faas de construcci\u00f3n de la gama del Grupo Tadano.Para descargar el archivo BIM es necesario disponer de una cuenta [&hellip;]","og_url":"https:\/\/www.tadano.com\/uscan\/en\/bim-data\/","og_site_name":"US\/Canada","article_modified_time":"2026-02-02T10:07:14+00:00","og_image":[{"url":"https:\/\/www.tadano.com\/uscan\/wp-content\/uploads\/sites\/12\/2026\/01\/bim_1.jpg"}],"twitter_card":"summary_large_image","twitter_misc":{"Tiempo de lectura":"2 minutos"},"schema":{"@context":"https:\/\/schema.org","@graph":[{"@type":"WebPage","@id":"https:\/\/www.tadano.com\/uscan\/en\/bim-data\/","url":"https:\/\/www.tadano.com\/uscan\/en\/bim-data\/","name":"datos BIM - US\/Canada","isPartOf":{"@id":"https:\/\/www.tadano.com\/uscan\/en\/#website"},"primaryImageOfPage":{"@id":"https:\/\/www.tadano.com\/uscan\/en\/bim-data\/#primaryimage"},"image":{"@id":"https:\/\/www.tadano.com\/uscan\/en\/bim-data\/#primaryimage"},"thumbnailUrl":"https:\/\/www.tadano.com\/uscan\/wp-content\/uploads\/sites\/12\/2026\/01\/bim_1.jpg","datePublished":"2025-10-30T09:53:30+00:00","dateModified":"2026-02-02T10:07:14+00:00","inLanguage":"es","potentialAction":[{"@type":"ReadAction","target":["https:\/\/www.tadano.com\/uscan\/en\/bim-data\/"]}]},{"@type":"ImageObject","inLanguage":"es","@id":"https:\/\/www.tadano.com\/uscan\/en\/bim-data\/#primaryimage","url":"https:\/\/www.tadano.com\/uscan\/wp-content\/uploads\/sites\/12\/2026\/01\/bim_1.jpg","contentUrl":"https:\/\/www.tadano.com\/uscan\/wp-content\/uploads\/sites\/12\/2026\/01\/bim_1.jpg"},{"@type":"WebSite","@id":"https:\/\/www.tadano.com\/uscan\/en\/#website","url":"https:\/\/www.tadano.com\/uscan\/en\/","name":"US\/Canada","description":"Just another TADANO EUROPE site","potentialAction":[{"@type":"SearchAction","target":{"@type":"EntryPoint","urlTemplate":"https:\/\/www.tadano.com\/uscan\/en\/?s={search_term_string}"},"query-input":"required name=search_term_string"}],"inLanguage":"es"}]}},"_links":{"self":[{"href":"https:\/\/www.tadano.com\/uscan\/es\/wp-json\/wp\/v2\/pages\/27158"}],"collection":[{"href":"https:\/\/www.tadano.com\/uscan\/es\/wp-json\/wp\/v2\/pages"}],"about":[{"href":"https:\/\/www.tadano.com\/uscan\/es\/wp-json\/wp\/v2\/types\/page"}],"author":[{"embeddable":true,"href":"https:\/\/www.tadano.com\/uscan\/es\/wp-json\/wp\/v2\/users\/3"}],"replies":[{"embeddable":true,"href":"https:\/\/www.tadano.com\/uscan\/es\/wp-json\/wp\/v2\/comments?post=27158"}],"version-history":[{"count":5,"href":"https:\/\/www.tadano.com\/uscan\/es\/wp-json\/wp\/v2\/pages\/27158\/revisions"}],"predecessor-version":[{"id":27168,"href":"https:\/\/www.tadano.com\/uscan\/es\/wp-json\/wp\/v2\/pages\/27158\/revisions\/27168"}],"wp:attachment":[{"href":"https:\/\/www.tadano.com\/uscan\/es\/wp-json\/wp\/v2\/media?parent=27158"}],"curies":[{"name":"wp","href":"https:\/\/api.w.org\/{rel}","templated":true}]}}