{"id":27201,"date":"2025-10-02T22:02:43","date_gmt":"2025-10-02T22:02:43","guid":{"rendered":"https:\/\/www.tadano.com\/uscan\/formacion-tadano\/"},"modified":"2025-10-02T22:02:43","modified_gmt":"2025-10-02T22:02:43","slug":"formacion-tadano","status":"publish","type":"page","link":"https:\/\/www.tadano.com\/uscan\/es\/formacion-tadano\/","title":{"rendered":"FORMACI\u00d3N TADANO"},"content":{"rendered":"\n<h2 class=\"wp-block-heading has-text-align-center\"><strong>Iniciar sesi\u00f3n o registrarse<\/strong><\/h2>\n\n<p class=\"has-text-align-center\">Reg\u00edstrate o inicia sesi\u00f3n para ver las formaciones disponibles.<\/p>\n<p class=\"has-text-align-center\"><strong>La formaci\u00f3n est\u00e1 disponible \u00fanicamente para clientes y distribuidores de Tadano.<\/strong><\/p>\n<p class=\"has-text-align-center\"><strong>Se requiere una direcci\u00f3n de correo electr\u00f3nico con el dominio de tu empresa para el registro.<\/strong><\/p>\n<p class=\"has-text-align-center\"><strong>Se requiere aprobaci\u00f3n tras el registro para acceder a la formaci\u00f3n de Tadano.<\/strong><\/p>\n\n\n<div class=\"wp-block-buttons is-content-justification-center is-layout-flex wp-container-core-buttons-is-layout-16018d1d wp-block-buttons-is-layout-flex\">\n  <div class=\"wp-block-button\">\n    <a class=\"wp-block-button__link wp-element-button\" href=\"https:\/\/tadano.gyrusaim.com\/Registration\/UserSelfRegistration\">Registro de usuario<\/a>\n  <\/div>\n  <div class=\"wp-block-button\">\n    <a class=\"wp-block-button__link wp-element-button\" href=\"https:\/\/tadano.gyrusaim.com\/auth\/login\">Iniciar sesi\u00f3n<\/a>\n  <\/div>\n<\/div>\n\n<p class=\"has-text-align-center\">Si tienes problemas para registrarte o iniciar sesi\u00f3n, env\u00eda un correo electr\u00f3nico a una de las siguientes direcciones:<\/p>\n<p class=\"has-text-align-center\">andrew.broussard@tadano.com o clayton.mooney@tadano.com<\/p>\n<!-- \/wp:heading --><!-- wp:post-content --><!-- wp:acf\/special-header {\"name\":\"acf\/special-header\",\"data\":{\"background_image\":26890,\"_background_image\":\"field_6024f3dca4869\",\"background_image_celum_url\":\"\",\"_background_image_celum_url\":\"field_6015f3dca4268\",\"image_alignment\":\"middlecenter\",\"_image_alignment\":\"field_61c75fb60738d\"},\"mode\":\"preview\"} -->\n<!-- wp:heading {\"level\":1} -->\n<h1 class=\"wp-block-heading\">FORMACI\u00d3N TADANO<\/h1>\n<!-- \/wp:heading -->\n\n<!-- wp:paragraph -->\n<p>La formaci\u00f3n Tadano pone a los t\u00e9cnicos en primer lugar, combinando simuladores de \u00faltima generaci\u00f3n con experiencia real en gr\u00faas. Con un enfoque pr\u00e1ctico como base, capacitamos a los t\u00e9cnicos con la confianza, las habilidades y la precisi\u00f3n necesarias para mantener los equipos Tadano funcionando al m\u00e1ximo nivel.<\/p>\n<!-- \/wp:paragraph -->\n<!-- \/wp:acf\/special-header -->\n\n<!-- wp:acf\/navigation-block {\"name\":\"acf\/navigation-block\",\"data\":{\"navigation_links_0_link\":{\"title\":\"Iniciar sesi\u00f3n \/ Registrarse\",\"url\":\"#login\",\"target\":\"\"},\"_navigation_links_0_link\":\"field_66e824da2cb25\",\"navigation_links_1_link\":{\"title\":\"Equipo de formaci\u00f3n\",\"url\":\"#team\",\"target\":\"\"},\"_navigation_links_1_link\":\"field_66e824da2cb25\",\"navigation_links_2_link\":{\"title\":\"Navegar por la formaci\u00f3n Tadano\",\"url\":\"#videos\",\"target\":\"\"},\"_navigation_links_2_link\":\"field_66e824da2cb25\",\"navigation_links_3_link\":{\"title\":\"Acerca de Tadano\",\"url\":\"#about\",\"target\":\"\"},\"_navigation_links_3_link\":\"field_66e824da2cb25\",\"navigation_links\":4,\"_navigation_links\":\"field_66e824bd2cb24\"},\"mode\":\"edit\"} \/-->\n\n<!-- wp:spacer -->\n<div style=\"height:100px\" aria-hidden=\"true\" class=\"wp-block-spacer\"><\/div>\n<!-- \/wp:spacer -->\n\n<!-- wp:heading {\"textAlign\":\"center\"} -->\n<h2 class=\"wp-block-heading has-text-align-center\"><strong>FORMACI\u00d3N TADANO<\/strong><\/h2>\n<!-- \/wp:heading -->\n\n<!-- wp:spacer {\"height\":\"25px\"} -->\n<div style=\"height:25px\" aria-hidden=\"true\" class=\"wp-block-spacer\"><\/div>\n<!-- \/wp:spacer -->\n\n<!-- wp:paragraph -->\n<p>El Departamento de Formaci\u00f3n de Tadano ha reabierto tras una completa iniciativa de reestructuraci\u00f3n y modernizaci\u00f3n. Nuestro programa renovado pone \u00e9nfasis en el <strong>desarrollo de los t\u00e9cnicos<\/strong>, ofreciendo <strong>rutas de formaci\u00f3n mejoradas<\/strong> respaldadas por <strong>simuladores de \u00faltima generaci\u00f3n<\/strong> y <strong>ejercicios pr\u00e1cticos con gr\u00faas reales<\/strong>. Este enfoque pr\u00e1ctico garantiza que los t\u00e9cnicos adquieran las habilidades y los conocimientos necesarios para mantener y respaldar los equipos Tadano con confianza y precisi\u00f3n.<\/p>\n<!-- \/wp:paragraph -->\n\n<!-- wp:spacer -->\n<div style=\"height:100px\" aria-hidden=\"true\" class=\"wp-block-spacer\"><\/div>\n<!-- \/wp:spacer -->\n\n<!-- wp:acf\/anchor-block {\"name\":\"acf\/anchor-block\",\"data\":{\"anchor-name\":\"team\",\"_anchor-name\":\"field_609542b5413a6\"},\"mode\":\"edit\"} \/-->\n\n<!-- wp:heading {\"textAlign\":\"center\"} -->\n<h2 class=\"wp-block-heading has-text-align-center\"><strong>equipo de formaci\u00f3n<\/strong><\/h2>\n<!-- \/wp:heading -->\n\n<!-- wp:spacer {\"height\":\"25px\"} -->\n<div style=\"height:25px\" aria-hidden=\"true\" class=\"wp-block-spacer\"><\/div>\n<!-- \/wp:spacer -->\n\n<!-- wp:columns -->\n<div class=\"wp-block-columns\">\n  <!-- wp:column {\"width\":\"66.66%\",\"backgroundColor\":\"light-blue\",\"className\":\"has-padding\"} -->\n  <div class=\"wp-block-column has-padding has-light-blue-background-color has-background\" style=\"flex-basis:66.66%\">\n    <p class=\"has-white-color has-text-color\"><strong>ANDREW BROUSSARD<\/strong><\/p>\n    <p class=\"has-white-color has-text-color\">Director de Formaci\u00f3n<\/p>\n  <\/div>\n  <!-- \/wp:column -->\n\n  <!-- wp:column {\"width\":\"33.33%\"} -->\n  <div class=\"wp-block-column\" style=\"flex-basis:33.33%\">\n    <figure class=\"wp-block-image aligncenter size-large no-margin-bottom\">\n      <img decoding=\"async\" src=\"https:\/\/www.tadano.com\/uscan\/wp-content\/uploads\/2026\/02\/img_tadano_LaborDay_13-edited-1-1024x1024.jpg\" alt=\"\" class=\"wp-image-23700\" style=\"object-fit:cover\" \/>\n    <\/figure>\n  <\/div>\n  <!-- \/wp:column -->\n<\/div>\n<!-- \/wp:columns -->\n\n<!-- wp:columns -->\n<div class=\"wp-block-columns\">\n  <!-- wp:column {\"width\":\"33.33%\",\"className\":\"no-padding-bottom\"} -->\n  <div class=\"wp-block-column no-padding-bottom\" style=\"flex-basis:33.33%\">\n    <figure class=\"wp-block-image aligncenter size-large no-margin-bottom\">\n      <img decoding=\"async\" src=\"https:\/\/www.tadano.com\/uscan\/wp-content\/uploads\/sites\/12\/2025\/10\/img_tadano_training_team_Clayton_Mooney-1024x1024.jpg\" alt=\"\" class=\"wp-image-23669\" \/>\n    <\/figure>\n  <\/div>\n  <!-- \/wp:column -->\n\n  <!-- wp:column {\"width\":\"66.66%\",\"backgroundColor\":\"light-blue\",\"className\":\"has-padding\"} -->\n  <div class=\"wp-block-column has-padding has-light-blue-background-color has-background\" style=\"flex-basis:66.66%\">\n    <p class=\"has-white-color has-text-color\"><strong>CLAYTON MOONEY<\/strong><\/p>\n    <p class=\"has-white-color has-text-color\">Formador<\/p>\n  <\/div>\n  <!-- \/wp:column -->\n<\/div>\n<!-- \/wp:columns -->\n\n<!-- wp:columns -->\n<div class=\"wp-block-columns\">\n  <!-- wp:column {\"width\":\"66.66%\",\"backgroundColor\":\"light-blue\",\"className\":\"has-padding\"} -->\n  <div class=\"wp-block-column has-padding has-light-blue-background-color has-background\" style=\"flex-basis:66.66%\">\n    <p class=\"has-white-color has-text-color\"><strong>LINN MAW<\/strong><\/p>\n    <p class=\"has-white-color has-text-color\">Animador<\/p>\n  <\/div>\n  <!-- \/wp:column -->\n\n  <!-- wp:column {\"width\":\"33.33%\",\"className\":\"no-margin-bottom\"} -->\n  <div class=\"wp-block-column no-margin-bottom\" style=\"flex-basis:33.33%\">\n    <figure class=\"wp-block-image aligncenter size-large no-margin-bottom\">\n      <img decoding=\"async\" src=\"https:\/\/www.tadano.com\/uscan\/wp-content\/uploads\/sites\/12\/2025\/10\/img_tadano_training_team_Linn_Maw-1024x1024.jpg\" alt=\"\" class=\"wp-image-23659\" \/>\n    <\/figure>\n  <\/div>\n  <!-- \/wp:column -->\n<\/div>\n<!-- \/wp:columns -->\n\n<!-- wp:acf\/anchor-block {\"name\":\"acf\/anchor-block\",\"data\":{\"anchor-name\":\"about\",\"_anchor-name\":\"field_609542b5413a6\"},\"mode\":\"edit\"} \/-->\n\n<!-- wp:spacer -->\n<div style=\"height:100px\" aria-hidden=\"true\" class=\"wp-block-spacer\"><\/div>\n<!-- \/wp:spacer -->\n\n<!-- wp:group {\"layout\":{\"type\":\"constrained\"}} -->\n<div class=\"wp-block-group\">\n  <h2 class=\"wp-block-heading has-text-align-center\"><strong>ACERCA DE TADANO<\/strong><\/h2>\n\n  <div style=\"height:25px\" aria-hidden=\"true\" class=\"wp-block-spacer\"><\/div>\n\n  <p>Tadano Ltd., fundada en 1919 en Jap\u00f3n, es un l\u00edder mundial en la fabricaci\u00f3n de gr\u00faas m\u00f3viles, gr\u00faas articuladas y plataformas de trabajo a\u00e9reo. Reconocida por sus soluciones de elevaci\u00f3n innovadoras y confiables, Tadano apoya a las industrias de la construcci\u00f3n y la energ\u00eda e\u00f3lica, con un firme compromiso de alcanzar la neutralidad de carbono para 2050. Guiada por el lema \u00abReaching new heights\u00bb, Tadano trabaja para convertir las ambiciones en realidad mediante la mejora de la seguridad, la calidad y la eficiencia en todas sus operaciones. Con un fuerte enfoque en la inteligencia artificial y las tecnolog\u00edas aut\u00f3nomas, Tadano est\u00e1 a la vanguardia del futuro de las operaciones con gr\u00faas.<\/p>\n<\/div>\n<!-- \/wp:group -->\n\n<!-- wp:acf\/anchor-block {\"name\":\"acf\/anchor-block\",\"data\":{\"anchor-name\":\"videos\",\"_anchor-name\":\"field_609542b5413a6\"},\"mode\":\"edit\"} \/-->\n\n<!-- wp:spacer -->\n<div style=\"height:100px\" aria-hidden=\"true\" class=\"wp-block-spacer\"><\/div>\n<!-- \/wp:spacer -->\n\n<!-- wp:heading {\"textAlign\":\"center\"} -->\n<h2 class=\"wp-block-heading has-text-align-center\"><strong>aprende a navegar por la plataforma de formaci\u00f3n<\/strong><\/h2>\n<!-- \/wp:heading -->\n\n<!-- wp:acf\/video-box {\"name\":\"acf\/video-box\",\"data\":{\"video_title\":\"Navegar por el cat\u00e1logo de cursos\",\"_video_title\":\"field_6032b2d5be13a\",\"video_source\":\"https:\/\/mediahub.tadano.com\/asset\/1f646ab2-20a4-4e80-b51f-7a35a8575477\/mp4\/vid_tadano_training_department_Course_Catalogue_Walkthrough_Video.mp4\",\"_video_source\":\"field_6032b2dabe13b\",\"video_poster_celum_url\":\"https:\/\/mediahub.tadano.com\/m\/151547f8434d758f\/original\/img_tadano_training_walkthrough_video_thumbnail.png\",\"_video_poster_celum_url\":\"field_6032b30cbe14c\"},\"mode\":\"edit\"} \/-->\n\n<!-- wp:acf\/anchor-block {\"name\":\"acf\/anchor-block\",\"data\":{\"anchor-name\":\"login\",\"_anchor-name\":\"field_609542b5413a6\"},\"mode\":\"edit\"} \/-->\n\n<!-- wp:heading {\"textAlign\":\"center\"} -->\n<h2 class=\"wp-block-heading has-text-align-center\"><strong>Iniciar sesi\u00f3n o registrarse<\/strong><\/h2>\n\n<p class=\"has-text-align-center\">Reg\u00edstrate o inicia sesi\u00f3n para ver las formaciones disponibles.<\/p>\n<p class=\"has-text-align-center\"><strong>La formaci\u00f3n est\u00e1 disponible \u00fanicamente para clientes y distribuidores de Tadano.<\/strong><\/p>\n<p class=\"has-text-align-center\"><strong>Se requiere una direcci\u00f3n de correo electr\u00f3nico con el dominio de tu empresa para el registro.<\/strong><\/p>\n<p class=\"has-text-align-center\"><strong>Se requiere aprobaci\u00f3n tras el registro para acceder a la formaci\u00f3n de Tadano.<\/strong><\/p>\n\n<!-- wp:buttons {\"layout\":{\"type\":\"flex\",\"justifyContent\":\"center\"}} -->\n<div class=\"wp-block-buttons\">\n  <div class=\"wp-block-button\">\n    <a class=\"wp-block-button__link wp-element-button\" href=\"https:\/\/tadano.gyrusaim.com\/Registration\/UserSelfRegistration\">Registro de usuario<\/a>\n  <\/div>\n  <div class=\"wp-block-button\">\n    <a class=\"wp-block-button__link wp-element-button\" href=\"https:\/\/tadano.gyrusaim.com\/auth\/login\">Iniciar sesi\u00f3n<\/a>\n  <\/div>\n<\/div>\n\n<p class=\"has-text-align-center\">Si tienes problemas para registrarte o iniciar sesi\u00f3n, env\u00eda un correo electr\u00f3nico a una de las siguientes direcciones:<\/p>\n<p class=\"has-text-align-center\">andrew.broussard@tadano.com o clayton.mooney@tadano.com<\/p>\n<!-- \/wp:post-content -->","protected":false},"excerpt":{"rendered":"<p>FORMACI\u00d3N TADANO El Departamento de Formaci\u00f3n de Tadano ha reabierto tras una completa iniciativa de reestructuraci\u00f3n y modernizaci\u00f3n. Nuestro programa renovado pone \u00e9nfasis en el desarrollo de los t\u00e9cnicos, ofreciendo rutas de formaci\u00f3n mejoradas respaldadas por simuladores de \u00faltima generaci\u00f3n y ejercicios pr\u00e1cticos con gr\u00faas reales. Este enfoque pr\u00e1ctico garantiza que los t\u00e9cnicos adquieran las [&hellip;]<\/p>\n","protected":false},"author":16,"featured_media":0,"parent":0,"menu_order":0,"comment_status":"closed","ping_status":"closed","template":"","meta":{"_acf_changed":false,"footnotes":""},"class_list":["post-27201","page","type-page","status-publish","hentry"],"acf":[],"yoast_head":"<!-- This site is optimized with the Yoast SEO plugin v27.5 - https:\/\/yoast.com\/product\/yoast-seo-wordpress\/ -->\n<title>FORMACI\u00d3N TADANO - US\/Canada<\/title>\n<meta name=\"robots\" content=\"index, follow, max-snippet:-1, max-image-preview:large, max-video-preview:-1\" \/>\n<link rel=\"canonical\" href=\"https:\/\/www.tadano.com\/uscan\/es\/formacion-tadano\/\" \/>\n<meta property=\"og:locale\" content=\"es_ES\" \/>\n<meta property=\"og:type\" content=\"article\" \/>\n<meta property=\"og:title\" content=\"FORMACI\u00d3N TADANO - US\/Canada\" \/>\n<meta property=\"og:description\" content=\"FORMACI\u00d3N TADANO El Departamento de Formaci\u00f3n de Tadano ha reabierto tras una completa iniciativa de reestructuraci\u00f3n y modernizaci\u00f3n. Nuestro programa renovado pone \u00e9nfasis en el desarrollo de los t\u00e9cnicos, ofreciendo rutas de formaci\u00f3n mejoradas respaldadas por simuladores de \u00faltima generaci\u00f3n y ejercicios pr\u00e1cticos con gr\u00faas reales. Este enfoque pr\u00e1ctico garantiza que los t\u00e9cnicos adquieran las [&hellip;]\" \/>\n<meta property=\"og:url\" content=\"https:\/\/www.tadano.com\/uscan\/es\/formacion-tadano\/\" \/>\n<meta property=\"og:site_name\" content=\"US\/Canada\" \/>\n<meta property=\"og:image\" content=\"https:\/\/www.tadano.com\/uscan\/wp-content\/uploads\/2026\/02\/img_tadano_LaborDay_13-edited-1-1024x1024.jpg\" \/>\n<meta name=\"twitter:card\" content=\"summary_large_image\" \/>\n<meta name=\"twitter:label1\" content=\"Tiempo de lectura\" \/>\n\t<meta name=\"twitter:data1\" content=\"2 minutos\" \/>\n<script type=\"application\/ld+json\" class=\"yoast-schema-graph\">{\"@context\":\"https:\\\/\\\/schema.org\",\"@graph\":[{\"@type\":\"WebPage\",\"@id\":\"https:\\\/\\\/www.tadano.com\\\/uscan\\\/es\\\/formacion-tadano\\\/\",\"url\":\"https:\\\/\\\/www.tadano.com\\\/uscan\\\/es\\\/formacion-tadano\\\/\",\"name\":\"FORMACI\u00d3N TADANO - US\\\/Canada\",\"isPartOf\":{\"@id\":\"https:\\\/\\\/www.tadano.com\\\/uscan\\\/en\\\/#website\"},\"primaryImageOfPage\":{\"@id\":\"https:\\\/\\\/www.tadano.com\\\/uscan\\\/es\\\/formacion-tadano\\\/#primaryimage\"},\"image\":{\"@id\":\"https:\\\/\\\/www.tadano.com\\\/uscan\\\/es\\\/formacion-tadano\\\/#primaryimage\"},\"thumbnailUrl\":\"https:\\\/\\\/www.tadano.com\\\/uscan\\\/wp-content\\\/uploads\\\/2026\\\/02\\\/img_tadano_LaborDay_13-edited-1-1024x1024.jpg\",\"datePublished\":\"2025-10-02T22:02:43+00:00\",\"inLanguage\":\"es\",\"potentialAction\":[{\"@type\":\"ReadAction\",\"target\":[\"https:\\\/\\\/www.tadano.com\\\/uscan\\\/es\\\/formacion-tadano\\\/\"]}]},{\"@type\":\"ImageObject\",\"inLanguage\":\"es\",\"@id\":\"https:\\\/\\\/www.tadano.com\\\/uscan\\\/es\\\/formacion-tadano\\\/#primaryimage\",\"url\":\"https:\\\/\\\/www.tadano.com\\\/uscan\\\/wp-content\\\/uploads\\\/2026\\\/02\\\/img_tadano_LaborDay_13-edited-1-1024x1024.jpg\",\"contentUrl\":\"https:\\\/\\\/www.tadano.com\\\/uscan\\\/wp-content\\\/uploads\\\/2026\\\/02\\\/img_tadano_LaborDay_13-edited-1-1024x1024.jpg\"},{\"@type\":\"WebSite\",\"@id\":\"https:\\\/\\\/www.tadano.com\\\/uscan\\\/en\\\/#website\",\"url\":\"https:\\\/\\\/www.tadano.com\\\/uscan\\\/en\\\/\",\"name\":\"US\\\/Canada\",\"description\":\"Just another TADANO EUROPE site\",\"potentialAction\":[{\"@type\":\"SearchAction\",\"target\":{\"@type\":\"EntryPoint\",\"urlTemplate\":\"https:\\\/\\\/www.tadano.com\\\/uscan\\\/en\\\/?s={search_term_string}\"},\"query-input\":{\"@type\":\"PropertyValueSpecification\",\"valueRequired\":true,\"valueName\":\"search_term_string\"}}],\"inLanguage\":\"es\"}]}<\/script>\n<!-- \/ Yoast SEO plugin. -->","yoast_head_json":{"title":"FORMACI\u00d3N TADANO - US\/Canada","robots":{"index":"index","follow":"follow","max-snippet":"max-snippet:-1","max-image-preview":"max-image-preview:large","max-video-preview":"max-video-preview:-1"},"canonical":"https:\/\/www.tadano.com\/uscan\/es\/formacion-tadano\/","og_locale":"es_ES","og_type":"article","og_title":"FORMACI\u00d3N TADANO - US\/Canada","og_description":"FORMACI\u00d3N TADANO El Departamento de Formaci\u00f3n de Tadano ha reabierto tras una completa iniciativa de reestructuraci\u00f3n y modernizaci\u00f3n. Nuestro programa renovado pone \u00e9nfasis en el desarrollo de los t\u00e9cnicos, ofreciendo rutas de formaci\u00f3n mejoradas respaldadas por simuladores de \u00faltima generaci\u00f3n y ejercicios pr\u00e1cticos con gr\u00faas reales. Este enfoque pr\u00e1ctico garantiza que los t\u00e9cnicos adquieran las [&hellip;]","og_url":"https:\/\/www.tadano.com\/uscan\/es\/formacion-tadano\/","og_site_name":"US\/Canada","og_image":[{"url":"https:\/\/www.tadano.com\/uscan\/wp-content\/uploads\/2026\/02\/img_tadano_LaborDay_13-edited-1-1024x1024.jpg","type":"","width":"","height":""}],"twitter_card":"summary_large_image","twitter_misc":{"Tiempo de lectura":"2 minutos"},"schema":{"@context":"https:\/\/schema.org","@graph":[{"@type":"WebPage","@id":"https:\/\/www.tadano.com\/uscan\/es\/formacion-tadano\/","url":"https:\/\/www.tadano.com\/uscan\/es\/formacion-tadano\/","name":"FORMACI\u00d3N TADANO - US\/Canada","isPartOf":{"@id":"https:\/\/www.tadano.com\/uscan\/en\/#website"},"primaryImageOfPage":{"@id":"https:\/\/www.tadano.com\/uscan\/es\/formacion-tadano\/#primaryimage"},"image":{"@id":"https:\/\/www.tadano.com\/uscan\/es\/formacion-tadano\/#primaryimage"},"thumbnailUrl":"https:\/\/www.tadano.com\/uscan\/wp-content\/uploads\/2026\/02\/img_tadano_LaborDay_13-edited-1-1024x1024.jpg","datePublished":"2025-10-02T22:02:43+00:00","inLanguage":"es","potentialAction":[{"@type":"ReadAction","target":["https:\/\/www.tadano.com\/uscan\/es\/formacion-tadano\/"]}]},{"@type":"ImageObject","inLanguage":"es","@id":"https:\/\/www.tadano.com\/uscan\/es\/formacion-tadano\/#primaryimage","url":"https:\/\/www.tadano.com\/uscan\/wp-content\/uploads\/2026\/02\/img_tadano_LaborDay_13-edited-1-1024x1024.jpg","contentUrl":"https:\/\/www.tadano.com\/uscan\/wp-content\/uploads\/2026\/02\/img_tadano_LaborDay_13-edited-1-1024x1024.jpg"},{"@type":"WebSite","@id":"https:\/\/www.tadano.com\/uscan\/en\/#website","url":"https:\/\/www.tadano.com\/uscan\/en\/","name":"US\/Canada","description":"Just another TADANO EUROPE site","potentialAction":[{"@type":"SearchAction","target":{"@type":"EntryPoint","urlTemplate":"https:\/\/www.tadano.com\/uscan\/en\/?s={search_term_string}"},"query-input":{"@type":"PropertyValueSpecification","valueRequired":true,"valueName":"search_term_string"}}],"inLanguage":"es"}]}},"_links":{"self":[{"href":"https:\/\/www.tadano.com\/uscan\/es\/wp-json\/wp\/v2\/pages\/27201","targetHints":{"allow":["GET"]}}],"collection":[{"href":"https:\/\/www.tadano.com\/uscan\/es\/wp-json\/wp\/v2\/pages"}],"about":[{"href":"https:\/\/www.tadano.com\/uscan\/es\/wp-json\/wp\/v2\/types\/page"}],"author":[{"embeddable":true,"href":"https:\/\/www.tadano.com\/uscan\/es\/wp-json\/wp\/v2\/users\/16"}],"replies":[{"embeddable":true,"href":"https:\/\/www.tadano.com\/uscan\/es\/wp-json\/wp\/v2\/comments?post=27201"}],"version-history":[{"count":1,"href":"https:\/\/www.tadano.com\/uscan\/es\/wp-json\/wp\/v2\/pages\/27201\/revisions"}],"predecessor-version":[{"id":27202,"href":"https:\/\/www.tadano.com\/uscan\/es\/wp-json\/wp\/v2\/pages\/27201\/revisions\/27202"}],"wp:attachment":[{"href":"https:\/\/www.tadano.com\/uscan\/es\/wp-json\/wp\/v2\/media?parent=27201"}],"curies":[{"name":"wp","href":"https:\/\/api.w.org\/{rel}","templated":true}]}}