{"id":27318,"date":"2026-01-14T11:56:27","date_gmt":"2026-01-14T11:56:27","guid":{"rendered":"https:\/\/www.tadano.com\/uscan\/plataformas-montadas-sobre-camion-serie-oilsteel\/"},"modified":"2026-02-25T13:19:34","modified_gmt":"2026-02-25T13:19:34","slug":"plataformas-montadas-sobre-camion-serie-oilsteel","status":"publish","type":"page","link":"https:\/\/www.tadano.com\/uscan\/es\/plataformas-montadas-sobre-camion-serie-oilsteel\/","title":{"rendered":"Plataformas montadas sobre cami\u00f3n (Serie Oil&amp;Steel)"},"content":{"rendered":"\n\n\n<section class=\"hero-section\">\n\n\t\n\t\n\t\n\t<div class=\"img-holder \">\n\t\t\t\t<div class=\"bg-stretch\" style=\"background-position: 50% 0; \">\n\t\t\t<span data-srcset=\"https:\/\/mediahub.tadano.com\/m\/16ef8dfe39e03b83\/hero-img_Tadano_snake_24_beauty.png, https:\/\/mediahub.tadano.com\/m\/16ef8dfe39e03b83\/hero_2x-img_Tadano_snake_24_beauty.png 2x\"><\/span>\n\t\t<\/div>\n\t\t\t\t\t\t<div class=\"logo green-solutions\" style=\"display:none;\">\n\t\t\t<a href=\"#\"><img decoding=\"async\" src=\"https:\/\/www.tadano.com\/uscan\/wp-content\/themes\/tadano\/assets\/dist\/images\/Green-Solutions_Logo_White.svg\"><\/a>\n\t\t<\/div>\n\t<\/div>\n\t<div class=\"container\">\n\t\t<div class=\"text-holder \">\n\t\t\t<div class=\"wrap\">\n\t\t\t\t\n\t\t\t\t<ul class=\"breadcrumbs\"><li><a href=\"https:\/\/www.tadano.com\/uscan\/es\/\">Inicio<\/a><\/li><\/ul>\n\t\t\t\t\n\n<h1 class=\"wp-block-heading\">Plataformas montadas sobre cami\u00f3n<\/h1>\n\n\n\n<p>Las plataformas montadas sobre cami\u00f3n Tadano (Serie Oil&amp;Steel) combinan flexibilidad, alcance y una r\u00e1pida puesta en marcha para ofrecer un alto rendimiento all\u00ed donde el trabajo te lleve. Los sistemas de estabilizaci\u00f3n compactos y las funciones avanzadas de asistencia al operador permiten trabajar de forma eficiente incluso en espacios reducidos o entornos urbanos.<\/p>\n\n\n\n\t\t\t\t\n\t\t\t<\/div>\n\n\t\t\t\n\t\t\t\n\t\t\t\n\t\t<\/div>\n\t<\/div>\n<\/section>\n\n\n<section class=\"product-compare\" id=\"product-compare-1\" style=\"display: none;\">\n\t<div class=\"container\">\n\t\t<h2>Comparar productos<\/h2>\n\t\t<div class=\"compare-products\">\n\t\t\t<input type=\"hidden\" id=\"current_lang\" value=\"es\">\n\t\t\t<input type=\"hidden\" id=\"current_site_id\" value=\"12\">\n\t\t\t<input type=\"hidden\" id=\"current_term_id\" value=\"67\">\n\t\t\t<input type=\"hidden\" id=\"compare_group_by_product_groups\" value=\"0\">\n\n\t\t\t\n\t\t\t\t\t\t\t<div class=\"compare-container\">\n\t\t\t\t\t<label for=\"product-1\" class=\"hidden\">Seleccione un producto<\/label>\n\t\t\t\t\t<ul id=\"product-1\" class=\"bh-sl-filters\">\n\t\t\t\t\t\t<select class=\"compare-product-select\" data-compare-id=\"1\" >\n\t\t\t\t\t\t\t<option value=\"\">Seleccione un producto<\/option>\n\t\t\t\t\t\t\t\t\t\t\t\t\t<\/select>\n\t\t\t\t\t<\/ul>\n\t\t\t\t\t<div class=\"loader result-loader-1\"><\/div>\n\t\t\t\t\t<div class=\"result result-1\"><\/div>\n\t\t\t\t<\/div>\n\t\t\t\t\t\t\t<div class=\"compare-container\">\n\t\t\t\t\t<label for=\"product-2\" class=\"hidden\">Seleccione un producto<\/label>\n\t\t\t\t\t<ul id=\"product-2\" class=\"bh-sl-filters\">\n\t\t\t\t\t\t<select class=\"compare-product-select\" data-compare-id=\"2\" >\n\t\t\t\t\t\t\t<option value=\"\">Seleccione un producto<\/option>\n\t\t\t\t\t\t\t\t\t\t\t\t\t<\/select>\n\t\t\t\t\t<\/ul>\n\t\t\t\t\t<div class=\"loader result-loader-2\"><\/div>\n\t\t\t\t\t<div class=\"result result-2\"><\/div>\n\t\t\t\t<\/div>\n\t\t\t\t\t<\/div>\n\t<\/div>\n<\/section>\n\n\n\n    <div class=\"products-filtering \">\n                <input type=\"hidden\" id=\"filterAxles\" value=\"\"\/>\n        <input type=\"hidden\" id=\"filterMaxLoad\" value=\"\"\/>\n        <input type=\"hidden\" id=\"filterBoomLength\" value=\"1\"\/>\n        <input type=\"hidden\" id=\"filterTipHeight\" value=\"\"\/>\n        <input type=\"hidden\" id=\"filterManufacturingYear\" value=\"\"\/>\n        <input type=\"hidden\" id=\"filterCategory\" value=\"\"\/>\n                    <input type=\"hidden\" id=\"filter_max_working_height\" value=\"true\"\/>\n                    <input type=\"hidden\" id=\"filter_max_horizontal_outreach\" value=\"true\"\/>\n                <input type=\"hidden\" id=\"filterLegacyStatus\" value=\"\"\/>\n        <input type=\"hidden\" id=\"displayFilter\" value=\"1\"\/>\n        <!-- REFINE AREA START -->\n                    <section class=\"filter-refine\">\n                <form action=\"#\">\n                    <div class=\"container\">\n                        <div class=\"left\">\n                                                            <strong class=\"title\">Refinar b\u00fasqueda:<\/strong>\n                                                                                        <ul class=\"tabset-filter\">\n                                                                                                                                                                                        <li><a href=\"#boom-length\"><span>Altura del suelo de la plataforma<\/span><\/a><\/li>\n                                                                                                                                                                                        <li><a href=\"#max_working_height\"><span>Altura de trabajo<\/span><\/a><\/li>\n                                                                            <li><a href=\"#max_horizontal_outreach\"><span>Alcance horizontal<\/span><\/a><\/li>\n                                                                    <\/ul>\n                                <div class=\"tab-content product-tab-content\">\n                                                                                                                                                                                        <div class=\"tab-refine\" id=\"boom-length\">\n                                                                                                                                                                                                                                                                            <\/div>\n                                                                                                                                                                                        <div class=\"tab-refine\" id=\"max_working_height\">\n                                                                                                                                                                                                                                                                            <\/div>\n                                                                            <div class=\"tab-refine\" id=\"max_horizontal_outreach\">\n                                                                                                                                                                                                                                                                            <\/div>\n                                                                    <\/div>\n\n                                \n                            \n\n                        <\/div>\n                        <div class=\"right\">\n                                                        <div class=\"radio\">\n                                                                    <label for=\"met\" class=\"met\">\n                                        <input type=\"radio\" name=\"filterScale\" id=\"met\" value=\"met\">\n                                        <span class=\"fake-radio\"><\/span>\n                                        <span class=\"fake-label\">M\u00e9trico<\/span>\n                                    <\/label>\n                                    <label for=\"imp\" class=\"imp\">\n                                        <input type=\"radio\" name=\"filterScale\" id=\"imp\" value=\"imp\" >\n                                        <span class=\"fake-radio\"><\/span>\n                                        <span class=\"fake-label\">Imperial<\/span>\n                                    <\/label>\n                                    \n                            <\/div>\n                        <\/div>\n                    <\/div>\n                <\/form>\n            <\/section>\n                <!-- REFINE AREA END -->\n\n                <div class=\"all-results use-portrait-mode\" >\n            <section class=\"filter-content\">\n                <div class=\"container\">\n                    <div class=\"no-results\">\n                        <h2>Lo siento, no se ha encontrado nada \ud83d\ude14<\/h2>\n                        <p>Por favor, ajuste su b\u00fasqueda. <\/p>\n                    <\/div>\n                    <div class=\"wp-block-buttons is-layout-flex wp-block-buttons-is-layout-flex\" style=\"margin-bottom:20px;\"><\/div>            <\/section>\n        <\/div>\n    <\/div>\n\n\n<section class=\"new-products\">\n  <div class=\"container\">\n    <h2>Nuevos productos<\/h2>\n    <div class=\"new-products-hold\">\n                                  <div class=\"new-product-single\">\n            <a href=\"https:\/\/www.tadano.com\/uscan\/es\/equipos-de-elevacion\/gruas-sobre-orugas\/cc-78-1250-1\/\">\n              <div class=\"img-holder\">\n                                <div class=\"bg-stretch\" >\n                  <span data-srcset=\"https:\/\/mediahub.tadano.com\/m\/66ee5e28b8e2e436\/employee-img_tadano_CC781250_cuout_side.png, https:\/\/mediahub.tadano.com\/m\/66ee5e28b8e2e436\/employee_2x-img_tadano_CC781250_cuout_side.png 2x\"><\/span>\n                <\/div>\n                              <\/div>\n              <div class=\"text-block\">\n                <strong class=\"title\">CC 78.1250-1<\/strong>\n                <span class=\"category\">\n                                  <\/span>\n              <\/div>\n            <\/a>\n          <\/div>\n                            <div class=\"new-product-single\">\n            <a href=\"https:\/\/www.tadano.com\/uscan\/es\/equipos-de-elevacion\/gruas-todo-terreno\/ac-5-250l-2\/\">\n              <div class=\"img-holder\">\n                                <div class=\"bg-stretch\" >\n                  <span data-srcset=\"https:\/\/mediahub.tadano.com\/m\/3030b5811b8aa0e8\/employee-img_tadano_AC5250L-2_cutout_side.png, https:\/\/mediahub.tadano.com\/m\/3030b5811b8aa0e8\/employee_2x-img_tadano_AC5250L-2_cutout_side.png 2x\"><\/span>\n                <\/div>\n                              <\/div>\n              <div class=\"text-block\">\n                <strong class=\"title\">AC 5.250L-2<\/strong>\n                <span class=\"category\">\n                                  <\/span>\n              <\/div>\n            <\/a>\n          <\/div>\n                            <div class=\"new-product-single\">\n            <a href=\"https:\/\/www.tadano.com\/uscan\/es\/equipos-de-elevacion\/gruas-para-terrenos-irregulares\/gr-1600xl\/\">\n              <div class=\"img-holder\">\n                                <div class=\"bg-stretch\" >\n                  <span data-srcset=\"https:\/\/assets.onetadano.com\/celum_assets\/employee\/IMG00000001183_JPEG_GR1600XL_026_2015.jpg, https:\/\/assets.onetadano.com\/celum_assets\/employee-2x\/IMG00000001183_JPEG_GR1600XL_026_2015.jpg 2x\"><\/span>\n                <\/div>\n                              <\/div>\n              <div class=\"text-block\">\n                <strong class=\"title\">GR-1600XL<\/strong>\n                <span class=\"category\">\n                                  <\/span>\n              <\/div>\n            <\/a>\n          <\/div>\n                  <\/div>\n  <\/div>\n<\/section>","protected":false},"excerpt":{"rendered":"","protected":false},"author":3,"featured_media":0,"parent":0,"menu_order":0,"comment_status":"closed","ping_status":"closed","template":"","meta":{"_acf_changed":false,"footnotes":""},"acf":[],"yoast_head":"<!-- This site is optimized with the Yoast SEO plugin v22.3 - https:\/\/yoast.com\/wordpress\/plugins\/seo\/ -->\n<title>Plataformas montadas sobre cami\u00f3n (Serie Oil&amp;Steel) - US\/Canada<\/title>\n<meta name=\"robots\" content=\"index, follow, max-snippet:-1, max-image-preview:large, max-video-preview:-1\" \/>\n<link rel=\"canonical\" href=\"https:\/\/www.tadano.com\/uscan\/en\/truck-mounted-aerial-work-platforms-oilsteel-series\/\" \/>\n<meta property=\"og:locale\" content=\"es_ES\" \/>\n<meta property=\"og:type\" content=\"article\" \/>\n<meta property=\"og:title\" content=\"Plataformas montadas sobre cami\u00f3n (Serie Oil&amp;Steel) - US\/Canada\" \/>\n<meta property=\"og:url\" content=\"https:\/\/www.tadano.com\/uscan\/en\/truck-mounted-aerial-work-platforms-oilsteel-series\/\" \/>\n<meta property=\"og:site_name\" content=\"US\/Canada\" \/>\n<meta property=\"article:modified_time\" content=\"2026-02-25T13:19:34+00:00\" \/>\n<meta name=\"twitter:card\" content=\"summary_large_image\" \/>\n<meta name=\"twitter:label1\" content=\"Tiempo de lectura\" \/>\n\t<meta name=\"twitter:data1\" content=\"1 minuto\" \/>\n<script type=\"application\/ld+json\" class=\"yoast-schema-graph\">{\"@context\":\"https:\/\/schema.org\",\"@graph\":[{\"@type\":\"WebPage\",\"@id\":\"https:\/\/www.tadano.com\/uscan\/en\/truck-mounted-aerial-work-platforms-oilsteel-series\/\",\"url\":\"https:\/\/www.tadano.com\/uscan\/en\/truck-mounted-aerial-work-platforms-oilsteel-series\/\",\"name\":\"Plataformas montadas sobre cami\u00f3n (Serie Oil&amp;Steel) - US\/Canada\",\"isPartOf\":{\"@id\":\"https:\/\/www.tadano.com\/uscan\/en\/#website\"},\"datePublished\":\"2026-01-14T11:56:27+00:00\",\"dateModified\":\"2026-02-25T13:19:34+00:00\",\"inLanguage\":\"es\",\"potentialAction\":[{\"@type\":\"ReadAction\",\"target\":[\"https:\/\/www.tadano.com\/uscan\/en\/truck-mounted-aerial-work-platforms-oilsteel-series\/\"]}]},{\"@type\":\"WebSite\",\"@id\":\"https:\/\/www.tadano.com\/uscan\/en\/#website\",\"url\":\"https:\/\/www.tadano.com\/uscan\/en\/\",\"name\":\"US\/Canada\",\"description\":\"Just another TADANO EUROPE site\",\"potentialAction\":[{\"@type\":\"SearchAction\",\"target\":{\"@type\":\"EntryPoint\",\"urlTemplate\":\"https:\/\/www.tadano.com\/uscan\/en\/?s={search_term_string}\"},\"query-input\":\"required name=search_term_string\"}],\"inLanguage\":\"es\"}]}<\/script>\n<!-- \/ Yoast SEO plugin. -->","yoast_head_json":{"title":"Plataformas montadas sobre cami\u00f3n (Serie Oil&amp;Steel) - US\/Canada","robots":{"index":"index","follow":"follow","max-snippet":"max-snippet:-1","max-image-preview":"max-image-preview:large","max-video-preview":"max-video-preview:-1"},"canonical":"https:\/\/www.tadano.com\/uscan\/en\/truck-mounted-aerial-work-platforms-oilsteel-series\/","og_locale":"es_ES","og_type":"article","og_title":"Plataformas montadas sobre cami\u00f3n (Serie Oil&amp;Steel) - US\/Canada","og_url":"https:\/\/www.tadano.com\/uscan\/en\/truck-mounted-aerial-work-platforms-oilsteel-series\/","og_site_name":"US\/Canada","article_modified_time":"2026-02-25T13:19:34+00:00","twitter_card":"summary_large_image","twitter_misc":{"Tiempo de lectura":"1 minuto"},"schema":{"@context":"https:\/\/schema.org","@graph":[{"@type":"WebPage","@id":"https:\/\/www.tadano.com\/uscan\/en\/truck-mounted-aerial-work-platforms-oilsteel-series\/","url":"https:\/\/www.tadano.com\/uscan\/en\/truck-mounted-aerial-work-platforms-oilsteel-series\/","name":"Plataformas montadas sobre cami\u00f3n (Serie Oil&amp;Steel) - US\/Canada","isPartOf":{"@id":"https:\/\/www.tadano.com\/uscan\/en\/#website"},"datePublished":"2026-01-14T11:56:27+00:00","dateModified":"2026-02-25T13:19:34+00:00","inLanguage":"es","potentialAction":[{"@type":"ReadAction","target":["https:\/\/www.tadano.com\/uscan\/en\/truck-mounted-aerial-work-platforms-oilsteel-series\/"]}]},{"@type":"WebSite","@id":"https:\/\/www.tadano.com\/uscan\/en\/#website","url":"https:\/\/www.tadano.com\/uscan\/en\/","name":"US\/Canada","description":"Just another TADANO EUROPE site","potentialAction":[{"@type":"SearchAction","target":{"@type":"EntryPoint","urlTemplate":"https:\/\/www.tadano.com\/uscan\/en\/?s={search_term_string}"},"query-input":"required name=search_term_string"}],"inLanguage":"es"}]}},"_links":{"self":[{"href":"https:\/\/www.tadano.com\/uscan\/es\/wp-json\/wp\/v2\/pages\/27318"}],"collection":[{"href":"https:\/\/www.tadano.com\/uscan\/es\/wp-json\/wp\/v2\/pages"}],"about":[{"href":"https:\/\/www.tadano.com\/uscan\/es\/wp-json\/wp\/v2\/types\/page"}],"author":[{"embeddable":true,"href":"https:\/\/www.tadano.com\/uscan\/es\/wp-json\/wp\/v2\/users\/3"}],"replies":[{"embeddable":true,"href":"https:\/\/www.tadano.com\/uscan\/es\/wp-json\/wp\/v2\/comments?post=27318"}],"version-history":[{"count":0,"href":"https:\/\/www.tadano.com\/uscan\/es\/wp-json\/wp\/v2\/pages\/27318\/revisions"}],"wp:attachment":[{"href":"https:\/\/www.tadano.com\/uscan\/es\/wp-json\/wp\/v2\/media?parent=27318"}],"curies":[{"name":"wp","href":"https:\/\/api.w.org\/{rel}","templated":true}]}}