{"id":22622,"date":"2021-07-28T07:25:07","date_gmt":"2021-07-28T07:25:07","guid":{"rendered":"https:\/\/www.tadano.com\/uscan\/a-propos\/"},"modified":"2026-02-24T15:05:20","modified_gmt":"2026-02-24T15:05:20","slug":"a-propos","status":"publish","type":"page","link":"https:\/\/www.tadano.com\/uscan\/fr\/a-propos\/","title":{"rendered":"\u00c0 propos"},"content":{"rendered":"\n\n\n<section class=\"hero-section\">\n\n\t\n\t\n\t\n\t<div class=\"img-holder \">\n\t\t\t\t<div class=\"bg-stretch\" style=\"background-position: 50% 50%; \">\n\t\t\t<span data-srcset=\"https:\/\/assets.onetadano.com\/celum_assets\/hero\/TDN+Joining+Forces+Hero+Image+4K.jpg, https:\/\/assets.onetadano.com\/celum_assets\/hero-2x\/TDN+Joining+Forces+Hero+Image+4K.jpg 2x\"><\/span>\n\t\t<\/div>\n\t\t\t\t\t\t<div class=\"logo green-solutions\" style=\"display:none;\">\n\t\t\t<a href=\"#\"><img decoding=\"async\" src=\"https:\/\/www.tadano.com\/uscan\/wp-content\/themes\/tadano\/assets\/dist\/images\/Green-Solutions_Logo_White.svg\"><\/a>\n\t\t<\/div>\n\t<\/div>\n\t<div class=\"container\">\n\t\t<div class=\"text-holder \">\n\t\t\t<div class=\"wrap\">\n\t\t\t\t\n\t\t\t\t<ul class=\"breadcrumbs\"><li><a href=\"https:\/\/www.tadano.com\/uscan\/fr\/\">Accueil<\/a><\/li><\/ul>\n\t\t\t\t\n\n<h1 class=\"wp-block-heading\">QUI NOUS SOMMES<\/h1>\n\n\n\n<p>Tadano s&rsquo;engage \u00e0 fournir des solutions de levage innovantes et exceptionnelles qui r\u00e9pondent \u00e0 une grande vari\u00e9t\u00e9 de besoins pour ses clients du monde entier.<\/p>\n\n\n\n\t\t\t\t\n\t\t\t<\/div>\n\n\t\t\t\n\t\t\t\n\t\t\t\n\t\t<\/div>\n\t<\/div>\n<\/section>\n\n\n<div class=\"wp-block-group is-layout-flow wp-block-group-is-layout-flow\"><div class=\"wp-block-group__inner-container\">\n<h2 class=\"wp-block-heading\">NOTRE mission<\/h2>\n\n\n\n<p>Le slogan de Tadano, \u00ab Reaching New Heights \u00bb, repr\u00e9sente notre engagement \u00e0 d\u00e9passer les attentes de nos clients et \u00e0 promouvoir un avenir durable. Gr\u00e2ce \u00e0 des \u00e9quipements de levage et d&rsquo;acc\u00e8s de premier plan, nous offrons une technologie et une s\u00e9curit\u00e9 innovantes, favorisant le progr\u00e8s et la prosp\u00e9rit\u00e9 de nos clients et de la soci\u00e9t\u00e9. En repoussant sans cesse les limites du possible, Tadano s&rsquo;engage \u00e0 cr\u00e9er de la valeur qui contribue \u00e0 un monde meilleur et \u00e0 un avenir meilleur.<\/p>\n\n\n\n<h2 class=\"wp-block-heading\">NOTRE PHILOSOPHIE<\/h2>\n\n\n\n<p>Le groupe Tadano adh\u00e8re \u00e0 sa philosophie d&rsquo;entreprise Sozo (Cr\u00e9ation), Hoshi (Contribution), et Kyoryoku (Coop\u00e9ration) ; il est fermement convaincu que l&rsquo;existence d&rsquo;une entreprise ne peut \u00eatre plac\u00e9e sous le signe de la prosp\u00e9rit\u00e9 que si celle-ci est en harmonie avec la soci\u00e9t\u00e9 et les individus. Dans cette optique, Tadano et ses employ\u00e9s participent au d\u00e9veloppement des communaut\u00e9s locales et internationales et encouragent les activit\u00e9s commerciales qui contribuent \u00e0 la protection de l&rsquo;environnement \u00e0 l&rsquo;\u00e9chelle mondiale. Nous nous effor\u00e7ons \u00e9galement de tirer le meilleur parti possible de la valeur de l&rsquo;entreprise tout en comblant voire en d\u00e9passant les attentes des parties prenantes.<\/p>\n\n\n\n<div class=\"wp-block-columns is-layout-flex wp-container-core-columns-layout-1 wp-block-columns-is-layout-flex\">\n<div class=\"wp-block-column is-layout-flow wp-block-column-is-layout-flow\">\n<h3 class=\"wp-block-heading alignfull\">Sozo (Cr\u00e9ation)<\/h3>\n\n\n\n<p class=\"has-small-font-size\">Nous faisons en sorte de cr\u00e9er en nous appuyant sur l&rsquo;innovation et en \u00e9prouvant de la fiert\u00e9 pour nos produits de haute qualit\u00e9.<\/p>\n<\/div>\n\n\n\n<div class=\"wp-block-column is-layout-flow wp-block-column-is-layout-flow\">\n<h3 class=\"wp-block-heading\">Hoshi (Contribution)<\/h3>\n\n\n\n<p class=\"has-small-font-size\">Nous souhaitons contribuer au succ\u00e8s de nos clients et servir la soci\u00e9t\u00e9.<\/p>\n<\/div>\n\n\n\n<div class=\"wp-block-column is-layout-flow wp-block-column-is-layout-flow\">\n<h3 class=\"wp-block-heading\">Kyoryoku (Coop\u00e9ration)<\/h3>\n\n\n\n<p class=\"has-small-font-size\">Nous sommes pr\u00eats \u00e0 coop\u00e9rer pour assurer notre bonheur et renforcer les liens qui nous unissent.<\/p>\n<\/div>\n<\/div>\n\n\n\n<h2 class=\"wp-block-heading\">NOS VALEURS<\/h2>\n\n\n\n<p>Les valeurs fondamentales du groupe Tadano sont \u00ab la s\u00e9curit\u00e9, la qualit\u00e9 et l&rsquo;efficacit\u00e9 fond\u00e9es sur la conformit\u00e9 (C+SQE) \u00bb. Nous accordons la plus haute priorit\u00e9 \u00e0 la s\u00e9curit\u00e9 de la soci\u00e9t\u00e9 et de tous ceux qui fabriquent et utilisent nos produits et services. Nous nous effor\u00e7ons d&rsquo;am\u00e9liorer la qualit\u00e9, notamment celle des produits, des services et des activit\u00e9s commerciales. Nous am\u00e9liorons la performance de nos propres activit\u00e9s commerciales, tout en contribuant \u00e0 am\u00e9liorer la comp\u00e9titivit\u00e9 de nos clients. <\/p>\n\n\n\n<p>La conformit\u00e9 constitue le fondement qui permet \u00e0 Tadano de faire \u00e9voluer la s\u00e9curit\u00e9, la qualit\u00e9 et l&rsquo;efficacit\u00e9, car nous faisons preuve d&rsquo;\u00e9quit\u00e9 et d&rsquo;honn\u00eatet\u00e9 dans nos agissements et entretenons un sens aigu de l&rsquo;\u00e9thique.<\/p>\n<\/div><\/div>\n\n\n\n<div style=\"height:68px\" aria-hidden=\"true\" class=\"wp-block-spacer\"><\/div>\n\n\n\n<h2 class=\"wp-block-heading\" id=\"h-notre-entreprise\">NOTRE ENTREPRISE<\/h2>\n\n\n\n<p>Tadano America Corporation (TAC) est la&nbsp;<strong><em>structure de vente panam\u00e9ricaine pour les grues automotrices lentes, les grues tout-terrain, les grues \u00e0 chenilles \u00e0 fl\u00e8che t\u00e9lescopique et les grues \u00e0 chenilles \u00e0 m\u00e2t treillis.&nbsp;<\/em><\/strong>Notre si\u00e8ge social de Houston, au Texas, est dot\u00e9 d\u2019une surface de plus de 4000 m\u00b2 d\u00e9di\u00e9e aux pi\u00e8ces d\u00e9tach\u00e9es et au stockage, avec une \u00e9quipe d\u2019assistance directe \u00e0 la client\u00e8le depuis Houston et Edmonton, en Alberta. Le personnel de TAC charg\u00e9 des interventions sur le terrain op\u00e8re sur tout le continent, avec des produits disponibles par le biais d\u2019un vaste r\u00e9seau de distributeurs, d\u2019agents et de partenaires. Nous estimons que les machines doivent \u00eatre une source de b\u00e9n\u00e9fices pour tous : les propri\u00e9taires, la communaut\u00e9 et notre environnement commun. En utilisant des syst\u00e8mes d\u2019exploitation de pointe et des caract\u00e9ristiques de conception \u00e9prouv\u00e9es sur le terrain, Tadano endosse le r\u00f4le de leader technologique, dans ses id\u00e9aux tout comme dans ses valeurs fondamentales de s\u00e9curit\u00e9, de qualit\u00e9 et de performance.<\/p>\n\n\n\n<div class=\"wp-block-columns is-layout-flex wp-container-core-columns-layout-2 wp-block-columns-is-layout-flex\">\n<div class=\"wp-block-column is-layout-flow wp-block-column-is-layout-flow\">\n<figure class=\"wp-block-image size-large\"><a href=\"https:\/\/www.tadano.co.jp\/en\/history\/\" target=\"_blank\" rel=\"noreferrer noopener\"><img decoding=\"async\" src=\"https:\/\/mediahub.tadano.com\/m\/7ef36e95b449b643\/original\/img_tadano_history_jp-1.jpg\" alt=\"\"\/><\/a><\/figure>\n<\/div>\n\n\n\n<div class=\"wp-block-column is-layout-flow wp-block-column-is-layout-flow\">\n<h1 class=\"wp-block-heading\">L&rsquo;HISTOIRE DE TADANO<\/h1>\n\n\n\n<p>Depuis ses origines en 1919, lorsque son fondateur Masuo Tadano a d\u00e9cid\u00e9 de contribuer \u00e0 la soci\u00e9t\u00e9 gr\u00e2ce \u00e0 des innovations dans le domaine du soudage, jusqu&rsquo;\u00e0 son accession au rang de leader mondial des \u00e9quipements de levage, l&rsquo;histoire de Tadano est marqu\u00e9e par l&rsquo;excellence technique, une vision audacieuse et une croissance continue. Fa\u00e7onn\u00e9 par des \u00e9tapes pionni\u00e8res au Japon, en Allemagne, en Italie et aux \u00c9tats-Unis, notamment gr\u00e2ce \u00e0 l&rsquo;h\u00e9ritage de Demag, Faun, Manitex et d&rsquo;autres, Tadano est \u00e0 l&rsquo;origine d&rsquo;innovations dans le domaine des grues depuis plus d&rsquo;un si\u00e8cle. D\u00e9couvrez comment les avanc\u00e9es technologiques, l&rsquo;expansion mondiale et l&rsquo;engagement en faveur de la qualit\u00e9 ont d\u00e9fini le parcours de Tadano et positionn\u00e9 l&rsquo;entreprise \u00e0 la pointe de l&rsquo;industrie mondiale du levage.<\/p>\n\n\n\n<div class=\"wp-block-buttons is-layout-flex wp-block-buttons-is-layout-flex\">\n<div class=\"wp-block-button\"><a class=\"wp-block-button__link wp-element-button\" href=\"https:\/\/www.tadano.co.jp\/en\/history\/\" target=\"_blank\" rel=\"noreferrer noopener\">D\u00c9COUVREZ L&rsquo;HISTOIRE DE TADANO<\/a><\/div>\n<\/div>\n<\/div>\n<\/div>\n\n\n\n    <section class=\"news-section\">\n\n    <div class=\"container\">\n      <div class=\"text-block\">\n        <h2>Actualit\u00e9s<\/h2>\n        <p>Dive into the latest news and developments from the Tadano Group.<\/p>                \n                  <a href=\"https:\/\/www.tadano.com\/uscan\/fr\/news-list\/\" class=\"link-more\">EXPLORER TOUTES les News<\/a>\n        \n\n                <div class=\"controls\">\n          <svg width=\"14\" height=\"31\" viewBox=\"0 0 14 31\" fill=\"none\" xmlns=\"http:\/\/www.w3.org\/2000\/svg\">\n           <path d=\"M13 1L1 15.5L13 30\" stroke=\"#fff\"\/>\n          <\/svg>\n          <svg width=\"15\" height=\"31\" viewBox=\"0 0 15 31\" fill=\"none\" xmlns=\"http:\/\/www.w3.org\/2000\/svg\">\n           <path d=\"M1 1L14 15.5L1 30\" stroke=\"#fff\"\/>\n          <\/svg>\n        <\/div>\n        \n\n        \n      <\/div>\n      <div class=\"slick-slider simple-slider\">\n                              <div>\n              <div class=\"news-single\">\n                <a href=\"https:\/\/www.tadano.com\/uscan\/fr\/news\/tadano-finalise-lacquisition-de-lactivite-systemes-de-transport-de-la-societe-ihi-transport-machinery\/\">\n                  <strong class=\"title\">Tadano finalise l\u2019acquisition de l\u2019activit\u00e9 Syst\u00e8mes de transport de la soci\u00e9t\u00e9 IHI Transport Machinery<\/strong>\n                  <ul class=\"meta\">\n                    <li>Publication<\/li>\n                    <li><time datetime=\"2020-01-01\">Juil\/01\/2025<\/time><\/li>\n                  <\/ul>\n                <\/a>\n              <\/div>\n            <\/div>\n                      <div>\n              <div class=\"news-single\">\n                <a href=\"https:\/\/www.tadano.com\/uscan\/fr\/news\/tadano-at-bauma-2025\/\">\n                  <strong class=\"title\">Tadano \u00e0 la bauma 2025<\/strong>\n                  <ul class=\"meta\">\n                    <li>Publication<\/li>\n                    <li><time datetime=\"2020-01-01\">Avr\/07\/2025<\/time><\/li>\n                  <\/ul>\n                <\/a>\n              <\/div>\n            <\/div>\n                      <div>\n              <div class=\"news-single\">\n                <a href=\"https:\/\/www.tadano.com\/uscan\/fr\/news\/the-new-cc-78-1250-1\/\">\n                  <strong class=\"title\">La nouvelle Tadano CC 78.1250-1<\/strong>\n                  <ul class=\"meta\">\n                    <li>Publication<\/li>\n                    <li><time datetime=\"2020-01-01\">Avr\/03\/2025<\/time><\/li>\n                  <\/ul>\n                <\/a>\n              <\/div>\n            <\/div>\n                      <div>\n              <div class=\"news-single\">\n                <a href=\"https:\/\/www.tadano.com\/uscan\/fr\/news\/longueur-hauteur-et-portee-accrues-nouvelle-grue-tout-terrain-tadano-ac-5-250l-2-equipee-dune-fleche-principale-de-79-metres\/\">\n                  <strong class=\"title\">LONGUEUR, HAUTEUR ET PORT\u00c9E ACCRUES: NOUVELLE GRUE TOUT-TERRAIN TADANO AC 5.250L-2 \u00c9QUIP\u00c9E D\u2019UNE FL\u00c8CHE PRINCIPALE DE 79 M\u00c8TRES<\/strong>\n                  <ul class=\"meta\">\n                    <li>Publication<\/li>\n                    <li><time datetime=\"2020-01-01\">F\u00e9v\/20\/2025<\/time><\/li>\n                  <\/ul>\n                <\/a>\n              <\/div>\n            <\/div>\n                      <div>\n              <div class=\"news-single\">\n                <a href=\"https:\/\/www.tadano.com\/uscan\/fr\/news\/la-tadano-ac-7-450-1-fait-coup-double-dans-le-wisconsin\/\">\n                  <strong class=\"title\">La Tadano AC 7.450-1 fait coup double dans le Wisconsin<\/strong>\n                  <ul class=\"meta\">\n                    <li>Publication<\/li>\n                    <li><time datetime=\"2020-01-01\">Nov\/12\/2024<\/time><\/li>\n                  <\/ul>\n                <\/a>\n              <\/div>\n            <\/div>\n                      <div>\n              <div class=\"news-single\">\n                <a href=\"https:\/\/www.tadano.com\/uscan\/fr\/news\/une-autre-premiere-de-tadano-des-grues-automotrices-lentes-entierement-electriques-pour-le-marche-nord-americain\/\">\n                  <strong class=\"title\">UNE AUTRE PREMI\u00c8RE DE TADANO : DES GRUES AUTOMOTRICES LENTES ENTI\u00c8REMENT \u00c9LECTRIQUES POUR LE MARCH\u00c9 NORD-AM\u00c9RICAIN<\/strong>\n                  <ul class=\"meta\">\n                    <li>Publication<\/li>\n                    <li><time datetime=\"2020-01-01\">Oct\/30\/2024<\/time><\/li>\n                  <\/ul>\n                <\/a>\n              <\/div>\n            <\/div>\n                      <div>\n              <div class=\"news-single\">\n                <a href=\"https:\/\/www.tadano.com\/uscan\/fr\/news\/la-nouvelle-tadano-ac-5-250-2-seduit-par-ses-solutions-innovantes\/\">\n                  <strong class=\"title\">La nouvelle Tadano AC 5.250-2 s\u00e9duit par ses solutions innovantes<\/strong>\n                  <ul class=\"meta\">\n                    <li>Publication<\/li>\n                    <li><time datetime=\"2020-01-01\">Juil\/22\/2024<\/time><\/li>\n                  <\/ul>\n                <\/a>\n              <\/div>\n            <\/div>\n                      <div>\n              <div class=\"news-single\">\n                <a href=\"https:\/\/www.tadano.com\/uscan\/fr\/news\/northbank-civil-and-marine-recoit-une-tadano-gtc-1600\/\">\n                  <strong class=\"title\">Northbank Civil and Marine re\u00e7oit une Tadano GTC-1600<\/strong>\n                  <ul class=\"meta\">\n                    <li>Publication<\/li>\n                    <li><time datetime=\"2020-01-01\">Juin\/27\/2024<\/time><\/li>\n                  <\/ul>\n                <\/a>\n              <\/div>\n            <\/div>\n                      <div>\n              <div class=\"news-single\">\n                <a href=\"https:\/\/www.tadano.com\/uscan\/fr\/news\/sterling-crane-fait-lacquisition-de-sa-premiere-grue-tadano-ac-7-450-1-au-canada\/\">\n                  <strong class=\"title\">STERLING CRANE FAIT L\u2019ACQUISITION DE SA PREMI\u00c8RE GRUE TADANO AC 7.450-1 AU CANADA<\/strong>\n                  <ul class=\"meta\">\n                    <li>Publication<\/li>\n                    <li><time datetime=\"2020-01-01\">F\u00e9v\/12\/2024<\/time><\/li>\n                  <\/ul>\n                <\/a>\n              <\/div>\n            <\/div>\n                      <div>\n              <div class=\"news-single\">\n                <a href=\"https:\/\/www.tadano.com\/uscan\/fr\/news\/cropac-equipment-achete-la-premiere-grue-tadano-gt-800xl-2-au-canada\/\">\n                  <strong class=\"title\">CROPAC EQUIPMENT ACH\u00c8TE LA PREMI\u00c8RE GRUE TADANO GT-800XL-2 AU CANADA<\/strong>\n                  <ul class=\"meta\">\n                    <li>Publication<\/li>\n                    <li><time datetime=\"2020-01-01\">D\u00e9c\/12\/2023<\/time><\/li>\n                  <\/ul>\n                <\/a>\n              <\/div>\n            <\/div>\n                        <\/div>\n    <\/div>\n  <\/section>\n  ","protected":false},"excerpt":{"rendered":"<p>NOTRE mission Le slogan de Tadano, \u00ab Reaching New Heights \u00bb, repr\u00e9sente notre engagement \u00e0 d\u00e9passer les attentes de nos clients et \u00e0 promouvoir un avenir durable. Gr\u00e2ce \u00e0 des \u00e9quipements de levage et d&rsquo;acc\u00e8s de premier plan, nous offrons une technologie et une s\u00e9curit\u00e9 innovantes, favorisant le progr\u00e8s et la prosp\u00e9rit\u00e9 de nos clients [&hellip;]<\/p>\n","protected":false},"author":1,"featured_media":0,"parent":0,"menu_order":0,"comment_status":"closed","ping_status":"closed","template":"","meta":{"_acf_changed":false,"footnotes":""},"acf":[],"yoast_head":"<!-- This site is optimized with the Yoast SEO plugin v22.3 - https:\/\/yoast.com\/wordpress\/plugins\/seo\/ -->\n<title>\u00c0 propos - US\/Canada<\/title>\n<meta name=\"robots\" content=\"index, follow, max-snippet:-1, max-image-preview:large, max-video-preview:-1\" \/>\n<link rel=\"canonical\" href=\"https:\/\/www.tadano.com\/uscan\/fr\/a-propos\/\" \/>\n<meta property=\"og:locale\" content=\"fr_FR\" \/>\n<meta property=\"og:type\" content=\"article\" \/>\n<meta property=\"og:title\" content=\"\u00c0 propos - US\/Canada\" \/>\n<meta property=\"og:description\" content=\"NOTRE mission Le slogan de Tadano, \u00ab Reaching New Heights \u00bb, repr\u00e9sente notre engagement \u00e0 d\u00e9passer les attentes de nos clients et \u00e0 promouvoir un avenir durable. Gr\u00e2ce \u00e0 des \u00e9quipements de levage et d&rsquo;acc\u00e8s de premier plan, nous offrons une technologie et une s\u00e9curit\u00e9 innovantes, favorisant le progr\u00e8s et la prosp\u00e9rit\u00e9 de nos clients [&hellip;]\" \/>\n<meta property=\"og:url\" content=\"https:\/\/www.tadano.com\/uscan\/fr\/a-propos\/\" \/>\n<meta property=\"og:site_name\" content=\"US\/Canada\" \/>\n<meta property=\"article:modified_time\" content=\"2026-02-24T15:05:20+00:00\" \/>\n<meta property=\"og:image\" content=\"https:\/\/mediahub.tadano.com\/m\/7ef36e95b449b643\/original\/img_tadano_history_jp-1.jpg\" \/>\n<meta name=\"twitter:card\" content=\"summary_large_image\" \/>\n<meta name=\"twitter:label1\" content=\"Dur\u00e9e de lecture estim\u00e9e\" \/>\n\t<meta name=\"twitter:data1\" content=\"4 minutes\" \/>\n<script type=\"application\/ld+json\" class=\"yoast-schema-graph\">{\"@context\":\"https:\/\/schema.org\",\"@graph\":[{\"@type\":\"WebPage\",\"@id\":\"https:\/\/www.tadano.com\/uscan\/fr\/a-propos\/\",\"url\":\"https:\/\/www.tadano.com\/uscan\/fr\/a-propos\/\",\"name\":\"\u00c0 propos - US\/Canada\",\"isPartOf\":{\"@id\":\"https:\/\/www.tadano.com\/uscan\/en\/#website\"},\"primaryImageOfPage\":{\"@id\":\"https:\/\/www.tadano.com\/uscan\/fr\/a-propos\/#primaryimage\"},\"image\":{\"@id\":\"https:\/\/www.tadano.com\/uscan\/fr\/a-propos\/#primaryimage\"},\"thumbnailUrl\":\"https:\/\/mediahub.tadano.com\/m\/7ef36e95b449b643\/original\/img_tadano_history_jp-1.jpg\",\"datePublished\":\"2021-07-28T07:25:07+00:00\",\"dateModified\":\"2026-02-24T15:05:20+00:00\",\"inLanguage\":\"fr-FR\",\"potentialAction\":[{\"@type\":\"ReadAction\",\"target\":[\"https:\/\/www.tadano.com\/uscan\/fr\/a-propos\/\"]}]},{\"@type\":\"ImageObject\",\"inLanguage\":\"fr-FR\",\"@id\":\"https:\/\/www.tadano.com\/uscan\/fr\/a-propos\/#primaryimage\",\"url\":\"https:\/\/mediahub.tadano.com\/m\/7ef36e95b449b643\/original\/img_tadano_history_jp-1.jpg\",\"contentUrl\":\"https:\/\/mediahub.tadano.com\/m\/7ef36e95b449b643\/original\/img_tadano_history_jp-1.jpg\"},{\"@type\":\"WebSite\",\"@id\":\"https:\/\/www.tadano.com\/uscan\/en\/#website\",\"url\":\"https:\/\/www.tadano.com\/uscan\/en\/\",\"name\":\"US\/Canada\",\"description\":\"Just another TADANO EUROPE site\",\"potentialAction\":[{\"@type\":\"SearchAction\",\"target\":{\"@type\":\"EntryPoint\",\"urlTemplate\":\"https:\/\/www.tadano.com\/uscan\/en\/?s={search_term_string}\"},\"query-input\":\"required name=search_term_string\"}],\"inLanguage\":\"fr-FR\"}]}<\/script>\n<!-- \/ Yoast SEO plugin. -->","yoast_head_json":{"title":"\u00c0 propos - US\/Canada","robots":{"index":"index","follow":"follow","max-snippet":"max-snippet:-1","max-image-preview":"max-image-preview:large","max-video-preview":"max-video-preview:-1"},"canonical":"https:\/\/www.tadano.com\/uscan\/fr\/a-propos\/","og_locale":"fr_FR","og_type":"article","og_title":"\u00c0 propos - US\/Canada","og_description":"NOTRE mission Le slogan de Tadano, \u00ab Reaching New Heights \u00bb, repr\u00e9sente notre engagement \u00e0 d\u00e9passer les attentes de nos clients et \u00e0 promouvoir un avenir durable. Gr\u00e2ce \u00e0 des \u00e9quipements de levage et d&rsquo;acc\u00e8s de premier plan, nous offrons une technologie et une s\u00e9curit\u00e9 innovantes, favorisant le progr\u00e8s et la prosp\u00e9rit\u00e9 de nos clients [&hellip;]","og_url":"https:\/\/www.tadano.com\/uscan\/fr\/a-propos\/","og_site_name":"US\/Canada","article_modified_time":"2026-02-24T15:05:20+00:00","og_image":[{"url":"https:\/\/mediahub.tadano.com\/m\/7ef36e95b449b643\/original\/img_tadano_history_jp-1.jpg"}],"twitter_card":"summary_large_image","twitter_misc":{"Dur\u00e9e de lecture estim\u00e9e":"4 minutes"},"schema":{"@context":"https:\/\/schema.org","@graph":[{"@type":"WebPage","@id":"https:\/\/www.tadano.com\/uscan\/fr\/a-propos\/","url":"https:\/\/www.tadano.com\/uscan\/fr\/a-propos\/","name":"\u00c0 propos - US\/Canada","isPartOf":{"@id":"https:\/\/www.tadano.com\/uscan\/en\/#website"},"primaryImageOfPage":{"@id":"https:\/\/www.tadano.com\/uscan\/fr\/a-propos\/#primaryimage"},"image":{"@id":"https:\/\/www.tadano.com\/uscan\/fr\/a-propos\/#primaryimage"},"thumbnailUrl":"https:\/\/mediahub.tadano.com\/m\/7ef36e95b449b643\/original\/img_tadano_history_jp-1.jpg","datePublished":"2021-07-28T07:25:07+00:00","dateModified":"2026-02-24T15:05:20+00:00","inLanguage":"fr-FR","potentialAction":[{"@type":"ReadAction","target":["https:\/\/www.tadano.com\/uscan\/fr\/a-propos\/"]}]},{"@type":"ImageObject","inLanguage":"fr-FR","@id":"https:\/\/www.tadano.com\/uscan\/fr\/a-propos\/#primaryimage","url":"https:\/\/mediahub.tadano.com\/m\/7ef36e95b449b643\/original\/img_tadano_history_jp-1.jpg","contentUrl":"https:\/\/mediahub.tadano.com\/m\/7ef36e95b449b643\/original\/img_tadano_history_jp-1.jpg"},{"@type":"WebSite","@id":"https:\/\/www.tadano.com\/uscan\/en\/#website","url":"https:\/\/www.tadano.com\/uscan\/en\/","name":"US\/Canada","description":"Just another TADANO EUROPE site","potentialAction":[{"@type":"SearchAction","target":{"@type":"EntryPoint","urlTemplate":"https:\/\/www.tadano.com\/uscan\/en\/?s={search_term_string}"},"query-input":"required name=search_term_string"}],"inLanguage":"fr-FR"}]}},"_links":{"self":[{"href":"https:\/\/www.tadano.com\/uscan\/fr\/wp-json\/wp\/v2\/pages\/22622"}],"collection":[{"href":"https:\/\/www.tadano.com\/uscan\/fr\/wp-json\/wp\/v2\/pages"}],"about":[{"href":"https:\/\/www.tadano.com\/uscan\/fr\/wp-json\/wp\/v2\/types\/page"}],"author":[{"embeddable":true,"href":"https:\/\/www.tadano.com\/uscan\/fr\/wp-json\/wp\/v2\/users\/1"}],"replies":[{"embeddable":true,"href":"https:\/\/www.tadano.com\/uscan\/fr\/wp-json\/wp\/v2\/comments?post=22622"}],"version-history":[{"count":2,"href":"https:\/\/www.tadano.com\/uscan\/fr\/wp-json\/wp\/v2\/pages\/22622\/revisions"}],"predecessor-version":[{"id":27296,"href":"https:\/\/www.tadano.com\/uscan\/fr\/wp-json\/wp\/v2\/pages\/22622\/revisions\/27296"}],"wp:attachment":[{"href":"https:\/\/www.tadano.com\/uscan\/fr\/wp-json\/wp\/v2\/media?parent=22622"}],"curies":[{"name":"wp","href":"https:\/\/api.w.org\/{rel}","templated":true}]}}