{"id":22626,"date":"2021-03-18T07:10:27","date_gmt":"2021-03-18T07:10:27","guid":{"rendered":"https:\/\/www.tadano.com\/uscan\/a-propos\/actualites\/"},"modified":"2021-07-22T14:06:54","modified_gmt":"2021-07-22T14:06:54","slug":"actualites","status":"publish","type":"page","link":"https:\/\/www.tadano.com\/uscan\/fr\/a-propos\/actualites\/","title":{"rendered":"Actualit\u00e9s"},"content":{"rendered":"\n\n\n<section class=\"hero-section\">\n\n\t\n\t\n\t\n\t<div class=\"img-holder \">\n\t\t\t\t<div class=\"bg-stretch\" style=\"background-position: 50% 50%; \">\n\t\t\t<span data-srcset=\"https:\/\/assets.onetadano.com\/celum_assets\/hero\/Newspaper.jpg, https:\/\/assets.onetadano.com\/celum_assets\/hero-2x\/Newspaper.jpg 2x\"><\/span>\n\t\t<\/div>\n\t\t\t\t\t\t<div class=\"logo green-solutions\" style=\"display:none;\">\n\t\t\t<a href=\"#\"><img decoding=\"async\" src=\"https:\/\/www.tadano.com\/uscan\/wp-content\/themes\/tadano\/assets\/dist\/images\/Green-Solutions_Logo_White.svg\"><\/a>\n\t\t<\/div>\n\t<\/div>\n\t<div class=\"container\">\n\t\t<div class=\"text-holder \">\n\t\t\t<div class=\"wrap\">\n\t\t\t\t\n\t\t\t\t<ul class=\"breadcrumbs\"><li><a href=\"https:\/\/www.tadano.com\/uscan\/fr\/\">Accueil<\/a><\/li><\/ul>\n\t\t\t\t\n\n<h1 class=\"wp-block-heading\">ACTUALIT\u00c9S<\/h1>\n\n\n\n<p>Les derni\u00e8res actualit\u00e9s et nouveaut\u00e9s de Tadano.<\/p>\n\n\n\n\t\t\t\t\n\t\t\t<\/div>\n\n\t\t\t\n\t\t\t\n\t\t\t\n\t\t<\/div>\n\t<\/div>\n<\/section>\n\n<section class=\"newsarticle-section\">\n  <span class=\"hero-shadow\"><\/span>\n  <div class=\"container\">\n    <div class=\"search-col\">\n      <div class=\"filter-holder\">\n        <div class=\"col-heading\">\n          <div class=\"filter-opener\">\n            <h2>Affiner la recherche<\/h2>\n          <\/div>\n        <\/div>\n        <div class=\"form-holder\">\n          <form class=\"newssearch-form\" action=\"#\">\n                          <div class=\"form-class\">\n                <div class=\"title\">\n                  <strong>Actualit\u00e9s de l\u2019entreprise<\/strong>\n                <\/div>\n                              <\/div>\n                          <div class=\"form-class\">\n                <div class=\"title\">\n                  <strong>Livraison<\/strong>\n                <\/div>\n                              <\/div>\n                          <div class=\"form-class\">\n                <div class=\"title\">\n                  <strong>R\u00e9cit de chantier<\/strong>\n                <\/div>\n                              <\/div>\n                          <div class=\"form-class\">\n                <div class=\"title\">\n                  <strong>Plant Tour<\/strong>\n                <\/div>\n                              <\/div>\n                      <\/form>\n        <\/div>\n      <\/div>\n    <\/div>\n    <div class=\"news-col\">\n      <div class=\"col-heading\">\n        <h2>NEWS<\/h2>\n      <\/div>\n\n      \n\n        <div class=\"infocard-row\" id=\"newslist\">\n\n          \n\t\t                  \t\t<div class=\"card-col\">\n          \t\t\t\t          \n\n\t\t          \t\n\t\t          \t\t\t\t          \t\t<div class=\"links-block\">\n\t\t          \t\t\t\t\t              \n\t\t\t              <div class=\"link-single\">\n\t\t\t                <a href=\"https:\/\/www.tadano.com\/uscan\/fr\/news\/tadano-finalise-lacquisition-de-lactivite-systemes-de-transport-de-la-societe-ihi-transport-machinery\/\">\n\t\t\t                  <div class=\"title\">Tadano finalise l\u2019acquisition de l\u2019activit\u00e9 Syst\u00e8mes de transport de la soci\u00e9t\u00e9 IHI Transport Machinery<\/div>\n\t\t\t                <\/a>\n\t\t\t              <\/div>\n\n\t\t\t            \t\t\t            \n\t\t          \t\n\t\t        \t\t    \n\t\t        \n\t\t        \t\t          \n\n\t\t          \t\n\t\t          \t\t\t\t\t              \n\t\t\t              <div class=\"link-single\">\n\t\t\t                <a href=\"https:\/\/www.tadano.com\/uscan\/fr\/news\/tadano-at-bauma-2025\/\">\n\t\t\t                  <div class=\"title\">Tadano \u00e0 la bauma 2025<\/div>\n\t\t\t                <\/a>\n\t\t\t              <\/div>\n\n\t\t\t            \t\t\t            \n\t\t          \t\n\t\t        \t\t    \n\t\t        \n\t\t        \t\t          \n\n\t\t          \t\n\t\t          \t\t\t\t\t              \n\t\t\t              <div class=\"link-single\">\n\t\t\t                <a href=\"https:\/\/www.tadano.com\/uscan\/fr\/news\/the-new-cc-78-1250-1\/\">\n\t\t\t                  <div class=\"title\">La nouvelle Tadano CC 78.1250-1<\/div>\n\t\t\t                <\/a>\n\t\t\t              <\/div>\n\n\t\t\t            \t\t          \t\t<\/div>\n\t\t          \t\t\t\t\t            \n\t\t          \t\n\t\t        \t          \t<\/div><!-- \/card-col -->\n\t          \t\t\t    \n\t\t        \n\t\t                  \t\t<div class=\"card-col\">\n          \t\t\t\t          \n\n\t\t          \t\t\t          \t\t<div class=\"info-card\">\n\t\t\t              <a href=\"https:\/\/www.tadano.com\/uscan\/fr\/news\/longueur-hauteur-et-portee-accrues-nouvelle-grue-tout-terrain-tadano-ac-5-250l-2-equipee-dune-fleche-principale-de-79-metres\/\">\n\t\t\t                <div class=\"card-img\">\n\t\t\t                \t\t\t\t\t\t              <div class=\"bg-stretch\" >\n\t\t\t\t\t                <span data-srcset=\"https:\/\/mediahub.tadano.com\/asset\/ac7acc1d-56ef-4d6f-8e86-d0069d5ce107\/img-thumb\/Img_tadano_AC5250L-2-12.jpg, https:\/\/mediahub.tadano.com\/asset\/ac7acc1d-56ef-4d6f-8e86-d0069d5ce107\/img-thumb-2x\/Img_tadano_AC5250L-2-12.jpg 2x\"><\/span>\n\t\t\t\t\t              <\/div>\n\t\t\t\t\t              \t\t\t                <\/div>\n\t\t\t                <div class=\"card-content\">\n\t\t\t                  <div class=\"card-title\"><p>LONGUEUR, HAUTEUR ET PORT\u00c9E ACCRUES: NOUVELLE GRUE TOUT-TERRAIN TADANO AC 5.250L-2 \u00c9QUIP\u00c9E D\u2019UNE FL\u00c8CHE PRINCIPALE DE 79 M\u00c8TRES<\/p><\/div>\n\t\t\t                <\/div>\n\t\t\t              <\/a>\n\t\t\t            <\/div>\n\t\t          \t\n\t\t        \t          \t<\/div><!-- \/card-col -->\n\t          \t\t\t    \n\t\t        \n\t\t                  \t\t<div class=\"card-col\">\n          \t\t\t\t          \n\n\t\t          \t\t\t          \t\t<div class=\"info-card\">\n\t\t\t              <a href=\"https:\/\/www.tadano.com\/uscan\/fr\/news\/la-tadano-ac-7-450-1-fait-coup-double-dans-le-wisconsin\/\">\n\t\t\t                <div class=\"card-img\">\n\t\t\t                \t\t\t\t\t\t              <div class=\"bg-stretch\" >\n\t\t\t\t\t                <span data-srcset=\"https:\/\/assets.onetadano.com\/celum_assets\/img-thumb\/AC7450panel.jpg, https:\/\/assets.onetadano.com\/celum_assets\/img-thumb-2x\/AC7450panel.jpg 2x\"><\/span>\n\t\t\t\t\t              <\/div>\n\t\t\t\t\t              \t\t\t                <\/div>\n\t\t\t                <div class=\"card-content\">\n\t\t\t                  <div class=\"card-title\"><p>La Tadano AC 7.450-1 fait coup double dans le Wisconsin<\/p><\/div>\n\t\t\t                <\/div>\n\t\t\t              <\/a>\n\t\t\t            <\/div>\n\t\t          \t\n\t\t        \t          \t<\/div><!-- \/card-col -->\n\t          \t\t\t    \n\t\t        \n\t\t                  \t\t<div class=\"card-col\">\n          \t\t\t\t          \n\n\t\t          \t\t\t          \t\t<div class=\"info-card\">\n\t\t\t              <a href=\"https:\/\/www.tadano.com\/uscan\/fr\/news\/une-autre-premiere-de-tadano-des-grues-automotrices-lentes-entierement-electriques-pour-le-marche-nord-americain\/\">\n\t\t\t                <div class=\"card-img\">\n\t\t\t                \t\t\t\t\t\t              <div class=\"bg-stretch\" >\n\t\t\t\t\t                <span data-srcset=\"https:\/\/assets.onetadano.com\/celum_assets\/img-thumb\/eGR-1000XLL-1x.jpg, https:\/\/assets.onetadano.com\/celum_assets\/img-thumb-2x\/eGR-1000XLL-1x.jpg 2x\"><\/span>\n\t\t\t\t\t              <\/div>\n\t\t\t\t\t              \t\t\t                <\/div>\n\t\t\t                <div class=\"card-content\">\n\t\t\t                  <div class=\"card-title\"><p>UNE AUTRE PREMI\u00c8RE DE TADANO : DES GRUES AUTOMOTRICES LENTES ENTI\u00c8REMENT \u00c9LECTRIQUES POUR LE MARCH\u00c9 NORD-AM\u00c9RICAIN<\/p><\/div>\n\t\t\t                <\/div>\n\t\t\t              <\/a>\n\t\t\t            <\/div>\n\t\t          \t\n\t\t        \t          \t<\/div><!-- \/card-col -->\n\t          \t\t\t    \n\t\t        \n        <\/div>\n\n        <div class=\"load-more\">\n          <a href=\"#\" class=\"btn btn-outline-white\">Voir plus<\/a>\n        <\/div>\n\n    <\/div>\n  <\/div>\n<\/section>\n\n<section class=\"featured-section\">\n  <div class=\"container\">\n          <div class=\"article-row\">\n                            <div class=\"article\">\n            <div class=\"img-holder\">\n                          <\/div>\n            <a href=\"\" class=\"article-txt\">\n              <div class=\"title\"><strong><\/strong><\/div>\n              <ul class=\"date\">\n                <li>Publication<\/li>\n                <li><time datetime=\"2020-01-01\">Mar\/18\/2021<\/time><\/li>\n              <\/ul>\n            <\/a>\n          <\/div>\n                            <div class=\"article\">\n            <div class=\"img-holder\">\n                          <\/div>\n            <a href=\"\" class=\"article-txt\">\n              <div class=\"title\"><strong><\/strong><\/div>\n              <ul class=\"date\">\n                <li>Publication<\/li>\n                <li><time datetime=\"2020-01-01\">Mar\/18\/2021<\/time><\/li>\n              <\/ul>\n            <\/a>\n          <\/div>\n              <\/div>\n      <\/div>\n<\/section>\n\n\n<p><\/p>\n","protected":false},"excerpt":{"rendered":"","protected":false},"author":1,"featured_media":0,"parent":22622,"menu_order":0,"comment_status":"closed","ping_status":"closed","template":"","meta":{"_acf_changed":false,"footnotes":""},"acf":[],"yoast_head":"<!-- This site is optimized with the Yoast SEO plugin v22.3 - https:\/\/yoast.com\/wordpress\/plugins\/seo\/ -->\n<title>Actualit\u00e9s - US\/Canada<\/title>\n<meta name=\"robots\" content=\"index, follow, max-snippet:-1, max-image-preview:large, max-video-preview:-1\" \/>\n<link rel=\"canonical\" href=\"https:\/\/www.tadano.com\/uscan\/fr\/a-propos\/actualites\/\" \/>\n<meta property=\"og:locale\" content=\"fr_FR\" \/>\n<meta property=\"og:type\" content=\"article\" \/>\n<meta property=\"og:title\" content=\"Actualit\u00e9s - US\/Canada\" \/>\n<meta property=\"og:url\" content=\"https:\/\/www.tadano.com\/uscan\/fr\/a-propos\/actualites\/\" \/>\n<meta property=\"og:site_name\" content=\"US\/Canada\" \/>\n<meta property=\"article:modified_time\" content=\"2021-07-22T14:06:54+00:00\" \/>\n<meta name=\"twitter:card\" content=\"summary_large_image\" \/>\n<meta name=\"twitter:label1\" content=\"Dur\u00e9e de lecture estim\u00e9e\" \/>\n\t<meta name=\"twitter:data1\" content=\"1 minute\" \/>\n<script type=\"application\/ld+json\" class=\"yoast-schema-graph\">{\"@context\":\"https:\/\/schema.org\",\"@graph\":[{\"@type\":\"WebPage\",\"@id\":\"https:\/\/www.tadano.com\/uscan\/fr\/a-propos\/actualites\/\",\"url\":\"https:\/\/www.tadano.com\/uscan\/fr\/a-propos\/actualites\/\",\"name\":\"Actualit\u00e9s - US\/Canada\",\"isPartOf\":{\"@id\":\"https:\/\/www.tadano.com\/uscan\/en\/#website\"},\"datePublished\":\"2021-03-18T07:10:27+00:00\",\"dateModified\":\"2021-07-22T14:06:54+00:00\",\"breadcrumb\":{\"@id\":\"https:\/\/www.tadano.com\/uscan\/fr\/a-propos\/actualites\/#breadcrumb\"},\"inLanguage\":\"fr-FR\",\"potentialAction\":[{\"@type\":\"ReadAction\",\"target\":[\"https:\/\/www.tadano.com\/uscan\/fr\/a-propos\/actualites\/\"]}]},{\"@type\":\"BreadcrumbList\",\"@id\":\"https:\/\/www.tadano.com\/uscan\/fr\/a-propos\/actualites\/#breadcrumb\",\"itemListElement\":[{\"@type\":\"ListItem\",\"position\":1,\"name\":\"\u00c0 propos\",\"item\":\"https:\/\/www.tadano.com\/uscan\/fr\/a-propos\/\"},{\"@type\":\"ListItem\",\"position\":2,\"name\":\"Actualit\u00e9s\"}]},{\"@type\":\"WebSite\",\"@id\":\"https:\/\/www.tadano.com\/uscan\/en\/#website\",\"url\":\"https:\/\/www.tadano.com\/uscan\/en\/\",\"name\":\"US\/Canada\",\"description\":\"Just another TADANO EUROPE site\",\"potentialAction\":[{\"@type\":\"SearchAction\",\"target\":{\"@type\":\"EntryPoint\",\"urlTemplate\":\"https:\/\/www.tadano.com\/uscan\/en\/?s={search_term_string}\"},\"query-input\":\"required name=search_term_string\"}],\"inLanguage\":\"fr-FR\"}]}<\/script>\n<!-- \/ Yoast SEO plugin. -->","yoast_head_json":{"title":"Actualit\u00e9s - US\/Canada","robots":{"index":"index","follow":"follow","max-snippet":"max-snippet:-1","max-image-preview":"max-image-preview:large","max-video-preview":"max-video-preview:-1"},"canonical":"https:\/\/www.tadano.com\/uscan\/fr\/a-propos\/actualites\/","og_locale":"fr_FR","og_type":"article","og_title":"Actualit\u00e9s - US\/Canada","og_url":"https:\/\/www.tadano.com\/uscan\/fr\/a-propos\/actualites\/","og_site_name":"US\/Canada","article_modified_time":"2021-07-22T14:06:54+00:00","twitter_card":"summary_large_image","twitter_misc":{"Dur\u00e9e de lecture estim\u00e9e":"1 minute"},"schema":{"@context":"https:\/\/schema.org","@graph":[{"@type":"WebPage","@id":"https:\/\/www.tadano.com\/uscan\/fr\/a-propos\/actualites\/","url":"https:\/\/www.tadano.com\/uscan\/fr\/a-propos\/actualites\/","name":"Actualit\u00e9s - US\/Canada","isPartOf":{"@id":"https:\/\/www.tadano.com\/uscan\/en\/#website"},"datePublished":"2021-03-18T07:10:27+00:00","dateModified":"2021-07-22T14:06:54+00:00","breadcrumb":{"@id":"https:\/\/www.tadano.com\/uscan\/fr\/a-propos\/actualites\/#breadcrumb"},"inLanguage":"fr-FR","potentialAction":[{"@type":"ReadAction","target":["https:\/\/www.tadano.com\/uscan\/fr\/a-propos\/actualites\/"]}]},{"@type":"BreadcrumbList","@id":"https:\/\/www.tadano.com\/uscan\/fr\/a-propos\/actualites\/#breadcrumb","itemListElement":[{"@type":"ListItem","position":1,"name":"\u00c0 propos","item":"https:\/\/www.tadano.com\/uscan\/fr\/a-propos\/"},{"@type":"ListItem","position":2,"name":"Actualit\u00e9s"}]},{"@type":"WebSite","@id":"https:\/\/www.tadano.com\/uscan\/en\/#website","url":"https:\/\/www.tadano.com\/uscan\/en\/","name":"US\/Canada","description":"Just another TADANO EUROPE site","potentialAction":[{"@type":"SearchAction","target":{"@type":"EntryPoint","urlTemplate":"https:\/\/www.tadano.com\/uscan\/en\/?s={search_term_string}"},"query-input":"required name=search_term_string"}],"inLanguage":"fr-FR"}]}},"_links":{"self":[{"href":"https:\/\/www.tadano.com\/uscan\/fr\/wp-json\/wp\/v2\/pages\/22626"}],"collection":[{"href":"https:\/\/www.tadano.com\/uscan\/fr\/wp-json\/wp\/v2\/pages"}],"about":[{"href":"https:\/\/www.tadano.com\/uscan\/fr\/wp-json\/wp\/v2\/types\/page"}],"author":[{"embeddable":true,"href":"https:\/\/www.tadano.com\/uscan\/fr\/wp-json\/wp\/v2\/users\/1"}],"replies":[{"embeddable":true,"href":"https:\/\/www.tadano.com\/uscan\/fr\/wp-json\/wp\/v2\/comments?post=22626"}],"version-history":[{"count":0,"href":"https:\/\/www.tadano.com\/uscan\/fr\/wp-json\/wp\/v2\/pages\/22626\/revisions"}],"up":[{"embeddable":true,"href":"https:\/\/www.tadano.com\/uscan\/fr\/wp-json\/wp\/v2\/pages\/22622"}],"wp:attachment":[{"href":"https:\/\/www.tadano.com\/uscan\/fr\/wp-json\/wp\/v2\/media?parent=22626"}],"curies":[{"name":"wp","href":"https:\/\/api.w.org\/{rel}","templated":true}]}}