{"id":22638,"date":"2021-07-22T13:24:55","date_gmt":"2021-07-22T13:24:55","guid":{"rendered":"https:\/\/www.tadano.com\/uscan\/apercu-des-produits\/"},"modified":"2021-07-22T14:04:31","modified_gmt":"2021-07-22T14:04:31","slug":"apercu-des-produits","status":"publish","type":"page","link":"https:\/\/www.tadano.com\/uscan\/fr\/apercu-des-produits\/","title":{"rendered":"Aper\u00e7u des produits"},"content":{"rendered":"\n\n\n<section class=\"hero-section\">\n\n\t\n\t\t\t<style type=\"text\/css\">\n\t\t\t.hero-section .img-holder:before {\n\t\t\t\tdisplay: none;\n\t\t\t}\n\t\t<\/style>\n\t\n\t\n\t<div class=\"img-holder \">\n\t\t\t\t<div class=\"bg-stretch\" style=\"background-position: 50% 50%; \">\n\t\t\t<span data-srcset=\"https:\/\/assets.onetadano.com\/celum_assets\/hero\/TADANO_line-up_june_2021.jpg, https:\/\/assets.onetadano.com\/celum_assets\/hero-2x\/TADANO_line-up_june_2021.jpg 2x\"><\/span>\n\t\t<\/div>\n\t\t\t\t\t\t<div class=\"logo green-solutions\" style=\"display:none;\">\n\t\t\t<a href=\"#\"><img decoding=\"async\" src=\"https:\/\/www.tadano.com\/uscan\/wp-content\/themes\/tadano\/assets\/dist\/images\/Green-Solutions_Logo_White.svg\"><\/a>\n\t\t<\/div>\n\t<\/div>\n\t<div class=\"container\">\n\t\t<div class=\"text-holder \">\n\t\t\t<div class=\"wrap\">\n\t\t\t\t\n\t\t\t\t<ul class=\"breadcrumbs\"><li><a href=\"https:\/\/www.tadano.com\/uscan\/fr\/\">Accueil<\/a><\/li><\/ul>\n\t\t\t\t\n\n<h1 class=\"wp-block-heading\">aper\u00e7u des produits<\/h1>\n\n\n\n<p>Les grues Tadano offrent une conception, une ing\u00e9nierie et des composants sup\u00e9rieurs pour une fiabilit\u00e9 de premier ordre. Le r\u00e9sultat ? Une valeur exceptionnelle pour chaque mod\u00e8le de grue.<\/p>\n\n\n\n<div class=\"wp-block-buttons is-layout-flex wp-block-buttons-is-layout-flex\">\n<div class=\"wp-block-button\"><a class=\"wp-block-button__link\" href=\"https:\/\/www.tadano.com\/en\/about\/contact-us\/\">CONTACTEZ NOUS<\/a><\/div>\n<\/div>\n\n\n\n\t\t\t\t\n\t\t\t<\/div>\n\n\t\t\t\n\t\t\t\n\t\t\t\n\t\t<\/div>\n\t<\/div>\n<\/section>\n\n\n\n\n    \n    \n  <section class=\"related-products\">\n    <div class=\"container\">\n      <div class=\"heading\">\n      <h2>Grues tout-terrain<\/h2>\n        <a href=\"https:\/\/www.tadano.com\/uscan\/en\/all-terrain-cranes\/\" class=\"link-all desktop-only\">Voir tout<\/a>\n      <\/div>\n\n              <div class=\"r-products\">\n                      \n            <div class=\"r-product-single\">\n              <a href=\"https:\/\/www.tadano.com\/uscan\/fr\/equipements-de-levage\/grues-tout-terrain\/ac-2-040-1\/\">\n                <div class=\"img-holder\">\n                                    <div class=\"bg-stretch\" >\n                    <span data-srcset=\"https:\/\/mediahub.tadano.com\/m\/348f34df52e14990\/img_thumb-img_tadano_AC2040-1_cutout_side.png, https:\/\/mediahub.tadano.com\/m\/348f34df52e14990\/img_thumb_2x-img_tadano_AC2040-1_cutout_side.png 2x\"><\/span>\n                  <\/div>\n                                  <\/div>\n                <div class=\"text-block\">\n                  <strong class=\"title\">AC 2.040-1<\/strong>\n                  <span class=\"category\">\n                                      <\/span>\n                <\/div>\n              <\/a>\n            <\/div>\n                      \n            <div class=\"r-product-single\">\n              <a href=\"https:\/\/www.tadano.com\/uscan\/fr\/equipements-de-levage\/grues-tout-terrain\/ac-3-060-2\/\">\n                <div class=\"img-holder\">\n                                    <div class=\"bg-stretch\" >\n                    <span data-srcset=\"https:\/\/mediahub.tadano.com\/m\/1f157511c04e5b9b\/img_thumb-img_tadano_AC3060-2_cutout_side.png, https:\/\/mediahub.tadano.com\/m\/1f157511c04e5b9b\/img_thumb_2x-img_tadano_AC3060-2_cutout_side.png 2x\"><\/span>\n                  <\/div>\n                                  <\/div>\n                <div class=\"text-block\">\n                  <strong class=\"title\">AC 3.060-2<\/strong>\n                  <span class=\"category\">\n                                      <\/span>\n                <\/div>\n              <\/a>\n            <\/div>\n                      \n            <div class=\"r-product-single\">\n              <a href=\"https:\/\/www.tadano.com\/uscan\/fr\/equipements-de-levage\/grues-tout-terrain\/ac-4-070-2\/\">\n                <div class=\"img-holder\">\n                                    <div class=\"bg-stretch\" >\n                    <span data-srcset=\"https:\/\/mediahub.tadano.com\/m\/60b9563a47f9e4d2\/img_thumb-img_tadano_AC4070-2_cutout_side.png, https:\/\/mediahub.tadano.com\/m\/60b9563a47f9e4d2\/img_thumb_2x-img_tadano_AC4070-2_cutout_side.png 2x\"><\/span>\n                  <\/div>\n                                  <\/div>\n                <div class=\"text-block\">\n                  <strong class=\"title\">AC 4.070-2<\/strong>\n                  <span class=\"category\">\n                                      <\/span>\n                <\/div>\n              <\/a>\n            <\/div>\n                      \n            <div class=\"r-product-single\">\n              <a href=\"https:\/\/www.tadano.com\/uscan\/fr\/equipements-de-levage\/grues-tout-terrain\/ac-4-080-1\/\">\n                <div class=\"img-holder\">\n                                    <div class=\"bg-stretch\" >\n                    <span data-srcset=\"https:\/\/mediahub.tadano.com\/m\/1c3f529e333f7382\/img_thumb-img_tadano_AC4080_cutout_side.png, https:\/\/mediahub.tadano.com\/m\/1c3f529e333f7382\/img_thumb_2x-img_tadano_AC4080_cutout_side.png 2x\"><\/span>\n                  <\/div>\n                                  <\/div>\n                <div class=\"text-block\">\n                  <strong class=\"title\">AC 4.080-1<\/strong>\n                  <span class=\"category\">\n                                      <\/span>\n                <\/div>\n              <\/a>\n            <\/div>\n                  <\/div>\n          <\/div>\n  <\/section>\n\n    \n  <section class=\"related-products\">\n    <div class=\"container\">\n      <div class=\"heading\">\n      <h2>Grues City<\/h2>\n        <a href=\"https:\/\/www.tadano.com\/uscan\/en\/city-cranes\/\" class=\"link-all desktop-only\">Voir tout<\/a>\n      <\/div>\n\n              <div class=\"r-products\">\n                      \n            <div class=\"r-product-single\">\n              <a href=\"https:\/\/www.tadano.com\/uscan\/fr\/equipements-de-levage\/grues-city\/ac-3-045-1-city\/\">\n                <div class=\"img-holder\">\n                                    <div class=\"bg-stretch\" >\n                    <span data-srcset=\"https:\/\/mediahub.tadano.com\/m\/25047804cba4e93b\/img_thumb-img_tadano_AC3045CITY_Sideview.png, https:\/\/mediahub.tadano.com\/m\/25047804cba4e93b\/img_thumb_2x-img_tadano_AC3045CITY_Sideview.png 2x\"><\/span>\n                  <\/div>\n                                  <\/div>\n                <div class=\"text-block\">\n                  <strong class=\"title\">AC 3.045-1 City<\/strong>\n                  <span class=\"category\">\n                                      <\/span>\n                <\/div>\n              <\/a>\n            <\/div>\n                  <\/div>\n          <\/div>\n  <\/section>\n\n    \n    \n    \n  <section class=\"related-products\">\n    <div class=\"container\">\n      <div class=\"heading\">\n      <h2>Grues sur chenilles \u00e0 m\u00e2t treillis<\/h2>\n        <a href=\"https:\/\/www.tadano.com\/uscan\/en\/lattice-boom-crawler-cranes\/\" class=\"link-all desktop-only\">Voir tout<\/a>\n      <\/div>\n\n              <div class=\"r-products\">\n                      \n            <div class=\"r-product-single\">\n              <a href=\"https:\/\/www.tadano.com\/uscan\/fr\/equipements-de-levage\/grues-sur-chenilles-a-mat-treillis\/cc-24-400-1\/\">\n                <div class=\"img-holder\">\n                                    <div class=\"bg-stretch\" >\n                    <span data-srcset=\"https:\/\/mediahub.tadano.com\/m\/7bd2d691c6282dca\/img_thumb-img_tadano_CC24400_cutout_side.png, https:\/\/mediahub.tadano.com\/m\/7bd2d691c6282dca\/img_thumb_2x-img_tadano_CC24400_cutout_side.png 2x\"><\/span>\n                  <\/div>\n                                  <\/div>\n                <div class=\"text-block\">\n                  <strong class=\"title\">CC 24.400-1<\/strong>\n                  <span class=\"category\">\n                                      <\/span>\n                <\/div>\n              <\/a>\n            <\/div>\n                      \n            <div class=\"r-product-single\">\n              <a href=\"https:\/\/www.tadano.com\/uscan\/fr\/equipements-de-levage\/grues-sur-chenilles-a-mat-treillis\/cc-38-650-1\/\">\n                <div class=\"img-holder\">\n                                    <div class=\"bg-stretch\" >\n                    <span data-srcset=\"https:\/\/mediahub.tadano.com\/m\/3cbee7136cd0e2b2\/img_thumb-img_tadano_CC38650_cutout_side.png, https:\/\/mediahub.tadano.com\/m\/3cbee7136cd0e2b2\/img_thumb_2x-img_tadano_CC38650_cutout_side.png 2x\"><\/span>\n                  <\/div>\n                                  <\/div>\n                <div class=\"text-block\">\n                  <strong class=\"title\">CC 38.650-1<\/strong>\n                  <span class=\"category\">\n                                      <\/span>\n                <\/div>\n              <\/a>\n            <\/div>\n                      \n            <div class=\"r-product-single\">\n              <a href=\"https:\/\/www.tadano.com\/uscan\/fr\/equipements-de-levage\/grues-sur-chenilles-a-mat-treillis\/cc-68-1250-1\/\">\n                <div class=\"img-holder\">\n                                    <div class=\"bg-stretch\" >\n                    <span data-srcset=\"https:\/\/mediahub.tadano.com\/m\/68b50bfda304ad98\/img_thumb-img_tadano_CC681250_cutout_side.png, https:\/\/mediahub.tadano.com\/m\/68b50bfda304ad98\/img_thumb_2x-img_tadano_CC681250_cutout_side.png 2x\"><\/span>\n                  <\/div>\n                                  <\/div>\n                <div class=\"text-block\">\n                  <strong class=\"title\">CC 68.1250-1<\/strong>\n                  <span class=\"category\">\n                                      <\/span>\n                <\/div>\n              <\/a>\n            <\/div>\n                      \n            <div class=\"r-product-single\">\n              <a href=\"https:\/\/www.tadano.com\/uscan\/fr\/equipements-de-levage\/grues-sur-chenilles-a-mat-treillis\/cc-78-1250-1\/\">\n                <div class=\"img-holder\">\n                                    <div class=\"bg-stretch\" >\n                    <span data-srcset=\"https:\/\/mediahub.tadano.com\/m\/66ee5e28b8e2e436\/img_thumb-img_tadano_CC781250_cuout_side.png, https:\/\/mediahub.tadano.com\/m\/66ee5e28b8e2e436\/img_thumb_2x-img_tadano_CC781250_cuout_side.png 2x\"><\/span>\n                  <\/div>\n                                  <\/div>\n                <div class=\"text-block\">\n                  <strong class=\"title\">CC 78.1250-1<\/strong>\n                  <span class=\"category\">\n                                      <\/span>\n                <\/div>\n              <\/a>\n            <\/div>\n                  <\/div>\n          <\/div>\n  <\/section>\n\n    \n    \n  <section class=\"related-products\">\n    <div class=\"container\">\n      <div class=\"heading\">\n      <h2>Grues automotrices lentes<\/h2>\n        <a href=\"https:\/\/www.tadano.com\/uscan\/en\/rough-terrain-cranes\/\" class=\"link-all desktop-only\">Voir tout<\/a>\n      <\/div>\n\n              <div class=\"r-products\">\n                      \n            <div class=\"r-product-single\">\n              <a href=\"https:\/\/www.tadano.com\/uscan\/fr\/equipements-de-levage\/grues-automotrices-lentes\/gr-350xl\/\">\n                <div class=\"img-holder\">\n                                    <div class=\"bg-stretch\" >\n                    <span data-srcset=\"https:\/\/assets.onetadano.com\/celum_assets\/img-thumb\/IMG00000001064_JPEG_GR350XL_011_2015.jpg, https:\/\/assets.onetadano.com\/celum_assets\/img-thumb-2x\/IMG00000001064_JPEG_GR350XL_011_2015.jpg 2x\"><\/span>\n                  <\/div>\n                                  <\/div>\n                <div class=\"text-block\">\n                  <strong class=\"title\">GR-350XL<\/strong>\n                  <span class=\"category\">\n                                      <\/span>\n                <\/div>\n              <\/a>\n            <\/div>\n                      \n            <div class=\"r-product-single\">\n              <a href=\"https:\/\/www.tadano.com\/uscan\/fr\/equipements-de-levage\/grues-automotrices-lentes\/gr-550xl\/\">\n                <div class=\"img-holder\">\n                                    <div class=\"bg-stretch\" >\n                    <span data-srcset=\"https:\/\/assets.onetadano.com\/celum_assets\/img-thumb\/IMG00000001093_JPEG_GR550XL_007_2015.jpg, https:\/\/assets.onetadano.com\/celum_assets\/img-thumb-2x\/IMG00000001093_JPEG_GR550XL_007_2015.jpg 2x\"><\/span>\n                  <\/div>\n                                  <\/div>\n                <div class=\"text-block\">\n                  <strong class=\"title\">GR-550XL<\/strong>\n                  <span class=\"category\">\n                                      <\/span>\n                <\/div>\n              <\/a>\n            <\/div>\n                      \n            <div class=\"r-product-single\">\n              <a href=\"https:\/\/www.tadano.com\/uscan\/fr\/equipements-de-levage\/grues-automotrices-lentes\/gr-800xl-4\/\">\n                <div class=\"img-holder\">\n                                    <div class=\"bg-stretch\" >\n                    <span data-srcset=\"https:\/\/assets.onetadano.com\/celum_assets\/img-thumb\/IMG00000002739_JPEG_CG_GR800XL4_11.jpg, https:\/\/assets.onetadano.com\/celum_assets\/img-thumb-2x\/IMG00000002739_JPEG_CG_GR800XL4_11.jpg 2x\"><\/span>\n                  <\/div>\n                                  <\/div>\n                <div class=\"text-block\">\n                  <strong class=\"title\">GR-800XL-4<\/strong>\n                  <span class=\"category\">\n                                      <\/span>\n                <\/div>\n              <\/a>\n            <\/div>\n                      \n            <div class=\"r-product-single\">\n              <a href=\"https:\/\/www.tadano.com\/uscan\/fr\/equipements-de-levage\/grues-automotrices-lentes\/gr-800xll-4\/\">\n                <div class=\"img-holder\">\n                                    <div class=\"bg-stretch\" >\n                    <span data-srcset=\"https:\/\/assets.onetadano.com\/celum_assets\/img-thumb\/IMG00000002709_JPEG_CG_GR1000XLL4_25.jpg, https:\/\/assets.onetadano.com\/celum_assets\/img-thumb-2x\/IMG00000002709_JPEG_CG_GR1000XLL4_25.jpg 2x\"><\/span>\n                  <\/div>\n                                  <\/div>\n                <div class=\"text-block\">\n                  <strong class=\"title\">GR-800XLL-4<\/strong>\n                  <span class=\"category\">\n                                      <\/span>\n                <\/div>\n              <\/a>\n            <\/div>\n                  <\/div>\n          <\/div>\n  <\/section>\n\n    \n    \n    \n  <section class=\"related-products\">\n    <div class=\"container\">\n      <div class=\"heading\">\n      <h2>Grues sur chenilles \u00e0 fl\u00e8che t\u00e9lescopique<\/h2>\n        <a href=\"https:\/\/www.tadano.com\/uscan\/en\/telescopic-boom-crawler-cranes\/\" class=\"link-all desktop-only\">Voir tout<\/a>\n      <\/div>\n\n              <div class=\"r-products\">\n                      \n            <div class=\"r-product-single\">\n              <a href=\"https:\/\/www.tadano.com\/uscan\/fr\/equipements-de-levage\/grues-sur-chenilles-a-fleche-telescopique\/gtc-350\/\">\n                <div class=\"img-holder\">\n                                    <div class=\"bg-stretch\" >\n                    <span data-srcset=\"https:\/\/mediahub.tadano.com\/m\/712ab276ae0dfb52\/img_thumb-img_tadano_GTC350_sideview.png, https:\/\/mediahub.tadano.com\/m\/712ab276ae0dfb52\/img_thumb_2x-img_tadano_GTC350_sideview.png 2x\"><\/span>\n                  <\/div>\n                                  <\/div>\n                <div class=\"text-block\">\n                  <strong class=\"title\">GTC-350<\/strong>\n                  <span class=\"category\">\n                                      <\/span>\n                <\/div>\n              <\/a>\n            <\/div>\n                      \n            <div class=\"r-product-single\">\n              <a href=\"https:\/\/www.tadano.com\/uscan\/fr\/equipements-de-levage\/grues-sur-chenilles-a-fleche-telescopique\/gtc-550\/\">\n                <div class=\"img-holder\">\n                                    <div class=\"bg-stretch\" >\n                    <span data-srcset=\"https:\/\/assets.onetadano.com\/celum_assets\/img-thumb\/GTC-550_cut-out.jpg, https:\/\/assets.onetadano.com\/celum_assets\/img-thumb-2x\/GTC-550_cut-out.jpg 2x\"><\/span>\n                  <\/div>\n                                  <\/div>\n                <div class=\"text-block\">\n                  <strong class=\"title\">GTC-550<\/strong>\n                  <span class=\"category\">\n                                      <\/span>\n                <\/div>\n              <\/a>\n            <\/div>\n                      \n            <div class=\"r-product-single\">\n              <a href=\"https:\/\/www.tadano.com\/uscan\/fr\/equipements-de-levage\/grues-sur-chenilles-a-fleche-telescopique\/gtc-700\/\">\n                <div class=\"img-holder\">\n                                    <div class=\"bg-stretch\" >\n                    <span data-srcset=\"https:\/\/mediahub.tadano.com\/m\/4a377ab2aa9ecbbd\/img_thumb-img_tadano_GTC-700_cutout_side.png, https:\/\/mediahub.tadano.com\/m\/4a377ab2aa9ecbbd\/img_thumb_2x-img_tadano_GTC-700_cutout_side.png 2x\"><\/span>\n                  <\/div>\n                                  <\/div>\n                <div class=\"text-block\">\n                  <strong class=\"title\">GTC-700<\/strong>\n                  <span class=\"category\">\n                                      <\/span>\n                <\/div>\n              <\/a>\n            <\/div>\n                      \n            <div class=\"r-product-single\">\n              <a href=\"https:\/\/www.tadano.com\/uscan\/fr\/equipements-de-levage\/grues-sur-chenilles-a-fleche-telescopique\/gtc-900\/\">\n                <div class=\"img-holder\">\n                                    <div class=\"bg-stretch\" >\n                    <span data-srcset=\"https:\/\/mediahub.tadano.com\/m\/2cee44521c44e741\/img_thumb-img_tadano_GTC900_sideview.png, https:\/\/mediahub.tadano.com\/m\/2cee44521c44e741\/img_thumb_2x-img_tadano_GTC900_sideview.png 2x\"><\/span>\n                  <\/div>\n                                  <\/div>\n                <div class=\"text-block\">\n                  <strong class=\"title\">GTC-900<\/strong>\n                  <span class=\"category\">\n                                      <\/span>\n                <\/div>\n              <\/a>\n            <\/div>\n                  <\/div>\n          <\/div>\n  <\/section>\n\n    \n  <section class=\"related-products\">\n    <div class=\"container\">\n      <div class=\"heading\">\n      <h2>Truck Cranes<\/h2>\n        <a href=\"https:\/\/www.tadano.com\/uscan\/en\/truck-cranes\/\" class=\"link-all desktop-only\">Voir tout<\/a>\n      <\/div>\n\n              <div class=\"r-products\">\n                      \n            <div class=\"r-product-single\">\n              <a href=\"https:\/\/www.tadano.com\/uscan\/fr\/equipements-de-levage\/truck-cranes\/gt-1200xl-2\/\">\n                <div class=\"img-holder\">\n                                    <div class=\"bg-stretch\" >\n                    <span data-srcset=\"https:\/\/assets.onetadano.com\/celum_assets\/img-thumb\/GT1200XL2_left.jpg, https:\/\/assets.onetadano.com\/celum_assets\/img-thumb-2x\/GT1200XL2_left.jpg 2x\"><\/span>\n                  <\/div>\n                                  <\/div>\n                <div class=\"text-block\">\n                  <strong class=\"title\">GT-1200XL-2<\/strong>\n                  <span class=\"category\">\n                                      <\/span>\n                <\/div>\n              <\/a>\n            <\/div>\n                      \n            <div class=\"r-product-single\">\n              <a href=\"https:\/\/www.tadano.com\/uscan\/fr\/equipements-de-levage\/truck-cranes\/gt-800xl-2\/\">\n                <div class=\"img-holder\">\n                                    <div class=\"bg-stretch\" >\n                    <span data-srcset=\"https:\/\/assets.onetadano.com\/celum_assets\/img-thumb\/GT800XL2_left.jpg, https:\/\/assets.onetadano.com\/celum_assets\/img-thumb-2x\/GT800XL2_left.jpg 2x\"><\/span>\n                  <\/div>\n                                  <\/div>\n                <div class=\"text-block\">\n                  <strong class=\"title\">GT-800XL-2<\/strong>\n                  <span class=\"category\">\n                                      <\/span>\n                <\/div>\n              <\/a>\n            <\/div>\n                  <\/div>\n          <\/div>\n  <\/section>\n\n    \n    ","protected":false},"excerpt":{"rendered":"","protected":false},"author":1,"featured_media":0,"parent":0,"menu_order":0,"comment_status":"closed","ping_status":"closed","template":"","meta":{"_acf_changed":false,"footnotes":""},"acf":[],"yoast_head":"<!-- This site is optimized with the Yoast SEO plugin v22.3 - https:\/\/yoast.com\/wordpress\/plugins\/seo\/ -->\n<title>Aper\u00e7u des produits - US\/Canada<\/title>\n<meta name=\"robots\" content=\"index, follow, max-snippet:-1, max-image-preview:large, max-video-preview:-1\" \/>\n<link rel=\"canonical\" href=\"https:\/\/www.tadano.com\/uscan\/fr\/apercu-des-produits\/\" \/>\n<meta property=\"og:locale\" content=\"fr_FR\" \/>\n<meta property=\"og:type\" content=\"article\" \/>\n<meta property=\"og:title\" content=\"Aper\u00e7u des produits - US\/Canada\" \/>\n<meta property=\"og:url\" content=\"https:\/\/www.tadano.com\/uscan\/fr\/apercu-des-produits\/\" \/>\n<meta property=\"og:site_name\" content=\"US\/Canada\" \/>\n<meta property=\"article:modified_time\" content=\"2021-07-22T14:04:31+00:00\" \/>\n<meta name=\"twitter:card\" content=\"summary_large_image\" \/>\n<meta name=\"twitter:label1\" content=\"Dur\u00e9e de lecture estim\u00e9e\" \/>\n\t<meta name=\"twitter:data1\" content=\"1 minute\" \/>\n<script type=\"application\/ld+json\" class=\"yoast-schema-graph\">{\"@context\":\"https:\/\/schema.org\",\"@graph\":[{\"@type\":\"WebPage\",\"@id\":\"https:\/\/www.tadano.com\/uscan\/fr\/apercu-des-produits\/\",\"url\":\"https:\/\/www.tadano.com\/uscan\/fr\/apercu-des-produits\/\",\"name\":\"Aper\u00e7u des produits - US\/Canada\",\"isPartOf\":{\"@id\":\"https:\/\/www.tadano.com\/uscan\/en\/#website\"},\"datePublished\":\"2021-07-22T13:24:55+00:00\",\"dateModified\":\"2021-07-22T14:04:31+00:00\",\"inLanguage\":\"fr-FR\",\"potentialAction\":[{\"@type\":\"ReadAction\",\"target\":[\"https:\/\/www.tadano.com\/uscan\/fr\/apercu-des-produits\/\"]}]},{\"@type\":\"WebSite\",\"@id\":\"https:\/\/www.tadano.com\/uscan\/en\/#website\",\"url\":\"https:\/\/www.tadano.com\/uscan\/en\/\",\"name\":\"US\/Canada\",\"description\":\"Just another TADANO EUROPE site\",\"potentialAction\":[{\"@type\":\"SearchAction\",\"target\":{\"@type\":\"EntryPoint\",\"urlTemplate\":\"https:\/\/www.tadano.com\/uscan\/en\/?s={search_term_string}\"},\"query-input\":\"required name=search_term_string\"}],\"inLanguage\":\"fr-FR\"}]}<\/script>\n<!-- \/ Yoast SEO plugin. -->","yoast_head_json":{"title":"Aper\u00e7u des produits - US\/Canada","robots":{"index":"index","follow":"follow","max-snippet":"max-snippet:-1","max-image-preview":"max-image-preview:large","max-video-preview":"max-video-preview:-1"},"canonical":"https:\/\/www.tadano.com\/uscan\/fr\/apercu-des-produits\/","og_locale":"fr_FR","og_type":"article","og_title":"Aper\u00e7u des produits - US\/Canada","og_url":"https:\/\/www.tadano.com\/uscan\/fr\/apercu-des-produits\/","og_site_name":"US\/Canada","article_modified_time":"2021-07-22T14:04:31+00:00","twitter_card":"summary_large_image","twitter_misc":{"Dur\u00e9e de lecture estim\u00e9e":"1 minute"},"schema":{"@context":"https:\/\/schema.org","@graph":[{"@type":"WebPage","@id":"https:\/\/www.tadano.com\/uscan\/fr\/apercu-des-produits\/","url":"https:\/\/www.tadano.com\/uscan\/fr\/apercu-des-produits\/","name":"Aper\u00e7u des produits - US\/Canada","isPartOf":{"@id":"https:\/\/www.tadano.com\/uscan\/en\/#website"},"datePublished":"2021-07-22T13:24:55+00:00","dateModified":"2021-07-22T14:04:31+00:00","inLanguage":"fr-FR","potentialAction":[{"@type":"ReadAction","target":["https:\/\/www.tadano.com\/uscan\/fr\/apercu-des-produits\/"]}]},{"@type":"WebSite","@id":"https:\/\/www.tadano.com\/uscan\/en\/#website","url":"https:\/\/www.tadano.com\/uscan\/en\/","name":"US\/Canada","description":"Just another TADANO EUROPE site","potentialAction":[{"@type":"SearchAction","target":{"@type":"EntryPoint","urlTemplate":"https:\/\/www.tadano.com\/uscan\/en\/?s={search_term_string}"},"query-input":"required name=search_term_string"}],"inLanguage":"fr-FR"}]}},"_links":{"self":[{"href":"https:\/\/www.tadano.com\/uscan\/fr\/wp-json\/wp\/v2\/pages\/22638"}],"collection":[{"href":"https:\/\/www.tadano.com\/uscan\/fr\/wp-json\/wp\/v2\/pages"}],"about":[{"href":"https:\/\/www.tadano.com\/uscan\/fr\/wp-json\/wp\/v2\/types\/page"}],"author":[{"embeddable":true,"href":"https:\/\/www.tadano.com\/uscan\/fr\/wp-json\/wp\/v2\/users\/1"}],"replies":[{"embeddable":true,"href":"https:\/\/www.tadano.com\/uscan\/fr\/wp-json\/wp\/v2\/comments?post=22638"}],"version-history":[{"count":0,"href":"https:\/\/www.tadano.com\/uscan\/fr\/wp-json\/wp\/v2\/pages\/22638\/revisions"}],"wp:attachment":[{"href":"https:\/\/www.tadano.com\/uscan\/fr\/wp-json\/wp\/v2\/media?parent=22638"}],"curies":[{"name":"wp","href":"https:\/\/api.w.org\/{rel}","templated":true}]}}