{"id":22663,"date":"2021-03-19T11:48:58","date_gmt":"2021-03-19T11:48:58","guid":{"rendered":"https:\/\/www.tadano.com\/uscan\/ventes-services\/assistance-clientele\/"},"modified":"2023-09-18T09:53:08","modified_gmt":"2023-09-18T09:53:08","slug":"assistance-clientele","status":"publish","type":"page","link":"https:\/\/www.tadano.com\/uscan\/fr\/ventes-services\/assistance-clientele\/","title":{"rendered":"Assistance client\u00e8le"},"content":{"rendered":"\n\n\n<section class=\"hero-section\">\n\n\t\n\t\n\t\n\t<div class=\"img-holder \">\n\t\t\t\t<div class=\"bg-stretch\" style=\"background-position: 50% 50%; \">\n\t\t\t<span data-srcset=\"https:\/\/assets.onetadano.com\/celum_assets\/hero\/Tadano_Servicevan.jpg, https:\/\/assets.onetadano.com\/celum_assets\/hero-2x\/Tadano_Servicevan.jpg 2x\"><\/span>\n\t\t<\/div>\n\t\t\t\t\t\t<div class=\"logo green-solutions\" style=\"display:none;\">\n\t\t\t<a href=\"#\"><img decoding=\"async\" src=\"https:\/\/www.tadano.com\/uscan\/wp-content\/themes\/tadano\/assets\/dist\/images\/Green-Solutions_Logo_White.svg\"><\/a>\n\t\t<\/div>\n\t<\/div>\n\t<div class=\"container\">\n\t\t<div class=\"text-holder \">\n\t\t\t<div class=\"wrap\">\n\t\t\t\t\n\t\t\t\t<ul class=\"breadcrumbs\"><li><a href=\"https:\/\/www.tadano.com\/uscan\/fr\/\">Accueil<\/a><\/li><\/ul>\n\t\t\t\t\n\n<h1 class=\"wp-block-heading\">ASSISTANCE CLIENT\u00c8LE<\/h1>\n\n\n\n<p>Les \u00e9quipes de service d\u00e9di\u00e9es de Tadano b\u00e9n\u00e9ficient d\u2019une formation polyvalente qui leur permet d\u2019assurer le fonctionnement en toute s\u00e9curit\u00e9 des \u00e9quipements&nbsp;; en font \u00e9galement partie les techniciens apr\u00e8s-vente form\u00e9s en usine et les techniciens appartenant aux circuits de distribution.<\/p>\n\n\n\n<p>24 \/ 7 support line:\u00a0<a href=\"tel:1-281-869-5925\">+1 (281) 869-5925<\/a><br>email:\u00a0<a href=\"mailto:customersupport@tadano.com\">customersupport@tadano.com<\/a><\/p>\n\n\n\n<div class=\"wp-block-buttons is-layout-flex wp-block-buttons-is-layout-flex\">\n<div class=\"wp-block-button\" id=\"Your-direct\"><a class=\"wp-block-button__link\" href=\"mailto:customersupport@tadano.com\" rel=\"\">NOUS ENVOYER UN EMAIL<\/a><\/div>\n<\/div>\n\n\n\n\t\t\t\t\n\t\t\t<\/div>\n\n\t\t\t\n\t\t\t\n\t\t\t\n\t\t<\/div>\n\t<\/div>\n<\/section>\n\n\n<div class=\"wp-block-group is-style-default is-layout-flow wp-block-group-is-layout-flow\"><div class=\"wp-block-group__inner-container\">\n<div class=\"wp-block-columns is-layout-flex wp-container-core-columns-layout-1 wp-block-columns-is-layout-flex\">\n<div class=\"wp-block-column is-style-white-background is-layout-flow wp-block-column-is-layout-flow\">\n<h4 class=\"wp-block-heading\" id=\"h-ventes\">Ventes<\/h4>\n\n\n\n<p>Les repr\u00e9sentants commerciaux d\u00e9vou\u00e9s de Tadano vous accompagnent, de l&rsquo;acquisition et du financement de votre \u00e9quipement jusqu&rsquo;au moment o\u00f9 vous tirez le meilleur parti de vos grues, en vous offrant un service apr\u00e8s-vente complet et \u00e0 votre \u00e9coute.<\/p>\n\n\n\n<div class=\"wp-block-buttons is-layout-flex wp-block-buttons-is-layout-flex\">\n<div class=\"wp-block-button\"><a class=\"wp-block-button__link\" href=\"https:\/\/www.tadano.com\/uscan\/fr\/ventes-services\/ventes\/\">En savoir plus<\/a><\/div>\n<\/div>\n<\/div>\n\n\n\n<div class=\"wp-block-column is-style-white-background is-layout-flow wp-block-column-is-layout-flow\">\n<h4 class=\"wp-block-heading\" id=\"h-nous-contacter\">Nous contacter<\/h4>\n\n\n\n<p>Tadano attache beaucoup d&rsquo;importance aux t\u00e9moignages de ses clients. Vos commentaires, questions et suggestions sont les bienvenus, par t\u00e9l\u00e9phone ou par courriel et \u00e0 tout moment.<\/p>\n\n\n\n<div class=\"wp-block-buttons is-layout-flex wp-block-buttons-is-layout-flex\">\n<div class=\"wp-block-button\"><a class=\"wp-block-button__link\" href=\"https:\/\/www.tadano.com\/uscan\/fr\/a-propos\/contactez-nous\/\">Nous contacter<\/a><\/div>\n<\/div>\n<\/div>\n<\/div>\n<\/div><\/div>\n","protected":false},"excerpt":{"rendered":"<p>Ventes Les repr\u00e9sentants commerciaux d\u00e9vou\u00e9s de Tadano vous accompagnent, de l&rsquo;acquisition et du financement de votre \u00e9quipement jusqu&rsquo;au moment o\u00f9 vous tirez le meilleur parti de vos grues, en vous offrant un service apr\u00e8s-vente complet et \u00e0 votre \u00e9coute. Nous contacter Tadano attache beaucoup d&rsquo;importance aux t\u00e9moignages de ses clients. Vos commentaires, questions et suggestions [&hellip;]<\/p>\n","protected":false},"author":1,"featured_media":0,"parent":22553,"menu_order":0,"comment_status":"closed","ping_status":"closed","template":"","meta":{"_acf_changed":false,"footnotes":""},"acf":[],"yoast_head":"<!-- This site is optimized with the Yoast SEO plugin v22.3 - https:\/\/yoast.com\/wordpress\/plugins\/seo\/ -->\n<title>Assistance client\u00e8le - US\/Canada<\/title>\n<meta name=\"robots\" content=\"index, follow, max-snippet:-1, max-image-preview:large, max-video-preview:-1\" \/>\n<link rel=\"canonical\" href=\"https:\/\/www.tadano.com\/uscan\/fr\/ventes-services\/assistance-clientele\/\" \/>\n<meta property=\"og:locale\" content=\"fr_FR\" \/>\n<meta property=\"og:type\" content=\"article\" \/>\n<meta property=\"og:title\" content=\"Assistance client\u00e8le - US\/Canada\" \/>\n<meta property=\"og:description\" content=\"Ventes Les repr\u00e9sentants commerciaux d\u00e9vou\u00e9s de Tadano vous accompagnent, de l&rsquo;acquisition et du financement de votre \u00e9quipement jusqu&rsquo;au moment o\u00f9 vous tirez le meilleur parti de vos grues, en vous offrant un service apr\u00e8s-vente complet et \u00e0 votre \u00e9coute. Nous contacter Tadano attache beaucoup d&rsquo;importance aux t\u00e9moignages de ses clients. Vos commentaires, questions et suggestions [&hellip;]\" \/>\n<meta property=\"og:url\" content=\"https:\/\/www.tadano.com\/uscan\/fr\/ventes-services\/assistance-clientele\/\" \/>\n<meta property=\"og:site_name\" content=\"US\/Canada\" \/>\n<meta property=\"article:modified_time\" content=\"2023-09-18T09:53:08+00:00\" \/>\n<meta name=\"twitter:card\" content=\"summary_large_image\" \/>\n<meta name=\"twitter:label1\" content=\"Dur\u00e9e de lecture estim\u00e9e\" \/>\n\t<meta name=\"twitter:data1\" content=\"1 minute\" \/>\n<script type=\"application\/ld+json\" class=\"yoast-schema-graph\">{\"@context\":\"https:\/\/schema.org\",\"@graph\":[{\"@type\":\"WebPage\",\"@id\":\"https:\/\/www.tadano.com\/uscan\/fr\/ventes-services\/assistance-clientele\/\",\"url\":\"https:\/\/www.tadano.com\/uscan\/fr\/ventes-services\/assistance-clientele\/\",\"name\":\"Assistance client\u00e8le - US\/Canada\",\"isPartOf\":{\"@id\":\"https:\/\/www.tadano.com\/uscan\/en\/#website\"},\"datePublished\":\"2021-03-19T11:48:58+00:00\",\"dateModified\":\"2023-09-18T09:53:08+00:00\",\"inLanguage\":\"fr-FR\",\"potentialAction\":[{\"@type\":\"ReadAction\",\"target\":[\"https:\/\/www.tadano.com\/uscan\/fr\/ventes-services\/assistance-clientele\/\"]}]},{\"@type\":\"WebSite\",\"@id\":\"https:\/\/www.tadano.com\/uscan\/en\/#website\",\"url\":\"https:\/\/www.tadano.com\/uscan\/en\/\",\"name\":\"US\/Canada\",\"description\":\"Just another TADANO EUROPE site\",\"potentialAction\":[{\"@type\":\"SearchAction\",\"target\":{\"@type\":\"EntryPoint\",\"urlTemplate\":\"https:\/\/www.tadano.com\/uscan\/en\/?s={search_term_string}\"},\"query-input\":\"required name=search_term_string\"}],\"inLanguage\":\"fr-FR\"}]}<\/script>\n<!-- \/ Yoast SEO plugin. -->","yoast_head_json":{"title":"Assistance client\u00e8le - US\/Canada","robots":{"index":"index","follow":"follow","max-snippet":"max-snippet:-1","max-image-preview":"max-image-preview:large","max-video-preview":"max-video-preview:-1"},"canonical":"https:\/\/www.tadano.com\/uscan\/fr\/ventes-services\/assistance-clientele\/","og_locale":"fr_FR","og_type":"article","og_title":"Assistance client\u00e8le - US\/Canada","og_description":"Ventes Les repr\u00e9sentants commerciaux d\u00e9vou\u00e9s de Tadano vous accompagnent, de l&rsquo;acquisition et du financement de votre \u00e9quipement jusqu&rsquo;au moment o\u00f9 vous tirez le meilleur parti de vos grues, en vous offrant un service apr\u00e8s-vente complet et \u00e0 votre \u00e9coute. Nous contacter Tadano attache beaucoup d&rsquo;importance aux t\u00e9moignages de ses clients. Vos commentaires, questions et suggestions [&hellip;]","og_url":"https:\/\/www.tadano.com\/uscan\/fr\/ventes-services\/assistance-clientele\/","og_site_name":"US\/Canada","article_modified_time":"2023-09-18T09:53:08+00:00","twitter_card":"summary_large_image","twitter_misc":{"Dur\u00e9e de lecture estim\u00e9e":"1 minute"},"schema":{"@context":"https:\/\/schema.org","@graph":[{"@type":"WebPage","@id":"https:\/\/www.tadano.com\/uscan\/fr\/ventes-services\/assistance-clientele\/","url":"https:\/\/www.tadano.com\/uscan\/fr\/ventes-services\/assistance-clientele\/","name":"Assistance client\u00e8le - US\/Canada","isPartOf":{"@id":"https:\/\/www.tadano.com\/uscan\/en\/#website"},"datePublished":"2021-03-19T11:48:58+00:00","dateModified":"2023-09-18T09:53:08+00:00","inLanguage":"fr-FR","potentialAction":[{"@type":"ReadAction","target":["https:\/\/www.tadano.com\/uscan\/fr\/ventes-services\/assistance-clientele\/"]}]},{"@type":"WebSite","@id":"https:\/\/www.tadano.com\/uscan\/en\/#website","url":"https:\/\/www.tadano.com\/uscan\/en\/","name":"US\/Canada","description":"Just another TADANO EUROPE site","potentialAction":[{"@type":"SearchAction","target":{"@type":"EntryPoint","urlTemplate":"https:\/\/www.tadano.com\/uscan\/en\/?s={search_term_string}"},"query-input":"required name=search_term_string"}],"inLanguage":"fr-FR"}]}},"_links":{"self":[{"href":"https:\/\/www.tadano.com\/uscan\/fr\/wp-json\/wp\/v2\/pages\/22663"}],"collection":[{"href":"https:\/\/www.tadano.com\/uscan\/fr\/wp-json\/wp\/v2\/pages"}],"about":[{"href":"https:\/\/www.tadano.com\/uscan\/fr\/wp-json\/wp\/v2\/types\/page"}],"author":[{"embeddable":true,"href":"https:\/\/www.tadano.com\/uscan\/fr\/wp-json\/wp\/v2\/users\/1"}],"replies":[{"embeddable":true,"href":"https:\/\/www.tadano.com\/uscan\/fr\/wp-json\/wp\/v2\/comments?post=22663"}],"version-history":[{"count":1,"href":"https:\/\/www.tadano.com\/uscan\/fr\/wp-json\/wp\/v2\/pages\/22663\/revisions"}],"predecessor-version":[{"id":22692,"href":"https:\/\/www.tadano.com\/uscan\/fr\/wp-json\/wp\/v2\/pages\/22663\/revisions\/22692"}],"up":[{"embeddable":true,"href":"https:\/\/www.tadano.com\/uscan\/fr\/wp-json\/wp\/v2\/pages\/22553"}],"wp:attachment":[{"href":"https:\/\/www.tadano.com\/uscan\/fr\/wp-json\/wp\/v2\/media?parent=22663"}],"curies":[{"name":"wp","href":"https:\/\/api.w.org\/{rel}","templated":true}]}}