{"id":22787,"date":"2021-03-19T11:45:23","date_gmt":"2021-03-19T11:45:23","guid":{"rendered":"https:\/\/www.tadano.com\/uscan\/?page_id=22787"},"modified":"2025-04-24T23:05:27","modified_gmt":"2025-04-24T23:05:27","slug":"financement","status":"publish","type":"page","link":"https:\/\/www.tadano.com\/uscan\/fr\/ventes-services\/financement\/","title":{"rendered":"FINANCEMENT"},"content":{"rendered":"\n\n\n<section class=\"hero-section-alt2\">\n\n\t\n\t\t\t<style type=\"text\/css\">\n\t\t\t.hero-section .img-holder:before {\n\t\t\t\tdisplay: none;\n\t\t\t}\n\t\t<\/style>\n\t\n\t\n\t<div class=\"img-holder \">\n\t\t\t\t<div class=\"bg-stretch\" style=\"background-position: 50% 50%; \">\n\t\t\t<span data-srcset=\"https:\/\/assets.onetadano.com\/celum_assets\/hero\/AdobeStock_214436601.jpg, https:\/\/assets.onetadano.com\/celum_assets\/hero-2x\/AdobeStock_214436601.jpg 2x\"><\/span>\n\t\t<\/div>\n\t\t\t\t\t\t<div class=\"logo green-solutions\" style=\"display:none;\">\n\t\t\t<a href=\"#\"><img decoding=\"async\" src=\"https:\/\/www.tadano.com\/uscan\/wp-content\/themes\/tadano\/assets\/dist\/images\/Green-Solutions_Logo_White.svg\"><\/a>\n\t\t<\/div>\n\t<\/div>\n\t<div class=\"container\">\n\t\t<div class=\"text-holder \">\n\t\t\t<div class=\"wrap\">\n\t\t\t\t\n\t\t\t\t<ul class=\"breadcrumbs\"><li><a href=\"https:\/\/www.tadano.com\/uscan\/fr\/\">Accueil<\/a><\/li><\/ul>\n\t\t\t\t\n\n<h1 class=\"wp-block-heading\" id=\"h-financement\">Financement<\/h1>\n\n\n\n<p>Tadano offre fi\u00e8rement des solutions financi\u00e8res flexibles pour vos besoins en \u00e9quipement. Jetez un coup d\u2019\u0153il \u00e0 certaines des options de financement que nous offrons \u00e0 nos clients.<\/p>\n\n\n\n\t\t\t\t\n\t\t\t<\/div>\n\n\t\t\t\n\t\t\t\n\t\t\t\n\t\t<\/div>\n\t<\/div>\n<\/section>\n\n\n<div class=\"wp-block-group is-style-background-triangle-left-light is-layout-flow wp-block-group-is-layout-flow\"><div class=\"wp-block-group__inner-container\">\n<h2 class=\"wp-block-heading\" id=\"h-plans-de-financement\">Plans de financement<\/h2>\n\n\n\n<p>Tadano s&rsquo;engage \u00e0 vous aider \u00e0 atteindre de nouveaux sommets en vous fournissant des \u00e9quipements innovants et des solutions de financement abordables adapt\u00e9es aux besoins uniques de votre entreprise.<\/p>\n\n\n\n<p>Crane Financing, Powered by Auxilior est le moyen le plus rapide, le plus facile et le plus rentable d&rsquo;acqu\u00e9rir des \u00e9quipements Tadano, en offrant des produits de financement flexibles et un service exceptionnel \u00e0 chaque \u00e9tape du processus.<\/p>\n\n\n\n<p><a href=\"https:\/\/finance.cf-info.com\/\" target=\"_blank\" rel=\"noreferrer noopener\"><mark style=\"background-color:rgba(0, 0, 0, 0)\" class=\"has-inline-color has-white-color\"><strong>Clique<\/strong><\/mark><\/a><a href=\"https:\/\/finance.cf-info.com\/\"><mark style=\"background-color:rgba(0, 0, 0, 0)\" class=\"has-inline-color has-white-color\"><strong>z ici<\/strong><\/mark><\/a> pour explorer vos options et entrer en contact avec un expert de Crane Financing, Powered by Auxilior.<\/p>\n\n\n\n<div class=\"wp-block-buttons is-content-justification-center is-layout-flex wp-container-core-buttons-layout-1 wp-block-buttons-is-layout-flex\"><\/div>\n\n\n\n<div class=\"wp-block-columns is-layout-flex wp-container-core-columns-layout-1 wp-block-columns-is-layout-flex\">\n<div class=\"wp-block-column is-layout-flow wp-block-column-is-layout-flow\"><\/div>\n\n\n\n<div class=\"wp-block-column is-layout-flow wp-block-column-is-layout-flow\"><\/div>\n<\/div>\n\n\n\n<p class=\"has-small-font-size\"><\/p>\n<\/div><\/div>\n\n\n\n<div class=\"wp-block-group is-style-background-cyan is-layout-flow wp-block-group-is-layout-flow\"><div class=\"wp-block-group__inner-container\">\n<div class=\"wp-block-columns is-layout-flex wp-container-core-columns-layout-2 wp-block-columns-is-layout-flex\">\n<div class=\"wp-block-column is-style-white-background is-layout-flow wp-block-column-is-layout-flow\">\n<h4 class=\"wp-block-heading\" id=\"h-ventes\">Ventes<\/h4>\n\n\n\n<p><meta charset=\"utf-8\"><meta charset=\"utf-8\">Les repr\u00e9sentants commerciaux d\u00e9vou\u00e9s et attentifs de Tadano s\u2019associent \u00e0 vous, de l\u2019acquisition et du financement jusqu\u2019\u00e0 ce que vous tiriez le meilleur parti de vos grues.<\/p>\n\n\n\n<div class=\"wp-block-buttons is-layout-flex wp-block-buttons-is-layout-flex\">\n<div class=\"wp-block-button\"><a class=\"wp-block-button__link wp-element-button\" href=\"https:\/\/www.tadano.com\/uscan\/fr\/ventes-et-services\/ventes\/\"><meta charset=\"utf-8\">En savoir plus<\/a><\/div>\n<\/div>\n<\/div>\n\n\n\n<div class=\"wp-block-column is-style-white-background is-layout-flow wp-block-column-is-layout-flow\">\n<h4 class=\"wp-block-heading\" id=\"h-contactez-nous\"><meta charset=\"utf-8\">Contactez-nous<\/h4>\n\n\n\n<p><meta charset=\"utf-8\"><\/meta>Pour en savoir plus, veuillez contacter Crane Financing, Powered by Auxilior<\/p>\n\n\n\n<div class=\"wp-block-buttons is-layout-flex wp-block-buttons-is-layout-flex\">\n<div class=\"wp-block-button\"><a class=\"wp-block-button__link wp-element-button\" href=\"https:\/\/finance.cf-info.com\/\" target=\"_blank\" rel=\"noreferrer noopener\"><meta charset=\"utf-8\">Entrer en contact<\/a><\/div>\n<\/div>\n<\/div>\n<\/div>\n<\/div><\/div>\n\n\n\n<p><\/p>\n","protected":false},"excerpt":{"rendered":"<p>Plans de financement Tadano s&rsquo;engage \u00e0 vous aider \u00e0 atteindre de nouveaux sommets en vous fournissant des \u00e9quipements innovants et des solutions de financement abordables adapt\u00e9es aux besoins uniques de votre entreprise. Crane Financing, Powered by Auxilior est le moyen le plus rapide, le plus facile et le plus rentable d&rsquo;acqu\u00e9rir des \u00e9quipements Tadano, en [&hellip;]<\/p>\n","protected":false},"author":3,"featured_media":0,"parent":22553,"menu_order":0,"comment_status":"closed","ping_status":"closed","template":"","meta":{"_acf_changed":false,"footnotes":""},"acf":[],"yoast_head":"<!-- This site is optimized with the Yoast SEO plugin v22.3 - https:\/\/yoast.com\/wordpress\/plugins\/seo\/ -->\n<title>FINANCEMENT - US\/Canada<\/title>\n<meta name=\"robots\" content=\"index, follow, max-snippet:-1, max-image-preview:large, max-video-preview:-1\" \/>\n<link rel=\"canonical\" href=\"https:\/\/www.tadano.com\/uscan\/fr\/ventes-services\/financement\/\" \/>\n<meta property=\"og:locale\" content=\"fr_FR\" \/>\n<meta property=\"og:type\" content=\"article\" \/>\n<meta property=\"og:title\" content=\"FINANCEMENT - US\/Canada\" \/>\n<meta property=\"og:description\" content=\"Plans de financement Tadano s&rsquo;engage \u00e0 vous aider \u00e0 atteindre de nouveaux sommets en vous fournissant des \u00e9quipements innovants et des solutions de financement abordables adapt\u00e9es aux besoins uniques de votre entreprise. Crane Financing, Powered by Auxilior est le moyen le plus rapide, le plus facile et le plus rentable d&rsquo;acqu\u00e9rir des \u00e9quipements Tadano, en [&hellip;]\" \/>\n<meta property=\"og:url\" content=\"https:\/\/www.tadano.com\/uscan\/fr\/ventes-services\/financement\/\" \/>\n<meta property=\"og:site_name\" content=\"US\/Canada\" \/>\n<meta property=\"article:modified_time\" content=\"2025-04-24T23:05:27+00:00\" \/>\n<meta name=\"twitter:card\" content=\"summary_large_image\" \/>\n<meta name=\"twitter:label1\" content=\"Dur\u00e9e de lecture estim\u00e9e\" \/>\n\t<meta name=\"twitter:data1\" content=\"1 minute\" \/>\n<script type=\"application\/ld+json\" class=\"yoast-schema-graph\">{\"@context\":\"https:\/\/schema.org\",\"@graph\":[{\"@type\":\"WebPage\",\"@id\":\"https:\/\/www.tadano.com\/uscan\/fr\/ventes-services\/financement\/\",\"url\":\"https:\/\/www.tadano.com\/uscan\/fr\/ventes-services\/financement\/\",\"name\":\"FINANCEMENT - US\/Canada\",\"isPartOf\":{\"@id\":\"https:\/\/www.tadano.com\/uscan\/en\/#website\"},\"datePublished\":\"2021-03-19T11:45:23+00:00\",\"dateModified\":\"2025-04-24T23:05:27+00:00\",\"breadcrumb\":{\"@id\":\"https:\/\/www.tadano.com\/uscan\/fr\/ventes-services\/financement\/#breadcrumb\"},\"inLanguage\":\"fr-FR\",\"potentialAction\":[{\"@type\":\"ReadAction\",\"target\":[\"https:\/\/www.tadano.com\/uscan\/fr\/ventes-services\/financement\/\"]}]},{\"@type\":\"BreadcrumbList\",\"@id\":\"https:\/\/www.tadano.com\/uscan\/fr\/ventes-services\/financement\/#breadcrumb\",\"itemListElement\":[{\"@type\":\"ListItem\",\"position\":1,\"name\":\"Ventes et Services\",\"item\":\"https:\/\/www.tadano.com\/uscan\/fr\/ventes-services\/\"},{\"@type\":\"ListItem\",\"position\":2,\"name\":\"FINANCEMENT\"}]},{\"@type\":\"WebSite\",\"@id\":\"https:\/\/www.tadano.com\/uscan\/en\/#website\",\"url\":\"https:\/\/www.tadano.com\/uscan\/en\/\",\"name\":\"US\/Canada\",\"description\":\"Just another TADANO EUROPE site\",\"potentialAction\":[{\"@type\":\"SearchAction\",\"target\":{\"@type\":\"EntryPoint\",\"urlTemplate\":\"https:\/\/www.tadano.com\/uscan\/en\/?s={search_term_string}\"},\"query-input\":\"required name=search_term_string\"}],\"inLanguage\":\"fr-FR\"}]}<\/script>\n<!-- \/ Yoast SEO plugin. -->","yoast_head_json":{"title":"FINANCEMENT - US\/Canada","robots":{"index":"index","follow":"follow","max-snippet":"max-snippet:-1","max-image-preview":"max-image-preview:large","max-video-preview":"max-video-preview:-1"},"canonical":"https:\/\/www.tadano.com\/uscan\/fr\/ventes-services\/financement\/","og_locale":"fr_FR","og_type":"article","og_title":"FINANCEMENT - US\/Canada","og_description":"Plans de financement Tadano s&rsquo;engage \u00e0 vous aider \u00e0 atteindre de nouveaux sommets en vous fournissant des \u00e9quipements innovants et des solutions de financement abordables adapt\u00e9es aux besoins uniques de votre entreprise. Crane Financing, Powered by Auxilior est le moyen le plus rapide, le plus facile et le plus rentable d&rsquo;acqu\u00e9rir des \u00e9quipements Tadano, en [&hellip;]","og_url":"https:\/\/www.tadano.com\/uscan\/fr\/ventes-services\/financement\/","og_site_name":"US\/Canada","article_modified_time":"2025-04-24T23:05:27+00:00","twitter_card":"summary_large_image","twitter_misc":{"Dur\u00e9e de lecture estim\u00e9e":"1 minute"},"schema":{"@context":"https:\/\/schema.org","@graph":[{"@type":"WebPage","@id":"https:\/\/www.tadano.com\/uscan\/fr\/ventes-services\/financement\/","url":"https:\/\/www.tadano.com\/uscan\/fr\/ventes-services\/financement\/","name":"FINANCEMENT - US\/Canada","isPartOf":{"@id":"https:\/\/www.tadano.com\/uscan\/en\/#website"},"datePublished":"2021-03-19T11:45:23+00:00","dateModified":"2025-04-24T23:05:27+00:00","breadcrumb":{"@id":"https:\/\/www.tadano.com\/uscan\/fr\/ventes-services\/financement\/#breadcrumb"},"inLanguage":"fr-FR","potentialAction":[{"@type":"ReadAction","target":["https:\/\/www.tadano.com\/uscan\/fr\/ventes-services\/financement\/"]}]},{"@type":"BreadcrumbList","@id":"https:\/\/www.tadano.com\/uscan\/fr\/ventes-services\/financement\/#breadcrumb","itemListElement":[{"@type":"ListItem","position":1,"name":"Ventes et Services","item":"https:\/\/www.tadano.com\/uscan\/fr\/ventes-services\/"},{"@type":"ListItem","position":2,"name":"FINANCEMENT"}]},{"@type":"WebSite","@id":"https:\/\/www.tadano.com\/uscan\/en\/#website","url":"https:\/\/www.tadano.com\/uscan\/en\/","name":"US\/Canada","description":"Just another TADANO EUROPE site","potentialAction":[{"@type":"SearchAction","target":{"@type":"EntryPoint","urlTemplate":"https:\/\/www.tadano.com\/uscan\/en\/?s={search_term_string}"},"query-input":"required name=search_term_string"}],"inLanguage":"fr-FR"}]}},"_links":{"self":[{"href":"https:\/\/www.tadano.com\/uscan\/fr\/wp-json\/wp\/v2\/pages\/22787"}],"collection":[{"href":"https:\/\/www.tadano.com\/uscan\/fr\/wp-json\/wp\/v2\/pages"}],"about":[{"href":"https:\/\/www.tadano.com\/uscan\/fr\/wp-json\/wp\/v2\/types\/page"}],"author":[{"embeddable":true,"href":"https:\/\/www.tadano.com\/uscan\/fr\/wp-json\/wp\/v2\/users\/3"}],"replies":[{"embeddable":true,"href":"https:\/\/www.tadano.com\/uscan\/fr\/wp-json\/wp\/v2\/comments?post=22787"}],"version-history":[{"count":2,"href":"https:\/\/www.tadano.com\/uscan\/fr\/wp-json\/wp\/v2\/pages\/22787\/revisions"}],"predecessor-version":[{"id":26738,"href":"https:\/\/www.tadano.com\/uscan\/fr\/wp-json\/wp\/v2\/pages\/22787\/revisions\/26738"}],"up":[{"embeddable":true,"href":"https:\/\/www.tadano.com\/uscan\/fr\/wp-json\/wp\/v2\/pages\/22553"}],"wp:attachment":[{"href":"https:\/\/www.tadano.com\/uscan\/fr\/wp-json\/wp\/v2\/media?parent=22787"}],"curies":[{"name":"wp","href":"https:\/\/api.w.org\/{rel}","templated":true}]}}