{"id":22801,"date":"2023-09-18T10:41:06","date_gmt":"2023-09-18T10:41:06","guid":{"rendered":"https:\/\/www.tadano.com\/uscan\/construction\/"},"modified":"2023-09-18T10:41:18","modified_gmt":"2023-09-18T10:41:18","slug":"construction","status":"publish","type":"page","link":"https:\/\/www.tadano.com\/uscan\/fr\/industries\/construction\/","title":{"rendered":"Construction"},"content":{"rendered":"\n\n\n<section class=\"hero-section\">\n\n\t\n\t\n\t\n\t<div class=\"img-holder \">\n\t\t\t\t<div class=\"bg-stretch\" style=\"background-position: 50% 50%; \">\n\t\t\t<span data-srcset=\"https:\/\/assets.onetadano.com\/celum_assets\/hero\/AdobeStock_275027048.jpg, https:\/\/assets.onetadano.com\/celum_assets\/hero-2x\/AdobeStock_275027048.jpg 2x\"><\/span>\n\t\t<\/div>\n\t\t\t\t\t\t<div class=\"logo green-solutions\" style=\"display:none;\">\n\t\t\t<a href=\"#\"><img decoding=\"async\" src=\"https:\/\/www.tadano.com\/uscan\/wp-content\/themes\/tadano\/assets\/dist\/images\/Green-Solutions_Logo_White.svg\"><\/a>\n\t\t<\/div>\n\t<\/div>\n\t<div class=\"container\">\n\t\t<div class=\"text-holder \">\n\t\t\t<div class=\"wrap\">\n\t\t\t\t\n\t\t\t\t<ul class=\"breadcrumbs\"><li><a href=\"https:\/\/www.tadano.com\/uscan\/fr\/\">Accueil<\/a><\/li><\/ul>\n\t\t\t\t\n\n<h1 class=\"wp-block-heading\" id=\"h-construction\">Construction<\/h1>\n\n\n\n<p>La gamme impressionnante de grues de qualit\u00e9 propos\u00e9e par Tadano peut r\u00e9pondre avec une grande pr\u00e9cision \u00e0 tous vos besoins en mati\u00e8re de construction&nbsp;: op\u00e9rations de levage, travaux en hauteur, transport et travaux de fondation.<\/p>\n\n\n\n\t\t\t\t\n\t\t\t<\/div>\n\n\t\t\t\n\t\t\t\n\t\t\t\n\t\t<\/div>\n\t<\/div>\n<\/section>\n\n\n<div class=\"wp-block-group alignwide tadano-two-columns-pattern is-style-background-triangle-left has-white-color has-dark-blue-background-color has-text-color has-background is-layout-flow wp-block-group-is-layout-flow\"><div class=\"wp-block-group__inner-container\">\n<div class=\"wp-block-columns is-layout-flex wp-container-core-columns-layout-1 wp-block-columns-is-layout-flex\">\n<div class=\"wp-block-column is-layout-flow wp-block-column-is-layout-flow\">\n<h2 class=\"wp-block-heading has-white-color has-text-color\" id=\"h-aper-u\">Aper\u00e7u<\/h2>\n\n\n\n<p>Avec sa gamme compl\u00e8te de grues de qualit\u00e9, Tadano a la solution qu&rsquo;il vous faut pour vos projets de construction, quels qu&rsquo;ils soient. Qu&rsquo;il s&rsquo;agisse de travaux de fondation ou de levage \u00e0 haute capacit\u00e9 lors de l&rsquo;\u00e9rection de hautes chemin\u00e9es et de gratte-ciel, Tadano est \u00e0 la hauteur avec des \u00e9quipements poss\u00e9dant des capacit\u00e9s de charge importantes, une longue port\u00e9e de fl\u00e8che, une excellente mobilit\u00e9 et une gestion de syst\u00e8me intelligente qui vous facilite la t\u00e2che dans le cadre de vos projets, en vous offrant une efficacit\u00e9 et une s\u00e9curit\u00e9 in\u00e9gal\u00e9es. La facilit\u00e9 de transport et des solutions de montage intelligentes contribuent \u00e0 acc\u00e9l\u00e9rer la livraison et le temps d&rsquo;installation. Les grues Tadano respectent et d\u00e9passent m\u00eame souvent les r\u00e9glementations environnementales locales, avec des options telles que l&rsquo;E-PACK qui contribue \u00e0 r\u00e9duire les nuisances sonores et r\u00e9duit \u00e0 z\u00e9ro les \u00e9missions de certaines grues lorsqu&rsquo;elles sont en service, ce qui s&rsquo;av\u00e8re parfait pour les espaces restreints ou le travail en int\u00e9rieur.<\/p>\n<\/div>\n<\/div>\n\n\n\n<div class=\"wp-block-columns is-layout-flex wp-container-core-columns-layout-2 wp-block-columns-is-layout-flex\">\n<div class=\"wp-block-column is-layout-flow wp-block-column-is-layout-flow\">\n<h3 class=\"wp-block-heading\" id=\"h-fiabilit\">Fiabilit\u00e9<\/h3>\n\n\n\n<p>Fortes de leur qualit\u00e9 l\u00e9gendaire, les grues Tadano contribuent \u00e0 l&rsquo;efficacit\u00e9 de vos interventions avec peu ou pas de temps d&rsquo;arr\u00eat et la possibilit\u00e9 de recourir \u00e0 un service de premier ordre lorsque vous en avez besoin.<\/p>\n<\/div>\n\n\n\n<div class=\"wp-block-column is-layout-flow wp-block-column-is-layout-flow\">\n<h3 class=\"wp-block-heading\" id=\"h-polyvalence\">Polyvalence<\/h3>\n\n\n\n<p>Les chantiers de construction varient \u00e9norm\u00e9ment en termes de taille et de topographie. Tadano propose des solutions compactes mais n\u00e9anmoins puissantes, qui se transportent facilement et offrent une excellente maniabilit\u00e9.<\/p>\n<\/div>\n\n\n\n<div class=\"wp-block-column is-layout-flow wp-block-column-is-layout-flow\">\n<h3 class=\"wp-block-heading\" id=\"h-durabilit\">Durabilit\u00e9<\/h3>\n\n\n\n<p>Une ing\u00e9nierie et une conception \u00e0 la pointe de la technologie, associ\u00e9es \u00e0 des processus de fabrication et des composants de qualit\u00e9, vous garantissent une productivit\u00e9 r\u00e9guli\u00e8re et homog\u00e8ne d&rsquo;un projet \u00e0 l&rsquo;autre.<\/p>\n<\/div>\n<\/div>\n<\/div><\/div>\n","protected":false},"excerpt":{"rendered":"<p>Aper\u00e7u Avec sa gamme compl\u00e8te de grues de qualit\u00e9, Tadano a la solution qu&rsquo;il vous faut pour vos projets de construction, quels qu&rsquo;ils soient. Qu&rsquo;il s&rsquo;agisse de travaux de fondation ou de levage \u00e0 haute capacit\u00e9 lors de l&rsquo;\u00e9rection de hautes chemin\u00e9es et de gratte-ciel, Tadano est \u00e0 la hauteur avec des \u00e9quipements poss\u00e9dant des [&hellip;]<\/p>\n","protected":false},"author":3,"featured_media":0,"parent":22803,"menu_order":0,"comment_status":"closed","ping_status":"closed","template":"","meta":{"_acf_changed":false,"footnotes":""},"acf":[],"yoast_head":"<!-- This site is optimized with the Yoast SEO plugin v22.3 - https:\/\/yoast.com\/wordpress\/plugins\/seo\/ -->\n<title>Construction - US\/Canada<\/title>\n<meta name=\"robots\" content=\"index, follow, max-snippet:-1, max-image-preview:large, max-video-preview:-1\" \/>\n<link rel=\"canonical\" href=\"https:\/\/www.tadano.com\/uscan\/fr\/industries\/construction\/\" \/>\n<meta property=\"og:locale\" content=\"fr_FR\" \/>\n<meta property=\"og:type\" content=\"article\" \/>\n<meta property=\"og:title\" content=\"Construction - US\/Canada\" \/>\n<meta property=\"og:description\" content=\"Aper\u00e7u Avec sa gamme compl\u00e8te de grues de qualit\u00e9, Tadano a la solution qu&rsquo;il vous faut pour vos projets de construction, quels qu&rsquo;ils soient. Qu&rsquo;il s&rsquo;agisse de travaux de fondation ou de levage \u00e0 haute capacit\u00e9 lors de l&rsquo;\u00e9rection de hautes chemin\u00e9es et de gratte-ciel, Tadano est \u00e0 la hauteur avec des \u00e9quipements poss\u00e9dant des [&hellip;]\" \/>\n<meta property=\"og:url\" content=\"https:\/\/www.tadano.com\/uscan\/fr\/industries\/construction\/\" \/>\n<meta property=\"og:site_name\" content=\"US\/Canada\" \/>\n<meta property=\"article:modified_time\" content=\"2023-09-18T10:41:18+00:00\" \/>\n<meta name=\"twitter:card\" content=\"summary_large_image\" \/>\n<meta name=\"twitter:label1\" content=\"Dur\u00e9e de lecture estim\u00e9e\" \/>\n\t<meta name=\"twitter:data1\" content=\"2 minutes\" \/>\n<script type=\"application\/ld+json\" class=\"yoast-schema-graph\">{\"@context\":\"https:\/\/schema.org\",\"@graph\":[{\"@type\":\"WebPage\",\"@id\":\"https:\/\/www.tadano.com\/uscan\/fr\/industries\/construction\/\",\"url\":\"https:\/\/www.tadano.com\/uscan\/fr\/industries\/construction\/\",\"name\":\"Construction - US\/Canada\",\"isPartOf\":{\"@id\":\"https:\/\/www.tadano.com\/uscan\/en\/#website\"},\"datePublished\":\"2023-09-18T10:41:06+00:00\",\"dateModified\":\"2023-09-18T10:41:18+00:00\",\"breadcrumb\":{\"@id\":\"https:\/\/www.tadano.com\/uscan\/fr\/industries\/construction\/#breadcrumb\"},\"inLanguage\":\"fr-FR\",\"potentialAction\":[{\"@type\":\"ReadAction\",\"target\":[\"https:\/\/www.tadano.com\/uscan\/fr\/industries\/construction\/\"]}]},{\"@type\":\"BreadcrumbList\",\"@id\":\"https:\/\/www.tadano.com\/uscan\/fr\/industries\/construction\/#breadcrumb\",\"itemListElement\":[{\"@type\":\"ListItem\",\"position\":1,\"name\":\"Industries\",\"item\":\"https:\/\/www.tadano.com\/uscan\/fr\/industries\/\"},{\"@type\":\"ListItem\",\"position\":2,\"name\":\"Construction\"}]},{\"@type\":\"WebSite\",\"@id\":\"https:\/\/www.tadano.com\/uscan\/en\/#website\",\"url\":\"https:\/\/www.tadano.com\/uscan\/en\/\",\"name\":\"US\/Canada\",\"description\":\"Just another TADANO EUROPE site\",\"potentialAction\":[{\"@type\":\"SearchAction\",\"target\":{\"@type\":\"EntryPoint\",\"urlTemplate\":\"https:\/\/www.tadano.com\/uscan\/en\/?s={search_term_string}\"},\"query-input\":\"required name=search_term_string\"}],\"inLanguage\":\"fr-FR\"}]}<\/script>\n<!-- \/ Yoast SEO plugin. -->","yoast_head_json":{"title":"Construction - US\/Canada","robots":{"index":"index","follow":"follow","max-snippet":"max-snippet:-1","max-image-preview":"max-image-preview:large","max-video-preview":"max-video-preview:-1"},"canonical":"https:\/\/www.tadano.com\/uscan\/fr\/industries\/construction\/","og_locale":"fr_FR","og_type":"article","og_title":"Construction - US\/Canada","og_description":"Aper\u00e7u Avec sa gamme compl\u00e8te de grues de qualit\u00e9, Tadano a la solution qu&rsquo;il vous faut pour vos projets de construction, quels qu&rsquo;ils soient. Qu&rsquo;il s&rsquo;agisse de travaux de fondation ou de levage \u00e0 haute capacit\u00e9 lors de l&rsquo;\u00e9rection de hautes chemin\u00e9es et de gratte-ciel, Tadano est \u00e0 la hauteur avec des \u00e9quipements poss\u00e9dant des [&hellip;]","og_url":"https:\/\/www.tadano.com\/uscan\/fr\/industries\/construction\/","og_site_name":"US\/Canada","article_modified_time":"2023-09-18T10:41:18+00:00","twitter_card":"summary_large_image","twitter_misc":{"Dur\u00e9e de lecture estim\u00e9e":"2 minutes"},"schema":{"@context":"https:\/\/schema.org","@graph":[{"@type":"WebPage","@id":"https:\/\/www.tadano.com\/uscan\/fr\/industries\/construction\/","url":"https:\/\/www.tadano.com\/uscan\/fr\/industries\/construction\/","name":"Construction - US\/Canada","isPartOf":{"@id":"https:\/\/www.tadano.com\/uscan\/en\/#website"},"datePublished":"2023-09-18T10:41:06+00:00","dateModified":"2023-09-18T10:41:18+00:00","breadcrumb":{"@id":"https:\/\/www.tadano.com\/uscan\/fr\/industries\/construction\/#breadcrumb"},"inLanguage":"fr-FR","potentialAction":[{"@type":"ReadAction","target":["https:\/\/www.tadano.com\/uscan\/fr\/industries\/construction\/"]}]},{"@type":"BreadcrumbList","@id":"https:\/\/www.tadano.com\/uscan\/fr\/industries\/construction\/#breadcrumb","itemListElement":[{"@type":"ListItem","position":1,"name":"Industries","item":"https:\/\/www.tadano.com\/uscan\/fr\/industries\/"},{"@type":"ListItem","position":2,"name":"Construction"}]},{"@type":"WebSite","@id":"https:\/\/www.tadano.com\/uscan\/en\/#website","url":"https:\/\/www.tadano.com\/uscan\/en\/","name":"US\/Canada","description":"Just another TADANO EUROPE site","potentialAction":[{"@type":"SearchAction","target":{"@type":"EntryPoint","urlTemplate":"https:\/\/www.tadano.com\/uscan\/en\/?s={search_term_string}"},"query-input":"required name=search_term_string"}],"inLanguage":"fr-FR"}]}},"_links":{"self":[{"href":"https:\/\/www.tadano.com\/uscan\/fr\/wp-json\/wp\/v2\/pages\/22801"}],"collection":[{"href":"https:\/\/www.tadano.com\/uscan\/fr\/wp-json\/wp\/v2\/pages"}],"about":[{"href":"https:\/\/www.tadano.com\/uscan\/fr\/wp-json\/wp\/v2\/types\/page"}],"author":[{"embeddable":true,"href":"https:\/\/www.tadano.com\/uscan\/fr\/wp-json\/wp\/v2\/users\/3"}],"replies":[{"embeddable":true,"href":"https:\/\/www.tadano.com\/uscan\/fr\/wp-json\/wp\/v2\/comments?post=22801"}],"version-history":[{"count":0,"href":"https:\/\/www.tadano.com\/uscan\/fr\/wp-json\/wp\/v2\/pages\/22801\/revisions"}],"up":[{"embeddable":true,"href":"https:\/\/www.tadano.com\/uscan\/fr\/wp-json\/wp\/v2\/pages\/22803"}],"wp:attachment":[{"href":"https:\/\/www.tadano.com\/uscan\/fr\/wp-json\/wp\/v2\/media?parent=22801"}],"curies":[{"name":"wp","href":"https:\/\/api.w.org\/{rel}","templated":true}]}}