{"id":22803,"date":"2023-09-18T10:45:04","date_gmt":"2023-09-18T10:45:04","guid":{"rendered":"https:\/\/www.tadano.com\/uscan\/industries\/"},"modified":"2023-09-18T10:45:06","modified_gmt":"2023-09-18T10:45:06","slug":"industries","status":"publish","type":"page","link":"https:\/\/www.tadano.com\/uscan\/fr\/industries\/","title":{"rendered":"Industries"},"content":{"rendered":"\n\n\n<section class=\"hero-section\">\n\n\t\n\t\t\t<style type=\"text\/css\">\n\t\t\t.hero-section .img-holder:before {\n\t\t\t\tdisplay: none;\n\t\t\t}\n\t\t<\/style>\n\t\n\t\n\t<div class=\"img-holder \">\n\t\t\t\t<div class=\"bg-stretch\" style=\"background-position: 50% 50%; \">\n\t\t\t<span data-srcset=\"https:\/\/assets.onetadano.com\/celum_assets\/hero\/AdobeStock_298573359.jpg, https:\/\/assets.onetadano.com\/celum_assets\/hero-2x\/AdobeStock_298573359.jpg 2x\"><\/span>\n\t\t<\/div>\n\t\t\t\t\t\t<div class=\"logo green-solutions\" style=\"display:none;\">\n\t\t\t<a href=\"#\"><img decoding=\"async\" src=\"https:\/\/www.tadano.com\/uscan\/wp-content\/themes\/tadano\/assets\/dist\/images\/Green-Solutions_Logo_White.svg\"><\/a>\n\t\t<\/div>\n\t<\/div>\n\t<div class=\"container\">\n\t\t<div class=\"text-holder \">\n\t\t\t<div class=\"wrap\">\n\t\t\t\t\n\t\t\t\t<ul class=\"breadcrumbs\"><li><a href=\"https:\/\/www.tadano.com\/uscan\/fr\/\">Accueil<\/a><\/li><\/ul>\n\t\t\t\t\n\n<h1 class=\"wp-block-heading\">Industries<\/h1>\n\n\n\n<p>\u00c0 tout moment de par le monde, les grues Tadano assurent des op\u00e9rations de levage dans une grande vari\u00e9t\u00e9 d&rsquo;applications. De l&rsquo;exploitation mini\u00e8re et des travaux publics aux infrastructures et au secteur de l&rsquo;\u00e9nergie, Tadano offre les produits et le support fiable dont vous avez besoin pour accomplir vos op\u00e9rations de levage de mani\u00e8re s\u00fbre, efficace et rentable.<\/p>\n\n\n\n\t\t\t\t\n\t\t\t<\/div>\n\n\t\t\t\n\t\t\t\n\t\t\t\n\t\t<\/div>\n\t<\/div>\n<\/section>\n\n\n<section class=\"equipments-block background-blue\">\n    <div class=\"equipment-explore\">\n    <div class=\"container\">\n      <div class=\"text-block\">\n        \n\n<h2 class=\"wp-block-heading\">Consulter les secteurs industriels<\/h2>\n\n\n\n<p>Les \u00e9quipements des marques Tadano et Demag sont au service de la client\u00e8le dans de nombreuses applications et industries. Pour en savoir plus sur les produits des marques Tadano et Demag, ainsi que sur certains des principaux secteurs industriels auxquels ils sont destin\u00e9s, consultez notre section Industries.<\/p>\n\n\n        \n                <div class=\"controls\">\n  \t\t\t  <svg width=\"14\" height=\"31\" viewBox=\"0 0 14 31\" fill=\"none\" xmlns=\"http:\/\/www.w3.org\/2000\/svg\">\n        \t <path d=\"M13 1L1 15.5L13 30\" stroke=\"#00AAE8\"\/>\n          <\/svg>\n        \t<svg width=\"15\" height=\"31\" viewBox=\"0 0 15 31\" fill=\"none\" xmlns=\"http:\/\/www.w3.org\/2000\/svg\">\n        \t <path d=\"M1 1L14 15.5L1 30\" stroke=\"#00AAE8\"\/>\n        \t<\/svg>\n        <\/div>\n                \n      <\/div>\n\n      <div class=\"slick-slider equipment-slider\">\n                                                          <div>\n                <div class=\"equipment-single\">\n                  <a href=\"https:\/\/tadanoamericas.com\/fr\/industries\/construction\/\">\n                    <div class=\"img-holder\">\n                                            <div class=\"bg-stretch\" style=\"background-image: url(https:\/\/assets.onetadano.com\/celum_assets\/employee-2x\/AdobeStock_275027048.jpg);\">\n                      <\/div>\n                                          <\/div>\n                    <div class=\"text-holder\">\n                      <strong class='title'>Construction<\/strong>                      <p><p>La gamme impressionnante de grues de qualit\u00e9 propos\u00e9e par Tadano peut r\u00e9pondre avec une grande pr\u00e9cision \u00e0 tous vos besoins en mati\u00e8re de construction\u00a0: op\u00e9rations de levage, travaux en hauteur, transport et travaux de fondation.<\/p>\n<\/p>                    <\/div>\n                  <\/a>\n                <\/div>\n              <\/div>\n                                        <div>\n                <div class=\"equipment-single\">\n                  <a href=\"https:\/\/tadanoamericas.com\/fr\/industries\/energie-renouvelable\/\">\n                    <div class=\"img-holder\">\n                                            <div class=\"bg-stretch\" style=\"background-image: url(https:\/\/assets.onetadano.com\/celum_assets\/employee-2x\/AdobeStock_38375579.jpg);\">\n                      <\/div>\n                                          <\/div>\n                    <div class=\"text-holder\">\n                      <strong class='title'>\u00c9nergie renouvelable<\/strong>                      <p><p>La puissance et la fiabilit\u00e9 des grues Tadano permettent de r\u00e9pondre aux besoins en constante \u00e9volution de secteurs tels que l&rsquo;\u00e9nergie solaire, la g\u00e9othermie, l&rsquo;\u00e9nergie \u00e9olienne, la biomasse et l&rsquo;hydro\u00e9lectricit\u00e9.<\/p>\n<\/p>                    <\/div>\n                  <\/a>\n                <\/div>\n              <\/div>\n                                        <div>\n                <div class=\"equipment-single\">\n                  <a href=\"https:\/\/tadanoamericas.com\/fr\/industries\/ressources-naturelles\/\">\n                    <div class=\"img-holder\">\n                                            <div class=\"bg-stretch\" style=\"background-image: url(https:\/\/assets.onetadano.com\/celum_assets\/employee-2x\/AdobeStock_96206141.jpg);\">\n                      <\/div>\n                                          <\/div>\n                    <div class=\"text-holder\">\n                      <strong class='title'>Ressources naturelles<\/strong>                      <p><p>Les grues Tadano sont con\u00e7ues pour r\u00e9sister \u00e0 des environnements difficiles et sont tr\u00e8s r\u00e9put\u00e9es pour leur qualit\u00e9, leur fiabilit\u00e9 et le service apr\u00e8s-vente dont elles b\u00e9n\u00e9ficient.<\/p>\n<\/p>                    <\/div>\n                  <\/a>\n                <\/div>\n              <\/div>\n                                        <div>\n                <div class=\"equipment-single\">\n                  <a href=\"https:\/\/tadanoamericas.com\/fr\/industries\/services-et-infrastructures\/\">\n                    <div class=\"img-holder\">\n                                            <div class=\"bg-stretch\" style=\"background-image: url(https:\/\/assets.onetadano.com\/celum_assets\/employee-2x\/AdobeStock_90600427.jpg);\">\n                      <\/div>\n                                          <\/div>\n                    <div class=\"text-holder\">\n                      <strong class='title'>Services et infrastructures<\/strong>                      <p><p>Tadano propose des grues fiables et maniables qui permettent de r\u00e9aliser des projets de services publics et d&rsquo;infrastructures couvrant une grande vari\u00e9t\u00e9 de t\u00e2ches et de sites.<\/p>\n<\/p>                    <\/div>\n                  <\/a>\n                <\/div>\n              <\/div>\n                                    <\/div>\n    <div>\n  <\/div>\n<\/section>\n\n<section class=\"hero-section-alt\">\n  <div class=\"img-holder\">\n        <div class=\"bg-stretch\" style=\"background-position: 50% 50%; \">\n      <span data-srcset=\"https:\/\/assets.onetadano.com\/celum_assets\/hero\/Demag+IC-1+Remote+%281%29.jpg, https:\/\/assets.onetadano.com\/celum_assets\/hero-2x\/Demag+IC-1+Remote+%281%29.jpg 2x\"><\/span>\n    <\/div>\n      <\/div>\n  <div class=\"container\">\n    <div class=\"text-holder\">\n      \n\n<h2 class=\"wp-block-heading\">TECHNOLOGIES<\/h2>\n\n\n\n<p>Des technologies de levage aux supports et services intelligents, nous consid\u00e9rons chaque produit comme un moyen de rendre les exp\u00e9riences de levage meilleures, plus efficaces et plus \u00e9conomiques pour votre entreprise.<\/p>\n\n\n\n<div class=\"wp-block-buttons is-layout-flex wp-block-buttons-is-layout-flex\">\n<div class=\"wp-block-button\"><a class=\"wp-block-button__link wp-element-button\" href=\"https:\/\/www.tadano.com\/uscan\/fr\/technologie\/\"><strong>EN SAVOIR PLUS<\/strong><\/a><\/div>\n<\/div>\n\n\n    <\/div>\n  <\/div>\n<\/section>\n\n\n<div class=\"wp-block-columns is-layout-flex wp-container-core-columns-layout-1 wp-block-columns-is-layout-flex\">\n<div class=\"wp-block-column is-layout-flow wp-block-column-is-layout-flow\" style=\"flex-basis:33.33%\"><\/div>\n\n\n\n<div class=\"wp-block-column is-layout-flow wp-block-column-is-layout-flow\" style=\"flex-basis:66.66%\"><\/div>\n<\/div>\n","protected":false},"excerpt":{"rendered":"","protected":false},"author":3,"featured_media":0,"parent":0,"menu_order":0,"comment_status":"closed","ping_status":"closed","template":"","meta":{"_acf_changed":false,"footnotes":""},"acf":[],"yoast_head":"<!-- This site is optimized with the Yoast SEO plugin v22.3 - https:\/\/yoast.com\/wordpress\/plugins\/seo\/ -->\n<title>Industries - US\/Canada<\/title>\n<meta name=\"robots\" content=\"index, follow, max-snippet:-1, max-image-preview:large, max-video-preview:-1\" \/>\n<link rel=\"canonical\" href=\"https:\/\/www.tadano.com\/uscan\/fr\/industries\/\" \/>\n<meta property=\"og:locale\" content=\"fr_FR\" \/>\n<meta property=\"og:type\" content=\"article\" \/>\n<meta property=\"og:title\" content=\"Industries - US\/Canada\" \/>\n<meta property=\"og:url\" content=\"https:\/\/www.tadano.com\/uscan\/fr\/industries\/\" \/>\n<meta property=\"og:site_name\" content=\"US\/Canada\" \/>\n<meta property=\"article:modified_time\" content=\"2023-09-18T10:45:06+00:00\" \/>\n<meta name=\"twitter:card\" content=\"summary_large_image\" \/>\n<meta name=\"twitter:label1\" content=\"Dur\u00e9e de lecture estim\u00e9e\" \/>\n\t<meta name=\"twitter:data1\" content=\"1 minute\" \/>\n<script type=\"application\/ld+json\" class=\"yoast-schema-graph\">{\"@context\":\"https:\/\/schema.org\",\"@graph\":[{\"@type\":\"WebPage\",\"@id\":\"https:\/\/www.tadano.com\/uscan\/fr\/industries\/\",\"url\":\"https:\/\/www.tadano.com\/uscan\/fr\/industries\/\",\"name\":\"Industries - US\/Canada\",\"isPartOf\":{\"@id\":\"https:\/\/www.tadano.com\/uscan\/en\/#website\"},\"datePublished\":\"2023-09-18T10:45:04+00:00\",\"dateModified\":\"2023-09-18T10:45:06+00:00\",\"inLanguage\":\"fr-FR\",\"potentialAction\":[{\"@type\":\"ReadAction\",\"target\":[\"https:\/\/www.tadano.com\/uscan\/fr\/industries\/\"]}]},{\"@type\":\"WebSite\",\"@id\":\"https:\/\/www.tadano.com\/uscan\/en\/#website\",\"url\":\"https:\/\/www.tadano.com\/uscan\/en\/\",\"name\":\"US\/Canada\",\"description\":\"Just another TADANO EUROPE site\",\"potentialAction\":[{\"@type\":\"SearchAction\",\"target\":{\"@type\":\"EntryPoint\",\"urlTemplate\":\"https:\/\/www.tadano.com\/uscan\/en\/?s={search_term_string}\"},\"query-input\":\"required name=search_term_string\"}],\"inLanguage\":\"fr-FR\"}]}<\/script>\n<!-- \/ Yoast SEO plugin. -->","yoast_head_json":{"title":"Industries - US\/Canada","robots":{"index":"index","follow":"follow","max-snippet":"max-snippet:-1","max-image-preview":"max-image-preview:large","max-video-preview":"max-video-preview:-1"},"canonical":"https:\/\/www.tadano.com\/uscan\/fr\/industries\/","og_locale":"fr_FR","og_type":"article","og_title":"Industries - US\/Canada","og_url":"https:\/\/www.tadano.com\/uscan\/fr\/industries\/","og_site_name":"US\/Canada","article_modified_time":"2023-09-18T10:45:06+00:00","twitter_card":"summary_large_image","twitter_misc":{"Dur\u00e9e de lecture estim\u00e9e":"1 minute"},"schema":{"@context":"https:\/\/schema.org","@graph":[{"@type":"WebPage","@id":"https:\/\/www.tadano.com\/uscan\/fr\/industries\/","url":"https:\/\/www.tadano.com\/uscan\/fr\/industries\/","name":"Industries - US\/Canada","isPartOf":{"@id":"https:\/\/www.tadano.com\/uscan\/en\/#website"},"datePublished":"2023-09-18T10:45:04+00:00","dateModified":"2023-09-18T10:45:06+00:00","inLanguage":"fr-FR","potentialAction":[{"@type":"ReadAction","target":["https:\/\/www.tadano.com\/uscan\/fr\/industries\/"]}]},{"@type":"WebSite","@id":"https:\/\/www.tadano.com\/uscan\/en\/#website","url":"https:\/\/www.tadano.com\/uscan\/en\/","name":"US\/Canada","description":"Just another TADANO EUROPE site","potentialAction":[{"@type":"SearchAction","target":{"@type":"EntryPoint","urlTemplate":"https:\/\/www.tadano.com\/uscan\/en\/?s={search_term_string}"},"query-input":"required name=search_term_string"}],"inLanguage":"fr-FR"}]}},"_links":{"self":[{"href":"https:\/\/www.tadano.com\/uscan\/fr\/wp-json\/wp\/v2\/pages\/22803"}],"collection":[{"href":"https:\/\/www.tadano.com\/uscan\/fr\/wp-json\/wp\/v2\/pages"}],"about":[{"href":"https:\/\/www.tadano.com\/uscan\/fr\/wp-json\/wp\/v2\/types\/page"}],"author":[{"embeddable":true,"href":"https:\/\/www.tadano.com\/uscan\/fr\/wp-json\/wp\/v2\/users\/3"}],"replies":[{"embeddable":true,"href":"https:\/\/www.tadano.com\/uscan\/fr\/wp-json\/wp\/v2\/comments?post=22803"}],"version-history":[{"count":0,"href":"https:\/\/www.tadano.com\/uscan\/fr\/wp-json\/wp\/v2\/pages\/22803\/revisions"}],"wp:attachment":[{"href":"https:\/\/www.tadano.com\/uscan\/fr\/wp-json\/wp\/v2\/media?parent=22803"}],"curies":[{"name":"wp","href":"https:\/\/api.w.org\/{rel}","templated":true}]}}