{"id":22804,"date":"2023-09-18T10:42:56","date_gmt":"2023-09-18T10:42:56","guid":{"rendered":"https:\/\/www.tadano.com\/uscan\/ressources-naturelles\/"},"modified":"2023-09-18T10:46:17","modified_gmt":"2023-09-18T10:46:17","slug":"ressources-naturelles","status":"publish","type":"page","link":"https:\/\/www.tadano.com\/uscan\/fr\/industries\/ressources-naturelles\/","title":{"rendered":"Ressources Naturelles"},"content":{"rendered":"\n\n\n<section class=\"hero-section\">\n\n\t\n\t\n\t\n\t<div class=\"img-holder \">\n\t\t\t\t<div class=\"bg-stretch\" style=\"background-position: 50% 50%; \">\n\t\t\t<span data-srcset=\"https:\/\/assets.onetadano.com\/celum_assets\/hero\/AdobeStock_96206141.jpg, https:\/\/assets.onetadano.com\/celum_assets\/hero-2x\/AdobeStock_96206141.jpg 2x\"><\/span>\n\t\t<\/div>\n\t\t\t\t\t\t<div class=\"logo green-solutions\" style=\"display:none;\">\n\t\t\t<a href=\"#\"><img decoding=\"async\" src=\"https:\/\/www.tadano.com\/uscan\/wp-content\/themes\/tadano\/assets\/dist\/images\/Green-Solutions_Logo_White.svg\"><\/a>\n\t\t<\/div>\n\t<\/div>\n\t<div class=\"container\">\n\t\t<div class=\"text-holder \">\n\t\t\t<div class=\"wrap\">\n\t\t\t\t\n\t\t\t\t<ul class=\"breadcrumbs\"><li><a href=\"https:\/\/www.tadano.com\/uscan\/fr\/\">Accueil<\/a><\/li><\/ul>\n\t\t\t\t\n\n<h1 class=\"wp-block-heading\">Ressources naturelles<\/h1>\n\n\n\n<p>Les grues Tadano sont con\u00e7ues pour r\u00e9sister \u00e0 des environnements difficiles et sont tr\u00e8s r\u00e9put\u00e9es pour leur qualit\u00e9, leur fiabilit\u00e9 et le service apr\u00e8s-vente dont elles b\u00e9n\u00e9ficient.<\/p>\n\n\n\n\t\t\t\t\n\t\t\t<\/div>\n\n\t\t\t\n\t\t\t\n\t\t\t\n\t\t<\/div>\n\t<\/div>\n<\/section>\n\n\n<div class=\"wp-block-group alignwide tadano-two-columns-pattern is-style-background-triangle-left has-white-color has-dark-blue-background-color has-text-color has-background is-layout-flow wp-block-group-is-layout-flow\"><div class=\"wp-block-group__inner-container\">\n<div class=\"wp-block-columns is-layout-flex wp-container-core-columns-layout-1 wp-block-columns-is-layout-flex\">\n<div class=\"wp-block-column is-layout-flow wp-block-column-is-layout-flow\">\n<h2 class=\"wp-block-heading has-white-color has-text-color\">Aper\u00e7u<\/h2>\n\n\n\n<p>La production et le transport responsables de mati\u00e8res premi\u00e8res exigent souvent de circuler sur des terrains et dans des conditions de plus en plus difficiles dans le cadre de la construction et de l&rsquo;entretien d&rsquo;infrastructures, le tout en r\u00e9duisant au minimum l&rsquo;impact environnemental. La gamme robuste de grues tout terrain, de grues \u00e0 chenilles \u00e0 fl\u00e8che t\u00e9lescopique et de grues \u00e0 chenilles \u00e0 m\u00e2t treillis propos\u00e9e par Tadano offre des capacit\u00e9s de charge plus \u00e9lev\u00e9es et des longueurs de fl\u00e8che plus importantes, auxquelles s&rsquo;ajoutent une mobilit\u00e9, une maniabilit\u00e9, une transportabilit\u00e9 hors pair, sans oublier la qualit\u00e9 et l&rsquo;assistance qui font la r\u00e9putation de Tadano. Les diff\u00e9rents mod\u00e8les de grues sont con\u00e7us pour se compl\u00e9ter les uns les autres, ce qui vous permet de mener \u00e0 bien les projets les plus exigeants. Que ce soit pour l&rsquo;installation, l&rsquo;entretien ou la r\u00e9paration d&rsquo;\u00e9quipements du secteur \u00e9nerg\u00e9tique ou d&rsquo;installations de transport, Tadano est \u00e0 m\u00eame de vous proposer la grue adapt\u00e9e \u00e0 quasiment tous les besoins d&rsquo;un projet, et garantit, ce faisant, la s\u00e9curit\u00e9 et l&rsquo;efficacit\u00e9 du travail de vos \u00e9quipes.<\/p>\n<\/div>\n<\/div>\n\n\n\n<div class=\"wp-block-columns is-layout-flex wp-container-core-columns-layout-2 wp-block-columns-is-layout-flex\">\n<div class=\"wp-block-column is-layout-flow wp-block-column-is-layout-flow\">\n<h3 class=\"wp-block-heading\"><strong>Fiabilit\u00e9<\/strong><\/h3>\n\n\n\n<p>Fortes de leur qualit\u00e9 l\u00e9gendaire, les grues Tadano contribuent \u00e0 l&rsquo;efficacit\u00e9 de vos interventions avec peu ou pas de temps d&rsquo;arr\u00eat et la possibilit\u00e9 de recourir \u00e0 un service de premier ordre lorsque vous en avez besoin.<\/p>\n<\/div>\n\n\n\n<div class=\"wp-block-column is-layout-flow wp-block-column-is-layout-flow\">\n<h3 class=\"wp-block-heading\"><strong>S\u00fbret\u00e9 de fonctionnement<\/strong><\/h3>\n\n\n\n<p>Tadano s&rsquo;engage \u00e0 fabriquer des grues exemptes de d\u00e9fauts, d&rsquo;anomalies et de variations importantes. Pour atteindre cet objectif, l&rsquo;entreprise investit dans des concepts, des processus, des fournisseurs, une conception, des essais et un service client efficaces et de qualit\u00e9.<\/p>\n<\/div>\n\n\n\n<div class=\"wp-block-column is-layout-flow wp-block-column-is-layout-flow\">\n<h3 class=\"wp-block-heading\">Durabilit\u00e9&nbsp;<\/h3>\n\n\n\n<p>Une ing\u00e9nierie et une conception \u00e0 la pointe de la technologie, associ\u00e9es \u00e0 des processus de fabrication et des composants de qualit\u00e9, vous garantissent une productivit\u00e9 r\u00e9guli\u00e8re et homog\u00e8ne d&rsquo;un projet \u00e0 l&rsquo;autre.<br><\/p>\n<\/div>\n<\/div>\n<\/div><\/div>\n\n\n\n<p><\/p>\n","protected":false},"excerpt":{"rendered":"<p>Aper\u00e7u La production et le transport responsables de mati\u00e8res premi\u00e8res exigent souvent de circuler sur des terrains et dans des conditions de plus en plus difficiles dans le cadre de la construction et de l&rsquo;entretien d&rsquo;infrastructures, le tout en r\u00e9duisant au minimum l&rsquo;impact environnemental. La gamme robuste de grues tout terrain, de grues \u00e0 chenilles [&hellip;]<\/p>\n","protected":false},"author":3,"featured_media":0,"parent":22803,"menu_order":0,"comment_status":"closed","ping_status":"closed","template":"","meta":{"_acf_changed":false,"footnotes":""},"acf":[],"yoast_head":"<!-- This site is optimized with the Yoast SEO plugin v22.3 - https:\/\/yoast.com\/wordpress\/plugins\/seo\/ -->\n<title>Ressources Naturelles - US\/Canada<\/title>\n<meta name=\"robots\" content=\"index, follow, max-snippet:-1, max-image-preview:large, max-video-preview:-1\" \/>\n<link rel=\"canonical\" href=\"https:\/\/www.tadano.com\/uscan\/fr\/industries\/ressources-naturelles\/\" \/>\n<meta property=\"og:locale\" content=\"fr_FR\" \/>\n<meta property=\"og:type\" content=\"article\" \/>\n<meta property=\"og:title\" content=\"Ressources Naturelles - US\/Canada\" \/>\n<meta property=\"og:description\" content=\"Aper\u00e7u La production et le transport responsables de mati\u00e8res premi\u00e8res exigent souvent de circuler sur des terrains et dans des conditions de plus en plus difficiles dans le cadre de la construction et de l&rsquo;entretien d&rsquo;infrastructures, le tout en r\u00e9duisant au minimum l&rsquo;impact environnemental. La gamme robuste de grues tout terrain, de grues \u00e0 chenilles [&hellip;]\" \/>\n<meta property=\"og:url\" content=\"https:\/\/www.tadano.com\/uscan\/fr\/industries\/ressources-naturelles\/\" \/>\n<meta property=\"og:site_name\" content=\"US\/Canada\" \/>\n<meta property=\"article:modified_time\" content=\"2023-09-18T10:46:17+00:00\" \/>\n<meta name=\"twitter:card\" content=\"summary_large_image\" \/>\n<meta name=\"twitter:label1\" content=\"Dur\u00e9e de lecture estim\u00e9e\" \/>\n\t<meta name=\"twitter:data1\" content=\"2 minutes\" \/>\n<script type=\"application\/ld+json\" class=\"yoast-schema-graph\">{\"@context\":\"https:\/\/schema.org\",\"@graph\":[{\"@type\":\"WebPage\",\"@id\":\"https:\/\/www.tadano.com\/uscan\/fr\/industries\/ressources-naturelles\/\",\"url\":\"https:\/\/www.tadano.com\/uscan\/fr\/industries\/ressources-naturelles\/\",\"name\":\"Ressources Naturelles - US\/Canada\",\"isPartOf\":{\"@id\":\"https:\/\/www.tadano.com\/uscan\/en\/#website\"},\"datePublished\":\"2023-09-18T10:42:56+00:00\",\"dateModified\":\"2023-09-18T10:46:17+00:00\",\"breadcrumb\":{\"@id\":\"https:\/\/www.tadano.com\/uscan\/fr\/industries\/ressources-naturelles\/#breadcrumb\"},\"inLanguage\":\"fr-FR\",\"potentialAction\":[{\"@type\":\"ReadAction\",\"target\":[\"https:\/\/www.tadano.com\/uscan\/fr\/industries\/ressources-naturelles\/\"]}]},{\"@type\":\"BreadcrumbList\",\"@id\":\"https:\/\/www.tadano.com\/uscan\/fr\/industries\/ressources-naturelles\/#breadcrumb\",\"itemListElement\":[{\"@type\":\"ListItem\",\"position\":1,\"name\":\"Industries\",\"item\":\"https:\/\/www.tadano.com\/uscan\/fr\/industries\/\"},{\"@type\":\"ListItem\",\"position\":2,\"name\":\"Ressources Naturelles\"}]},{\"@type\":\"WebSite\",\"@id\":\"https:\/\/www.tadano.com\/uscan\/en\/#website\",\"url\":\"https:\/\/www.tadano.com\/uscan\/en\/\",\"name\":\"US\/Canada\",\"description\":\"Just another TADANO EUROPE site\",\"potentialAction\":[{\"@type\":\"SearchAction\",\"target\":{\"@type\":\"EntryPoint\",\"urlTemplate\":\"https:\/\/www.tadano.com\/uscan\/en\/?s={search_term_string}\"},\"query-input\":\"required name=search_term_string\"}],\"inLanguage\":\"fr-FR\"}]}<\/script>\n<!-- \/ Yoast SEO plugin. -->","yoast_head_json":{"title":"Ressources Naturelles - US\/Canada","robots":{"index":"index","follow":"follow","max-snippet":"max-snippet:-1","max-image-preview":"max-image-preview:large","max-video-preview":"max-video-preview:-1"},"canonical":"https:\/\/www.tadano.com\/uscan\/fr\/industries\/ressources-naturelles\/","og_locale":"fr_FR","og_type":"article","og_title":"Ressources Naturelles - US\/Canada","og_description":"Aper\u00e7u La production et le transport responsables de mati\u00e8res premi\u00e8res exigent souvent de circuler sur des terrains et dans des conditions de plus en plus difficiles dans le cadre de la construction et de l&rsquo;entretien d&rsquo;infrastructures, le tout en r\u00e9duisant au minimum l&rsquo;impact environnemental. La gamme robuste de grues tout terrain, de grues \u00e0 chenilles [&hellip;]","og_url":"https:\/\/www.tadano.com\/uscan\/fr\/industries\/ressources-naturelles\/","og_site_name":"US\/Canada","article_modified_time":"2023-09-18T10:46:17+00:00","twitter_card":"summary_large_image","twitter_misc":{"Dur\u00e9e de lecture estim\u00e9e":"2 minutes"},"schema":{"@context":"https:\/\/schema.org","@graph":[{"@type":"WebPage","@id":"https:\/\/www.tadano.com\/uscan\/fr\/industries\/ressources-naturelles\/","url":"https:\/\/www.tadano.com\/uscan\/fr\/industries\/ressources-naturelles\/","name":"Ressources Naturelles - US\/Canada","isPartOf":{"@id":"https:\/\/www.tadano.com\/uscan\/en\/#website"},"datePublished":"2023-09-18T10:42:56+00:00","dateModified":"2023-09-18T10:46:17+00:00","breadcrumb":{"@id":"https:\/\/www.tadano.com\/uscan\/fr\/industries\/ressources-naturelles\/#breadcrumb"},"inLanguage":"fr-FR","potentialAction":[{"@type":"ReadAction","target":["https:\/\/www.tadano.com\/uscan\/fr\/industries\/ressources-naturelles\/"]}]},{"@type":"BreadcrumbList","@id":"https:\/\/www.tadano.com\/uscan\/fr\/industries\/ressources-naturelles\/#breadcrumb","itemListElement":[{"@type":"ListItem","position":1,"name":"Industries","item":"https:\/\/www.tadano.com\/uscan\/fr\/industries\/"},{"@type":"ListItem","position":2,"name":"Ressources Naturelles"}]},{"@type":"WebSite","@id":"https:\/\/www.tadano.com\/uscan\/en\/#website","url":"https:\/\/www.tadano.com\/uscan\/en\/","name":"US\/Canada","description":"Just another TADANO EUROPE site","potentialAction":[{"@type":"SearchAction","target":{"@type":"EntryPoint","urlTemplate":"https:\/\/www.tadano.com\/uscan\/en\/?s={search_term_string}"},"query-input":"required name=search_term_string"}],"inLanguage":"fr-FR"}]}},"_links":{"self":[{"href":"https:\/\/www.tadano.com\/uscan\/fr\/wp-json\/wp\/v2\/pages\/22804"}],"collection":[{"href":"https:\/\/www.tadano.com\/uscan\/fr\/wp-json\/wp\/v2\/pages"}],"about":[{"href":"https:\/\/www.tadano.com\/uscan\/fr\/wp-json\/wp\/v2\/types\/page"}],"author":[{"embeddable":true,"href":"https:\/\/www.tadano.com\/uscan\/fr\/wp-json\/wp\/v2\/users\/3"}],"replies":[{"embeddable":true,"href":"https:\/\/www.tadano.com\/uscan\/fr\/wp-json\/wp\/v2\/comments?post=22804"}],"version-history":[{"count":1,"href":"https:\/\/www.tadano.com\/uscan\/fr\/wp-json\/wp\/v2\/pages\/22804\/revisions"}],"predecessor-version":[{"id":22807,"href":"https:\/\/www.tadano.com\/uscan\/fr\/wp-json\/wp\/v2\/pages\/22804\/revisions\/22807"}],"up":[{"embeddable":true,"href":"https:\/\/www.tadano.com\/uscan\/fr\/wp-json\/wp\/v2\/pages\/22803"}],"wp:attachment":[{"href":"https:\/\/www.tadano.com\/uscan\/fr\/wp-json\/wp\/v2\/media?parent=22804"}],"curies":[{"name":"wp","href":"https:\/\/api.w.org\/{rel}","templated":true}]}}