{"id":22808,"date":"2023-09-18T10:47:21","date_gmt":"2023-09-18T10:47:21","guid":{"rendered":"https:\/\/www.tadano.com\/uscan\/industries\/services-et-infrastructures\/"},"modified":"2023-09-18T10:47:24","modified_gmt":"2023-09-18T10:47:24","slug":"services-et-infrastructures","status":"publish","type":"page","link":"https:\/\/www.tadano.com\/uscan\/fr\/industries\/services-et-infrastructures\/","title":{"rendered":"Services et Infrastructures"},"content":{"rendered":"\n\n\n<section class=\"hero-section\">\n\n\t\n\t\n\t\n\t<div class=\"img-holder \">\n\t\t\t\t<div class=\"bg-stretch\" style=\"background-position: 50% 50%; \">\n\t\t\t<span data-srcset=\"https:\/\/assets.onetadano.com\/celum_assets\/hero\/AdobeStock_90600427.jpg, https:\/\/assets.onetadano.com\/celum_assets\/hero-2x\/AdobeStock_90600427.jpg 2x\"><\/span>\n\t\t<\/div>\n\t\t\t\t\t\t<div class=\"logo green-solutions\" style=\"display:none;\">\n\t\t\t<a href=\"#\"><img decoding=\"async\" src=\"https:\/\/www.tadano.com\/uscan\/wp-content\/themes\/tadano\/assets\/dist\/images\/Green-Solutions_Logo_White.svg\"><\/a>\n\t\t<\/div>\n\t<\/div>\n\t<div class=\"container\">\n\t\t<div class=\"text-holder \">\n\t\t\t<div class=\"wrap\">\n\t\t\t\t\n\t\t\t\t<ul class=\"breadcrumbs\"><li><a href=\"https:\/\/www.tadano.com\/uscan\/fr\/\">Accueil<\/a><\/li><\/ul>\n\t\t\t\t\n\n<h1 class=\"wp-block-heading\" id=\"h-services-et-infrastructures\">Services et infrastructures<\/h1>\n\n\n\n<p>Tadano propose des grues fiables et maniables qui permettent de r\u00e9aliser des projets de services publics et d&rsquo;infrastructures couvrant une grande vari\u00e9t\u00e9 de t\u00e2ches et de sites.<\/p>\n\n\n\n\t\t\t\t\n\t\t\t<\/div>\n\n\t\t\t\n\t\t\t\n\t\t\t\n\t\t<\/div>\n\t<\/div>\n<\/section>\n\n\n<div class=\"wp-block-group alignwide tadano-two-columns-pattern is-style-background-triangle-left has-white-color has-dark-blue-background-color has-text-color has-background is-layout-flow wp-block-group-is-layout-flow\"><div class=\"wp-block-group__inner-container\">\n<div class=\"wp-block-columns is-layout-flex wp-container-core-columns-layout-1 wp-block-columns-is-layout-flex\">\n<div class=\"wp-block-column is-layout-flow wp-block-column-is-layout-flow\">\n<h2 class=\"wp-block-heading has-white-color has-text-color\" id=\"h-aper-u\">APER\u00c7U<\/h2>\n\n\n\n<p>Qu&rsquo;il s&rsquo;agisse de lever des poutres de pont massives, de proc\u00e9der \u00e0 des levages r\u00e9p\u00e9titifs, d&rsquo;installer des murs de sout\u00e8nement, d&rsquo;effectuer des r\u00e9parations urgentes d&rsquo;infrastructures publiques ou d&rsquo;enfoncer des pieux, l&rsquo;impressionnant parc de grue de Tadano r\u00e9pond vaillamment \u00e0 l&rsquo;appel. Les grues automotrices lentes sont des \u00e9quipements de qualit\u00e9. Dot\u00e9es de fl\u00e8ches t\u00e9lescopiques, elles peuvent se d\u00e9placer sur des terrains accident\u00e9s et dans des espaces confin\u00e9s. Mod\u00e8les de puissance, les grues tout-terrain offrent des performances de levage sup\u00e9rieures et une excellente mobilit\u00e9. Les grues \u00e0 chenilles \u00e0 fl\u00e8che t\u00e9lescopique se caract\u00e9risent par une pente admissible et une puissance de traction exceptionnelles. Ces mod\u00e8les peuvent prendre en charge une grande vari\u00e9t\u00e9 de t\u00e2ches tout en s&rsquo;adaptant \u00e0 plusieurs types de sites, qu&rsquo;ils soient \u00e9loign\u00e9s, tr\u00e8s encombr\u00e9s ou encore \u00e0 circulation dense. Forts de ce haut degr\u00e9 de polyvalence \u00e9tay\u00e9 par une assistance technique efficace, les mod\u00e8les de grues Tadano &#8211; en particulier la gamme GTC &#8211; jouent un r\u00f4le cl\u00e9 dans la r\u00e9alisation de ces travaux dans le respect des r\u00e8gles de s\u00e9curit\u00e9 et des d\u00e9lais.<\/p>\n<\/div>\n<\/div>\n\n\n\n<div class=\"wp-block-columns is-layout-flex wp-container-core-columns-layout-2 wp-block-columns-is-layout-flex\">\n<div class=\"wp-block-column is-layout-flow wp-block-column-is-layout-flow\">\n<h3 class=\"wp-block-heading\" id=\"h-fiabilit\">Fiabilit\u00e9&nbsp;<\/h3>\n\n\n\n<p>Les grues automotrices lentes, notamment les mod\u00e8les GR-1000XL et GR-1200XL, se distinguent par leur fiabilit\u00e9.<\/p>\n<\/div>\n\n\n\n<div class=\"wp-block-column is-layout-flow wp-block-column-is-layout-flow\">\n<h3 class=\"wp-block-heading\" id=\"h-fonctionnalit\">Fonctionnalit\u00e9<\/h3>\n\n\n\n<p>La capacit\u00e9 de charge, la port\u00e9e de la fl\u00e8che et le temps d&rsquo;installation rapide des grues tout-terrain, associ\u00e9s \u00e0 leur mobilit\u00e9 et \u00e0 leur conception, en font un choix tr\u00e8s pris\u00e9 pour les projets d&rsquo;infrastructure.<\/p>\n<\/div>\n\n\n\n<div class=\"wp-block-column is-layout-flow wp-block-column-is-layout-flow\">\n<h3 class=\"wp-block-heading\" id=\"h-haute-performance\">Haute performance<\/h3>\n\n\n\n<p>Les grues \u00e0 chenilles, notamment la CC 38.650-1, offrent des performances \u00e9lev\u00e9es qui permettent de relever les plus grands d\u00e9fis.<br><\/p>\n<\/div>\n<\/div>\n<\/div><\/div>\n","protected":false},"excerpt":{"rendered":"<p>APER\u00c7U Qu&rsquo;il s&rsquo;agisse de lever des poutres de pont massives, de proc\u00e9der \u00e0 des levages r\u00e9p\u00e9titifs, d&rsquo;installer des murs de sout\u00e8nement, d&rsquo;effectuer des r\u00e9parations urgentes d&rsquo;infrastructures publiques ou d&rsquo;enfoncer des pieux, l&rsquo;impressionnant parc de grue de Tadano r\u00e9pond vaillamment \u00e0 l&rsquo;appel. Les grues automotrices lentes sont des \u00e9quipements de qualit\u00e9. Dot\u00e9es de fl\u00e8ches t\u00e9lescopiques, elles [&hellip;]<\/p>\n","protected":false},"author":3,"featured_media":0,"parent":22803,"menu_order":0,"comment_status":"closed","ping_status":"closed","template":"","meta":{"_acf_changed":false,"footnotes":""},"acf":[],"yoast_head":"<!-- This site is optimized with the Yoast SEO plugin v22.3 - https:\/\/yoast.com\/wordpress\/plugins\/seo\/ -->\n<title>Services et Infrastructures - US\/Canada<\/title>\n<meta name=\"robots\" content=\"index, follow, max-snippet:-1, max-image-preview:large, max-video-preview:-1\" \/>\n<link rel=\"canonical\" href=\"https:\/\/www.tadano.com\/uscan\/fr\/industries\/services-et-infrastructures\/\" \/>\n<meta property=\"og:locale\" content=\"fr_FR\" \/>\n<meta property=\"og:type\" content=\"article\" \/>\n<meta property=\"og:title\" content=\"Services et Infrastructures - US\/Canada\" \/>\n<meta property=\"og:description\" content=\"APER\u00c7U Qu&rsquo;il s&rsquo;agisse de lever des poutres de pont massives, de proc\u00e9der \u00e0 des levages r\u00e9p\u00e9titifs, d&rsquo;installer des murs de sout\u00e8nement, d&rsquo;effectuer des r\u00e9parations urgentes d&rsquo;infrastructures publiques ou d&rsquo;enfoncer des pieux, l&rsquo;impressionnant parc de grue de Tadano r\u00e9pond vaillamment \u00e0 l&rsquo;appel. Les grues automotrices lentes sont des \u00e9quipements de qualit\u00e9. Dot\u00e9es de fl\u00e8ches t\u00e9lescopiques, elles [&hellip;]\" \/>\n<meta property=\"og:url\" content=\"https:\/\/www.tadano.com\/uscan\/fr\/industries\/services-et-infrastructures\/\" \/>\n<meta property=\"og:site_name\" content=\"US\/Canada\" \/>\n<meta property=\"article:modified_time\" content=\"2023-09-18T10:47:24+00:00\" \/>\n<meta name=\"twitter:card\" content=\"summary_large_image\" \/>\n<meta name=\"twitter:label1\" content=\"Dur\u00e9e de lecture estim\u00e9e\" \/>\n\t<meta name=\"twitter:data1\" content=\"2 minutes\" \/>\n<script type=\"application\/ld+json\" class=\"yoast-schema-graph\">{\"@context\":\"https:\/\/schema.org\",\"@graph\":[{\"@type\":\"WebPage\",\"@id\":\"https:\/\/www.tadano.com\/uscan\/fr\/industries\/services-et-infrastructures\/\",\"url\":\"https:\/\/www.tadano.com\/uscan\/fr\/industries\/services-et-infrastructures\/\",\"name\":\"Services et Infrastructures - US\/Canada\",\"isPartOf\":{\"@id\":\"https:\/\/www.tadano.com\/uscan\/en\/#website\"},\"datePublished\":\"2023-09-18T10:47:21+00:00\",\"dateModified\":\"2023-09-18T10:47:24+00:00\",\"breadcrumb\":{\"@id\":\"https:\/\/www.tadano.com\/uscan\/fr\/industries\/services-et-infrastructures\/#breadcrumb\"},\"inLanguage\":\"fr-FR\",\"potentialAction\":[{\"@type\":\"ReadAction\",\"target\":[\"https:\/\/www.tadano.com\/uscan\/fr\/industries\/services-et-infrastructures\/\"]}]},{\"@type\":\"BreadcrumbList\",\"@id\":\"https:\/\/www.tadano.com\/uscan\/fr\/industries\/services-et-infrastructures\/#breadcrumb\",\"itemListElement\":[{\"@type\":\"ListItem\",\"position\":1,\"name\":\"Industries\",\"item\":\"https:\/\/www.tadano.com\/uscan\/fr\/industries\/\"},{\"@type\":\"ListItem\",\"position\":2,\"name\":\"Services et Infrastructures\"}]},{\"@type\":\"WebSite\",\"@id\":\"https:\/\/www.tadano.com\/uscan\/en\/#website\",\"url\":\"https:\/\/www.tadano.com\/uscan\/en\/\",\"name\":\"US\/Canada\",\"description\":\"Just another TADANO EUROPE site\",\"potentialAction\":[{\"@type\":\"SearchAction\",\"target\":{\"@type\":\"EntryPoint\",\"urlTemplate\":\"https:\/\/www.tadano.com\/uscan\/en\/?s={search_term_string}\"},\"query-input\":\"required name=search_term_string\"}],\"inLanguage\":\"fr-FR\"}]}<\/script>\n<!-- \/ Yoast SEO plugin. -->","yoast_head_json":{"title":"Services et Infrastructures - US\/Canada","robots":{"index":"index","follow":"follow","max-snippet":"max-snippet:-1","max-image-preview":"max-image-preview:large","max-video-preview":"max-video-preview:-1"},"canonical":"https:\/\/www.tadano.com\/uscan\/fr\/industries\/services-et-infrastructures\/","og_locale":"fr_FR","og_type":"article","og_title":"Services et Infrastructures - US\/Canada","og_description":"APER\u00c7U Qu&rsquo;il s&rsquo;agisse de lever des poutres de pont massives, de proc\u00e9der \u00e0 des levages r\u00e9p\u00e9titifs, d&rsquo;installer des murs de sout\u00e8nement, d&rsquo;effectuer des r\u00e9parations urgentes d&rsquo;infrastructures publiques ou d&rsquo;enfoncer des pieux, l&rsquo;impressionnant parc de grue de Tadano r\u00e9pond vaillamment \u00e0 l&rsquo;appel. Les grues automotrices lentes sont des \u00e9quipements de qualit\u00e9. Dot\u00e9es de fl\u00e8ches t\u00e9lescopiques, elles [&hellip;]","og_url":"https:\/\/www.tadano.com\/uscan\/fr\/industries\/services-et-infrastructures\/","og_site_name":"US\/Canada","article_modified_time":"2023-09-18T10:47:24+00:00","twitter_card":"summary_large_image","twitter_misc":{"Dur\u00e9e de lecture estim\u00e9e":"2 minutes"},"schema":{"@context":"https:\/\/schema.org","@graph":[{"@type":"WebPage","@id":"https:\/\/www.tadano.com\/uscan\/fr\/industries\/services-et-infrastructures\/","url":"https:\/\/www.tadano.com\/uscan\/fr\/industries\/services-et-infrastructures\/","name":"Services et Infrastructures - US\/Canada","isPartOf":{"@id":"https:\/\/www.tadano.com\/uscan\/en\/#website"},"datePublished":"2023-09-18T10:47:21+00:00","dateModified":"2023-09-18T10:47:24+00:00","breadcrumb":{"@id":"https:\/\/www.tadano.com\/uscan\/fr\/industries\/services-et-infrastructures\/#breadcrumb"},"inLanguage":"fr-FR","potentialAction":[{"@type":"ReadAction","target":["https:\/\/www.tadano.com\/uscan\/fr\/industries\/services-et-infrastructures\/"]}]},{"@type":"BreadcrumbList","@id":"https:\/\/www.tadano.com\/uscan\/fr\/industries\/services-et-infrastructures\/#breadcrumb","itemListElement":[{"@type":"ListItem","position":1,"name":"Industries","item":"https:\/\/www.tadano.com\/uscan\/fr\/industries\/"},{"@type":"ListItem","position":2,"name":"Services et Infrastructures"}]},{"@type":"WebSite","@id":"https:\/\/www.tadano.com\/uscan\/en\/#website","url":"https:\/\/www.tadano.com\/uscan\/en\/","name":"US\/Canada","description":"Just another TADANO EUROPE site","potentialAction":[{"@type":"SearchAction","target":{"@type":"EntryPoint","urlTemplate":"https:\/\/www.tadano.com\/uscan\/en\/?s={search_term_string}"},"query-input":"required name=search_term_string"}],"inLanguage":"fr-FR"}]}},"_links":{"self":[{"href":"https:\/\/www.tadano.com\/uscan\/fr\/wp-json\/wp\/v2\/pages\/22808"}],"collection":[{"href":"https:\/\/www.tadano.com\/uscan\/fr\/wp-json\/wp\/v2\/pages"}],"about":[{"href":"https:\/\/www.tadano.com\/uscan\/fr\/wp-json\/wp\/v2\/types\/page"}],"author":[{"embeddable":true,"href":"https:\/\/www.tadano.com\/uscan\/fr\/wp-json\/wp\/v2\/users\/3"}],"replies":[{"embeddable":true,"href":"https:\/\/www.tadano.com\/uscan\/fr\/wp-json\/wp\/v2\/comments?post=22808"}],"version-history":[{"count":0,"href":"https:\/\/www.tadano.com\/uscan\/fr\/wp-json\/wp\/v2\/pages\/22808\/revisions"}],"up":[{"embeddable":true,"href":"https:\/\/www.tadano.com\/uscan\/fr\/wp-json\/wp\/v2\/pages\/22803"}],"wp:attachment":[{"href":"https:\/\/www.tadano.com\/uscan\/fr\/wp-json\/wp\/v2\/media?parent=22808"}],"curies":[{"name":"wp","href":"https:\/\/api.w.org\/{rel}","templated":true}]}}