{"id":22814,"date":"2023-09-18T10:56:33","date_gmt":"2023-09-18T10:56:33","guid":{"rendered":"https:\/\/www.tadano.com\/uscan\/responsabilite-sociale\/"},"modified":"2023-09-18T10:56:39","modified_gmt":"2023-09-18T10:56:39","slug":"responsabilite-sociale","status":"publish","type":"page","link":"https:\/\/www.tadano.com\/uscan\/fr\/responsabilite-sociale\/","title":{"rendered":"Responsabilit\u00e9 sociale"},"content":{"rendered":"\n\n\n<section class=\"hero-section\">\n\n\t\n\t\n\t\n\t<div class=\"img-holder \">\n\t\t\t\t<div class=\"bg-stretch\" style=\"background-position: 0 50%; \">\n\t\t\t<span data-srcset=\"https:\/\/assets.onetadano.com\/celum_assets\/hero\/AdobeStock_430436414.jpg, https:\/\/assets.onetadano.com\/celum_assets\/hero-2x\/AdobeStock_430436414.jpg 2x\"><\/span>\n\t\t<\/div>\n\t\t\t\t\t\t<div class=\"logo green-solutions\" style=\"display:none;\">\n\t\t\t<a href=\"#\"><img decoding=\"async\" src=\"https:\/\/www.tadano.com\/uscan\/wp-content\/themes\/tadano\/assets\/dist\/images\/Green-Solutions_Logo_White.svg\"><\/a>\n\t\t<\/div>\n\t<\/div>\n\t<div class=\"container\">\n\t\t<div class=\"text-holder \">\n\t\t\t<div class=\"wrap\">\n\t\t\t\t\n\t\t\t\t<ul class=\"breadcrumbs\"><li><a href=\"https:\/\/www.tadano.com\/uscan\/fr\/\">Accueil<\/a><\/li><\/ul>\n\t\t\t\t\n\n<h1 class=\"wp-block-heading\">Responsabilit\u00e9 sociale des entreprises<\/h1>\n\n\n\n<div class=\"wp-block-buttons is-layout-flex wp-block-buttons-is-layout-flex\">\n<div class=\"wp-block-button\"><a class=\"wp-block-button__link\" href=\"https:\/\/www.tadano.com\/ir\/esg\/society.html\">Notre promesse<\/a><\/div>\n<\/div>\n\n\n\n\t\t\t\t\n\t\t\t<\/div>\n\n\t\t\t\n\t\t\t\n\t\t\t\n\t\t<\/div>\n\t<\/div>\n<\/section>\n\n\n<div class=\"wp-block-group is-style-background-triangle-left-light is-layout-flow wp-block-group-is-layout-flow\"><div class=\"wp-block-group__inner-container\">\n<p>Le groupe Tadano est convaincu qu&rsquo;une entreprise ne peut prosp\u00e9rer que si elle est en harmonie avec la soci\u00e9t\u00e9 et les individus. Forts de cette conviction, notre objectif est de contribuer au d\u00e9veloppement des soci\u00e9t\u00e9s locales et internationales et d&rsquo;encourager les activit\u00e9s commerciales qui participent \u00e0 la protection de l&rsquo;environnement \u00e0 une \u00e9chelle mondiale. Nous nous efforcerons \u00e9galement d&rsquo;accro\u00eetre au maximum la valeur de notre entreprise, afin de satisfaire voire m\u00eame de d\u00e9passer les attentes de nos actionnaires. En d&rsquo;autres termes, nous poursuivrons notre qu\u00eate de l&rsquo;excellence pour le monde d&rsquo;aujourd&rsquo;hui et de demain.<\/p>\n<\/div><\/div>\n","protected":false},"excerpt":{"rendered":"<p>Le groupe Tadano est convaincu qu&rsquo;une entreprise ne peut prosp\u00e9rer que si elle est en harmonie avec la soci\u00e9t\u00e9 et les individus. Forts de cette conviction, notre objectif est de contribuer au d\u00e9veloppement des soci\u00e9t\u00e9s locales et internationales et d&rsquo;encourager les activit\u00e9s commerciales qui participent \u00e0 la protection de l&rsquo;environnement \u00e0 une \u00e9chelle mondiale. Nous [&hellip;]<\/p>\n","protected":false},"author":3,"featured_media":0,"parent":0,"menu_order":0,"comment_status":"closed","ping_status":"closed","template":"","meta":{"_acf_changed":false,"footnotes":""},"acf":[],"yoast_head":"<!-- This site is optimized with the Yoast SEO plugin v22.3 - https:\/\/yoast.com\/wordpress\/plugins\/seo\/ -->\n<title>Responsabilit\u00e9 sociale - US\/Canada<\/title>\n<meta name=\"robots\" content=\"index, follow, max-snippet:-1, max-image-preview:large, max-video-preview:-1\" \/>\n<link rel=\"canonical\" href=\"https:\/\/www.tadano.com\/uscan\/fr\/responsabilite-sociale\/\" \/>\n<meta property=\"og:locale\" content=\"fr_FR\" \/>\n<meta property=\"og:type\" content=\"article\" \/>\n<meta property=\"og:title\" content=\"Responsabilit\u00e9 sociale - US\/Canada\" \/>\n<meta property=\"og:description\" content=\"Le groupe Tadano est convaincu qu&rsquo;une entreprise ne peut prosp\u00e9rer que si elle est en harmonie avec la soci\u00e9t\u00e9 et les individus. Forts de cette conviction, notre objectif est de contribuer au d\u00e9veloppement des soci\u00e9t\u00e9s locales et internationales et d&rsquo;encourager les activit\u00e9s commerciales qui participent \u00e0 la protection de l&rsquo;environnement \u00e0 une \u00e9chelle mondiale. Nous [&hellip;]\" \/>\n<meta property=\"og:url\" content=\"https:\/\/www.tadano.com\/uscan\/fr\/responsabilite-sociale\/\" \/>\n<meta property=\"og:site_name\" content=\"US\/Canada\" \/>\n<meta property=\"article:modified_time\" content=\"2023-09-18T10:56:39+00:00\" \/>\n<meta name=\"twitter:card\" content=\"summary_large_image\" \/>\n<meta name=\"twitter:label1\" content=\"Dur\u00e9e de lecture estim\u00e9e\" \/>\n\t<meta name=\"twitter:data1\" content=\"1 minute\" \/>\n<script type=\"application\/ld+json\" class=\"yoast-schema-graph\">{\"@context\":\"https:\/\/schema.org\",\"@graph\":[{\"@type\":\"WebPage\",\"@id\":\"https:\/\/www.tadano.com\/uscan\/fr\/responsabilite-sociale\/\",\"url\":\"https:\/\/www.tadano.com\/uscan\/fr\/responsabilite-sociale\/\",\"name\":\"Responsabilit\u00e9 sociale - US\/Canada\",\"isPartOf\":{\"@id\":\"https:\/\/www.tadano.com\/uscan\/en\/#website\"},\"datePublished\":\"2023-09-18T10:56:33+00:00\",\"dateModified\":\"2023-09-18T10:56:39+00:00\",\"inLanguage\":\"fr-FR\",\"potentialAction\":[{\"@type\":\"ReadAction\",\"target\":[\"https:\/\/www.tadano.com\/uscan\/fr\/responsabilite-sociale\/\"]}]},{\"@type\":\"WebSite\",\"@id\":\"https:\/\/www.tadano.com\/uscan\/en\/#website\",\"url\":\"https:\/\/www.tadano.com\/uscan\/en\/\",\"name\":\"US\/Canada\",\"description\":\"Just another TADANO EUROPE site\",\"potentialAction\":[{\"@type\":\"SearchAction\",\"target\":{\"@type\":\"EntryPoint\",\"urlTemplate\":\"https:\/\/www.tadano.com\/uscan\/en\/?s={search_term_string}\"},\"query-input\":\"required name=search_term_string\"}],\"inLanguage\":\"fr-FR\"}]}<\/script>\n<!-- \/ Yoast SEO plugin. -->","yoast_head_json":{"title":"Responsabilit\u00e9 sociale - US\/Canada","robots":{"index":"index","follow":"follow","max-snippet":"max-snippet:-1","max-image-preview":"max-image-preview:large","max-video-preview":"max-video-preview:-1"},"canonical":"https:\/\/www.tadano.com\/uscan\/fr\/responsabilite-sociale\/","og_locale":"fr_FR","og_type":"article","og_title":"Responsabilit\u00e9 sociale - US\/Canada","og_description":"Le groupe Tadano est convaincu qu&rsquo;une entreprise ne peut prosp\u00e9rer que si elle est en harmonie avec la soci\u00e9t\u00e9 et les individus. Forts de cette conviction, notre objectif est de contribuer au d\u00e9veloppement des soci\u00e9t\u00e9s locales et internationales et d&rsquo;encourager les activit\u00e9s commerciales qui participent \u00e0 la protection de l&rsquo;environnement \u00e0 une \u00e9chelle mondiale. Nous [&hellip;]","og_url":"https:\/\/www.tadano.com\/uscan\/fr\/responsabilite-sociale\/","og_site_name":"US\/Canada","article_modified_time":"2023-09-18T10:56:39+00:00","twitter_card":"summary_large_image","twitter_misc":{"Dur\u00e9e de lecture estim\u00e9e":"1 minute"},"schema":{"@context":"https:\/\/schema.org","@graph":[{"@type":"WebPage","@id":"https:\/\/www.tadano.com\/uscan\/fr\/responsabilite-sociale\/","url":"https:\/\/www.tadano.com\/uscan\/fr\/responsabilite-sociale\/","name":"Responsabilit\u00e9 sociale - US\/Canada","isPartOf":{"@id":"https:\/\/www.tadano.com\/uscan\/en\/#website"},"datePublished":"2023-09-18T10:56:33+00:00","dateModified":"2023-09-18T10:56:39+00:00","inLanguage":"fr-FR","potentialAction":[{"@type":"ReadAction","target":["https:\/\/www.tadano.com\/uscan\/fr\/responsabilite-sociale\/"]}]},{"@type":"WebSite","@id":"https:\/\/www.tadano.com\/uscan\/en\/#website","url":"https:\/\/www.tadano.com\/uscan\/en\/","name":"US\/Canada","description":"Just another TADANO EUROPE site","potentialAction":[{"@type":"SearchAction","target":{"@type":"EntryPoint","urlTemplate":"https:\/\/www.tadano.com\/uscan\/en\/?s={search_term_string}"},"query-input":"required name=search_term_string"}],"inLanguage":"fr-FR"}]}},"_links":{"self":[{"href":"https:\/\/www.tadano.com\/uscan\/fr\/wp-json\/wp\/v2\/pages\/22814"}],"collection":[{"href":"https:\/\/www.tadano.com\/uscan\/fr\/wp-json\/wp\/v2\/pages"}],"about":[{"href":"https:\/\/www.tadano.com\/uscan\/fr\/wp-json\/wp\/v2\/types\/page"}],"author":[{"embeddable":true,"href":"https:\/\/www.tadano.com\/uscan\/fr\/wp-json\/wp\/v2\/users\/3"}],"replies":[{"embeddable":true,"href":"https:\/\/www.tadano.com\/uscan\/fr\/wp-json\/wp\/v2\/comments?post=22814"}],"version-history":[{"count":0,"href":"https:\/\/www.tadano.com\/uscan\/fr\/wp-json\/wp\/v2\/pages\/22814\/revisions"}],"wp:attachment":[{"href":"https:\/\/www.tadano.com\/uscan\/fr\/wp-json\/wp\/v2\/media?parent=22814"}],"curies":[{"name":"wp","href":"https:\/\/api.w.org\/{rel}","templated":true}]}}