{"id":22819,"date":"2023-09-14T09:24:56","date_gmt":"2023-09-14T09:24:56","guid":{"rendered":"https:\/\/www.tadano.com\/uscan\/?page_id=22819"},"modified":"2023-09-18T11:00:34","modified_gmt":"2023-09-18T11:00:34","slug":"carriere","status":"publish","type":"page","link":"https:\/\/www.tadano.com\/uscan\/fr\/carriere\/","title":{"rendered":"Carri\u00e8re"},"content":{"rendered":"\n\n\n<section class=\"hero-section\">\n\n\t\n\t\n\t\n\t<div class=\"img-holder \">\n\t\t\t\t<div class=\"bg-stretch\" style=\"background-position: 0 100%; \">\n\t\t\t<span data-srcset=\"https:\/\/assets.onetadano.com\/celum_assets\/hero\/Tadano_Lauf_fullres-29.jpg, https:\/\/assets.onetadano.com\/celum_assets\/hero-2x\/Tadano_Lauf_fullres-29.jpg 2x\"><\/span>\n\t\t<\/div>\n\t\t\t\t\t\t<div class=\"logo green-solutions\" style=\"display:none;\">\n\t\t\t<a href=\"#\"><img decoding=\"async\" src=\"https:\/\/www.tadano.com\/uscan\/wp-content\/themes\/tadano\/assets\/dist\/images\/Green-Solutions_Logo_White.svg\"><\/a>\n\t\t<\/div>\n\t<\/div>\n\t<div class=\"container\">\n\t\t<div class=\"text-holder \">\n\t\t\t<div class=\"wrap\">\n\t\t\t\t\n\t\t\t\t<ul class=\"breadcrumbs\"><li><a href=\"https:\/\/www.tadano.com\/uscan\/fr\/\">Accueil<\/a><\/li><\/ul>\n\t\t\t\t\n\n<h1 class=\"wp-block-heading\">Rejoindre notre \u00e9quipe<\/h1>\n\n\n\n<p>Tadano America Corporation offre un ensemble complet d&rsquo;avantages sociaux et attache une priorit\u00e9 absolue \u00e0 la pr\u00e9servation d&rsquo;un \u00e9quilibre entre vie professionnelle et vie priv\u00e9e. Nous nous effor\u00e7ons de nous adapter \u00e0 l&rsquo;\u00e9volution constante des exigences de notre \u00e9poque et proc\u00e9dons \u00e0 des \u00e9valuations annuelles pour \u00eatre s\u00fbrs d&rsquo;offrir en permanence les meilleurs avantages possibles \u00e0 notre \u00e9quipe. Si cela correspond \u00e0 votre \u00e9thique professionnelle, veuillez soumettre votre CV \u00e0 l&rsquo;\u00e9quipe des ressources humaines de TAC.<\/p>\n\n\n\n\t\t\t\t\n\t\t\t<\/div>\n\n\t\t\t\n\t\t\t\n\t\t\t\n\t\t<\/div>\n\t<\/div>\n<\/section>\n\n\n<div class=\"wp-block-group is-style-background-triangle-left is-layout-flow wp-block-group-is-layout-flow\"><div class=\"wp-block-group__inner-container\">\n<h2 class=\"wp-block-heading\">Offres d&#8217;emploi<\/h2>\n\n\n\n<p>Tadano est \u00e0 la recherche des candidats les meilleurs, les plus brillants et les plus assidus d\u00e9sireux d&rsquo;\u0153uvrer avec nous \u00e0 la r\u00e9alisation des r\u00eaves de nos clients et de tous ceux qui profitent des services rendus par nos grues. Nos diverses opportunit\u00e9s comprennent des offres d&#8217;emploi p\u00e9riodiques dans les domaines suivants :<\/p>\n\n\n\n<div class=\"wp-block-columns is-layout-flex wp-container-core-columns-layout-1 wp-block-columns-is-layout-flex\">\n<div class=\"wp-block-column is-layout-flow wp-block-column-is-layout-flow\">\n<ul><li><\/li><\/ul>\n<\/div>\n\n\n\n<div class=\"wp-block-column is-layout-flow wp-block-column-is-layout-flow\">\n<ul><li><\/li><\/ul>\n<\/div>\n<\/div>\n\n\n<div class=\"links-block-wrapper\">\n  <div class=\"container\">\n    <section class=\"links-block\">\n              <div class=\"links-block\">\n                                  <div class=\"link-single  \">\n                              <a>\n                               \n                                  <strong class='title'>Voir les ouvertures actuelles<\/strong>\n                                              <\/a>\n            <\/div>\n                  <\/div>\n                    \n    <\/section>\n  <\/div>\n<\/div><\/div><\/div>\n\n\n\n<div class=\"wp-block-group alignwide is-style-background-white is-layout-flow wp-block-group-is-layout-flow\"><div class=\"wp-block-group__inner-container\">\n<div class=\"wp-block-columns is-layout-flex wp-container-core-columns-layout-2 wp-block-columns-is-layout-flex\">\n<div class=\"wp-block-column is-layout-flow wp-block-column-is-layout-flow\">\n<p class=\"has-black-color has-text-color\">Situ\u00e9e \u00e0 Houston, au Texas, Tadano America Corporation offre des opportunit\u00e9s int\u00e9ressantes ax\u00e9es sur la croissance dans le secteur des grues mobiles, un domaine dynamique, en rapide expansion, r\u00e9solument tourn\u00e9 vers l&rsquo;avenir. Notre philosophie de gestion de la qualit\u00e9 totale implique la qu\u00eate de l&rsquo;excellence dans l&rsquo;ensemble de nos actions.<\/p>\n<\/div>\n\n\n\n<div class=\"wp-block-column is-layout-flow wp-block-column-is-layout-flow\">\n<p class=\"has-black-color has-text-color\">Nos valeurs fondamentales de S\u00e9curit\u00e9, de Qualit\u00e9, d&rsquo;Efficacit\u00e9 et de Conformit\u00e9 trouvent non seulement leur expression dans nos produits, mais aussi dans l&rsquo;attention particuli\u00e8re que nous portons \u00e0 notre bien le plus pr\u00e9cieux&nbsp;: notre capital humain.<\/p>\n<\/div>\n<\/div>\n\n\n\n<p><\/p>\n<\/div><\/div>\n\n\n\n<div class=\"wp-block-group is-style-background-cyan has-light-blue-background-color has-background is-layout-flow wp-block-group-is-layout-flow\"><div class=\"wp-block-group__inner-container\">\n<div class=\"wp-block-columns is-layout-flex wp-container-core-columns-layout-3 wp-block-columns-is-layout-flex\">\n<div class=\"wp-block-column is-vertically-aligned-center is-layout-flow wp-block-column-is-layout-flow\" style=\"flex-basis:33.33%\">\n<h2 class=\"wp-block-heading\">Sites<\/h2>\n\n\n\n<p>Le si\u00e8ge de Tadano America se trouve \u00e0 Houston, au Texas. Entre Tadano America et Tadano Mantis, nous disposons de bureaux suppl\u00e9mentaires en Virginie, au Tennessee et en Alberta, au Canada.<\/p>\n<\/div>\n\n\n\n<div class=\"wp-block-column is-layout-flow wp-block-column-is-layout-flow\" style=\"flex-basis:66.66%\"><section class=\"overflow-hidden\">\n    <div class=\"container\">\n      <ul class=\"legal-accordion style-default\">\n          <li>\n            <a href=\"#\" class=\"opener\"><span>Tadano America Corporation Headquarters<\/span><\/a>\n            <div class=\"slide\">\n              <div class=\"slide-wrap\">\n                \n\n<p class=\"has-white-color has-text-color\">4242 W. Greens Rd.<br>Houston, TX 77066<\/p>\n\n\n\n<p>(281) 869-0030<\/p>\n\n\n              <\/div>\n            <\/div>\n          <\/li>\n      <\/ul>\n  <\/div>\n<\/section>\n\n<section class=\"overflow-hidden\">\n    <div class=\"container\">\n      <ul class=\"legal-accordion style-default\">\n          <li>\n            <a href=\"#\" class=\"opener\"><span>Tadano America Corporation Canadian Branch Office<\/span><\/a>\n            <div class=\"slide\">\n              <div class=\"slide-wrap\">\n                \n\n<p>3603 Allard Ave., Bay 101 <br>Leduc, AB T9E 0R8 CANADA<\/p>\n\n\n\n<p>(780) 986-2079<\/p>\n\n\n              <\/div>\n            <\/div>\n          <\/li>\n      <\/ul>\n  <\/div>\n<\/section>\n\n<section class=\"overflow-hidden\">\n    <div class=\"container\">\n      <ul class=\"legal-accordion style-default\">\n          <li>\n            <a href=\"#\" class=\"opener\"><span>Tadano Mantis Corporation Virginia Branch<\/span><\/a>\n            <div class=\"slide\">\n              <div class=\"slide-wrap\">\n                \n\n<p>1705 Columbia Ave., Suite 200 <br>Franklin, TN 37064<\/p>\n\n\n\n<p>(615) 794-4556<\/p>\n\n\n              <\/div>\n            <\/div>\n          <\/li>\n      <\/ul>\n  <\/div>\n<\/section>\n\n<section class=\"overflow-hidden\">\n    <div class=\"container\">\n      <ul class=\"legal-accordion style-default\">\n          <li>\n            <a href=\"#\" class=\"opener\"><span>Tadano Mantis Corporation Headquarters<\/span><\/a>\n            <div class=\"slide\">\n              <div class=\"slide-wrap\">\n                \n\n<p>2680 S. Front St. <br>Richlands, VA 24641<\/p>\n\n\n\n<p>(276) 964-4999<\/p>\n\n\n              <\/div>\n            <\/div>\n          <\/li>\n      <\/ul>\n  <\/div>\n<\/section><\/div>\n<\/div>\n<\/div><\/div>\n","protected":false},"excerpt":{"rendered":"<p>Offres d&#8217;emploi Tadano est \u00e0 la recherche des candidats les meilleurs, les plus brillants et les plus assidus d\u00e9sireux d&rsquo;\u0153uvrer avec nous \u00e0 la r\u00e9alisation des r\u00eaves de nos clients et de tous ceux qui profitent des services rendus par nos grues. Nos diverses opportunit\u00e9s comprennent des offres d&#8217;emploi p\u00e9riodiques dans les domaines suivants : [&hellip;]<\/p>\n","protected":false},"author":3,"featured_media":0,"parent":0,"menu_order":0,"comment_status":"closed","ping_status":"closed","template":"","meta":{"_acf_changed":false,"footnotes":""},"acf":[],"yoast_head":"<!-- This site is optimized with the Yoast SEO plugin v22.3 - https:\/\/yoast.com\/wordpress\/plugins\/seo\/ -->\n<title>Carri\u00e8re - US\/Canada<\/title>\n<meta name=\"robots\" content=\"index, follow, max-snippet:-1, max-image-preview:large, max-video-preview:-1\" \/>\n<link rel=\"canonical\" href=\"https:\/\/www.tadano.com\/uscan\/fr\/carriere\/\" \/>\n<meta property=\"og:locale\" content=\"fr_FR\" \/>\n<meta property=\"og:type\" content=\"article\" \/>\n<meta property=\"og:title\" content=\"Carri\u00e8re - US\/Canada\" \/>\n<meta property=\"og:description\" content=\"Offres d&#8217;emploi Tadano est \u00e0 la recherche des candidats les meilleurs, les plus brillants et les plus assidus d\u00e9sireux d&rsquo;\u0153uvrer avec nous \u00e0 la r\u00e9alisation des r\u00eaves de nos clients et de tous ceux qui profitent des services rendus par nos grues. Nos diverses opportunit\u00e9s comprennent des offres d&#8217;emploi p\u00e9riodiques dans les domaines suivants : [&hellip;]\" \/>\n<meta property=\"og:url\" content=\"https:\/\/www.tadano.com\/uscan\/fr\/carriere\/\" \/>\n<meta property=\"og:site_name\" content=\"US\/Canada\" \/>\n<meta property=\"article:modified_time\" content=\"2023-09-18T11:00:34+00:00\" \/>\n<meta name=\"twitter:card\" content=\"summary_large_image\" \/>\n<meta name=\"twitter:label1\" content=\"Dur\u00e9e de lecture estim\u00e9e\" \/>\n\t<meta name=\"twitter:data1\" content=\"2 minutes\" \/>\n<script type=\"application\/ld+json\" class=\"yoast-schema-graph\">{\"@context\":\"https:\/\/schema.org\",\"@graph\":[{\"@type\":\"WebPage\",\"@id\":\"https:\/\/www.tadano.com\/uscan\/fr\/carriere\/\",\"url\":\"https:\/\/www.tadano.com\/uscan\/fr\/carriere\/\",\"name\":\"Carri\u00e8re - US\/Canada\",\"isPartOf\":{\"@id\":\"https:\/\/www.tadano.com\/uscan\/en\/#website\"},\"datePublished\":\"2023-09-14T09:24:56+00:00\",\"dateModified\":\"2023-09-18T11:00:34+00:00\",\"inLanguage\":\"fr-FR\",\"potentialAction\":[{\"@type\":\"ReadAction\",\"target\":[\"https:\/\/www.tadano.com\/uscan\/fr\/carriere\/\"]}]},{\"@type\":\"WebSite\",\"@id\":\"https:\/\/www.tadano.com\/uscan\/en\/#website\",\"url\":\"https:\/\/www.tadano.com\/uscan\/en\/\",\"name\":\"US\/Canada\",\"description\":\"Just another TADANO EUROPE site\",\"potentialAction\":[{\"@type\":\"SearchAction\",\"target\":{\"@type\":\"EntryPoint\",\"urlTemplate\":\"https:\/\/www.tadano.com\/uscan\/en\/?s={search_term_string}\"},\"query-input\":\"required name=search_term_string\"}],\"inLanguage\":\"fr-FR\"}]}<\/script>\n<!-- \/ Yoast SEO plugin. -->","yoast_head_json":{"title":"Carri\u00e8re - US\/Canada","robots":{"index":"index","follow":"follow","max-snippet":"max-snippet:-1","max-image-preview":"max-image-preview:large","max-video-preview":"max-video-preview:-1"},"canonical":"https:\/\/www.tadano.com\/uscan\/fr\/carriere\/","og_locale":"fr_FR","og_type":"article","og_title":"Carri\u00e8re - US\/Canada","og_description":"Offres d&#8217;emploi Tadano est \u00e0 la recherche des candidats les meilleurs, les plus brillants et les plus assidus d\u00e9sireux d&rsquo;\u0153uvrer avec nous \u00e0 la r\u00e9alisation des r\u00eaves de nos clients et de tous ceux qui profitent des services rendus par nos grues. Nos diverses opportunit\u00e9s comprennent des offres d&#8217;emploi p\u00e9riodiques dans les domaines suivants : [&hellip;]","og_url":"https:\/\/www.tadano.com\/uscan\/fr\/carriere\/","og_site_name":"US\/Canada","article_modified_time":"2023-09-18T11:00:34+00:00","twitter_card":"summary_large_image","twitter_misc":{"Dur\u00e9e de lecture estim\u00e9e":"2 minutes"},"schema":{"@context":"https:\/\/schema.org","@graph":[{"@type":"WebPage","@id":"https:\/\/www.tadano.com\/uscan\/fr\/carriere\/","url":"https:\/\/www.tadano.com\/uscan\/fr\/carriere\/","name":"Carri\u00e8re - US\/Canada","isPartOf":{"@id":"https:\/\/www.tadano.com\/uscan\/en\/#website"},"datePublished":"2023-09-14T09:24:56+00:00","dateModified":"2023-09-18T11:00:34+00:00","inLanguage":"fr-FR","potentialAction":[{"@type":"ReadAction","target":["https:\/\/www.tadano.com\/uscan\/fr\/carriere\/"]}]},{"@type":"WebSite","@id":"https:\/\/www.tadano.com\/uscan\/en\/#website","url":"https:\/\/www.tadano.com\/uscan\/en\/","name":"US\/Canada","description":"Just another TADANO EUROPE site","potentialAction":[{"@type":"SearchAction","target":{"@type":"EntryPoint","urlTemplate":"https:\/\/www.tadano.com\/uscan\/en\/?s={search_term_string}"},"query-input":"required name=search_term_string"}],"inLanguage":"fr-FR"}]}},"_links":{"self":[{"href":"https:\/\/www.tadano.com\/uscan\/fr\/wp-json\/wp\/v2\/pages\/22819"}],"collection":[{"href":"https:\/\/www.tadano.com\/uscan\/fr\/wp-json\/wp\/v2\/pages"}],"about":[{"href":"https:\/\/www.tadano.com\/uscan\/fr\/wp-json\/wp\/v2\/types\/page"}],"author":[{"embeddable":true,"href":"https:\/\/www.tadano.com\/uscan\/fr\/wp-json\/wp\/v2\/users\/3"}],"replies":[{"embeddable":true,"href":"https:\/\/www.tadano.com\/uscan\/fr\/wp-json\/wp\/v2\/comments?post=22819"}],"version-history":[{"count":1,"href":"https:\/\/www.tadano.com\/uscan\/fr\/wp-json\/wp\/v2\/pages\/22819\/revisions"}],"predecessor-version":[{"id":22821,"href":"https:\/\/www.tadano.com\/uscan\/fr\/wp-json\/wp\/v2\/pages\/22819\/revisions\/22821"}],"wp:attachment":[{"href":"https:\/\/www.tadano.com\/uscan\/fr\/wp-json\/wp\/v2\/media?parent=22819"}],"curies":[{"name":"wp","href":"https:\/\/api.w.org\/{rel}","templated":true}]}}