{"id":26107,"date":"2021-04-15T06:31:11","date_gmt":"2021-04-15T06:31:11","guid":{"rendered":"https:\/\/www.tadano.com\/uscan\/ventes-services\/reparation\/"},"modified":"2025-07-10T12:10:41","modified_gmt":"2025-07-10T12:10:41","slug":"reparation","status":"publish","type":"page","link":"https:\/\/www.tadano.com\/uscan\/fr\/ventes-services\/reparation\/","title":{"rendered":"Atelier de r\u00e9paration"},"content":{"rendered":"\n\n\n\n\n<section class=\"hero-section\">\n\n\t\n\t\t\t<style type=\"text\/css\">\n\t\t\t.hero-section .img-holder:before {\n\t\t\t\tdisplay: none;\n\t\t\t}\n\t\t<\/style>\n\t\n\t\n\t<div class=\"img-holder \">\n\t\t\t\t<div class=\"bg-stretch\" style=\"background-position: 50% 50%; \">\n\t\t\t<span data-srcset=\"https:\/\/assets.onetadano.com\/celum_assets\/hero\/rp.jpg, https:\/\/assets.onetadano.com\/celum_assets\/hero-2x\/rp.jpg 2x\"><\/span>\n\t\t<\/div>\n\t\t\t\t\t\t<div class=\"logo green-solutions\" style=\"display:none;\">\n\t\t\t<a href=\"#\"><img decoding=\"async\" src=\"https:\/\/www.tadano.com\/uscan\/wp-content\/themes\/tadano\/assets\/dist\/images\/Green-Solutions_Logo_White.svg\"><\/a>\n\t\t<\/div>\n\t<\/div>\n\t<div class=\"container\">\n\t\t<div class=\"text-holder \">\n\t\t\t<div class=\"wrap\">\n\t\t\t\t\n\t\t\t\t<ul class=\"breadcrumbs\"><li><a href=\"https:\/\/www.tadano.com\/uscan\/fr\/\">Accueil<\/a><\/li><\/ul>\n\t\t\t\t\n\n<h1 class=\"wp-block-heading\">Atelier de r\u00e9paration<\/h1>\n\n\n\n<p>Confiez votre grue \u00e0 l&rsquo;\u00e9quipe de notre atelier de r\u00e9paration Tadano. Notre personnel form\u00e9 en usine prot\u00e9gera et pr\u00e9servera votre investissement conform\u00e9ment \u00e0 nos normes de fabrication \u00e9lev\u00e9es.<\/p>\n\n\n\n<div class=\"wp-block-buttons is-layout-flex wp-block-buttons-is-layout-flex\">\n<div class=\"wp-block-button\"><a class=\"wp-block-button__link wp-element-button\" href=\"mailto:customersupport@tadano.com\">ContactEZ-NOUS<\/a><\/div>\n<\/div>\n\n\n\n\t\t\t\t\n\t\t\t<\/div>\n\n\t\t\t\n\t\t\t\n\t\t\t\n\t\t<\/div>\n\t<\/div>\n<\/section>\n\n\n<div class=\"wp-block-group is-style-background-cyan is-layout-flow wp-block-group-is-layout-flow\"><div class=\"wp-block-group__inner-container\">\n<h2 class=\"wp-block-heading\">CE QUE NOUS OFFRONS<\/h2>\n\n\n\n\n\n\n\n<p>Pour que vos grues Tadano fonctionnent au maximum de leurs performances, il faut une maintenance et des r\u00e9parations m\u00e9ticuleuses. Une gamme de services d&rsquo;usine sp\u00e9cialis\u00e9s est d\u00e9sormais disponible pour couvrir tous les aspects de l&rsquo;entretien des grues, des r\u00e9parations du syst\u00e8me hydraulique aux am\u00e9liorations esth\u00e9tiques, offrant une solution compl\u00e8te pour tous les besoins de r\u00e9paration de Tadano.<\/p>\n\n\n\n<p>Ces services garantissent collectivement que les grues Tadano b\u00e9n\u00e9ficient d&rsquo;un diagnostic approfondi, de r\u00e9parations de haute qualit\u00e9 et d&rsquo;un entretien continu par des professionnels certifi\u00e9s. Qu&rsquo;il s&rsquo;agisse d&rsquo;un entretien de routine, de r\u00e9parations importantes ou d&rsquo;am\u00e9liorations esth\u00e9tiques, une gamme compl\u00e8te de solutions est fournie pour maintenir les performances optimales des grues Tadano.<\/p>\n\n\n\n<p>Pour contacter notre atelier de r\u00e9paration, veuillez nous envoyer un courriel \u00e0 <strong><a href=\"mailto:customersupport@tadano.com\">customersupport@tadano.com<\/a><\/strong> ou appeler le (281) 869-0030.<\/p>\n\n\n<section class=\"video-block\">\n  <div class=\"video-box\">\n        <a aria-labelledby=\"video-txt\" data-fancybox href=\"https:\/\/youtu.be\/BYSzoODgjJs\" class=\"video\">\n      <span class=\"play-btn\"><\/span>\n              <div class=\"bg-stretch\" >\n          <span data-srcset=\"https:\/\/img.youtube.com\/vi\/BYSzoODgjJs\/hqdefault.jpg, https:\/\/img.youtube.com\/vi\/BYSzoODgjJs\/hqdefault.jpg 2x\"><\/span>\n        <\/div>\n          <\/a>\n    <div class=\"video-txt\">\n                    <a href=\"https:\/\/youtu.be\/BYSzoODgjJs\" class=\"video-link\">Regarder maintenant<\/a>\n          <\/div>\n  <\/div>\n<\/section><\/div><\/div>\n\n\n\n\n","protected":false},"excerpt":{"rendered":"<p>CE QUE NOUS OFFRONS Pour que vos grues Tadano fonctionnent au maximum de leurs performances, il faut une maintenance et des r\u00e9parations m\u00e9ticuleuses. Une gamme de services d&rsquo;usine sp\u00e9cialis\u00e9s est d\u00e9sormais disponible pour couvrir tous les aspects de l&rsquo;entretien des grues, des r\u00e9parations du syst\u00e8me hydraulique aux am\u00e9liorations esth\u00e9tiques, offrant une solution compl\u00e8te pour tous [&hellip;]<\/p>\n","protected":false},"author":1,"featured_media":0,"parent":22553,"menu_order":0,"comment_status":"closed","ping_status":"closed","template":"","meta":{"_acf_changed":false,"footnotes":""},"acf":[],"yoast_head":"<!-- This site is optimized with the Yoast SEO plugin v22.3 - https:\/\/yoast.com\/wordpress\/plugins\/seo\/ -->\n<title>Atelier de r\u00e9paration - US\/Canada<\/title>\n<meta name=\"robots\" content=\"index, follow, max-snippet:-1, max-image-preview:large, max-video-preview:-1\" \/>\n<link rel=\"canonical\" href=\"https:\/\/www.tadano.com\/uscan\/fr\/ventes-services\/reparation\/\" \/>\n<meta property=\"og:locale\" content=\"fr_FR\" \/>\n<meta property=\"og:type\" content=\"article\" \/>\n<meta property=\"og:title\" content=\"Atelier de r\u00e9paration - US\/Canada\" \/>\n<meta property=\"og:description\" content=\"CE QUE NOUS OFFRONS Pour que vos grues Tadano fonctionnent au maximum de leurs performances, il faut une maintenance et des r\u00e9parations m\u00e9ticuleuses. Une gamme de services d&rsquo;usine sp\u00e9cialis\u00e9s est d\u00e9sormais disponible pour couvrir tous les aspects de l&rsquo;entretien des grues, des r\u00e9parations du syst\u00e8me hydraulique aux am\u00e9liorations esth\u00e9tiques, offrant une solution compl\u00e8te pour tous [&hellip;]\" \/>\n<meta property=\"og:url\" content=\"https:\/\/www.tadano.com\/uscan\/fr\/ventes-services\/reparation\/\" \/>\n<meta property=\"og:site_name\" content=\"US\/Canada\" \/>\n<meta property=\"article:modified_time\" content=\"2025-07-10T12:10:41+00:00\" \/>\n<meta name=\"twitter:card\" content=\"summary_large_image\" \/>\n<meta name=\"twitter:label1\" content=\"Dur\u00e9e de lecture estim\u00e9e\" \/>\n\t<meta name=\"twitter:data1\" content=\"2 minutes\" \/>\n<script type=\"application\/ld+json\" class=\"yoast-schema-graph\">{\"@context\":\"https:\/\/schema.org\",\"@graph\":[{\"@type\":\"WebPage\",\"@id\":\"https:\/\/www.tadano.com\/uscan\/fr\/ventes-services\/reparation\/\",\"url\":\"https:\/\/www.tadano.com\/uscan\/fr\/ventes-services\/reparation\/\",\"name\":\"Atelier de r\u00e9paration - US\/Canada\",\"isPartOf\":{\"@id\":\"https:\/\/www.tadano.com\/uscan\/en\/#website\"},\"datePublished\":\"2021-04-15T06:31:11+00:00\",\"dateModified\":\"2025-07-10T12:10:41+00:00\",\"breadcrumb\":{\"@id\":\"https:\/\/www.tadano.com\/uscan\/fr\/ventes-services\/reparation\/#breadcrumb\"},\"inLanguage\":\"fr-FR\",\"potentialAction\":[{\"@type\":\"ReadAction\",\"target\":[\"https:\/\/www.tadano.com\/uscan\/fr\/ventes-services\/reparation\/\"]}]},{\"@type\":\"BreadcrumbList\",\"@id\":\"https:\/\/www.tadano.com\/uscan\/fr\/ventes-services\/reparation\/#breadcrumb\",\"itemListElement\":[{\"@type\":\"ListItem\",\"position\":1,\"name\":\"Ventes et Services\",\"item\":\"https:\/\/www.tadano.com\/uscan\/fr\/ventes-services\/\"},{\"@type\":\"ListItem\",\"position\":2,\"name\":\"Atelier de r\u00e9paration\"}]},{\"@type\":\"WebSite\",\"@id\":\"https:\/\/www.tadano.com\/uscan\/en\/#website\",\"url\":\"https:\/\/www.tadano.com\/uscan\/en\/\",\"name\":\"US\/Canada\",\"description\":\"Just another TADANO EUROPE site\",\"potentialAction\":[{\"@type\":\"SearchAction\",\"target\":{\"@type\":\"EntryPoint\",\"urlTemplate\":\"https:\/\/www.tadano.com\/uscan\/en\/?s={search_term_string}\"},\"query-input\":\"required name=search_term_string\"}],\"inLanguage\":\"fr-FR\"}]}<\/script>\n<!-- \/ Yoast SEO plugin. -->","yoast_head_json":{"title":"Atelier de r\u00e9paration - US\/Canada","robots":{"index":"index","follow":"follow","max-snippet":"max-snippet:-1","max-image-preview":"max-image-preview:large","max-video-preview":"max-video-preview:-1"},"canonical":"https:\/\/www.tadano.com\/uscan\/fr\/ventes-services\/reparation\/","og_locale":"fr_FR","og_type":"article","og_title":"Atelier de r\u00e9paration - US\/Canada","og_description":"CE QUE NOUS OFFRONS Pour que vos grues Tadano fonctionnent au maximum de leurs performances, il faut une maintenance et des r\u00e9parations m\u00e9ticuleuses. Une gamme de services d&rsquo;usine sp\u00e9cialis\u00e9s est d\u00e9sormais disponible pour couvrir tous les aspects de l&rsquo;entretien des grues, des r\u00e9parations du syst\u00e8me hydraulique aux am\u00e9liorations esth\u00e9tiques, offrant une solution compl\u00e8te pour tous [&hellip;]","og_url":"https:\/\/www.tadano.com\/uscan\/fr\/ventes-services\/reparation\/","og_site_name":"US\/Canada","article_modified_time":"2025-07-10T12:10:41+00:00","twitter_card":"summary_large_image","twitter_misc":{"Dur\u00e9e de lecture estim\u00e9e":"2 minutes"},"schema":{"@context":"https:\/\/schema.org","@graph":[{"@type":"WebPage","@id":"https:\/\/www.tadano.com\/uscan\/fr\/ventes-services\/reparation\/","url":"https:\/\/www.tadano.com\/uscan\/fr\/ventes-services\/reparation\/","name":"Atelier de r\u00e9paration - US\/Canada","isPartOf":{"@id":"https:\/\/www.tadano.com\/uscan\/en\/#website"},"datePublished":"2021-04-15T06:31:11+00:00","dateModified":"2025-07-10T12:10:41+00:00","breadcrumb":{"@id":"https:\/\/www.tadano.com\/uscan\/fr\/ventes-services\/reparation\/#breadcrumb"},"inLanguage":"fr-FR","potentialAction":[{"@type":"ReadAction","target":["https:\/\/www.tadano.com\/uscan\/fr\/ventes-services\/reparation\/"]}]},{"@type":"BreadcrumbList","@id":"https:\/\/www.tadano.com\/uscan\/fr\/ventes-services\/reparation\/#breadcrumb","itemListElement":[{"@type":"ListItem","position":1,"name":"Ventes et Services","item":"https:\/\/www.tadano.com\/uscan\/fr\/ventes-services\/"},{"@type":"ListItem","position":2,"name":"Atelier de r\u00e9paration"}]},{"@type":"WebSite","@id":"https:\/\/www.tadano.com\/uscan\/en\/#website","url":"https:\/\/www.tadano.com\/uscan\/en\/","name":"US\/Canada","description":"Just another TADANO EUROPE site","potentialAction":[{"@type":"SearchAction","target":{"@type":"EntryPoint","urlTemplate":"https:\/\/www.tadano.com\/uscan\/en\/?s={search_term_string}"},"query-input":"required name=search_term_string"}],"inLanguage":"fr-FR"}]}},"_links":{"self":[{"href":"https:\/\/www.tadano.com\/uscan\/fr\/wp-json\/wp\/v2\/pages\/26107"}],"collection":[{"href":"https:\/\/www.tadano.com\/uscan\/fr\/wp-json\/wp\/v2\/pages"}],"about":[{"href":"https:\/\/www.tadano.com\/uscan\/fr\/wp-json\/wp\/v2\/types\/page"}],"author":[{"embeddable":true,"href":"https:\/\/www.tadano.com\/uscan\/fr\/wp-json\/wp\/v2\/users\/1"}],"replies":[{"embeddable":true,"href":"https:\/\/www.tadano.com\/uscan\/fr\/wp-json\/wp\/v2\/comments?post=26107"}],"version-history":[{"count":1,"href":"https:\/\/www.tadano.com\/uscan\/fr\/wp-json\/wp\/v2\/pages\/26107\/revisions"}],"predecessor-version":[{"id":26806,"href":"https:\/\/www.tadano.com\/uscan\/fr\/wp-json\/wp\/v2\/pages\/26107\/revisions\/26806"}],"up":[{"embeddable":true,"href":"https:\/\/www.tadano.com\/uscan\/fr\/wp-json\/wp\/v2\/pages\/22553"}],"wp:attachment":[{"href":"https:\/\/www.tadano.com\/uscan\/fr\/wp-json\/wp\/v2\/media?parent=26107"}],"curies":[{"name":"wp","href":"https:\/\/api.w.org\/{rel}","templated":true}]}}