{"id":27199,"date":"2025-10-02T22:02:43","date_gmt":"2025-10-02T22:02:43","guid":{"rendered":"https:\/\/www.tadano.com\/uscan\/formation-tadano\/"},"modified":"2025-10-02T22:02:43","modified_gmt":"2025-10-02T22:02:43","slug":"formation-tadano","status":"publish","type":"page","link":"https:\/\/www.tadano.com\/uscan\/fr\/formation-tadano\/","title":{"rendered":"FORMATION TADANO"},"content":{"rendered":"\n<h2 class=\"wp-block-heading has-text-align-center\"><strong>Connexion ou inscription<\/strong><\/h2>\n\n<p class=\"has-text-align-center\">Inscrivez-vous ou connectez-vous pour consulter les formations disponibles.<\/p>\n<p class=\"has-text-align-center\"><strong>La formation est r\u00e9serv\u00e9e aux clients et distributeurs Tadano.<\/strong><\/p>\n<p class=\"has-text-align-center\"><strong>Une adresse e-mail avec le domaine de votre entreprise est requise pour l\u2019inscription.<\/strong><\/p>\n<p class=\"has-text-align-center\"><strong>Une validation apr\u00e8s inscription est n\u00e9cessaire pour acc\u00e9der aux formations Tadano.<\/strong><\/p>\n\n\n<div class=\"wp-block-buttons is-content-justification-center is-layout-flex wp-container-core-buttons-is-layout-16018d1d wp-block-buttons-is-layout-flex\">\n  <div class=\"wp-block-button\">\n    <a class=\"wp-block-button__link wp-element-button\" href=\"https:\/\/tadano.gyrusaim.com\/Registration\/UserSelfRegistration\">Inscription utilisateur<\/a>\n  <\/div>\n  <div class=\"wp-block-button\">\n    <a class=\"wp-block-button__link wp-element-button\" href=\"https:\/\/tadano.gyrusaim.com\/auth\/login\">Connexion<\/a>\n  <\/div>\n<\/div>\n\n<p class=\"has-text-align-center\">En cas de difficult\u00e9 lors de l\u2019inscription ou de la connexion, merci d\u2019envoyer un e-mail \u00e0 l\u2019une des adresses suivantes :<\/p>\n<p class=\"has-text-align-center\">andrew.broussard@tadano.com ou clayton.mooney@tadano.com<\/p><!-- \/wp:heading --><!-- wp:post-content --><!-- wp:acf\/special-header {\"name\":\"acf\/special-header\",\"data\":{\"background_image\":26890,\"_background_image\":\"field_6024f3dca4869\",\"background_image_celum_url\":\"\",\"_background_image_celum_url\":\"field_6015f3dca4268\",\"image_alignment\":\"middlecenter\",\"_image_alignment\":\"field_61c75fb60738d\"},\"mode\":\"preview\"} -->\n<!-- wp:heading {\"level\":1} -->\n<h1 class=\"wp-block-heading\">FORMATION TADANO<\/h1>\n<!-- \/wp:heading -->\n\n<!-- wp:paragraph -->\n<p>La formation Tadano place les techniciens au c\u0153ur de son approche, en combinant des simulateurs de pointe \u00e0 une exp\u00e9rience concr\u00e8te sur grues r\u00e9elles. Gr\u00e2ce \u00e0 un apprentissage pratique, nous donnons aux techniciens la confiance, les comp\u00e9tences et la pr\u00e9cision n\u00e9cessaires pour garantir des performances optimales des \u00e9quipements Tadano.<\/p>\n<!-- \/wp:paragraph -->\n<!-- \/wp:acf\/special-header -->\n\n<!-- wp:acf\/navigation-block {\"name\":\"acf\/navigation-block\",\"data\":{\"navigation_links_0_link\":{\"title\":\"Connexion \/ Inscription\",\"url\":\"#login\",\"target\":\"\"},\"_navigation_links_0_link\":\"field_66e824da2cb25\",\"navigation_links_1_link\":{\"title\":\"\u00c9quipe de formation\",\"url\":\"#team\",\"target\":\"\"},\"_navigation_links_1_link\":\"field_66e824da2cb25\",\"navigation_links_2_link\":{\"title\":\"Naviguer dans la formation Tadano\",\"url\":\"#videos\",\"target\":\"\"},\"_navigation_links_2_link\":\"field_66e824da2cb25\",\"navigation_links_3_link\":{\"title\":\"\u00c0 propos de Tadano\",\"url\":\"#about\",\"target\":\"\"},\"_navigation_links_3_link\":\"field_66e824da2cb25\",\"navigation_links\":4,\"_navigation_links\":\"field_66e824bd2cb24\"},\"mode\":\"edit\"} \/-->\n\n<!-- wp:spacer -->\n<div style=\"height:100px\" aria-hidden=\"true\" class=\"wp-block-spacer\"><\/div>\n<!-- \/wp:spacer -->\n\n<!-- wp:heading {\"textAlign\":\"center\"} -->\n<h2 class=\"wp-block-heading has-text-align-center\"><strong>FORMATION TADANO<\/strong><\/h2>\n<!-- \/wp:heading -->\n\n<!-- wp:spacer {\"height\":\"25px\"} -->\n<div style=\"height:25px\" aria-hidden=\"true\" class=\"wp-block-spacer\"><\/div>\n<!-- \/wp:spacer -->\n\n<!-- wp:paragraph -->\n<p>Le d\u00e9partement Formation de Tadano a rouvert ses portes \u00e0 la suite d\u2019un vaste projet de restructuration et de modernisation. Notre nouveau programme met l\u2019accent sur le <strong>d\u00e9veloppement des techniciens<\/strong>, avec des <strong>parcours de formation am\u00e9lior\u00e9s<\/strong> soutenus par des <strong>simulateurs de derni\u00e8re g\u00e9n\u00e9ration<\/strong> et des <strong>exercices pratiques sur grues r\u00e9elles<\/strong>. Cette approche pratique garantit aux techniciens l\u2019acquisition des comp\u00e9tences et des connaissances n\u00e9cessaires pour entretenir et accompagner les \u00e9quipements Tadano avec confiance et pr\u00e9cision.<\/p>\n<!-- \/wp:paragraph -->\n\n<!-- wp:spacer -->\n<div style=\"height:100px\" aria-hidden=\"true\" class=\"wp-block-spacer\"><\/div>\n<!-- \/wp:spacer -->\n\n<!-- wp:acf\/anchor-block {\"name\":\"acf\/anchor-block\",\"data\":{\"anchor-name\":\"team\",\"_anchor-name\":\"field_609542b5413a6\"},\"mode\":\"edit\"} \/-->\n\n<!-- wp:heading {\"textAlign\":\"center\"} -->\n<h2 class=\"wp-block-heading has-text-align-center\"><strong>\u00e9quipe de formation<\/strong><\/h2>\n<!-- \/wp:heading -->\n\n<!-- wp:spacer {\"height\":\"25px\"} -->\n<div style=\"height:25px\" aria-hidden=\"true\" class=\"wp-block-spacer\"><\/div>\n<!-- \/wp:spacer -->\n\n<!-- wp:columns -->\n<div class=\"wp-block-columns\">\n  <!-- wp:column {\"width\":\"66.66%\",\"backgroundColor\":\"light-blue\",\"className\":\"has-padding\"} -->\n  <div class=\"wp-block-column has-padding has-light-blue-background-color has-background\" style=\"flex-basis:66.66%\">\n    <p class=\"has-white-color has-text-color\"><strong>ANDREW BROUSSARD<\/strong><\/p>\n    <p class=\"has-white-color has-text-color\">Directeur de la formation<\/p>\n  <\/div>\n  <!-- \/wp:column -->\n\n  <!-- wp:column {\"width\":\"33.33%\"} -->\n  <div class=\"wp-block-column\" style=\"flex-basis:33.33%\">\n    <figure class=\"wp-block-image aligncenter size-large no-margin-bottom\">\n      <img decoding=\"async\" src=\"https:\/\/www.tadano.com\/uscan\/wp-content\/uploads\/2026\/02\/img_tadano_LaborDay_13-edited-1-1024x1024.jpg\" alt=\"\" class=\"wp-image-23700\" style=\"object-fit:cover\" \/>\n    <\/figure>\n  <\/div>\n  <!-- \/wp:column -->\n<\/div>\n<!-- \/wp:columns -->\n\n<!-- wp:columns -->\n<div class=\"wp-block-columns\">\n  <!-- wp:column {\"width\":\"33.33%\",\"className\":\"no-padding-bottom\"} -->\n  <div class=\"wp-block-column no-padding-bottom\" style=\"flex-basis:33.33%\">\n    <figure class=\"wp-block-image aligncenter size-large no-margin-bottom\">\n      <img decoding=\"async\" src=\"https:\/\/www.tadano.com\/uscan\/wp-content\/uploads\/sites\/12\/2025\/10\/img_tadano_training_team_Clayton_Mooney-1024x1024.jpg\" alt=\"\" class=\"wp-image-23669\" \/>\n    <\/figure>\n  <\/div>\n  <!-- \/wp:column -->\n\n  <!-- wp:column {\"width\":\"66.66%\",\"backgroundColor\":\"light-blue\",\"className\":\"has-padding\"} -->\n  <div class=\"wp-block-column has-padding has-light-blue-background-color has-background\" style=\"flex-basis:66.66%\">\n    <p class=\"has-white-color has-text-color\"><strong>CLAYTON MOONEY<\/strong><\/p>\n    <p class=\"has-white-color has-text-color\">Formateur<\/p>\n  <\/div>\n  <!-- \/wp:column -->\n<\/div>\n<!-- \/wp:columns -->\n\n<!-- wp:columns -->\n<div class=\"wp-block-columns\">\n  <!-- wp:column {\"width\":\"66.66%\",\"backgroundColor\":\"light-blue\",\"className\":\"has-padding\"} -->\n  <div class=\"wp-block-column has-padding has-light-blue-background-color has-background\" style=\"flex-basis:66.66%\">\n    <p class=\"has-white-color has-text-color\"><strong>LINN MAW<\/strong><\/p>\n    <p class=\"has-white-color has-text-color\">Animateur<\/p>\n  <\/div>\n  <!-- \/wp:column -->\n\n  <!-- wp:column {\"width\":\"33.33%\",\"className\":\"no-margin-bottom\"} -->\n  <div class=\"wp-block-column no-margin-bottom\" style=\"flex-basis:33.33%\">\n    <figure class=\"wp-block-image aligncenter size-large no-margin-bottom\">\n      <img decoding=\"async\" src=\"https:\/\/www.tadano.com\/uscan\/wp-content\/uploads\/sites\/12\/2025\/10\/img_tadano_training_team_Linn_Maw-1024x1024.jpg\" alt=\"\" class=\"wp-image-23659\" \/>\n    <\/figure>\n  <\/div>\n  <!-- \/wp:column -->\n<\/div>\n<!-- \/wp:columns -->\n\n<!-- wp:acf\/anchor-block {\"name\":\"acf\/anchor-block\",\"data\":{\"anchor-name\":\"about\",\"_anchor-name\":\"field_609542b5413a6\"},\"mode\":\"edit\"} \/-->\n\n<!-- wp:spacer -->\n<div style=\"height:100px\" aria-hidden=\"true\" class=\"wp-block-spacer\"><\/div>\n<!-- \/wp:spacer -->\n\n<!-- wp:group {\"layout\":{\"type\":\"constrained\"}} -->\n<div class=\"wp-block-group\">\n  <h2 class=\"wp-block-heading has-text-align-center\"><strong>\u00c0 PROPOS DE TADANO<\/strong><\/h2>\n\n  <div style=\"height:25px\" aria-hidden=\"true\" class=\"wp-block-spacer\"><\/div>\n\n  <p>Tadano Ltd., fond\u00e9e en 1919 au Japon, est un leader mondial dans la fabrication de grues mobiles, de grues auxiliaires et de plateformes \u00e9l\u00e9vatrices. Reconnue pour ses solutions de levage innovantes et fiables, Tadano soutient les secteurs de la construction et de l\u2019\u00e9nergie \u00e9olienne, avec un engagement fort vers la neutralit\u00e9 carbone d\u2019ici 2050. Guid\u00e9e par le slogan \u00ab Reaching new heights \u00bb, Tadano s\u2019attache \u00e0 transformer les ambitions en r\u00e9alit\u00e9 en renfor\u00e7ant la s\u00e9curit\u00e9, la qualit\u00e9 et l\u2019efficacit\u00e9 de l\u2019ensemble de ses op\u00e9rations. Gr\u00e2ce \u00e0 un fort investissement dans l\u2019IA et les technologies autonomes, Tadano fa\u00e7onne l\u2019avenir des op\u00e9rations de levage.<\/p>\n<\/div>\n<!-- \/wp:group -->\n\n<!-- wp:acf\/anchor-block {\"name\":\"acf\/anchor-block\",\"data\":{\"anchor-name\":\"videos\",\"_anchor-name\":\"field_609542b5413a6\"},\"mode\":\"edit\"} \/-->\n\n<!-- wp:spacer -->\n<div style=\"height:100px\" aria-hidden=\"true\" class=\"wp-block-spacer\"><\/div>\n<!-- \/wp:spacer -->\n\n<!-- wp:heading {\"textAlign\":\"center\"} -->\n<h2 class=\"wp-block-heading has-text-align-center\"><strong>apprendre \u00e0 naviguer sur la plateforme de formation<\/strong><\/h2>\n<!-- \/wp:heading -->\n\n<!-- wp:acf\/video-box {\"name\":\"acf\/video-box\",\"data\":{\"video_title\":\"Naviguer dans le catalogue de formations\",\"_video_title\":\"field_6032b2d5be13a\",\"video_source\":\"https:\/\/mediahub.tadano.com\/asset\/1f646ab2-20a4-4e80-b51f-7a35a8575477\/mp4\/vid_tadano_training_department_Course_Catalogue_Walkthrough_Video.mp4\",\"_video_source\":\"field_6032b2dabe13b\",\"video_poster_celum_url\":\"https:\/\/mediahub.tadano.com\/m\/151547f8434d758f\/original\/img_tadano_training_walkthrough_video_thumbnail.png\",\"_video_poster_celum_url\":\"field_6032b30cbe14c\"},\"mode\":\"edit\"} \/-->\n\n<!-- wp:acf\/anchor-block {\"name\":\"acf\/anchor-block\",\"data\":{\"anchor-name\":\"login\",\"_anchor-name\":\"field_609542b5413a6\"},\"mode\":\"edit\"} \/-->\n\n<!-- wp:heading {\"textAlign\":\"center\"} -->\n<h2 class=\"wp-block-heading has-text-align-center\"><strong>Connexion ou inscription<\/strong><\/h2>\n\n<p class=\"has-text-align-center\">Inscrivez-vous ou connectez-vous pour consulter les formations disponibles.<\/p>\n<p class=\"has-text-align-center\"><strong>La formation est r\u00e9serv\u00e9e aux clients et distributeurs Tadano.<\/strong><\/p>\n<p class=\"has-text-align-center\"><strong>Une adresse e-mail avec le domaine de votre entreprise est requise pour l\u2019inscription.<\/strong><\/p>\n<p class=\"has-text-align-center\"><strong>Une validation apr\u00e8s inscription est n\u00e9cessaire pour acc\u00e9der aux formations Tadano.<\/strong><\/p>\n\n<!-- wp:buttons {\"layout\":{\"type\":\"flex\",\"justifyContent\":\"center\"}} -->\n<div class=\"wp-block-buttons\">\n  <div class=\"wp-block-button\">\n    <a class=\"wp-block-button__link wp-element-button\" href=\"https:\/\/tadano.gyrusaim.com\/Registration\/UserSelfRegistration\">Inscription utilisateur<\/a>\n  <\/div>\n  <div class=\"wp-block-button\">\n    <a class=\"wp-block-button__link wp-element-button\" href=\"https:\/\/tadano.gyrusaim.com\/auth\/login\">Connexion<\/a>\n  <\/div>\n<\/div>\n\n<p class=\"has-text-align-center\">En cas de difficult\u00e9 lors de l\u2019inscription ou de la connexion, merci d\u2019envoyer un e-mail \u00e0 l\u2019une des adresses suivantes :<\/p>\n<p class=\"has-text-align-center\">andrew.broussard@tadano.com ou clayton.mooney@tadano.com<\/p><!-- \/wp:post-content -->","protected":false},"excerpt":{"rendered":"<p>FORMATION TADANO Le d\u00e9partement Formation de Tadano a rouvert ses portes \u00e0 la suite d\u2019un vaste projet de restructuration et de modernisation. Notre nouveau programme met l\u2019accent sur le d\u00e9veloppement des techniciens, avec des parcours de formation am\u00e9lior\u00e9s soutenus par des simulateurs de derni\u00e8re g\u00e9n\u00e9ration et des exercices pratiques sur grues r\u00e9elles. Cette approche pratique [&hellip;]<\/p>\n","protected":false},"author":16,"featured_media":0,"parent":0,"menu_order":0,"comment_status":"closed","ping_status":"closed","template":"","meta":{"_acf_changed":false,"footnotes":""},"class_list":["post-27199","page","type-page","status-publish","hentry"],"acf":[],"yoast_head":"<!-- This site is optimized with the Yoast SEO plugin v27.5 - https:\/\/yoast.com\/product\/yoast-seo-wordpress\/ -->\n<title>FORMATION TADANO - US\/Canada<\/title>\n<meta name=\"robots\" content=\"index, follow, max-snippet:-1, max-image-preview:large, max-video-preview:-1\" \/>\n<link rel=\"canonical\" href=\"https:\/\/www.tadano.com\/uscan\/fr\/formation-tadano\/\" \/>\n<meta property=\"og:locale\" content=\"fr_FR\" \/>\n<meta property=\"og:type\" content=\"article\" \/>\n<meta property=\"og:title\" content=\"FORMATION TADANO - US\/Canada\" \/>\n<meta property=\"og:description\" content=\"FORMATION TADANO Le d\u00e9partement Formation de Tadano a rouvert ses portes \u00e0 la suite d\u2019un vaste projet de restructuration et de modernisation. Notre nouveau programme met l\u2019accent sur le d\u00e9veloppement des techniciens, avec des parcours de formation am\u00e9lior\u00e9s soutenus par des simulateurs de derni\u00e8re g\u00e9n\u00e9ration et des exercices pratiques sur grues r\u00e9elles. Cette approche pratique [&hellip;]\" \/>\n<meta property=\"og:url\" content=\"https:\/\/www.tadano.com\/uscan\/fr\/formation-tadano\/\" \/>\n<meta property=\"og:site_name\" content=\"US\/Canada\" \/>\n<meta property=\"og:image\" content=\"https:\/\/www.tadano.com\/uscan\/wp-content\/uploads\/2026\/02\/img_tadano_LaborDay_13-edited-1-1024x1024.jpg\" \/>\n<meta name=\"twitter:card\" content=\"summary_large_image\" \/>\n<meta name=\"twitter:label1\" content=\"Dur\u00e9e de lecture estim\u00e9e\" \/>\n\t<meta name=\"twitter:data1\" content=\"3 minutes\" \/>\n<script type=\"application\/ld+json\" class=\"yoast-schema-graph\">{\"@context\":\"https:\\\/\\\/schema.org\",\"@graph\":[{\"@type\":\"WebPage\",\"@id\":\"https:\\\/\\\/www.tadano.com\\\/uscan\\\/fr\\\/formation-tadano\\\/\",\"url\":\"https:\\\/\\\/www.tadano.com\\\/uscan\\\/fr\\\/formation-tadano\\\/\",\"name\":\"FORMATION TADANO - US\\\/Canada\",\"isPartOf\":{\"@id\":\"https:\\\/\\\/www.tadano.com\\\/uscan\\\/en\\\/#website\"},\"primaryImageOfPage\":{\"@id\":\"https:\\\/\\\/www.tadano.com\\\/uscan\\\/fr\\\/formation-tadano\\\/#primaryimage\"},\"image\":{\"@id\":\"https:\\\/\\\/www.tadano.com\\\/uscan\\\/fr\\\/formation-tadano\\\/#primaryimage\"},\"thumbnailUrl\":\"https:\\\/\\\/www.tadano.com\\\/uscan\\\/wp-content\\\/uploads\\\/2026\\\/02\\\/img_tadano_LaborDay_13-edited-1-1024x1024.jpg\",\"datePublished\":\"2025-10-02T22:02:43+00:00\",\"inLanguage\":\"fr-FR\",\"potentialAction\":[{\"@type\":\"ReadAction\",\"target\":[\"https:\\\/\\\/www.tadano.com\\\/uscan\\\/fr\\\/formation-tadano\\\/\"]}]},{\"@type\":\"ImageObject\",\"inLanguage\":\"fr-FR\",\"@id\":\"https:\\\/\\\/www.tadano.com\\\/uscan\\\/fr\\\/formation-tadano\\\/#primaryimage\",\"url\":\"https:\\\/\\\/www.tadano.com\\\/uscan\\\/wp-content\\\/uploads\\\/2026\\\/02\\\/img_tadano_LaborDay_13-edited-1-1024x1024.jpg\",\"contentUrl\":\"https:\\\/\\\/www.tadano.com\\\/uscan\\\/wp-content\\\/uploads\\\/2026\\\/02\\\/img_tadano_LaborDay_13-edited-1-1024x1024.jpg\"},{\"@type\":\"WebSite\",\"@id\":\"https:\\\/\\\/www.tadano.com\\\/uscan\\\/en\\\/#website\",\"url\":\"https:\\\/\\\/www.tadano.com\\\/uscan\\\/en\\\/\",\"name\":\"US\\\/Canada\",\"description\":\"Just another TADANO EUROPE site\",\"potentialAction\":[{\"@type\":\"SearchAction\",\"target\":{\"@type\":\"EntryPoint\",\"urlTemplate\":\"https:\\\/\\\/www.tadano.com\\\/uscan\\\/en\\\/?s={search_term_string}\"},\"query-input\":{\"@type\":\"PropertyValueSpecification\",\"valueRequired\":true,\"valueName\":\"search_term_string\"}}],\"inLanguage\":\"fr-FR\"}]}<\/script>\n<!-- \/ Yoast SEO plugin. -->","yoast_head_json":{"title":"FORMATION TADANO - US\/Canada","robots":{"index":"index","follow":"follow","max-snippet":"max-snippet:-1","max-image-preview":"max-image-preview:large","max-video-preview":"max-video-preview:-1"},"canonical":"https:\/\/www.tadano.com\/uscan\/fr\/formation-tadano\/","og_locale":"fr_FR","og_type":"article","og_title":"FORMATION TADANO - US\/Canada","og_description":"FORMATION TADANO Le d\u00e9partement Formation de Tadano a rouvert ses portes \u00e0 la suite d\u2019un vaste projet de restructuration et de modernisation. Notre nouveau programme met l\u2019accent sur le d\u00e9veloppement des techniciens, avec des parcours de formation am\u00e9lior\u00e9s soutenus par des simulateurs de derni\u00e8re g\u00e9n\u00e9ration et des exercices pratiques sur grues r\u00e9elles. Cette approche pratique [&hellip;]","og_url":"https:\/\/www.tadano.com\/uscan\/fr\/formation-tadano\/","og_site_name":"US\/Canada","og_image":[{"url":"https:\/\/www.tadano.com\/uscan\/wp-content\/uploads\/2026\/02\/img_tadano_LaborDay_13-edited-1-1024x1024.jpg","type":"","width":"","height":""}],"twitter_card":"summary_large_image","twitter_misc":{"Dur\u00e9e de lecture estim\u00e9e":"3 minutes"},"schema":{"@context":"https:\/\/schema.org","@graph":[{"@type":"WebPage","@id":"https:\/\/www.tadano.com\/uscan\/fr\/formation-tadano\/","url":"https:\/\/www.tadano.com\/uscan\/fr\/formation-tadano\/","name":"FORMATION TADANO - US\/Canada","isPartOf":{"@id":"https:\/\/www.tadano.com\/uscan\/en\/#website"},"primaryImageOfPage":{"@id":"https:\/\/www.tadano.com\/uscan\/fr\/formation-tadano\/#primaryimage"},"image":{"@id":"https:\/\/www.tadano.com\/uscan\/fr\/formation-tadano\/#primaryimage"},"thumbnailUrl":"https:\/\/www.tadano.com\/uscan\/wp-content\/uploads\/2026\/02\/img_tadano_LaborDay_13-edited-1-1024x1024.jpg","datePublished":"2025-10-02T22:02:43+00:00","inLanguage":"fr-FR","potentialAction":[{"@type":"ReadAction","target":["https:\/\/www.tadano.com\/uscan\/fr\/formation-tadano\/"]}]},{"@type":"ImageObject","inLanguage":"fr-FR","@id":"https:\/\/www.tadano.com\/uscan\/fr\/formation-tadano\/#primaryimage","url":"https:\/\/www.tadano.com\/uscan\/wp-content\/uploads\/2026\/02\/img_tadano_LaborDay_13-edited-1-1024x1024.jpg","contentUrl":"https:\/\/www.tadano.com\/uscan\/wp-content\/uploads\/2026\/02\/img_tadano_LaborDay_13-edited-1-1024x1024.jpg"},{"@type":"WebSite","@id":"https:\/\/www.tadano.com\/uscan\/en\/#website","url":"https:\/\/www.tadano.com\/uscan\/en\/","name":"US\/Canada","description":"Just another TADANO EUROPE site","potentialAction":[{"@type":"SearchAction","target":{"@type":"EntryPoint","urlTemplate":"https:\/\/www.tadano.com\/uscan\/en\/?s={search_term_string}"},"query-input":{"@type":"PropertyValueSpecification","valueRequired":true,"valueName":"search_term_string"}}],"inLanguage":"fr-FR"}]}},"_links":{"self":[{"href":"https:\/\/www.tadano.com\/uscan\/fr\/wp-json\/wp\/v2\/pages\/27199","targetHints":{"allow":["GET"]}}],"collection":[{"href":"https:\/\/www.tadano.com\/uscan\/fr\/wp-json\/wp\/v2\/pages"}],"about":[{"href":"https:\/\/www.tadano.com\/uscan\/fr\/wp-json\/wp\/v2\/types\/page"}],"author":[{"embeddable":true,"href":"https:\/\/www.tadano.com\/uscan\/fr\/wp-json\/wp\/v2\/users\/16"}],"replies":[{"embeddable":true,"href":"https:\/\/www.tadano.com\/uscan\/fr\/wp-json\/wp\/v2\/comments?post=27199"}],"version-history":[{"count":1,"href":"https:\/\/www.tadano.com\/uscan\/fr\/wp-json\/wp\/v2\/pages\/27199\/revisions"}],"predecessor-version":[{"id":27200,"href":"https:\/\/www.tadano.com\/uscan\/fr\/wp-json\/wp\/v2\/pages\/27199\/revisions\/27200"}],"wp:attachment":[{"href":"https:\/\/www.tadano.com\/uscan\/fr\/wp-json\/wp\/v2\/media?parent=27199"}],"curies":[{"name":"wp","href":"https:\/\/api.w.org\/{rel}","templated":true}]}}